{"id":59734,"date":"2022-01-13T14:26:37","date_gmt":"2022-01-13T19:26:37","guid":{"rendered":"https:\/\/machineriesbst.com\/?post_type=product&#038;p=59734"},"modified":"2023-11-30T20:22:07","modified_gmt":"2023-12-01T01:22:07","slug":"broyeur-newman-ss-24","status":"publish","type":"product","link":"https:\/\/machineriesbst.com\/en\/catalogue\/broyeur-newman-ss-24\/","title":{"rendered":"Newman SS 24 shredder"},"content":{"rendered":"<p>The chipper is capable of producing chips from materials up to 5\u2033 (127 mm) thick and 13\u2033 (330 mm) wide. Materials are processed into beautiful rips of wood in a single operation such as edging stripes, with the chips being discharged from the output end. Chips can be evacuated by a pneumatic conveying system or simply blown out of the machine.<\/p>\n<p><strong>Cutting head:<\/strong><\/p>\n<ul>\n<li>24\u2033 diameter x 14\u2033 width, 16 rows of knives x 7 knives per row<\/li>\n<li>Total knives in cutterhead = 112<\/li>\n<\/ul>\n<p><strong>Power system:<\/strong><\/p>\n<ul>\n<li>Two 5\u2033 diameter feed rollers with a positive feed tooth design allow infinitely variable speed over a range of 20 fpm to 60 fpm<\/li>\n<li>Powered by a 3 HP motor with AC variable frequency controller<\/li>\n<\/ul>\n<p><strong>Cutting head power:<\/strong><\/p>\n<ul>\n<li>High output 100 HP motor TEFC frame<\/li>\n<\/ul>\n<p><strong>Feed opening:<\/strong><\/p>\n<ul>\n<li>5\u2033 tall x 13-1\/2\u2033 wide<\/li>\n<li>The length of the material does not limit the feed<\/li>\n<li>Materials of multiple thicknesses can be fed at the same time with uniform bottom feed<\/li>\n<\/ul>\n<p><strong>Production:<\/strong><\/p>\n<ul>\n<li>1 to 2 tons per hour (900 to 1800 kg\/hour)<\/li>\n<li>7 to 15 cubic yards per hour (5 to 11 m3\/hour)<\/li>\n<\/ul>","protected":false},"excerpt":{"rendered":"<p>The chipper is capable of producing chips from materials up to 5\u2033 (127 mm) thick and 13\u2033 (330 mm) wide. Materials are processed into beautiful rips of wood in a single operation such as edging stripes, with the chips being discharged from the output end. Chips can be [\u2026]<\/p>","protected":false},"author":3,"featured_media":59773,"comment_status":"open","ping_status":"closed","template":"","meta":[],"product_cat":[229,3016],"product_tag":[],"acf":[],"yoast_head":"<!-- This site is optimized with the Yoast SEO plugin v16.8 - https:\/\/yoast.com\/wordpress\/plugins\/seo\/ -->\n<title>Broyeur Newman SS 24 - Machineries BST<\/title>\n<meta name=\"robots\" content=\"index, follow, max-snippet:-1, max-image-preview:large, max-video-preview:-1\" \/>\n<link rel=\"canonical\" href=\"https:\/\/machineriesbst.com\/en\/catalogue\/broyeur-newman-ss-24\/\" \/>\n<meta property=\"og:locale\" content=\"en_US\" \/>\n<meta property=\"og:type\" content=\"article\" \/>\n<meta property=\"og:title\" content=\"Broyeur Newman SS 24 - Machineries BST\" \/>\n<meta property=\"og:description\" content=\"Le broyeur est capable de produire des copeaux \u00e0 partir de mat\u00e9riaux jusqu&#039;\u00e0 5\u2033 (127 mm) d&#039;\u00e9paisseur et 13\u2033 (330 mm) de largeur .\u00a0Les mat\u00e9riaux\u00a0 sont\u00a0 transform\u00e9 en belle rip de bois\u00a0 en une seul op\u00e9ration tel que les stripes de d\u00e9lignage , les copeaux \u00e9tant d\u00e9charg\u00e9s de l&#039;extr\u00e9mit\u00e9 de sortie. Les copeaux peuvent \u00eatre [&hellip;]\" \/>\n<meta property=\"og:url\" content=\"https:\/\/machineriesbst.com\/en\/catalogue\/broyeur-newman-ss-24\/\" \/>\n<meta property=\"og:site_name\" content=\"Machineries BST\" \/>\n<meta property=\"article:modified_time\" content=\"2023-12-01T01:22:07+00:00\" \/>\n<meta property=\"og:image\" content=\"https:\/\/machineriesbst.com\/wp-content\/uploads\/2022\/01\/IMG_5517.jpg\" \/>\n\t<meta property=\"og:image:width\" content=\"480\" \/>\n\t<meta property=\"og:image:height\" content=\"640\" \/>\n<meta name=\"twitter:card\" content=\"summary_large_image\" \/>\n<meta name=\"twitter:label1\" content=\"Est. reading time\" \/>\n\t<meta name=\"twitter:data1\" content=\"1 minute\" \/>\n<script type=\"application\/ld+json\" class=\"yoast-schema-graph\">{\"@context\":\"https:\/\/schema.org\",\"@graph\":[{\"@type\":\"WebSite\",\"@id\":\"https:\/\/machineriesbst.com\/en\/#website\",\"url\":\"https:\/\/machineriesbst.com\/en\/\",\"name\":\"Machineries BST\",\"description\":\"Machines neuves &amp; usag\\u00e9es\",\"potentialAction\":[{\"@type\":\"SearchAction\",\"target\":{\"@type\":\"EntryPoint\",\"urlTemplate\":\"https:\/\/machineriesbst.com\/en\/?s={search_term_string}\"},\"query-input\":\"required name=search_term_string\"}],\"inLanguage\":\"en-US\"},{\"@type\":\"ImageObject\",\"@id\":\"https:\/\/machineriesbst.com\/en\/catalogue\/broyeur-newman-ss-24\/#primaryimage\",\"inLanguage\":\"en-US\",\"url\":\"https:\/\/machineriesbst.com\/wp-content\/uploads\/2022\/01\/IMG_5517.jpg\",\"contentUrl\":\"https:\/\/machineriesbst.com\/wp-content\/uploads\/2022\/01\/IMG_5517.jpg\",\"width\":480,\"height\":640},{\"@type\":\"WebPage\",\"@id\":\"https:\/\/machineriesbst.com\/en\/catalogue\/broyeur-newman-ss-24\/#webpage\",\"url\":\"https:\/\/machineriesbst.com\/en\/catalogue\/broyeur-newman-ss-24\/\",\"name\":\"Broyeur Newman SS 24 - Machineries BST\",\"isPartOf\":{\"@id\":\"https:\/\/machineriesbst.com\/en\/#website\"},\"primaryImageOfPage\":{\"@id\":\"https:\/\/machineriesbst.com\/en\/catalogue\/broyeur-newman-ss-24\/#primaryimage\"},\"datePublished\":\"2022-01-13T19:26:37+00:00\",\"dateModified\":\"2023-12-01T01:22:07+00:00\",\"breadcrumb\":{\"@id\":\"https:\/\/machineriesbst.com\/en\/catalogue\/broyeur-newman-ss-24\/#breadcrumb\"},\"inLanguage\":\"en-US\",\"potentialAction\":[{\"@type\":\"ReadAction\",\"target\":[\"https:\/\/machineriesbst.com\/en\/catalogue\/broyeur-newman-ss-24\/\"]}]},{\"@type\":\"BreadcrumbList\",\"@id\":\"https:\/\/machineriesbst.com\/en\/catalogue\/broyeur-newman-ss-24\/#breadcrumb\",\"itemListElement\":[{\"@type\":\"ListItem\",\"position\":1,\"name\":\"Accueil\",\"item\":\"https:\/\/machineriesbst.com\/en\/\"},{\"@type\":\"ListItem\",\"position\":2,\"name\":\"Catalogue\",\"item\":\"https:\/\/machineriesbst.com\/en\/catalog\/\"},{\"@type\":\"ListItem\",\"position\":3,\"name\":\"Broyeur Newman SS 24\"}]}]}<\/script>\n<!-- \/ Yoast SEO plugin. -->","yoast_head_json":{"title":"Broyeur Newman SS 24 - Machineries BST","robots":{"index":"index","follow":"follow","max-snippet":"max-snippet:-1","max-image-preview":"max-image-preview:large","max-video-preview":"max-video-preview:-1"},"canonical":"https:\/\/machineriesbst.com\/en\/catalogue\/broyeur-newman-ss-24\/","og_locale":"en_US","og_type":"article","og_title":"Broyeur Newman SS 24 - Machineries BST","og_description":"Le broyeur est capable de produire des copeaux \u00e0 partir de mat\u00e9riaux jusqu'\u00e0 5\u2033 (127 mm) d'\u00e9paisseur et 13\u2033 (330 mm) de largeur .\u00a0Les mat\u00e9riaux\u00a0 sont\u00a0 transform\u00e9 en belle rip de bois\u00a0 en une seul op\u00e9ration tel que les stripes de d\u00e9lignage , les copeaux \u00e9tant d\u00e9charg\u00e9s de l'extr\u00e9mit\u00e9 de sortie. Les copeaux peuvent \u00eatre [&hellip;]","og_url":"https:\/\/machineriesbst.com\/en\/catalogue\/broyeur-newman-ss-24\/","og_site_name":"Machineries BST","article_modified_time":"2023-12-01T01:22:07+00:00","og_image":[{"width":480,"height":640,"url":"https:\/\/machineriesbst.com\/wp-content\/uploads\/2022\/01\/IMG_5517.jpg","path":"\/home\/jepeto\/public_html\/wp-content\/uploads\/2022\/01\/IMG_5517.jpg","size":"full","id":59773,"alt":"","pixels":307200,"type":"image\/jpeg"}],"twitter_card":"summary_large_image","twitter_misc":{"Est. reading time":"1 minute"},"schema":{"@context":"https:\/\/schema.org","@graph":[{"@type":"WebSite","@id":"https:\/\/machineriesbst.com\/en\/#website","url":"https:\/\/machineriesbst.com\/en\/","name":"Machineries BST","description":"Machines neuves &amp; usag\u00e9es","potentialAction":[{"@type":"SearchAction","target":{"@type":"EntryPoint","urlTemplate":"https:\/\/machineriesbst.com\/en\/?s={search_term_string}"},"query-input":"required name=search_term_string"}],"inLanguage":"en-US"},{"@type":"ImageObject","@id":"https:\/\/machineriesbst.com\/en\/catalogue\/broyeur-newman-ss-24\/#primaryimage","inLanguage":"en-US","url":"https:\/\/machineriesbst.com\/wp-content\/uploads\/2022\/01\/IMG_5517.jpg","contentUrl":"https:\/\/machineriesbst.com\/wp-content\/uploads\/2022\/01\/IMG_5517.jpg","width":480,"height":640},{"@type":"WebPage","@id":"https:\/\/machineriesbst.com\/en\/catalogue\/broyeur-newman-ss-24\/#webpage","url":"https:\/\/machineriesbst.com\/en\/catalogue\/broyeur-newman-ss-24\/","name":"Broyeur Newman SS 24 - Machineries BST","isPartOf":{"@id":"https:\/\/machineriesbst.com\/en\/#website"},"primaryImageOfPage":{"@id":"https:\/\/machineriesbst.com\/en\/catalogue\/broyeur-newman-ss-24\/#primaryimage"},"datePublished":"2022-01-13T19:26:37+00:00","dateModified":"2023-12-01T01:22:07+00:00","breadcrumb":{"@id":"https:\/\/machineriesbst.com\/en\/catalogue\/broyeur-newman-ss-24\/#breadcrumb"},"inLanguage":"en-US","potentialAction":[{"@type":"ReadAction","target":["https:\/\/machineriesbst.com\/en\/catalogue\/broyeur-newman-ss-24\/"]}]},{"@type":"BreadcrumbList","@id":"https:\/\/machineriesbst.com\/en\/catalogue\/broyeur-newman-ss-24\/#breadcrumb","itemListElement":[{"@type":"ListItem","position":1,"name":"Accueil","item":"https:\/\/machineriesbst.com\/en\/"},{"@type":"ListItem","position":2,"name":"Catalogue","item":"https:\/\/machineriesbst.com\/en\/catalog\/"},{"@type":"ListItem","position":3,"name":"Broyeur Newman SS 24"}]}]}},"_links":{"self":[{"href":"https:\/\/machineriesbst.com\/en\/wp-json\/wp\/v2\/product\/59734"}],"collection":[{"href":"https:\/\/machineriesbst.com\/en\/wp-json\/wp\/v2\/product"}],"about":[{"href":"https:\/\/machineriesbst.com\/en\/wp-json\/wp\/v2\/types\/product"}],"author":[{"embeddable":true,"href":"https:\/\/machineriesbst.com\/en\/wp-json\/wp\/v2\/users\/3"}],"replies":[{"embeddable":true,"href":"https:\/\/machineriesbst.com\/en\/wp-json\/wp\/v2\/comments?post=59734"}],"wp:featuredmedia":[{"embeddable":true,"href":"https:\/\/machineriesbst.com\/en\/wp-json\/wp\/v2\/media\/59773"}],"wp:attachment":[{"href":"https:\/\/machineriesbst.com\/en\/wp-json\/wp\/v2\/media?parent=59734"}],"wp:term":[{"taxonomy":"product_cat","embeddable":true,"href":"https:\/\/machineriesbst.com\/en\/wp-json\/wp\/v2\/product_cat?post=59734"},{"taxonomy":"product_tag","embeddable":true,"href":"https:\/\/machineriesbst.com\/en\/wp-json\/wp\/v2\/product_tag?post=59734"}],"curies":[{"name":"wp","href":"https:\/\/api.w.org\/{rel}","templated":true}]}}