{"id":59579,"date":"2021-12-16T11:02:19","date_gmt":"2021-12-16T16:02:19","guid":{"rendered":"https:\/\/machineriesbst.com\/?post_type=product&#038;p=59579"},"modified":"2023-11-30T20:22:08","modified_gmt":"2023-12-01T01:22:08","slug":"mouluriere-weinig-a-6-tetes-powermat-500-12-pouces","status":"publish","type":"product","link":"https:\/\/machineriesbst.com\/en\/catalogue\/mouluriere-weinig-a-6-tetes-powermat-500-12-pouces\/","title":{"rendered":"Weinig 6 Head Powermat 500 12 &quot;Inches Moulder"},"content":{"rendered":"<p>Working width: 12 &quot;maximum<br \/>\nWorking thickness: 6 &quot;Max<br \/>\nHead Sequence:<br \/>\n- Low - 15 HP motor<br \/>\n- Right side - 15 HP motor<br \/>\n- Left side - 15 HP motor<br \/>\n--Top - 40 HP motor<br \/>\n- High - 30 HP motor<br \/>\n- Low - 20 HP motor<br \/>\nHSK Style Heads for All Chucks<br \/>\nSpeeds of: 8000 rpm<br \/>\nPower motor: 7.5 HP frequency controlled<br \/>\nVariable speed feed from 16 to 100 FPM<br \/>\nMotorized thickness adjustment<br \/>\n40 &quot;infeed table<br \/>\nManual adjustment of the infeed table<br \/>\nDigital displays for easy installation<br \/>\nStand-alone control panel<br \/>\nSound \/ security enclosure<\/p>","protected":false},"excerpt":{"rendered":"<p>Working width: 12 &quot;maximum Working thickness: 6&quot; Max Head sequence: - Bottom - 15 HP motor - Right side - 15 HP motor - Left side - 15 HP motor - Top - 40 HP motor - High - 30 HP Motor - Low - 20 HP Motor HSK Style Heads for [\u2026]<\/p>","protected":false},"author":3,"featured_media":59581,"comment_status":"open","ping_status":"closed","template":"","meta":[],"product_cat":[125],"product_tag":[],"acf":[],"yoast_head":"<!-- This site is optimized with the Yoast SEO plugin v16.8 - https:\/\/yoast.com\/wordpress\/plugins\/seo\/ -->\n<title>Mouluriere Weinig \u00e0 6 t\u00eates Powermat 500 12&quot; Pouces - Machineries BST<\/title>\n<meta name=\"robots\" content=\"index, follow, max-snippet:-1, max-image-preview:large, max-video-preview:-1\" \/>\n<link rel=\"canonical\" href=\"https:\/\/machineriesbst.com\/en\/catalogue\/mouluriere-weinig-a-6-tetes-powermat-500-12-pouces\/\" \/>\n<meta property=\"og:locale\" content=\"en_US\" \/>\n<meta property=\"og:type\" content=\"article\" \/>\n<meta property=\"og:title\" content=\"Mouluriere Weinig \u00e0 6 t\u00eates Powermat 500 12&quot; Pouces - Machineries BST\" \/>\n<meta property=\"og:description\" content=\"Largeur de travail\u00a0: 12&quot; maximum \u00c9paisseur de travail: 6&quot; Max S\u00e9quence de t\u00eate\u00a0: -- Bas - Moteur 15 CV -- C\u00f4t\u00e9 droit - Moteur 15 CV -- C\u00f4t\u00e9 gauche - Moteur 15 CV --Top - Moteur 40 CV -- Haut - Moteur 30 CV -- Bas - Moteur 20 CV T\u00eates de style HSK pour [&hellip;]\" \/>\n<meta property=\"og:url\" content=\"https:\/\/machineriesbst.com\/en\/catalogue\/mouluriere-weinig-a-6-tetes-powermat-500-12-pouces\/\" \/>\n<meta property=\"og:site_name\" content=\"Machineries BST\" \/>\n<meta property=\"article:modified_time\" content=\"2023-12-01T01:22:08+00:00\" \/>\n<meta property=\"og:image\" content=\"https:\/\/machineriesbst.com\/wp-content\/uploads\/2021\/12\/get_image_cached-8.jpg\" \/>\n\t<meta property=\"og:image:width\" content=\"800\" \/>\n\t<meta property=\"og:image:height\" content=\"533\" \/>\n<meta name=\"twitter:card\" content=\"summary_large_image\" \/>\n<meta name=\"twitter:label1\" content=\"Est. reading time\" \/>\n\t<meta name=\"twitter:data1\" content=\"1 minute\" \/>\n<script type=\"application\/ld+json\" class=\"yoast-schema-graph\">{\"@context\":\"https:\/\/schema.org\",\"@graph\":[{\"@type\":\"WebSite\",\"@id\":\"https:\/\/machineriesbst.com\/en\/#website\",\"url\":\"https:\/\/machineriesbst.com\/en\/\",\"name\":\"Machineries BST\",\"description\":\"Machines neuves &amp; usag\\u00e9es\",\"potentialAction\":[{\"@type\":\"SearchAction\",\"target\":{\"@type\":\"EntryPoint\",\"urlTemplate\":\"https:\/\/machineriesbst.com\/en\/?s={search_term_string}\"},\"query-input\":\"required name=search_term_string\"}],\"inLanguage\":\"en-US\"},{\"@type\":\"ImageObject\",\"@id\":\"https:\/\/machineriesbst.com\/en\/catalogue\/mouluriere-weinig-a-6-tetes-powermat-500-12-pouces\/#primaryimage\",\"inLanguage\":\"en-US\",\"url\":\"https:\/\/machineriesbst.com\/wp-content\/uploads\/2021\/12\/get_image_cached-8.jpg\",\"contentUrl\":\"https:\/\/machineriesbst.com\/wp-content\/uploads\/2021\/12\/get_image_cached-8.jpg\",\"width\":800,\"height\":533},{\"@type\":\"WebPage\",\"@id\":\"https:\/\/machineriesbst.com\/en\/catalogue\/mouluriere-weinig-a-6-tetes-powermat-500-12-pouces\/#webpage\",\"url\":\"https:\/\/machineriesbst.com\/en\/catalogue\/mouluriere-weinig-a-6-tetes-powermat-500-12-pouces\/\",\"name\":\"Mouluriere Weinig \\u00e0 6 t\\u00eates Powermat 500 12\\\" Pouces - Machineries BST\",\"isPartOf\":{\"@id\":\"https:\/\/machineriesbst.com\/en\/#website\"},\"primaryImageOfPage\":{\"@id\":\"https:\/\/machineriesbst.com\/en\/catalogue\/mouluriere-weinig-a-6-tetes-powermat-500-12-pouces\/#primaryimage\"},\"datePublished\":\"2021-12-16T16:02:19+00:00\",\"dateModified\":\"2023-12-01T01:22:08+00:00\",\"breadcrumb\":{\"@id\":\"https:\/\/machineriesbst.com\/en\/catalogue\/mouluriere-weinig-a-6-tetes-powermat-500-12-pouces\/#breadcrumb\"},\"inLanguage\":\"en-US\",\"potentialAction\":[{\"@type\":\"ReadAction\",\"target\":[\"https:\/\/machineriesbst.com\/en\/catalogue\/mouluriere-weinig-a-6-tetes-powermat-500-12-pouces\/\"]}]},{\"@type\":\"BreadcrumbList\",\"@id\":\"https:\/\/machineriesbst.com\/en\/catalogue\/mouluriere-weinig-a-6-tetes-powermat-500-12-pouces\/#breadcrumb\",\"itemListElement\":[{\"@type\":\"ListItem\",\"position\":1,\"name\":\"Accueil\",\"item\":\"https:\/\/machineriesbst.com\/en\/\"},{\"@type\":\"ListItem\",\"position\":2,\"name\":\"Catalogue\",\"item\":\"https:\/\/machineriesbst.com\/en\/catalog\/\"},{\"@type\":\"ListItem\",\"position\":3,\"name\":\"Mouluriere Weinig \\u00e0 6 t\\u00eates Powermat 500 12\\\" Pouces\"}]}]}<\/script>\n<!-- \/ Yoast SEO plugin. -->","yoast_head_json":{"title":"Mouluriere Weinig \u00e0 6 t\u00eates Powermat 500 12\" Pouces - Machineries BST","robots":{"index":"index","follow":"follow","max-snippet":"max-snippet:-1","max-image-preview":"max-image-preview:large","max-video-preview":"max-video-preview:-1"},"canonical":"https:\/\/machineriesbst.com\/en\/catalogue\/mouluriere-weinig-a-6-tetes-powermat-500-12-pouces\/","og_locale":"en_US","og_type":"article","og_title":"Mouluriere Weinig \u00e0 6 t\u00eates Powermat 500 12\" Pouces - Machineries BST","og_description":"Largeur de travail\u00a0: 12\" maximum \u00c9paisseur de travail: 6\" Max S\u00e9quence de t\u00eate\u00a0: -- Bas - Moteur 15 CV -- C\u00f4t\u00e9 droit - Moteur 15 CV -- C\u00f4t\u00e9 gauche - Moteur 15 CV --Top - Moteur 40 CV -- Haut - Moteur 30 CV -- Bas - Moteur 20 CV T\u00eates de style HSK pour [&hellip;]","og_url":"https:\/\/machineriesbst.com\/en\/catalogue\/mouluriere-weinig-a-6-tetes-powermat-500-12-pouces\/","og_site_name":"Machineries BST","article_modified_time":"2023-12-01T01:22:08+00:00","og_image":[{"width":800,"height":533,"url":"https:\/\/machineriesbst.com\/wp-content\/uploads\/2021\/12\/get_image_cached-8.jpg","path":"\/home\/jepeto\/public_html\/wp-content\/uploads\/2021\/12\/get_image_cached-8.jpg","size":"full","id":59581,"alt":"","pixels":426400,"type":"image\/jpeg"}],"twitter_card":"summary_large_image","twitter_misc":{"Est. reading time":"1 minute"},"schema":{"@context":"https:\/\/schema.org","@graph":[{"@type":"WebSite","@id":"https:\/\/machineriesbst.com\/en\/#website","url":"https:\/\/machineriesbst.com\/en\/","name":"Machineries BST","description":"Machines neuves &amp; usag\u00e9es","potentialAction":[{"@type":"SearchAction","target":{"@type":"EntryPoint","urlTemplate":"https:\/\/machineriesbst.com\/en\/?s={search_term_string}"},"query-input":"required name=search_term_string"}],"inLanguage":"en-US"},{"@type":"ImageObject","@id":"https:\/\/machineriesbst.com\/en\/catalogue\/mouluriere-weinig-a-6-tetes-powermat-500-12-pouces\/#primaryimage","inLanguage":"en-US","url":"https:\/\/machineriesbst.com\/wp-content\/uploads\/2021\/12\/get_image_cached-8.jpg","contentUrl":"https:\/\/machineriesbst.com\/wp-content\/uploads\/2021\/12\/get_image_cached-8.jpg","width":800,"height":533},{"@type":"WebPage","@id":"https:\/\/machineriesbst.com\/en\/catalogue\/mouluriere-weinig-a-6-tetes-powermat-500-12-pouces\/#webpage","url":"https:\/\/machineriesbst.com\/en\/catalogue\/mouluriere-weinig-a-6-tetes-powermat-500-12-pouces\/","name":"Mouluriere Weinig \u00e0 6 t\u00eates Powermat 500 12\" Pouces - Machineries BST","isPartOf":{"@id":"https:\/\/machineriesbst.com\/en\/#website"},"primaryImageOfPage":{"@id":"https:\/\/machineriesbst.com\/en\/catalogue\/mouluriere-weinig-a-6-tetes-powermat-500-12-pouces\/#primaryimage"},"datePublished":"2021-12-16T16:02:19+00:00","dateModified":"2023-12-01T01:22:08+00:00","breadcrumb":{"@id":"https:\/\/machineriesbst.com\/en\/catalogue\/mouluriere-weinig-a-6-tetes-powermat-500-12-pouces\/#breadcrumb"},"inLanguage":"en-US","potentialAction":[{"@type":"ReadAction","target":["https:\/\/machineriesbst.com\/en\/catalogue\/mouluriere-weinig-a-6-tetes-powermat-500-12-pouces\/"]}]},{"@type":"BreadcrumbList","@id":"https:\/\/machineriesbst.com\/en\/catalogue\/mouluriere-weinig-a-6-tetes-powermat-500-12-pouces\/#breadcrumb","itemListElement":[{"@type":"ListItem","position":1,"name":"Accueil","item":"https:\/\/machineriesbst.com\/en\/"},{"@type":"ListItem","position":2,"name":"Catalogue","item":"https:\/\/machineriesbst.com\/en\/catalog\/"},{"@type":"ListItem","position":3,"name":"Mouluriere Weinig \u00e0 6 t\u00eates Powermat 500 12\" Pouces"}]}]}},"_links":{"self":[{"href":"https:\/\/machineriesbst.com\/en\/wp-json\/wp\/v2\/product\/59579"}],"collection":[{"href":"https:\/\/machineriesbst.com\/en\/wp-json\/wp\/v2\/product"}],"about":[{"href":"https:\/\/machineriesbst.com\/en\/wp-json\/wp\/v2\/types\/product"}],"author":[{"embeddable":true,"href":"https:\/\/machineriesbst.com\/en\/wp-json\/wp\/v2\/users\/3"}],"replies":[{"embeddable":true,"href":"https:\/\/machineriesbst.com\/en\/wp-json\/wp\/v2\/comments?post=59579"}],"wp:featuredmedia":[{"embeddable":true,"href":"https:\/\/machineriesbst.com\/en\/wp-json\/wp\/v2\/media\/59581"}],"wp:attachment":[{"href":"https:\/\/machineriesbst.com\/en\/wp-json\/wp\/v2\/media?parent=59579"}],"wp:term":[{"taxonomy":"product_cat","embeddable":true,"href":"https:\/\/machineriesbst.com\/en\/wp-json\/wp\/v2\/product_cat?post=59579"},{"taxonomy":"product_tag","embeddable":true,"href":"https:\/\/machineriesbst.com\/en\/wp-json\/wp\/v2\/product_tag?post=59579"}],"curies":[{"name":"wp","href":"https:\/\/api.w.org\/{rel}","templated":true}]}}