{"id":59572,"date":"2021-12-16T09:59:01","date_gmt":"2021-12-16T14:59:01","guid":{"rendered":"https:\/\/machineriesbst.com\/?post_type=product&#038;p=59572"},"modified":"2023-11-30T20:22:08","modified_gmt":"2023-12-01T01:22:08","slug":"deligneuse-multiple-raimann-2-lames-mobile","status":"publish","type":"product","link":"https:\/\/machineriesbst.com\/en\/catalogue\/deligneuse-multiple-raimann-2-lames-mobile\/","title":{"rendered":"Raimann Multiple Edger 2 mobile blades"},"content":{"rendered":"<p>Raimann Model KM-310M Slitting Saw with Two Movable Blades with Valu-Rip IV Power Supply<br \/>\nMaximum cutting capacity Width 12.2 &quot;<br \/>\nChain width 13.5 &quot;<br \/>\nTwo (2) sets of rebound fingers on the feed<br \/>\nServo driven entry and exit retaining rollers<br \/>\nEquipped with (4) laser lights<br \/>\n12 &quot;diameter blade capacity<br \/>\n2-1 \/ 2 &quot;diameter shaft<br \/>\n4-1 \/ 4 &#39;&#39; maximum material thickness, minimum \u00be &#39;&#39;<br \/>\nMinimum board length of 19-1 \/ 2 &quot;<br \/>\nSaw motor: 50 HP, 230\/460 V, three phase<br \/>\nPower motor: 2.2 HP, 230\/460 V<br \/>\nVariable speed feed: 13 to 115 FPM<br \/>\nMovable pedestal control stand that houses a Pro Face digital touchscreen controller<br \/>\nSerial number 06183<br \/>\nRaimann Valu-Rip IV Optimization of fence and feed system<br \/>\nProgrammable fence system to maximize the yield of the boards<br \/>\nConsists of two sections:<br \/>\nThe first section is the wood \/ plank feed section<br \/>\n(7) 160 &quot;wide x 94&quot; long strand transfer chains equipped with (2) sets of spindle stops<br \/>\nChain centers: 35 &quot;, 25&quot;, 25 &quot;, 22&quot;, 18 &quot;and 24&quot;<br \/>\nSection Two: Programmable Alignment Guide and Side Feed<br \/>\n(11) Angled side transfer rollers 32 &quot;long<br \/>\n(7) Transfer of strand chain to alignment fence 190 &quot;long x 48&quot; wide<br \/>\nAlignment fence: 190 &quot;long x 3-1 \/ 4&quot; high<br \/>\nPole-mounted, swivel touchscreen control station<br \/>\nToggle switch control for forward \/ reverse fence movement<br \/>\nIncludes a stand-alone electrical cabinet<br \/>\nSerial number IR-4014-02A<\/p>","protected":false},"excerpt":{"rendered":"<p>Raimann Model KM-310M Slitting Saw with Two Movable Blades with Valu-Rip IV Feeder Maximum Cutting Capacity Width 12.2 &quot;Chain Width 13.5&quot; Two (2) sets of kickback fingers on feed Rollers Servo-controlled hold on entry and exit Equipped with (4) laser lights 12 &quot;blade capacity [\u2026]<\/p>","protected":false},"author":3,"featured_media":59577,"comment_status":"open","ping_status":"closed","template":"","meta":[],"product_cat":[3076,214],"product_tag":[],"acf":[],"yoast_head":"<!-- This site is optimized with the Yoast SEO plugin v16.8 - https:\/\/yoast.com\/wordpress\/plugins\/seo\/ -->\n<title>D\u00e9ligneuse Multiple Raimann 2 lames mobile - Machineries BST<\/title>\n<meta name=\"robots\" content=\"index, follow, max-snippet:-1, max-image-preview:large, max-video-preview:-1\" \/>\n<link rel=\"canonical\" href=\"https:\/\/machineriesbst.com\/en\/catalogue\/deligneuse-multiple-raimann-2-lames-mobile\/\" \/>\n<meta property=\"og:locale\" content=\"en_US\" \/>\n<meta property=\"og:type\" content=\"article\" \/>\n<meta property=\"og:title\" content=\"D\u00e9ligneuse Multiple Raimann 2 lames mobile - Machineries BST\" \/>\n<meta property=\"og:description\" content=\"Scie \u00e0 refendre Raimann mod\u00e8le KM-310M \u00e0 deux lames mobiles avec alimentation Valu-Rip IV Capacit\u00e9 de coupe maximale Largeur 12,2&quot; Largeur de la cha\u00eene 13,5&quot; Deux (2) jeux de doigts de rebond sur l&#039;alimentation Rouleaux de maintien \u00e0 servocommande \u00e0 l&#039;entr\u00e9e et \u00e0 la sortie \u00c9quip\u00e9 de (4) lumi\u00e8res laser Capacit\u00e9 de lame de 12&quot; [&hellip;]\" \/>\n<meta property=\"og:url\" content=\"https:\/\/machineriesbst.com\/en\/catalogue\/deligneuse-multiple-raimann-2-lames-mobile\/\" \/>\n<meta property=\"og:site_name\" content=\"Machineries BST\" \/>\n<meta property=\"article:modified_time\" content=\"2023-12-01T01:22:08+00:00\" \/>\n<meta property=\"og:image\" content=\"https:\/\/machineriesbst.com\/wp-content\/uploads\/2021\/12\/get_image_cached-3.jpg\" \/>\n\t<meta property=\"og:image:width\" content=\"798\" \/>\n\t<meta property=\"og:image:height\" content=\"422\" \/>\n<meta name=\"twitter:card\" content=\"summary_large_image\" \/>\n<meta name=\"twitter:label1\" content=\"Est. reading time\" \/>\n\t<meta name=\"twitter:data1\" content=\"1 minute\" \/>\n<script type=\"application\/ld+json\" class=\"yoast-schema-graph\">{\"@context\":\"https:\/\/schema.org\",\"@graph\":[{\"@type\":\"WebSite\",\"@id\":\"https:\/\/machineriesbst.com\/en\/#website\",\"url\":\"https:\/\/machineriesbst.com\/en\/\",\"name\":\"Machineries BST\",\"description\":\"Machines neuves &amp; usag\\u00e9es\",\"potentialAction\":[{\"@type\":\"SearchAction\",\"target\":{\"@type\":\"EntryPoint\",\"urlTemplate\":\"https:\/\/machineriesbst.com\/en\/?s={search_term_string}\"},\"query-input\":\"required name=search_term_string\"}],\"inLanguage\":\"en-US\"},{\"@type\":\"ImageObject\",\"@id\":\"https:\/\/machineriesbst.com\/en\/catalogue\/deligneuse-multiple-raimann-2-lames-mobile\/#primaryimage\",\"inLanguage\":\"en-US\",\"url\":\"https:\/\/machineriesbst.com\/wp-content\/uploads\/2021\/12\/get_image_cached-3.jpg\",\"contentUrl\":\"https:\/\/machineriesbst.com\/wp-content\/uploads\/2021\/12\/get_image_cached-3.jpg\",\"width\":798,\"height\":422},{\"@type\":\"WebPage\",\"@id\":\"https:\/\/machineriesbst.com\/en\/catalogue\/deligneuse-multiple-raimann-2-lames-mobile\/#webpage\",\"url\":\"https:\/\/machineriesbst.com\/en\/catalogue\/deligneuse-multiple-raimann-2-lames-mobile\/\",\"name\":\"D\\u00e9ligneuse Multiple Raimann 2 lames mobile - Machineries BST\",\"isPartOf\":{\"@id\":\"https:\/\/machineriesbst.com\/en\/#website\"},\"primaryImageOfPage\":{\"@id\":\"https:\/\/machineriesbst.com\/en\/catalogue\/deligneuse-multiple-raimann-2-lames-mobile\/#primaryimage\"},\"datePublished\":\"2021-12-16T14:59:01+00:00\",\"dateModified\":\"2023-12-01T01:22:08+00:00\",\"breadcrumb\":{\"@id\":\"https:\/\/machineriesbst.com\/en\/catalogue\/deligneuse-multiple-raimann-2-lames-mobile\/#breadcrumb\"},\"inLanguage\":\"en-US\",\"potentialAction\":[{\"@type\":\"ReadAction\",\"target\":[\"https:\/\/machineriesbst.com\/en\/catalogue\/deligneuse-multiple-raimann-2-lames-mobile\/\"]}]},{\"@type\":\"BreadcrumbList\",\"@id\":\"https:\/\/machineriesbst.com\/en\/catalogue\/deligneuse-multiple-raimann-2-lames-mobile\/#breadcrumb\",\"itemListElement\":[{\"@type\":\"ListItem\",\"position\":1,\"name\":\"Accueil\",\"item\":\"https:\/\/machineriesbst.com\/en\/\"},{\"@type\":\"ListItem\",\"position\":2,\"name\":\"Catalogue\",\"item\":\"https:\/\/machineriesbst.com\/en\/catalog\/\"},{\"@type\":\"ListItem\",\"position\":3,\"name\":\"D\\u00e9ligneuse Multiple Raimann 2 lames mobile\"}]}]}<\/script>\n<!-- \/ Yoast SEO plugin. -->","yoast_head_json":{"title":"D\u00e9ligneuse Multiple Raimann 2 lames mobile - Machineries BST","robots":{"index":"index","follow":"follow","max-snippet":"max-snippet:-1","max-image-preview":"max-image-preview:large","max-video-preview":"max-video-preview:-1"},"canonical":"https:\/\/machineriesbst.com\/en\/catalogue\/deligneuse-multiple-raimann-2-lames-mobile\/","og_locale":"en_US","og_type":"article","og_title":"D\u00e9ligneuse Multiple Raimann 2 lames mobile - Machineries BST","og_description":"Scie \u00e0 refendre Raimann mod\u00e8le KM-310M \u00e0 deux lames mobiles avec alimentation Valu-Rip IV Capacit\u00e9 de coupe maximale Largeur 12,2\" Largeur de la cha\u00eene 13,5\" Deux (2) jeux de doigts de rebond sur l'alimentation Rouleaux de maintien \u00e0 servocommande \u00e0 l'entr\u00e9e et \u00e0 la sortie \u00c9quip\u00e9 de (4) lumi\u00e8res laser Capacit\u00e9 de lame de 12\" [&hellip;]","og_url":"https:\/\/machineriesbst.com\/en\/catalogue\/deligneuse-multiple-raimann-2-lames-mobile\/","og_site_name":"Machineries BST","article_modified_time":"2023-12-01T01:22:08+00:00","og_image":[{"width":798,"height":422,"url":"https:\/\/machineriesbst.com\/wp-content\/uploads\/2021\/12\/get_image_cached-3.jpg","path":"\/home\/jepeto\/public_html\/wp-content\/uploads\/2021\/12\/get_image_cached-3.jpg","size":"full","id":59577,"alt":"","pixels":336756,"type":"image\/jpeg"}],"twitter_card":"summary_large_image","twitter_misc":{"Est. reading time":"1 minute"},"schema":{"@context":"https:\/\/schema.org","@graph":[{"@type":"WebSite","@id":"https:\/\/machineriesbst.com\/en\/#website","url":"https:\/\/machineriesbst.com\/en\/","name":"Machineries BST","description":"Machines neuves &amp; usag\u00e9es","potentialAction":[{"@type":"SearchAction","target":{"@type":"EntryPoint","urlTemplate":"https:\/\/machineriesbst.com\/en\/?s={search_term_string}"},"query-input":"required name=search_term_string"}],"inLanguage":"en-US"},{"@type":"ImageObject","@id":"https:\/\/machineriesbst.com\/en\/catalogue\/deligneuse-multiple-raimann-2-lames-mobile\/#primaryimage","inLanguage":"en-US","url":"https:\/\/machineriesbst.com\/wp-content\/uploads\/2021\/12\/get_image_cached-3.jpg","contentUrl":"https:\/\/machineriesbst.com\/wp-content\/uploads\/2021\/12\/get_image_cached-3.jpg","width":798,"height":422},{"@type":"WebPage","@id":"https:\/\/machineriesbst.com\/en\/catalogue\/deligneuse-multiple-raimann-2-lames-mobile\/#webpage","url":"https:\/\/machineriesbst.com\/en\/catalogue\/deligneuse-multiple-raimann-2-lames-mobile\/","name":"D\u00e9ligneuse Multiple Raimann 2 lames mobile - Machineries BST","isPartOf":{"@id":"https:\/\/machineriesbst.com\/en\/#website"},"primaryImageOfPage":{"@id":"https:\/\/machineriesbst.com\/en\/catalogue\/deligneuse-multiple-raimann-2-lames-mobile\/#primaryimage"},"datePublished":"2021-12-16T14:59:01+00:00","dateModified":"2023-12-01T01:22:08+00:00","breadcrumb":{"@id":"https:\/\/machineriesbst.com\/en\/catalogue\/deligneuse-multiple-raimann-2-lames-mobile\/#breadcrumb"},"inLanguage":"en-US","potentialAction":[{"@type":"ReadAction","target":["https:\/\/machineriesbst.com\/en\/catalogue\/deligneuse-multiple-raimann-2-lames-mobile\/"]}]},{"@type":"BreadcrumbList","@id":"https:\/\/machineriesbst.com\/en\/catalogue\/deligneuse-multiple-raimann-2-lames-mobile\/#breadcrumb","itemListElement":[{"@type":"ListItem","position":1,"name":"Accueil","item":"https:\/\/machineriesbst.com\/en\/"},{"@type":"ListItem","position":2,"name":"Catalogue","item":"https:\/\/machineriesbst.com\/en\/catalog\/"},{"@type":"ListItem","position":3,"name":"D\u00e9ligneuse Multiple Raimann 2 lames mobile"}]}]}},"_links":{"self":[{"href":"https:\/\/machineriesbst.com\/en\/wp-json\/wp\/v2\/product\/59572"}],"collection":[{"href":"https:\/\/machineriesbst.com\/en\/wp-json\/wp\/v2\/product"}],"about":[{"href":"https:\/\/machineriesbst.com\/en\/wp-json\/wp\/v2\/types\/product"}],"author":[{"embeddable":true,"href":"https:\/\/machineriesbst.com\/en\/wp-json\/wp\/v2\/users\/3"}],"replies":[{"embeddable":true,"href":"https:\/\/machineriesbst.com\/en\/wp-json\/wp\/v2\/comments?post=59572"}],"wp:featuredmedia":[{"embeddable":true,"href":"https:\/\/machineriesbst.com\/en\/wp-json\/wp\/v2\/media\/59577"}],"wp:attachment":[{"href":"https:\/\/machineriesbst.com\/en\/wp-json\/wp\/v2\/media?parent=59572"}],"wp:term":[{"taxonomy":"product_cat","embeddable":true,"href":"https:\/\/machineriesbst.com\/en\/wp-json\/wp\/v2\/product_cat?post=59572"},{"taxonomy":"product_tag","embeddable":true,"href":"https:\/\/machineriesbst.com\/en\/wp-json\/wp\/v2\/product_tag?post=59572"}],"curies":[{"name":"wp","href":"https:\/\/api.w.org\/{rel}","templated":true}]}}