{"id":59555,"date":"2021-12-07T10:06:02","date_gmt":"2021-12-07T15:06:02","guid":{"rendered":"https:\/\/machineriesbst.com\/?post_type=product&#038;p=59555"},"modified":"2023-11-30T20:22:08","modified_gmt":"2023-12-01T01:22:08","slug":"tenonneuse-double-lbt-48-pouces","status":"publish","type":"product","link":"https:\/\/machineriesbst.com\/en\/catalogue\/tenonneuse-double-lbt-48-pouces\/","title":{"rendered":"LBT 48 Inch Double Tenoner"},"content":{"rendered":"<p>Double end tenoner with (4) stations on each side such as: top \/ bottom cut, shaping, shaping and shaping. Perfectly cuts 8-3 \/ 4 &quot;to 48&quot; square panels.<\/p>\n<p>Technical specifications: Opening 8-3 \/ 4 &quot;to 55&quot;. Maximum thickness 40 mm (1.57 &quot;).<\/p>\n<p>1st Station = Tilting cutting station up and down with 7.5 HP motor, 1 &quot;shaft.<\/p>\n<p>2nd Station = Universal shaping \/ milling unit with 10 HP motor, 9000 rpm, 40 mm shaft. .<\/p>\n<p>3rd Station = Universal shaping \/ milling unit with 10 HP motor, 9000 rpm, 40 mm shaft. ~~<\/p>\n<p>4th Station = Universal shaping \/ milling unit with 10 HP motor, 9000 rpm, 40 mm shaft.<\/p>\n<p>Features: Variable feed speed from 6 to 60 FPM<\/p>\n<p>Motorized opening with 5 HP drive on linear raceways.<\/p>\n<p>Rubberized feed chain with retractable 36 &quot;center bumpers.<\/p>\n<p>Remote control on each side of the machine for setup. [TE-011475]<\/p>\n<p>&nbsp;<\/p>","protected":false},"excerpt":{"rendered":"<p>Double end tenoner with (4) stations on each side such as: upper \/ lower cut, shaping, shaping and shaping (Shaping). Perfectly cuts 8-3 \/ 4 &quot;to 48&quot; square panels. Technical specifications: Opening 8-3 \/ 4 &quot;to 55&quot;. Maximum thickness 40 mm (1.57 &quot;). 1st Station = Cutting station tilting up and down with motor [\u2026]<\/p>","protected":false},"author":3,"featured_media":59560,"comment_status":"open","ping_status":"closed","template":"","meta":[],"product_cat":[308],"product_tag":[],"acf":[],"yoast_head":"<!-- This site is optimized with the Yoast SEO plugin v16.8 - https:\/\/yoast.com\/wordpress\/plugins\/seo\/ -->\n<title>Tenonneuse Double LBT 48 Pouces - Machineries BST<\/title>\n<meta name=\"robots\" content=\"index, follow, max-snippet:-1, max-image-preview:large, max-video-preview:-1\" \/>\n<link rel=\"canonical\" href=\"https:\/\/machineriesbst.com\/en\/catalogue\/tenonneuse-double-lbt-48-pouces\/\" \/>\n<meta property=\"og:locale\" content=\"en_US\" \/>\n<meta property=\"og:type\" content=\"article\" \/>\n<meta property=\"og:title\" content=\"Tenonneuse Double LBT 48 Pouces - Machineries BST\" \/>\n<meta property=\"og:description\" content=\"Tenonneuse \u00e0 double\u00a0 avec (4) stations de chaque c\u00f4t\u00e9 comme : coupe sup\u00e9rieure\/inf\u00e9rieure, fa\u00e7onnage (Shaping), fa\u00e7onnage (Shaping) et fa\u00e7onnage (Shaping). Coupe parfaitement des panneaux carr\u00e9s de 8-3\/4&quot; \u00e0 48&quot;. Sp\u00e9cifications techniques : Ouverture 8-3\/4&quot; \u00e0 55&quot;.\u00a0 \u00c9paisseur maximale 40 mm (1,57&quot;). 1\u00e8re Station = Station de coupe inclinable en haut et en bas avec moteur [&hellip;]\" \/>\n<meta property=\"og:url\" content=\"https:\/\/machineriesbst.com\/en\/catalogue\/tenonneuse-double-lbt-48-pouces\/\" \/>\n<meta property=\"og:site_name\" content=\"Machineries BST\" \/>\n<meta property=\"article:modified_time\" content=\"2023-12-01T01:22:08+00:00\" \/>\n<meta property=\"og:image\" content=\"https:\/\/machineriesbst.com\/wp-content\/uploads\/2021\/12\/5t.jpg\" \/>\n\t<meta property=\"og:image:width\" content=\"480\" \/>\n\t<meta property=\"og:image:height\" content=\"640\" \/>\n<meta name=\"twitter:card\" content=\"summary_large_image\" \/>\n<meta name=\"twitter:label1\" content=\"Est. reading time\" \/>\n\t<meta name=\"twitter:data1\" content=\"1 minute\" \/>\n<script type=\"application\/ld+json\" class=\"yoast-schema-graph\">{\"@context\":\"https:\/\/schema.org\",\"@graph\":[{\"@type\":\"WebSite\",\"@id\":\"https:\/\/machineriesbst.com\/en\/#website\",\"url\":\"https:\/\/machineriesbst.com\/en\/\",\"name\":\"Machineries BST\",\"description\":\"Machines neuves &amp; usag\\u00e9es\",\"potentialAction\":[{\"@type\":\"SearchAction\",\"target\":{\"@type\":\"EntryPoint\",\"urlTemplate\":\"https:\/\/machineriesbst.com\/en\/?s={search_term_string}\"},\"query-input\":\"required name=search_term_string\"}],\"inLanguage\":\"en-US\"},{\"@type\":\"ImageObject\",\"@id\":\"https:\/\/machineriesbst.com\/en\/catalogue\/tenonneuse-double-lbt-48-pouces\/#primaryimage\",\"inLanguage\":\"en-US\",\"url\":\"https:\/\/machineriesbst.com\/wp-content\/uploads\/2021\/12\/5t.jpg\",\"contentUrl\":\"https:\/\/machineriesbst.com\/wp-content\/uploads\/2021\/12\/5t.jpg\",\"width\":480,\"height\":640},{\"@type\":\"WebPage\",\"@id\":\"https:\/\/machineriesbst.com\/en\/catalogue\/tenonneuse-double-lbt-48-pouces\/#webpage\",\"url\":\"https:\/\/machineriesbst.com\/en\/catalogue\/tenonneuse-double-lbt-48-pouces\/\",\"name\":\"Tenonneuse Double LBT 48 Pouces - Machineries BST\",\"isPartOf\":{\"@id\":\"https:\/\/machineriesbst.com\/en\/#website\"},\"primaryImageOfPage\":{\"@id\":\"https:\/\/machineriesbst.com\/en\/catalogue\/tenonneuse-double-lbt-48-pouces\/#primaryimage\"},\"datePublished\":\"2021-12-07T15:06:02+00:00\",\"dateModified\":\"2023-12-01T01:22:08+00:00\",\"breadcrumb\":{\"@id\":\"https:\/\/machineriesbst.com\/en\/catalogue\/tenonneuse-double-lbt-48-pouces\/#breadcrumb\"},\"inLanguage\":\"en-US\",\"potentialAction\":[{\"@type\":\"ReadAction\",\"target\":[\"https:\/\/machineriesbst.com\/en\/catalogue\/tenonneuse-double-lbt-48-pouces\/\"]}]},{\"@type\":\"BreadcrumbList\",\"@id\":\"https:\/\/machineriesbst.com\/en\/catalogue\/tenonneuse-double-lbt-48-pouces\/#breadcrumb\",\"itemListElement\":[{\"@type\":\"ListItem\",\"position\":1,\"name\":\"Accueil\",\"item\":\"https:\/\/machineriesbst.com\/en\/\"},{\"@type\":\"ListItem\",\"position\":2,\"name\":\"Catalogue\",\"item\":\"https:\/\/machineriesbst.com\/en\/catalog\/\"},{\"@type\":\"ListItem\",\"position\":3,\"name\":\"Tenonneuse Double LBT 48 Pouces\"}]}]}<\/script>\n<!-- \/ Yoast SEO plugin. -->","yoast_head_json":{"title":"Tenonneuse Double LBT 48 Pouces - Machineries BST","robots":{"index":"index","follow":"follow","max-snippet":"max-snippet:-1","max-image-preview":"max-image-preview:large","max-video-preview":"max-video-preview:-1"},"canonical":"https:\/\/machineriesbst.com\/en\/catalogue\/tenonneuse-double-lbt-48-pouces\/","og_locale":"en_US","og_type":"article","og_title":"Tenonneuse Double LBT 48 Pouces - Machineries BST","og_description":"Tenonneuse \u00e0 double\u00a0 avec (4) stations de chaque c\u00f4t\u00e9 comme : coupe sup\u00e9rieure\/inf\u00e9rieure, fa\u00e7onnage (Shaping), fa\u00e7onnage (Shaping) et fa\u00e7onnage (Shaping). Coupe parfaitement des panneaux carr\u00e9s de 8-3\/4\" \u00e0 48\". Sp\u00e9cifications techniques : Ouverture 8-3\/4\" \u00e0 55\".\u00a0 \u00c9paisseur maximale 40 mm (1,57\"). 1\u00e8re Station = Station de coupe inclinable en haut et en bas avec moteur [&hellip;]","og_url":"https:\/\/machineriesbst.com\/en\/catalogue\/tenonneuse-double-lbt-48-pouces\/","og_site_name":"Machineries BST","article_modified_time":"2023-12-01T01:22:08+00:00","og_image":[{"width":480,"height":640,"url":"https:\/\/machineriesbst.com\/wp-content\/uploads\/2021\/12\/5t.jpg","path":"\/home\/jepeto\/public_html\/wp-content\/uploads\/2021\/12\/5t.jpg","size":"full","id":59560,"alt":"","pixels":307200,"type":"image\/jpeg"}],"twitter_card":"summary_large_image","twitter_misc":{"Est. reading time":"1 minute"},"schema":{"@context":"https:\/\/schema.org","@graph":[{"@type":"WebSite","@id":"https:\/\/machineriesbst.com\/en\/#website","url":"https:\/\/machineriesbst.com\/en\/","name":"Machineries BST","description":"Machines neuves &amp; usag\u00e9es","potentialAction":[{"@type":"SearchAction","target":{"@type":"EntryPoint","urlTemplate":"https:\/\/machineriesbst.com\/en\/?s={search_term_string}"},"query-input":"required name=search_term_string"}],"inLanguage":"en-US"},{"@type":"ImageObject","@id":"https:\/\/machineriesbst.com\/en\/catalogue\/tenonneuse-double-lbt-48-pouces\/#primaryimage","inLanguage":"en-US","url":"https:\/\/machineriesbst.com\/wp-content\/uploads\/2021\/12\/5t.jpg","contentUrl":"https:\/\/machineriesbst.com\/wp-content\/uploads\/2021\/12\/5t.jpg","width":480,"height":640},{"@type":"WebPage","@id":"https:\/\/machineriesbst.com\/en\/catalogue\/tenonneuse-double-lbt-48-pouces\/#webpage","url":"https:\/\/machineriesbst.com\/en\/catalogue\/tenonneuse-double-lbt-48-pouces\/","name":"Tenonneuse Double LBT 48 Pouces - Machineries BST","isPartOf":{"@id":"https:\/\/machineriesbst.com\/en\/#website"},"primaryImageOfPage":{"@id":"https:\/\/machineriesbst.com\/en\/catalogue\/tenonneuse-double-lbt-48-pouces\/#primaryimage"},"datePublished":"2021-12-07T15:06:02+00:00","dateModified":"2023-12-01T01:22:08+00:00","breadcrumb":{"@id":"https:\/\/machineriesbst.com\/en\/catalogue\/tenonneuse-double-lbt-48-pouces\/#breadcrumb"},"inLanguage":"en-US","potentialAction":[{"@type":"ReadAction","target":["https:\/\/machineriesbst.com\/en\/catalogue\/tenonneuse-double-lbt-48-pouces\/"]}]},{"@type":"BreadcrumbList","@id":"https:\/\/machineriesbst.com\/en\/catalogue\/tenonneuse-double-lbt-48-pouces\/#breadcrumb","itemListElement":[{"@type":"ListItem","position":1,"name":"Accueil","item":"https:\/\/machineriesbst.com\/en\/"},{"@type":"ListItem","position":2,"name":"Catalogue","item":"https:\/\/machineriesbst.com\/en\/catalog\/"},{"@type":"ListItem","position":3,"name":"Tenonneuse Double LBT 48 Pouces"}]}]}},"_links":{"self":[{"href":"https:\/\/machineriesbst.com\/en\/wp-json\/wp\/v2\/product\/59555"}],"collection":[{"href":"https:\/\/machineriesbst.com\/en\/wp-json\/wp\/v2\/product"}],"about":[{"href":"https:\/\/machineriesbst.com\/en\/wp-json\/wp\/v2\/types\/product"}],"author":[{"embeddable":true,"href":"https:\/\/machineriesbst.com\/en\/wp-json\/wp\/v2\/users\/3"}],"replies":[{"embeddable":true,"href":"https:\/\/machineriesbst.com\/en\/wp-json\/wp\/v2\/comments?post=59555"}],"wp:featuredmedia":[{"embeddable":true,"href":"https:\/\/machineriesbst.com\/en\/wp-json\/wp\/v2\/media\/59560"}],"wp:attachment":[{"href":"https:\/\/machineriesbst.com\/en\/wp-json\/wp\/v2\/media?parent=59555"}],"wp:term":[{"taxonomy":"product_cat","embeddable":true,"href":"https:\/\/machineriesbst.com\/en\/wp-json\/wp\/v2\/product_cat?post=59555"},{"taxonomy":"product_tag","embeddable":true,"href":"https:\/\/machineriesbst.com\/en\/wp-json\/wp\/v2\/product_tag?post=59555"}],"curies":[{"name":"wp","href":"https:\/\/api.w.org\/{rel}","templated":true}]}}