{"id":59528,"date":"2021-11-29T15:45:49","date_gmt":"2021-11-29T20:45:49","guid":{"rendered":"https:\/\/machineriesbst.com\/?post_type=product&#038;p=59528"},"modified":"2023-11-30T20:22:08","modified_gmt":"2023-12-01T01:22:08","slug":"robot-plaqueuse-de-chant","status":"publish","type":"product","link":"https:\/\/machineriesbst.com\/en\/catalogue\/robot-plaqueuse-de-chant\/","title":{"rendered":"Edge banding robot"},"content":{"rendered":"<p>Fanuc Robot (2 in stock)<\/p>\n<p>Multi-axis robotic arm<\/p>\n<p>-1 for panel drilling with transfer and positioning - handling<\/p>\n<p>-1 edge banding arm (and foil) for non-standard parts with transfer and positioning - handling<\/p>","protected":false},"excerpt":{"rendered":"<p>Fanuc robot (2 in stock) Multi-axis robotic arm -1 for panel drilling with transfer and positioning - handling -1 edge banding arm (and foil) for non-standard parts with transfer and positioning - handling<\/p>","protected":false},"author":3,"featured_media":59531,"comment_status":"open","ping_status":"closed","template":"","meta":[],"product_cat":[221,3014],"product_tag":[],"acf":[],"yoast_head":"<!-- This site is optimized with the Yoast SEO plugin v16.8 - https:\/\/yoast.com\/wordpress\/plugins\/seo\/ -->\n<title>Robot plaqueuse de chant - Machineries BST<\/title>\n<meta name=\"robots\" content=\"index, follow, max-snippet:-1, max-image-preview:large, max-video-preview:-1\" \/>\n<link rel=\"canonical\" href=\"https:\/\/machineriesbst.com\/en\/catalogue\/robot-plaqueuse-de-chant\/\" \/>\n<meta property=\"og:locale\" content=\"en_US\" \/>\n<meta property=\"og:type\" content=\"article\" \/>\n<meta property=\"og:title\" content=\"Robot plaqueuse de chant - Machineries BST\" \/>\n<meta property=\"og:description\" content=\"Robot Fanuc\u00a0 \u00a0( 2 en inventaire) Bras robotis\u00e9 multi axes -1 pour per\u00e7age de panneau avec transfert et positionnement - manutention -1 bras de plaquage de chant (et foil) pour pi\u00e8ces non standart avec transfert et positionnement - manutention\" \/>\n<meta property=\"og:url\" content=\"https:\/\/machineriesbst.com\/en\/catalogue\/robot-plaqueuse-de-chant\/\" \/>\n<meta property=\"og:site_name\" content=\"Machineries BST\" \/>\n<meta property=\"article:modified_time\" content=\"2023-12-01T01:22:08+00:00\" \/>\n<meta property=\"og:image\" content=\"https:\/\/machineriesbst.com\/wp-content\/uploads\/2021\/11\/20211126_075630-scaled.jpg\" \/>\n\t<meta property=\"og:image:width\" content=\"2560\" \/>\n\t<meta property=\"og:image:height\" content=\"1220\" \/>\n<meta name=\"twitter:card\" content=\"summary_large_image\" \/>\n<script type=\"application\/ld+json\" class=\"yoast-schema-graph\">{\"@context\":\"https:\/\/schema.org\",\"@graph\":[{\"@type\":\"WebSite\",\"@id\":\"https:\/\/machineriesbst.com\/en\/#website\",\"url\":\"https:\/\/machineriesbst.com\/en\/\",\"name\":\"Machineries BST\",\"description\":\"Machines neuves &amp; usag\\u00e9es\",\"potentialAction\":[{\"@type\":\"SearchAction\",\"target\":{\"@type\":\"EntryPoint\",\"urlTemplate\":\"https:\/\/machineriesbst.com\/en\/?s={search_term_string}\"},\"query-input\":\"required name=search_term_string\"}],\"inLanguage\":\"en-US\"},{\"@type\":\"ImageObject\",\"@id\":\"https:\/\/machineriesbst.com\/en\/catalogue\/robot-plaqueuse-de-chant\/#primaryimage\",\"inLanguage\":\"en-US\",\"url\":\"https:\/\/machineriesbst.com\/wp-content\/uploads\/2021\/11\/20211126_075630-scaled.jpg\",\"contentUrl\":\"https:\/\/machineriesbst.com\/wp-content\/uploads\/2021\/11\/20211126_075630-scaled.jpg\",\"width\":2560,\"height\":1220},{\"@type\":\"WebPage\",\"@id\":\"https:\/\/machineriesbst.com\/en\/catalogue\/robot-plaqueuse-de-chant\/#webpage\",\"url\":\"https:\/\/machineriesbst.com\/en\/catalogue\/robot-plaqueuse-de-chant\/\",\"name\":\"Robot plaqueuse de chant - Machineries BST\",\"isPartOf\":{\"@id\":\"https:\/\/machineriesbst.com\/en\/#website\"},\"primaryImageOfPage\":{\"@id\":\"https:\/\/machineriesbst.com\/en\/catalogue\/robot-plaqueuse-de-chant\/#primaryimage\"},\"datePublished\":\"2021-11-29T20:45:49+00:00\",\"dateModified\":\"2023-12-01T01:22:08+00:00\",\"breadcrumb\":{\"@id\":\"https:\/\/machineriesbst.com\/en\/catalogue\/robot-plaqueuse-de-chant\/#breadcrumb\"},\"inLanguage\":\"en-US\",\"potentialAction\":[{\"@type\":\"ReadAction\",\"target\":[\"https:\/\/machineriesbst.com\/en\/catalogue\/robot-plaqueuse-de-chant\/\"]}]},{\"@type\":\"BreadcrumbList\",\"@id\":\"https:\/\/machineriesbst.com\/en\/catalogue\/robot-plaqueuse-de-chant\/#breadcrumb\",\"itemListElement\":[{\"@type\":\"ListItem\",\"position\":1,\"name\":\"Accueil\",\"item\":\"https:\/\/machineriesbst.com\/en\/\"},{\"@type\":\"ListItem\",\"position\":2,\"name\":\"Catalogue\",\"item\":\"https:\/\/machineriesbst.com\/en\/catalog\/\"},{\"@type\":\"ListItem\",\"position\":3,\"name\":\"Robot plaqueuse de chant\"}]}]}<\/script>\n<!-- \/ Yoast SEO plugin. -->","yoast_head_json":{"title":"Robot plaqueuse de chant - Machineries BST","robots":{"index":"index","follow":"follow","max-snippet":"max-snippet:-1","max-image-preview":"max-image-preview:large","max-video-preview":"max-video-preview:-1"},"canonical":"https:\/\/machineriesbst.com\/en\/catalogue\/robot-plaqueuse-de-chant\/","og_locale":"en_US","og_type":"article","og_title":"Robot plaqueuse de chant - Machineries BST","og_description":"Robot Fanuc\u00a0 \u00a0( 2 en inventaire) Bras robotis\u00e9 multi axes -1 pour per\u00e7age de panneau avec transfert et positionnement - manutention -1 bras de plaquage de chant (et foil) pour pi\u00e8ces non standart avec transfert et positionnement - manutention","og_url":"https:\/\/machineriesbst.com\/en\/catalogue\/robot-plaqueuse-de-chant\/","og_site_name":"Machineries BST","article_modified_time":"2023-12-01T01:22:08+00:00","og_image":[{"width":2560,"height":1220,"url":"https:\/\/machineriesbst.com\/wp-content\/uploads\/2021\/11\/20211126_075630-scaled.jpg","path":"\/home\/jepeto\/public_html\/wp-content\/uploads\/2021\/11\/20211126_075630-scaled.jpg","size":"full","id":59531,"alt":"","pixels":3123200,"type":"image\/jpeg"}],"twitter_card":"summary_large_image","schema":{"@context":"https:\/\/schema.org","@graph":[{"@type":"WebSite","@id":"https:\/\/machineriesbst.com\/en\/#website","url":"https:\/\/machineriesbst.com\/en\/","name":"Machineries BST","description":"Machines neuves &amp; usag\u00e9es","potentialAction":[{"@type":"SearchAction","target":{"@type":"EntryPoint","urlTemplate":"https:\/\/machineriesbst.com\/en\/?s={search_term_string}"},"query-input":"required name=search_term_string"}],"inLanguage":"en-US"},{"@type":"ImageObject","@id":"https:\/\/machineriesbst.com\/en\/catalogue\/robot-plaqueuse-de-chant\/#primaryimage","inLanguage":"en-US","url":"https:\/\/machineriesbst.com\/wp-content\/uploads\/2021\/11\/20211126_075630-scaled.jpg","contentUrl":"https:\/\/machineriesbst.com\/wp-content\/uploads\/2021\/11\/20211126_075630-scaled.jpg","width":2560,"height":1220},{"@type":"WebPage","@id":"https:\/\/machineriesbst.com\/en\/catalogue\/robot-plaqueuse-de-chant\/#webpage","url":"https:\/\/machineriesbst.com\/en\/catalogue\/robot-plaqueuse-de-chant\/","name":"Robot plaqueuse de chant - Machineries BST","isPartOf":{"@id":"https:\/\/machineriesbst.com\/en\/#website"},"primaryImageOfPage":{"@id":"https:\/\/machineriesbst.com\/en\/catalogue\/robot-plaqueuse-de-chant\/#primaryimage"},"datePublished":"2021-11-29T20:45:49+00:00","dateModified":"2023-12-01T01:22:08+00:00","breadcrumb":{"@id":"https:\/\/machineriesbst.com\/en\/catalogue\/robot-plaqueuse-de-chant\/#breadcrumb"},"inLanguage":"en-US","potentialAction":[{"@type":"ReadAction","target":["https:\/\/machineriesbst.com\/en\/catalogue\/robot-plaqueuse-de-chant\/"]}]},{"@type":"BreadcrumbList","@id":"https:\/\/machineriesbst.com\/en\/catalogue\/robot-plaqueuse-de-chant\/#breadcrumb","itemListElement":[{"@type":"ListItem","position":1,"name":"Accueil","item":"https:\/\/machineriesbst.com\/en\/"},{"@type":"ListItem","position":2,"name":"Catalogue","item":"https:\/\/machineriesbst.com\/en\/catalog\/"},{"@type":"ListItem","position":3,"name":"Robot plaqueuse de chant"}]}]}},"_links":{"self":[{"href":"https:\/\/machineriesbst.com\/en\/wp-json\/wp\/v2\/product\/59528"}],"collection":[{"href":"https:\/\/machineriesbst.com\/en\/wp-json\/wp\/v2\/product"}],"about":[{"href":"https:\/\/machineriesbst.com\/en\/wp-json\/wp\/v2\/types\/product"}],"author":[{"embeddable":true,"href":"https:\/\/machineriesbst.com\/en\/wp-json\/wp\/v2\/users\/3"}],"replies":[{"embeddable":true,"href":"https:\/\/machineriesbst.com\/en\/wp-json\/wp\/v2\/comments?post=59528"}],"wp:featuredmedia":[{"embeddable":true,"href":"https:\/\/machineriesbst.com\/en\/wp-json\/wp\/v2\/media\/59531"}],"wp:attachment":[{"href":"https:\/\/machineriesbst.com\/en\/wp-json\/wp\/v2\/media?parent=59528"}],"wp:term":[{"taxonomy":"product_cat","embeddable":true,"href":"https:\/\/machineriesbst.com\/en\/wp-json\/wp\/v2\/product_cat?post=59528"},{"taxonomy":"product_tag","embeddable":true,"href":"https:\/\/machineriesbst.com\/en\/wp-json\/wp\/v2\/product_tag?post=59528"}],"curies":[{"name":"wp","href":"https:\/\/api.w.org\/{rel}","templated":true}]}}