{"id":59485,"date":"2021-11-02T14:25:55","date_gmt":"2021-11-02T18:25:55","guid":{"rendered":"https:\/\/machineriesbst.com\/?post_type=product&#038;p=59485"},"modified":"2023-11-30T20:22:08","modified_gmt":"2023-12-01T01:22:08","slug":"mouluriere-weinig-unimat-23","status":"publish","type":"product","link":"https:\/\/machineriesbst.com\/en\/catalogue\/mouluriere-weinig-unimat-23\/","title":{"rendered":"Moulder Weinig Unimat 23"},"content":{"rendered":"<p>Unimat 23 moulder<br \/>\nWith 9-1 \/ 16 &quot;x 4-3 \/ 4&quot; working capacity<br \/>\nLower-10 HP, Right\/Left -20 HP, Upper -15 HP, Upper-20HP and Lower-10 HP motors<br \/>\nChuck diameter: 1 13\/16&quot; at 6,000 rpm with mechanical digital display of all spindles.<br \/>\nFood :<br \/>\nVariable speed from 20 to 118 FPM; 5.5 HP motor<br \/>\nFood \/ Tables:<br \/>\n6&#39;6 &quot;infeed table with side pressure roller; Hardened tables with manual table lubrication pump.<\/p>\n<p>20ft length. 7x7 and 10, ooolls.<\/p>\n<p>Good moulder at a good price cad.<\/p>","protected":false},"excerpt":{"rendered":"<p>Unimat 23 Moulder With working capacity of 9-1\/16&quot; x 4-3\/4&quot; Bottom-10 HP, Right\/Left-20 HP, Top-15 HP, Top-20HP and Bottom-10 HP motors Chuck diameter speed: 1 13\/16&quot; @ 6000 RPM with mechanical digital readout of all spindles. Power: Variable speed from 20 to 118 FPM; 5.5 HP motor Power\/Tables: [\u2026]<\/p>","protected":false},"author":3,"featured_media":59486,"comment_status":"open","ping_status":"closed","template":"","meta":[],"product_cat":[125],"product_tag":[],"acf":[],"yoast_head":"<!-- This site is optimized with the Yoast SEO plugin v16.8 - https:\/\/yoast.com\/wordpress\/plugins\/seo\/ -->\n<title>Mouluri\u00e8re Weinig Unimat 23 - Machineries BST<\/title>\n<meta name=\"robots\" content=\"index, follow, max-snippet:-1, max-image-preview:large, max-video-preview:-1\" \/>\n<link rel=\"canonical\" href=\"https:\/\/machineriesbst.com\/en\/catalogue\/mouluriere-weinig-unimat-23\/\" \/>\n<meta property=\"og:locale\" content=\"en_US\" \/>\n<meta property=\"og:type\" content=\"article\" \/>\n<meta property=\"og:title\" content=\"Mouluri\u00e8re Weinig Unimat 23 - Machineries BST\" \/>\n<meta property=\"og:description\" content=\"Mouluri\u00e8re Unimat 23 Avec capacit\u00e9\u00a0de travail de 9-1\/16&quot; x 4-3\/4&quot; Moteurs\u00a0 du Bas-10 HP, Droite \/Gauche -20 HP, Haut -15 HP, Haut-20HP et Bas-10 HP Mandrin diam\u00e8tre \u00a0: 1 13\/16&quot; \u00e0 6 000 tr\/min avec affichage num\u00e9rique m\u00e9canique de toutes les broches. Alimentation\u00a0: Vitesse variable de 20 \u00e0 118 FPM\u00a0; Moteur de 5,5 HP Alimentation\/Tables\u00a0: [&hellip;]\" \/>\n<meta property=\"og:url\" content=\"https:\/\/machineriesbst.com\/en\/catalogue\/mouluriere-weinig-unimat-23\/\" \/>\n<meta property=\"og:site_name\" content=\"Machineries BST\" \/>\n<meta property=\"article:modified_time\" content=\"2023-12-01T01:22:08+00:00\" \/>\n<meta property=\"og:image\" content=\"https:\/\/machineriesbst.com\/wp-content\/uploads\/2021\/11\/DSC_2259-800x530-1.jpg\" \/>\n\t<meta property=\"og:image:width\" content=\"800\" \/>\n\t<meta property=\"og:image:height\" content=\"530\" \/>\n<meta name=\"twitter:card\" content=\"summary_large_image\" \/>\n<script type=\"application\/ld+json\" class=\"yoast-schema-graph\">{\"@context\":\"https:\/\/schema.org\",\"@graph\":[{\"@type\":\"WebSite\",\"@id\":\"https:\/\/machineriesbst.com\/en\/#website\",\"url\":\"https:\/\/machineriesbst.com\/en\/\",\"name\":\"Machineries BST\",\"description\":\"Machines neuves &amp; usag\\u00e9es\",\"potentialAction\":[{\"@type\":\"SearchAction\",\"target\":{\"@type\":\"EntryPoint\",\"urlTemplate\":\"https:\/\/machineriesbst.com\/en\/?s={search_term_string}\"},\"query-input\":\"required name=search_term_string\"}],\"inLanguage\":\"en-US\"},{\"@type\":\"ImageObject\",\"@id\":\"https:\/\/machineriesbst.com\/en\/catalogue\/mouluriere-weinig-unimat-23\/#primaryimage\",\"inLanguage\":\"en-US\",\"url\":\"https:\/\/machineriesbst.com\/wp-content\/uploads\/2021\/11\/DSC_2259-800x530-1.jpg\",\"contentUrl\":\"https:\/\/machineriesbst.com\/wp-content\/uploads\/2021\/11\/DSC_2259-800x530-1.jpg\",\"width\":800,\"height\":530},{\"@type\":\"WebPage\",\"@id\":\"https:\/\/machineriesbst.com\/en\/catalogue\/mouluriere-weinig-unimat-23\/#webpage\",\"url\":\"https:\/\/machineriesbst.com\/en\/catalogue\/mouluriere-weinig-unimat-23\/\",\"name\":\"Mouluri\\u00e8re Weinig Unimat 23 - Machineries BST\",\"isPartOf\":{\"@id\":\"https:\/\/machineriesbst.com\/en\/#website\"},\"primaryImageOfPage\":{\"@id\":\"https:\/\/machineriesbst.com\/en\/catalogue\/mouluriere-weinig-unimat-23\/#primaryimage\"},\"datePublished\":\"2021-11-02T18:25:55+00:00\",\"dateModified\":\"2023-12-01T01:22:08+00:00\",\"breadcrumb\":{\"@id\":\"https:\/\/machineriesbst.com\/en\/catalogue\/mouluriere-weinig-unimat-23\/#breadcrumb\"},\"inLanguage\":\"en-US\",\"potentialAction\":[{\"@type\":\"ReadAction\",\"target\":[\"https:\/\/machineriesbst.com\/en\/catalogue\/mouluriere-weinig-unimat-23\/\"]}]},{\"@type\":\"BreadcrumbList\",\"@id\":\"https:\/\/machineriesbst.com\/en\/catalogue\/mouluriere-weinig-unimat-23\/#breadcrumb\",\"itemListElement\":[{\"@type\":\"ListItem\",\"position\":1,\"name\":\"Accueil\",\"item\":\"https:\/\/machineriesbst.com\/en\/\"},{\"@type\":\"ListItem\",\"position\":2,\"name\":\"Catalogue\",\"item\":\"https:\/\/machineriesbst.com\/en\/catalog\/\"},{\"@type\":\"ListItem\",\"position\":3,\"name\":\"Mouluri\\u00e8re Weinig Unimat 23\"}]}]}<\/script>\n<!-- \/ Yoast SEO plugin. -->","yoast_head_json":{"title":"Mouluri\u00e8re Weinig Unimat 23 - Machineries BST","robots":{"index":"index","follow":"follow","max-snippet":"max-snippet:-1","max-image-preview":"max-image-preview:large","max-video-preview":"max-video-preview:-1"},"canonical":"https:\/\/machineriesbst.com\/en\/catalogue\/mouluriere-weinig-unimat-23\/","og_locale":"en_US","og_type":"article","og_title":"Mouluri\u00e8re Weinig Unimat 23 - Machineries BST","og_description":"Mouluri\u00e8re Unimat 23 Avec capacit\u00e9\u00a0de travail de 9-1\/16\" x 4-3\/4\" Moteurs\u00a0 du Bas-10 HP, Droite \/Gauche -20 HP, Haut -15 HP, Haut-20HP et Bas-10 HP Mandrin diam\u00e8tre \u00a0: 1 13\/16\" \u00e0 6 000 tr\/min avec affichage num\u00e9rique m\u00e9canique de toutes les broches. Alimentation\u00a0: Vitesse variable de 20 \u00e0 118 FPM\u00a0; Moteur de 5,5 HP Alimentation\/Tables\u00a0: [&hellip;]","og_url":"https:\/\/machineriesbst.com\/en\/catalogue\/mouluriere-weinig-unimat-23\/","og_site_name":"Machineries BST","article_modified_time":"2023-12-01T01:22:08+00:00","og_image":[{"width":800,"height":530,"url":"https:\/\/machineriesbst.com\/wp-content\/uploads\/2021\/11\/DSC_2259-800x530-1.jpg","path":"\/home\/jepeto\/public_html\/wp-content\/uploads\/2021\/11\/DSC_2259-800x530-1.jpg","size":"full","id":59486,"alt":"","pixels":424000,"type":"image\/jpeg"}],"twitter_card":"summary_large_image","schema":{"@context":"https:\/\/schema.org","@graph":[{"@type":"WebSite","@id":"https:\/\/machineriesbst.com\/en\/#website","url":"https:\/\/machineriesbst.com\/en\/","name":"Machineries BST","description":"Machines neuves &amp; usag\u00e9es","potentialAction":[{"@type":"SearchAction","target":{"@type":"EntryPoint","urlTemplate":"https:\/\/machineriesbst.com\/en\/?s={search_term_string}"},"query-input":"required name=search_term_string"}],"inLanguage":"en-US"},{"@type":"ImageObject","@id":"https:\/\/machineriesbst.com\/en\/catalogue\/mouluriere-weinig-unimat-23\/#primaryimage","inLanguage":"en-US","url":"https:\/\/machineriesbst.com\/wp-content\/uploads\/2021\/11\/DSC_2259-800x530-1.jpg","contentUrl":"https:\/\/machineriesbst.com\/wp-content\/uploads\/2021\/11\/DSC_2259-800x530-1.jpg","width":800,"height":530},{"@type":"WebPage","@id":"https:\/\/machineriesbst.com\/en\/catalogue\/mouluriere-weinig-unimat-23\/#webpage","url":"https:\/\/machineriesbst.com\/en\/catalogue\/mouluriere-weinig-unimat-23\/","name":"Mouluri\u00e8re Weinig Unimat 23 - Machineries BST","isPartOf":{"@id":"https:\/\/machineriesbst.com\/en\/#website"},"primaryImageOfPage":{"@id":"https:\/\/machineriesbst.com\/en\/catalogue\/mouluriere-weinig-unimat-23\/#primaryimage"},"datePublished":"2021-11-02T18:25:55+00:00","dateModified":"2023-12-01T01:22:08+00:00","breadcrumb":{"@id":"https:\/\/machineriesbst.com\/en\/catalogue\/mouluriere-weinig-unimat-23\/#breadcrumb"},"inLanguage":"en-US","potentialAction":[{"@type":"ReadAction","target":["https:\/\/machineriesbst.com\/en\/catalogue\/mouluriere-weinig-unimat-23\/"]}]},{"@type":"BreadcrumbList","@id":"https:\/\/machineriesbst.com\/en\/catalogue\/mouluriere-weinig-unimat-23\/#breadcrumb","itemListElement":[{"@type":"ListItem","position":1,"name":"Accueil","item":"https:\/\/machineriesbst.com\/en\/"},{"@type":"ListItem","position":2,"name":"Catalogue","item":"https:\/\/machineriesbst.com\/en\/catalog\/"},{"@type":"ListItem","position":3,"name":"Mouluri\u00e8re Weinig Unimat 23"}]}]}},"_links":{"self":[{"href":"https:\/\/machineriesbst.com\/en\/wp-json\/wp\/v2\/product\/59485"}],"collection":[{"href":"https:\/\/machineriesbst.com\/en\/wp-json\/wp\/v2\/product"}],"about":[{"href":"https:\/\/machineriesbst.com\/en\/wp-json\/wp\/v2\/types\/product"}],"author":[{"embeddable":true,"href":"https:\/\/machineriesbst.com\/en\/wp-json\/wp\/v2\/users\/3"}],"replies":[{"embeddable":true,"href":"https:\/\/machineriesbst.com\/en\/wp-json\/wp\/v2\/comments?post=59485"}],"wp:featuredmedia":[{"embeddable":true,"href":"https:\/\/machineriesbst.com\/en\/wp-json\/wp\/v2\/media\/59486"}],"wp:attachment":[{"href":"https:\/\/machineriesbst.com\/en\/wp-json\/wp\/v2\/media?parent=59485"}],"wp:term":[{"taxonomy":"product_cat","embeddable":true,"href":"https:\/\/machineriesbst.com\/en\/wp-json\/wp\/v2\/product_cat?post=59485"},{"taxonomy":"product_tag","embeddable":true,"href":"https:\/\/machineriesbst.com\/en\/wp-json\/wp\/v2\/product_tag?post=59485"}],"curies":[{"name":"wp","href":"https:\/\/api.w.org\/{rel}","templated":true}]}}