{"id":59479,"date":"2021-11-02T13:58:48","date_gmt":"2021-11-02T17:58:48","guid":{"rendered":"https:\/\/machineriesbst.com\/?post_type=product&#038;p=59479"},"modified":"2023-11-30T20:22:08","modified_gmt":"2023-12-01T01:22:08","slug":"mouluriere-weinig-gold","status":"publish","type":"product","link":"https:\/\/machineriesbst.com\/en\/catalogue\/mouluriere-weinig-gold\/","title":{"rendered":"Weinig Gold moulder"},"content":{"rendered":"<p>6 head moulder. Engine \/ low 10hp. Guide side \/ 10 hp. Operator \/ 15 hp. High \/ 15hp. High \/ 15hp. Low \/ 20 hp. 40 mm chuck with RPM \/ 6000. Brake for all motors. Digital readout. 18 to 85 pmp \/ min speed. 6&#39;6 &quot;input table.<\/p>\n<p>Weight of 6,500lls.<\/p>\n<p>Small, easy to clean surface rust at a good price. cad.<\/p>\n<p>&nbsp;<\/p>","protected":false},"excerpt":{"rendered":"<p>6 head moulder. Engine \/ low 10hp. Guide side \/ 10 hp. Operator \/ 15 hp. High \/ 15hp. High \/ 15hp. Low \/ 20 hp. 40 mm chuck with RPM \/ 6000. Brake for all motors. Digital reading. Speed from 18 to 85 pmp \/ min. Input table of 6&#39;6 &quot;. Weight of 6,500lls. Small rust of [\u2026]<\/p>","protected":false},"author":3,"featured_media":59480,"comment_status":"open","ping_status":"closed","template":"","meta":[],"product_cat":[125],"product_tag":[],"acf":[],"yoast_head":"<!-- This site is optimized with the Yoast SEO plugin v16.8 - https:\/\/yoast.com\/wordpress\/plugins\/seo\/ -->\n<title>Mouluri\u00e8re Weinig Gold - Machineries BST<\/title>\n<meta name=\"robots\" content=\"index, follow, max-snippet:-1, max-image-preview:large, max-video-preview:-1\" \/>\n<link rel=\"canonical\" href=\"https:\/\/machineriesbst.com\/en\/catalogue\/mouluriere-weinig-gold\/\" \/>\n<meta property=\"og:locale\" content=\"en_US\" \/>\n<meta property=\"og:type\" content=\"article\" \/>\n<meta property=\"og:title\" content=\"Mouluri\u00e8re Weinig Gold - Machineries BST\" \/>\n<meta property=\"og:description\" content=\"Mouluri\u00e8re 6 t\u00eates .\u00a0 Moteur\/bas 10hp. Cot\u00e9 du guide \/ 10 hp .Op\u00e9rateur \/15 hp. Haut \/ 15hp. Haut \/ 15hp .Bas \/ 20 hp. Mandrin de 40 mm avec un RPM\/6000 .Frein pour tout les moteurs. Lecture Digital.Vitesse de 18 \u00e0 85 pmp\/min .Table d&#039;entr\u00e9e de 6&#039;6&quot;. Poid de 6,500lls . Petite rouille de [&hellip;]\" \/>\n<meta property=\"og:url\" content=\"https:\/\/machineriesbst.com\/en\/catalogue\/mouluriere-weinig-gold\/\" \/>\n<meta property=\"og:site_name\" content=\"Machineries BST\" \/>\n<meta property=\"article:modified_time\" content=\"2023-12-01T01:22:08+00:00\" \/>\n<meta property=\"og:image\" content=\"https:\/\/machineriesbst.com\/wp-content\/uploads\/2021\/11\/DSC_2272-800x530-1.jpg\" \/>\n\t<meta property=\"og:image:width\" content=\"800\" \/>\n\t<meta property=\"og:image:height\" content=\"530\" \/>\n<meta name=\"twitter:card\" content=\"summary_large_image\" \/>\n<script type=\"application\/ld+json\" class=\"yoast-schema-graph\">{\"@context\":\"https:\/\/schema.org\",\"@graph\":[{\"@type\":\"WebSite\",\"@id\":\"https:\/\/machineriesbst.com\/en\/#website\",\"url\":\"https:\/\/machineriesbst.com\/en\/\",\"name\":\"Machineries BST\",\"description\":\"Machines neuves &amp; usag\\u00e9es\",\"potentialAction\":[{\"@type\":\"SearchAction\",\"target\":{\"@type\":\"EntryPoint\",\"urlTemplate\":\"https:\/\/machineriesbst.com\/en\/?s={search_term_string}\"},\"query-input\":\"required name=search_term_string\"}],\"inLanguage\":\"en-US\"},{\"@type\":\"ImageObject\",\"@id\":\"https:\/\/machineriesbst.com\/en\/catalogue\/mouluriere-weinig-gold\/#primaryimage\",\"inLanguage\":\"en-US\",\"url\":\"https:\/\/machineriesbst.com\/wp-content\/uploads\/2021\/11\/DSC_2272-800x530-1.jpg\",\"contentUrl\":\"https:\/\/machineriesbst.com\/wp-content\/uploads\/2021\/11\/DSC_2272-800x530-1.jpg\",\"width\":800,\"height\":530},{\"@type\":\"WebPage\",\"@id\":\"https:\/\/machineriesbst.com\/en\/catalogue\/mouluriere-weinig-gold\/#webpage\",\"url\":\"https:\/\/machineriesbst.com\/en\/catalogue\/mouluriere-weinig-gold\/\",\"name\":\"Mouluri\\u00e8re Weinig Gold - Machineries BST\",\"isPartOf\":{\"@id\":\"https:\/\/machineriesbst.com\/en\/#website\"},\"primaryImageOfPage\":{\"@id\":\"https:\/\/machineriesbst.com\/en\/catalogue\/mouluriere-weinig-gold\/#primaryimage\"},\"datePublished\":\"2021-11-02T17:58:48+00:00\",\"dateModified\":\"2023-12-01T01:22:08+00:00\",\"breadcrumb\":{\"@id\":\"https:\/\/machineriesbst.com\/en\/catalogue\/mouluriere-weinig-gold\/#breadcrumb\"},\"inLanguage\":\"en-US\",\"potentialAction\":[{\"@type\":\"ReadAction\",\"target\":[\"https:\/\/machineriesbst.com\/en\/catalogue\/mouluriere-weinig-gold\/\"]}]},{\"@type\":\"BreadcrumbList\",\"@id\":\"https:\/\/machineriesbst.com\/en\/catalogue\/mouluriere-weinig-gold\/#breadcrumb\",\"itemListElement\":[{\"@type\":\"ListItem\",\"position\":1,\"name\":\"Accueil\",\"item\":\"https:\/\/machineriesbst.com\/en\/\"},{\"@type\":\"ListItem\",\"position\":2,\"name\":\"Catalogue\",\"item\":\"https:\/\/machineriesbst.com\/en\/catalog\/\"},{\"@type\":\"ListItem\",\"position\":3,\"name\":\"Mouluri\\u00e8re Weinig Gold\"}]}]}<\/script>\n<!-- \/ Yoast SEO plugin. -->","yoast_head_json":{"title":"Mouluri\u00e8re Weinig Gold - Machineries BST","robots":{"index":"index","follow":"follow","max-snippet":"max-snippet:-1","max-image-preview":"max-image-preview:large","max-video-preview":"max-video-preview:-1"},"canonical":"https:\/\/machineriesbst.com\/en\/catalogue\/mouluriere-weinig-gold\/","og_locale":"en_US","og_type":"article","og_title":"Mouluri\u00e8re Weinig Gold - Machineries BST","og_description":"Mouluri\u00e8re 6 t\u00eates .\u00a0 Moteur\/bas 10hp. Cot\u00e9 du guide \/ 10 hp .Op\u00e9rateur \/15 hp. Haut \/ 15hp. Haut \/ 15hp .Bas \/ 20 hp. Mandrin de 40 mm avec un RPM\/6000 .Frein pour tout les moteurs. Lecture Digital.Vitesse de 18 \u00e0 85 pmp\/min .Table d'entr\u00e9e de 6'6\". Poid de 6,500lls . Petite rouille de [&hellip;]","og_url":"https:\/\/machineriesbst.com\/en\/catalogue\/mouluriere-weinig-gold\/","og_site_name":"Machineries BST","article_modified_time":"2023-12-01T01:22:08+00:00","og_image":[{"width":800,"height":530,"url":"https:\/\/machineriesbst.com\/wp-content\/uploads\/2021\/11\/DSC_2272-800x530-1.jpg","path":"\/home\/jepeto\/public_html\/wp-content\/uploads\/2021\/11\/DSC_2272-800x530-1.jpg","size":"full","id":59480,"alt":"","pixels":424000,"type":"image\/jpeg"}],"twitter_card":"summary_large_image","schema":{"@context":"https:\/\/schema.org","@graph":[{"@type":"WebSite","@id":"https:\/\/machineriesbst.com\/en\/#website","url":"https:\/\/machineriesbst.com\/en\/","name":"Machineries BST","description":"Machines neuves &amp; usag\u00e9es","potentialAction":[{"@type":"SearchAction","target":{"@type":"EntryPoint","urlTemplate":"https:\/\/machineriesbst.com\/en\/?s={search_term_string}"},"query-input":"required name=search_term_string"}],"inLanguage":"en-US"},{"@type":"ImageObject","@id":"https:\/\/machineriesbst.com\/en\/catalogue\/mouluriere-weinig-gold\/#primaryimage","inLanguage":"en-US","url":"https:\/\/machineriesbst.com\/wp-content\/uploads\/2021\/11\/DSC_2272-800x530-1.jpg","contentUrl":"https:\/\/machineriesbst.com\/wp-content\/uploads\/2021\/11\/DSC_2272-800x530-1.jpg","width":800,"height":530},{"@type":"WebPage","@id":"https:\/\/machineriesbst.com\/en\/catalogue\/mouluriere-weinig-gold\/#webpage","url":"https:\/\/machineriesbst.com\/en\/catalogue\/mouluriere-weinig-gold\/","name":"Mouluri\u00e8re Weinig Gold - Machineries BST","isPartOf":{"@id":"https:\/\/machineriesbst.com\/en\/#website"},"primaryImageOfPage":{"@id":"https:\/\/machineriesbst.com\/en\/catalogue\/mouluriere-weinig-gold\/#primaryimage"},"datePublished":"2021-11-02T17:58:48+00:00","dateModified":"2023-12-01T01:22:08+00:00","breadcrumb":{"@id":"https:\/\/machineriesbst.com\/en\/catalogue\/mouluriere-weinig-gold\/#breadcrumb"},"inLanguage":"en-US","potentialAction":[{"@type":"ReadAction","target":["https:\/\/machineriesbst.com\/en\/catalogue\/mouluriere-weinig-gold\/"]}]},{"@type":"BreadcrumbList","@id":"https:\/\/machineriesbst.com\/en\/catalogue\/mouluriere-weinig-gold\/#breadcrumb","itemListElement":[{"@type":"ListItem","position":1,"name":"Accueil","item":"https:\/\/machineriesbst.com\/en\/"},{"@type":"ListItem","position":2,"name":"Catalogue","item":"https:\/\/machineriesbst.com\/en\/catalog\/"},{"@type":"ListItem","position":3,"name":"Mouluri\u00e8re Weinig Gold"}]}]}},"_links":{"self":[{"href":"https:\/\/machineriesbst.com\/en\/wp-json\/wp\/v2\/product\/59479"}],"collection":[{"href":"https:\/\/machineriesbst.com\/en\/wp-json\/wp\/v2\/product"}],"about":[{"href":"https:\/\/machineriesbst.com\/en\/wp-json\/wp\/v2\/types\/product"}],"author":[{"embeddable":true,"href":"https:\/\/machineriesbst.com\/en\/wp-json\/wp\/v2\/users\/3"}],"replies":[{"embeddable":true,"href":"https:\/\/machineriesbst.com\/en\/wp-json\/wp\/v2\/comments?post=59479"}],"wp:featuredmedia":[{"embeddable":true,"href":"https:\/\/machineriesbst.com\/en\/wp-json\/wp\/v2\/media\/59480"}],"wp:attachment":[{"href":"https:\/\/machineriesbst.com\/en\/wp-json\/wp\/v2\/media?parent=59479"}],"wp:term":[{"taxonomy":"product_cat","embeddable":true,"href":"https:\/\/machineriesbst.com\/en\/wp-json\/wp\/v2\/product_cat?post=59479"},{"taxonomy":"product_tag","embeddable":true,"href":"https:\/\/machineriesbst.com\/en\/wp-json\/wp\/v2\/product_tag?post=59479"}],"curies":[{"name":"wp","href":"https:\/\/api.w.org\/{rel}","templated":true}]}}