{"id":59473,"date":"2021-11-02T13:32:26","date_gmt":"2021-11-02T17:32:26","guid":{"rendered":"https:\/\/machineriesbst.com\/?post_type=product&#038;p=59473"},"modified":"2023-11-30T20:22:08","modified_gmt":"2023-12-01T01:22:08","slug":"pulverisateur-cefla-mito","status":"publish","type":"product","link":"https:\/\/machineriesbst.com\/en\/catalogue\/pulverisateur-cefla-mito\/","title":{"rendered":"C\u00e9fla Mito sprayer"},"content":{"rendered":"<p>Complete alternative feed spray system for water and solvent based coatings. Easy accessibility with glass door.<\/p>\n<p>Conveyor system with sealed CBF belt, driven by reverse axis with recyclable ball bearing.<\/p>\n<p>The central axis consists of a removable gun support arm (4) fitted with a quick release. 3 high pressure lacquer supply circuits with recycling, lacquer filters with stainless steel fittings. Exclusive analysis of air diffusion pressurization flows with double fan for air suction and filtration for greater saving of varnish and better cleaning of the machine.<\/p>\n<p>Electronic scanner for the reading of shapes and positioning of parts and maximum efficiency in the management of spray guns.<\/p>\n<p>Total length of the spray booth: 4650 mm Total width of the spray booth: 4210 mm with fan. Height: 2500mm.<\/p>\n<p>Electronic control unit with PLC and machine management software. Pressure control cabinet.<\/p>\n<p>The parameters of the spraying management are taken over by the PLC. Color touch screen display.<\/p>\n<p>Complete machine easy to clean at very good price $ CAD.<\/p>\n<p>&nbsp;<\/p>","protected":false},"excerpt":{"rendered":"<p>Complete alternative feed spray system for water and solvent based coatings. Easy accessibility with glass door. Conveyor system with sealed CBF belt, driven by reverse axis with recyclable ball bearing. The central axis consists of a removable gun support arm (4) fitted with a quick release. 3 supply circuits of [\u2026]<\/p>","protected":false},"author":3,"featured_media":59476,"comment_status":"open","ping_status":"closed","template":"","meta":[],"product_cat":[1614,1917],"product_tag":[],"acf":[],"yoast_head":"<!-- This site is optimized with the Yoast SEO plugin v16.8 - https:\/\/yoast.com\/wordpress\/plugins\/seo\/ -->\n<title>Pulv\u00e9risateur C\u00e9fla Mito - Machineries BST<\/title>\n<meta name=\"robots\" content=\"index, follow, max-snippet:-1, max-image-preview:large, max-video-preview:-1\" \/>\n<link rel=\"canonical\" href=\"https:\/\/machineriesbst.com\/en\/catalogue\/pulverisateur-cefla-mito\/\" \/>\n<meta property=\"og:locale\" content=\"en_US\" \/>\n<meta property=\"og:type\" content=\"article\" \/>\n<meta property=\"og:title\" content=\"Pulv\u00e9risateur C\u00e9fla Mito - Machineries BST\" \/>\n<meta property=\"og:description\" content=\"Syst\u00e8me de pulv\u00e9risation complet d&#039;alimentation alternative pour les rev\u00eatement \u00e0 base d&#039;eau et de Solvant. Accessibilit\u00e9 facilit\u00e9\u00a0 avec porte vitr\u00e9es. Syst\u00e8me de convoyeur avec bande CBF scell\u00e9 ,entrain\u00e9 par axe invers\u00e9e avec roulement \u00e0 bille recyclable. L&#039;axe central composer d&#039;un bras \u00e0 support de pistolets (4) amovible \u00e9quiper de d\u00e9gagement rapide. 3 circuits d&#039;alimentation de [&hellip;]\" \/>\n<meta property=\"og:url\" content=\"https:\/\/machineriesbst.com\/en\/catalogue\/pulverisateur-cefla-mito\/\" \/>\n<meta property=\"og:site_name\" content=\"Machineries BST\" \/>\n<meta property=\"article:modified_time\" content=\"2023-12-01T01:22:08+00:00\" \/>\n<meta property=\"og:image\" content=\"https:\/\/machineriesbst.com\/wp-content\/uploads\/2021\/11\/3.jpg\" \/>\n\t<meta property=\"og:image:width\" content=\"600\" \/>\n\t<meta property=\"og:image:height\" content=\"800\" \/>\n<meta name=\"twitter:card\" content=\"summary_large_image\" \/>\n<meta name=\"twitter:label1\" content=\"Est. reading time\" \/>\n\t<meta name=\"twitter:data1\" content=\"1 minute\" \/>\n<script type=\"application\/ld+json\" class=\"yoast-schema-graph\">{\"@context\":\"https:\/\/schema.org\",\"@graph\":[{\"@type\":\"WebSite\",\"@id\":\"https:\/\/machineriesbst.com\/en\/#website\",\"url\":\"https:\/\/machineriesbst.com\/en\/\",\"name\":\"Machineries BST\",\"description\":\"Machines neuves &amp; usag\\u00e9es\",\"potentialAction\":[{\"@type\":\"SearchAction\",\"target\":{\"@type\":\"EntryPoint\",\"urlTemplate\":\"https:\/\/machineriesbst.com\/en\/?s={search_term_string}\"},\"query-input\":\"required name=search_term_string\"}],\"inLanguage\":\"en-US\"},{\"@type\":\"ImageObject\",\"@id\":\"https:\/\/machineriesbst.com\/en\/catalogue\/pulverisateur-cefla-mito\/#primaryimage\",\"inLanguage\":\"en-US\",\"url\":\"https:\/\/machineriesbst.com\/wp-content\/uploads\/2021\/11\/3.jpg\",\"contentUrl\":\"https:\/\/machineriesbst.com\/wp-content\/uploads\/2021\/11\/3.jpg\",\"width\":600,\"height\":800},{\"@type\":\"WebPage\",\"@id\":\"https:\/\/machineriesbst.com\/en\/catalogue\/pulverisateur-cefla-mito\/#webpage\",\"url\":\"https:\/\/machineriesbst.com\/en\/catalogue\/pulverisateur-cefla-mito\/\",\"name\":\"Pulv\\u00e9risateur C\\u00e9fla Mito - Machineries BST\",\"isPartOf\":{\"@id\":\"https:\/\/machineriesbst.com\/en\/#website\"},\"primaryImageOfPage\":{\"@id\":\"https:\/\/machineriesbst.com\/en\/catalogue\/pulverisateur-cefla-mito\/#primaryimage\"},\"datePublished\":\"2021-11-02T17:32:26+00:00\",\"dateModified\":\"2023-12-01T01:22:08+00:00\",\"breadcrumb\":{\"@id\":\"https:\/\/machineriesbst.com\/en\/catalogue\/pulverisateur-cefla-mito\/#breadcrumb\"},\"inLanguage\":\"en-US\",\"potentialAction\":[{\"@type\":\"ReadAction\",\"target\":[\"https:\/\/machineriesbst.com\/en\/catalogue\/pulverisateur-cefla-mito\/\"]}]},{\"@type\":\"BreadcrumbList\",\"@id\":\"https:\/\/machineriesbst.com\/en\/catalogue\/pulverisateur-cefla-mito\/#breadcrumb\",\"itemListElement\":[{\"@type\":\"ListItem\",\"position\":1,\"name\":\"Accueil\",\"item\":\"https:\/\/machineriesbst.com\/en\/\"},{\"@type\":\"ListItem\",\"position\":2,\"name\":\"Catalogue\",\"item\":\"https:\/\/machineriesbst.com\/en\/catalog\/\"},{\"@type\":\"ListItem\",\"position\":3,\"name\":\"Pulv\\u00e9risateur C\\u00e9fla Mito\"}]}]}<\/script>\n<!-- \/ Yoast SEO plugin. -->","yoast_head_json":{"title":"Pulv\u00e9risateur C\u00e9fla Mito - Machineries BST","robots":{"index":"index","follow":"follow","max-snippet":"max-snippet:-1","max-image-preview":"max-image-preview:large","max-video-preview":"max-video-preview:-1"},"canonical":"https:\/\/machineriesbst.com\/en\/catalogue\/pulverisateur-cefla-mito\/","og_locale":"en_US","og_type":"article","og_title":"Pulv\u00e9risateur C\u00e9fla Mito - Machineries BST","og_description":"Syst\u00e8me de pulv\u00e9risation complet d'alimentation alternative pour les rev\u00eatement \u00e0 base d'eau et de Solvant. Accessibilit\u00e9 facilit\u00e9\u00a0 avec porte vitr\u00e9es. Syst\u00e8me de convoyeur avec bande CBF scell\u00e9 ,entrain\u00e9 par axe invers\u00e9e avec roulement \u00e0 bille recyclable. L'axe central composer d'un bras \u00e0 support de pistolets (4) amovible \u00e9quiper de d\u00e9gagement rapide. 3 circuits d'alimentation de [&hellip;]","og_url":"https:\/\/machineriesbst.com\/en\/catalogue\/pulverisateur-cefla-mito\/","og_site_name":"Machineries BST","article_modified_time":"2023-12-01T01:22:08+00:00","og_image":[{"width":600,"height":800,"url":"https:\/\/machineriesbst.com\/wp-content\/uploads\/2021\/11\/3.jpg","path":"\/home\/jepeto\/public_html\/wp-content\/uploads\/2021\/11\/3.jpg","size":"full","id":59476,"alt":"","pixels":480000,"type":"image\/jpeg"}],"twitter_card":"summary_large_image","twitter_misc":{"Est. reading time":"1 minute"},"schema":{"@context":"https:\/\/schema.org","@graph":[{"@type":"WebSite","@id":"https:\/\/machineriesbst.com\/en\/#website","url":"https:\/\/machineriesbst.com\/en\/","name":"Machineries BST","description":"Machines neuves &amp; usag\u00e9es","potentialAction":[{"@type":"SearchAction","target":{"@type":"EntryPoint","urlTemplate":"https:\/\/machineriesbst.com\/en\/?s={search_term_string}"},"query-input":"required name=search_term_string"}],"inLanguage":"en-US"},{"@type":"ImageObject","@id":"https:\/\/machineriesbst.com\/en\/catalogue\/pulverisateur-cefla-mito\/#primaryimage","inLanguage":"en-US","url":"https:\/\/machineriesbst.com\/wp-content\/uploads\/2021\/11\/3.jpg","contentUrl":"https:\/\/machineriesbst.com\/wp-content\/uploads\/2021\/11\/3.jpg","width":600,"height":800},{"@type":"WebPage","@id":"https:\/\/machineriesbst.com\/en\/catalogue\/pulverisateur-cefla-mito\/#webpage","url":"https:\/\/machineriesbst.com\/en\/catalogue\/pulverisateur-cefla-mito\/","name":"Pulv\u00e9risateur C\u00e9fla Mito - Machineries BST","isPartOf":{"@id":"https:\/\/machineriesbst.com\/en\/#website"},"primaryImageOfPage":{"@id":"https:\/\/machineriesbst.com\/en\/catalogue\/pulverisateur-cefla-mito\/#primaryimage"},"datePublished":"2021-11-02T17:32:26+00:00","dateModified":"2023-12-01T01:22:08+00:00","breadcrumb":{"@id":"https:\/\/machineriesbst.com\/en\/catalogue\/pulverisateur-cefla-mito\/#breadcrumb"},"inLanguage":"en-US","potentialAction":[{"@type":"ReadAction","target":["https:\/\/machineriesbst.com\/en\/catalogue\/pulverisateur-cefla-mito\/"]}]},{"@type":"BreadcrumbList","@id":"https:\/\/machineriesbst.com\/en\/catalogue\/pulverisateur-cefla-mito\/#breadcrumb","itemListElement":[{"@type":"ListItem","position":1,"name":"Accueil","item":"https:\/\/machineriesbst.com\/en\/"},{"@type":"ListItem","position":2,"name":"Catalogue","item":"https:\/\/machineriesbst.com\/en\/catalog\/"},{"@type":"ListItem","position":3,"name":"Pulv\u00e9risateur C\u00e9fla Mito"}]}]}},"_links":{"self":[{"href":"https:\/\/machineriesbst.com\/en\/wp-json\/wp\/v2\/product\/59473"}],"collection":[{"href":"https:\/\/machineriesbst.com\/en\/wp-json\/wp\/v2\/product"}],"about":[{"href":"https:\/\/machineriesbst.com\/en\/wp-json\/wp\/v2\/types\/product"}],"author":[{"embeddable":true,"href":"https:\/\/machineriesbst.com\/en\/wp-json\/wp\/v2\/users\/3"}],"replies":[{"embeddable":true,"href":"https:\/\/machineriesbst.com\/en\/wp-json\/wp\/v2\/comments?post=59473"}],"wp:featuredmedia":[{"embeddable":true,"href":"https:\/\/machineriesbst.com\/en\/wp-json\/wp\/v2\/media\/59476"}],"wp:attachment":[{"href":"https:\/\/machineriesbst.com\/en\/wp-json\/wp\/v2\/media?parent=59473"}],"wp:term":[{"taxonomy":"product_cat","embeddable":true,"href":"https:\/\/machineriesbst.com\/en\/wp-json\/wp\/v2\/product_cat?post=59473"},{"taxonomy":"product_tag","embeddable":true,"href":"https:\/\/machineriesbst.com\/en\/wp-json\/wp\/v2\/product_tag?post=59473"}],"curies":[{"name":"wp","href":"https:\/\/api.w.org\/{rel}","templated":true}]}}