{"id":59444,"date":"2021-10-26T10:03:29","date_gmt":"2021-10-26T14:03:29","guid":{"rendered":"https:\/\/machineriesbst.com\/?post_type=product&#038;p=59444"},"modified":"2023-11-30T20:22:08","modified_gmt":"2023-12-01T01:22:08","slug":"plaqueuse-de-chant-biesse","status":"publish","type":"product","link":"https:\/\/machineriesbst.com\/en\/catalogue\/plaqueuse-de-chant-biesse\/","title":{"rendered":"Singing tackler Biesse"},"content":{"rendered":"<p>Biesse Jade 225 bander with Pre-Milling.<\/p>\n<p>Description: Sizing, Gluing, End Cut Flush, Round Surface, Radius Scraper, Glue Scraper and Cleaning Brush.<\/p>\n<ul>\n<li class=\"layer_1 bullet\">total length of the machine: 4168 mm<\/li>\n<li class=\"layer_1 bullet\">panel thickness: 10 - 60 mm<\/li>\n<li class=\"layer_1 bullet\">height of edging material: 14 - 64 mm<\/li>\n<li class=\"layer_1 bullet\"><a class=\"\" href=\"https:\/\/wtp.hoechsmann.com\/lexikon\/140\/epaisseur_du_chant\">edge thickness<\/a>: 0.4 - 3\/8 mm<\/li>\n<li class=\"layer_1 bullet\">forward speed: 12 m \/ min<\/li>\n<li class=\"layer_1 bullet\">minimum panel length: 150 mm<\/li>\n<li class=\"layer_1 bullet\">minimum panel width<\/li>\n<li class=\"layer_2 bullet\">with a length of 150 mm: 85 mm<\/li>\n<li class=\"layer_2 bullet\">with a length of 250 mm: 50 mm<\/li>\n<\/ul>","protected":false},"excerpt":{"rendered":"<p>Biesse Jade 225 bander with Pre-Milling. Description: Sizing, Gluing, End Cut Flush, Round Surface, Radius Scraper, Glue Scraper and Cleaning Brush. total machine length: 4168 mm panel thickness: 10 - 60 mm height of edge material: 14 - 64 mm edge thickness: 0.4 - [\u2026]<\/p>","protected":false},"author":3,"featured_media":59447,"comment_status":"open","ping_status":"closed","template":"","meta":[],"product_cat":[363],"product_tag":[],"acf":[],"yoast_head":"<!-- This site is optimized with the Yoast SEO plugin v16.8 - https:\/\/yoast.com\/wordpress\/plugins\/seo\/ -->\n<title>Plaqueuse de Chant Biesse - Machineries BST<\/title>\n<meta name=\"robots\" content=\"index, follow, max-snippet:-1, max-image-preview:large, max-video-preview:-1\" \/>\n<link rel=\"canonical\" href=\"https:\/\/machineriesbst.com\/en\/catalogue\/plaqueuse-de-chant-biesse\/\" \/>\n<meta property=\"og:locale\" content=\"en_US\" \/>\n<meta property=\"og:type\" content=\"article\" \/>\n<meta property=\"og:title\" content=\"Plaqueuse de Chant Biesse - Machineries BST\" \/>\n<meta property=\"og:description\" content=\"Plaqueuse Biesse Jade 225 avec Pr\u00e9-Milling . Description: Calibrage,Collage, Coupe en Bout Affleurage, Arrondir la surface ,Grattoir \u00e0 rayon ,Grattoir \u00e0 colle et Brosse de nettoyage . longueur totale de la machine: 4168 mm \u00e9paisseur du panneau: 10 - 60 mm hauteur du mat\u00e9rieau de chants: 14 - 64 mm \u00e9paisseur du chant: 0,4 - [&hellip;]\" \/>\n<meta property=\"og:url\" content=\"https:\/\/machineriesbst.com\/en\/catalogue\/plaqueuse-de-chant-biesse\/\" \/>\n<meta property=\"og:site_name\" content=\"Machineries BST\" \/>\n<meta property=\"article:modified_time\" content=\"2023-12-01T01:22:08+00:00\" \/>\n<meta property=\"og:image\" content=\"https:\/\/machineriesbst.com\/wp-content\/uploads\/2021\/10\/IMG_4664.jpg\" \/>\n\t<meta property=\"og:image:width\" content=\"640\" \/>\n\t<meta property=\"og:image:height\" content=\"480\" \/>\n<meta name=\"twitter:card\" content=\"summary_large_image\" \/>\n<script type=\"application\/ld+json\" class=\"yoast-schema-graph\">{\"@context\":\"https:\/\/schema.org\",\"@graph\":[{\"@type\":\"WebSite\",\"@id\":\"https:\/\/machineriesbst.com\/en\/#website\",\"url\":\"https:\/\/machineriesbst.com\/en\/\",\"name\":\"Machineries BST\",\"description\":\"Machines neuves &amp; usag\\u00e9es\",\"potentialAction\":[{\"@type\":\"SearchAction\",\"target\":{\"@type\":\"EntryPoint\",\"urlTemplate\":\"https:\/\/machineriesbst.com\/en\/?s={search_term_string}\"},\"query-input\":\"required name=search_term_string\"}],\"inLanguage\":\"en-US\"},{\"@type\":\"ImageObject\",\"@id\":\"https:\/\/machineriesbst.com\/en\/catalogue\/plaqueuse-de-chant-biesse\/#primaryimage\",\"inLanguage\":\"en-US\",\"url\":\"https:\/\/machineriesbst.com\/wp-content\/uploads\/2021\/10\/IMG_4664.jpg\",\"contentUrl\":\"https:\/\/machineriesbst.com\/wp-content\/uploads\/2021\/10\/IMG_4664.jpg\",\"width\":640,\"height\":480},{\"@type\":\"WebPage\",\"@id\":\"https:\/\/machineriesbst.com\/en\/catalogue\/plaqueuse-de-chant-biesse\/#webpage\",\"url\":\"https:\/\/machineriesbst.com\/en\/catalogue\/plaqueuse-de-chant-biesse\/\",\"name\":\"Plaqueuse de Chant Biesse - Machineries BST\",\"isPartOf\":{\"@id\":\"https:\/\/machineriesbst.com\/en\/#website\"},\"primaryImageOfPage\":{\"@id\":\"https:\/\/machineriesbst.com\/en\/catalogue\/plaqueuse-de-chant-biesse\/#primaryimage\"},\"datePublished\":\"2021-10-26T14:03:29+00:00\",\"dateModified\":\"2023-12-01T01:22:08+00:00\",\"breadcrumb\":{\"@id\":\"https:\/\/machineriesbst.com\/en\/catalogue\/plaqueuse-de-chant-biesse\/#breadcrumb\"},\"inLanguage\":\"en-US\",\"potentialAction\":[{\"@type\":\"ReadAction\",\"target\":[\"https:\/\/machineriesbst.com\/en\/catalogue\/plaqueuse-de-chant-biesse\/\"]}]},{\"@type\":\"BreadcrumbList\",\"@id\":\"https:\/\/machineriesbst.com\/en\/catalogue\/plaqueuse-de-chant-biesse\/#breadcrumb\",\"itemListElement\":[{\"@type\":\"ListItem\",\"position\":1,\"name\":\"Accueil\",\"item\":\"https:\/\/machineriesbst.com\/en\/\"},{\"@type\":\"ListItem\",\"position\":2,\"name\":\"Catalogue\",\"item\":\"https:\/\/machineriesbst.com\/en\/catalog\/\"},{\"@type\":\"ListItem\",\"position\":3,\"name\":\"Plaqueuse de Chant Biesse\"}]}]}<\/script>\n<!-- \/ Yoast SEO plugin. -->","yoast_head_json":{"title":"Plaqueuse de Chant Biesse - Machineries BST","robots":{"index":"index","follow":"follow","max-snippet":"max-snippet:-1","max-image-preview":"max-image-preview:large","max-video-preview":"max-video-preview:-1"},"canonical":"https:\/\/machineriesbst.com\/en\/catalogue\/plaqueuse-de-chant-biesse\/","og_locale":"en_US","og_type":"article","og_title":"Plaqueuse de Chant Biesse - Machineries BST","og_description":"Plaqueuse Biesse Jade 225 avec Pr\u00e9-Milling . Description: Calibrage,Collage, Coupe en Bout Affleurage, Arrondir la surface ,Grattoir \u00e0 rayon ,Grattoir \u00e0 colle et Brosse de nettoyage . longueur totale de la machine: 4168 mm \u00e9paisseur du panneau: 10 - 60 mm hauteur du mat\u00e9rieau de chants: 14 - 64 mm \u00e9paisseur du chant: 0,4 - [&hellip;]","og_url":"https:\/\/machineriesbst.com\/en\/catalogue\/plaqueuse-de-chant-biesse\/","og_site_name":"Machineries BST","article_modified_time":"2023-12-01T01:22:08+00:00","og_image":[{"width":640,"height":480,"url":"https:\/\/machineriesbst.com\/wp-content\/uploads\/2021\/10\/IMG_4664.jpg","path":"\/home\/jepeto\/public_html\/wp-content\/uploads\/2021\/10\/IMG_4664.jpg","size":"full","id":59447,"alt":"","pixels":307200,"type":"image\/jpeg"}],"twitter_card":"summary_large_image","schema":{"@context":"https:\/\/schema.org","@graph":[{"@type":"WebSite","@id":"https:\/\/machineriesbst.com\/en\/#website","url":"https:\/\/machineriesbst.com\/en\/","name":"Machineries BST","description":"Machines neuves &amp; usag\u00e9es","potentialAction":[{"@type":"SearchAction","target":{"@type":"EntryPoint","urlTemplate":"https:\/\/machineriesbst.com\/en\/?s={search_term_string}"},"query-input":"required name=search_term_string"}],"inLanguage":"en-US"},{"@type":"ImageObject","@id":"https:\/\/machineriesbst.com\/en\/catalogue\/plaqueuse-de-chant-biesse\/#primaryimage","inLanguage":"en-US","url":"https:\/\/machineriesbst.com\/wp-content\/uploads\/2021\/10\/IMG_4664.jpg","contentUrl":"https:\/\/machineriesbst.com\/wp-content\/uploads\/2021\/10\/IMG_4664.jpg","width":640,"height":480},{"@type":"WebPage","@id":"https:\/\/machineriesbst.com\/en\/catalogue\/plaqueuse-de-chant-biesse\/#webpage","url":"https:\/\/machineriesbst.com\/en\/catalogue\/plaqueuse-de-chant-biesse\/","name":"Plaqueuse de Chant Biesse - Machineries BST","isPartOf":{"@id":"https:\/\/machineriesbst.com\/en\/#website"},"primaryImageOfPage":{"@id":"https:\/\/machineriesbst.com\/en\/catalogue\/plaqueuse-de-chant-biesse\/#primaryimage"},"datePublished":"2021-10-26T14:03:29+00:00","dateModified":"2023-12-01T01:22:08+00:00","breadcrumb":{"@id":"https:\/\/machineriesbst.com\/en\/catalogue\/plaqueuse-de-chant-biesse\/#breadcrumb"},"inLanguage":"en-US","potentialAction":[{"@type":"ReadAction","target":["https:\/\/machineriesbst.com\/en\/catalogue\/plaqueuse-de-chant-biesse\/"]}]},{"@type":"BreadcrumbList","@id":"https:\/\/machineriesbst.com\/en\/catalogue\/plaqueuse-de-chant-biesse\/#breadcrumb","itemListElement":[{"@type":"ListItem","position":1,"name":"Accueil","item":"https:\/\/machineriesbst.com\/en\/"},{"@type":"ListItem","position":2,"name":"Catalogue","item":"https:\/\/machineriesbst.com\/en\/catalog\/"},{"@type":"ListItem","position":3,"name":"Plaqueuse de Chant Biesse"}]}]}},"_links":{"self":[{"href":"https:\/\/machineriesbst.com\/en\/wp-json\/wp\/v2\/product\/59444"}],"collection":[{"href":"https:\/\/machineriesbst.com\/en\/wp-json\/wp\/v2\/product"}],"about":[{"href":"https:\/\/machineriesbst.com\/en\/wp-json\/wp\/v2\/types\/product"}],"author":[{"embeddable":true,"href":"https:\/\/machineriesbst.com\/en\/wp-json\/wp\/v2\/users\/3"}],"replies":[{"embeddable":true,"href":"https:\/\/machineriesbst.com\/en\/wp-json\/wp\/v2\/comments?post=59444"}],"wp:featuredmedia":[{"embeddable":true,"href":"https:\/\/machineriesbst.com\/en\/wp-json\/wp\/v2\/media\/59447"}],"wp:attachment":[{"href":"https:\/\/machineriesbst.com\/en\/wp-json\/wp\/v2\/media?parent=59444"}],"wp:term":[{"taxonomy":"product_cat","embeddable":true,"href":"https:\/\/machineriesbst.com\/en\/wp-json\/wp\/v2\/product_cat?post=59444"},{"taxonomy":"product_tag","embeddable":true,"href":"https:\/\/machineriesbst.com\/en\/wp-json\/wp\/v2\/product_tag?post=59444"}],"curies":[{"name":"wp","href":"https:\/\/api.w.org\/{rel}","templated":true}]}}