{"id":59432,"date":"2021-10-26T09:38:29","date_gmt":"2021-10-26T13:38:29","guid":{"rendered":"https:\/\/machineriesbst.com\/?post_type=product&#038;p=59432"},"modified":"2023-11-30T20:22:08","modified_gmt":"2023-12-01T01:22:08","slug":"scie-a-paquet","status":"publish","type":"product","link":"https:\/\/machineriesbst.com\/en\/catalogue\/scie-a-paquet\/","title":{"rendered":"Package Saw"},"content":{"rendered":"<div id=\"comp-ixmevpea\" class=\"_1Q9if\" data-testid=\"richTextElement\">\n<p>Entry and exit conveyor. Waste disposal conveyor.<\/p>\n<p class=\"font_7\">\u00a0Most accurate packaging cross-cutting system<\/p>\n<p class=\"font_7\">The fully automated Verticut P4 system with &quot;FACT&quot; cutting technology offers an incredible PET cut tolerance of + - 1\/32 &quot;with a finish as good or better than conventional cutting saws.<\/p>\n<p class=\"font_7\">It is the only system that offers wireless remote start. Another amazing feature is that the operator does NOT have to manually position himself for the first initial cut.<\/p>\n<p class=\"font_7\">Two packages can be placed on the cart at a time and programmed for cuts. Controlled Depth Cut is also a feature to automatically stop the cut before it passes through the bottom few planks. The integrated hold \/ protect mechanism is extremely important for operator protection.<\/p>\n<p class=\"font_7\">Fast Advanced Cutting Technology (Patent Pending) FACT cutting will significantly reduce cutting time. The saw will automatically advance towards the bundle at a speed much greater than the cutting speed. When the saw comes within 2 &quot;of the package, it will automatically switch to a slower cutting speed. This is even more beneficial for all packages of lumber less than 48&quot; in height.<\/p>\n<p>&nbsp;<\/p>\n<p>&nbsp;<\/p>\n<p class=\"font_7\">\n<\/div>","protected":false},"excerpt":{"rendered":"<p>Entry and exit conveyor. Waste disposal conveyor. Most Accurate Package Cross-Cut System The fully automated Verticut P4 system with &quot;FACT&quot; cutting technology offers an incredible PET cut tolerance of + - 1\/32 &quot;with a finish as good or better than conventional saw cutters . It&#39;s the only one [\u2026]<\/p>","protected":false},"author":3,"featured_media":59438,"comment_status":"open","ping_status":"closed","template":"","meta":[],"product_cat":[214,3092],"product_tag":[],"acf":[],"yoast_head":"<!-- This site is optimized with the Yoast SEO plugin v16.8 - https:\/\/yoast.com\/wordpress\/plugins\/seo\/ -->\n<title>Scie \u00e0 Paquet - Machineries BST<\/title>\n<meta name=\"robots\" content=\"index, follow, max-snippet:-1, max-image-preview:large, max-video-preview:-1\" \/>\n<link rel=\"canonical\" href=\"https:\/\/machineriesbst.com\/en\/catalogue\/scie-a-paquet\/\" \/>\n<meta property=\"og:locale\" content=\"en_US\" \/>\n<meta property=\"og:type\" content=\"article\" \/>\n<meta property=\"og:title\" content=\"Scie \u00e0 Paquet - Machineries BST\" \/>\n<meta property=\"og:description\" content=\"Convoyeur d&#039;entr\u00e9 et de Sortie. Convoyeur d&#039;\u00e9limination de rebus . \u00a0Syst\u00e8me de coupe transversale d&#039;emballage le plus pr\u00e9cis Le syst\u00e8me enti\u00e8rement automatis\u00e9 Verticut P4 avec technologie de coupe &quot;FACT&quot; offre une incroyable tol\u00e9rance de coupe PET de +- 1\/32&quot; avec une finition aussi bonne ou meilleure que les scies \u00e0 d\u00e9couper conventionnelles. C&#039;est le seul [&hellip;]\" \/>\n<meta property=\"og:url\" content=\"https:\/\/machineriesbst.com\/en\/catalogue\/scie-a-paquet\/\" \/>\n<meta property=\"og:site_name\" content=\"Machineries BST\" \/>\n<meta property=\"article:modified_time\" content=\"2023-12-01T01:22:08+00:00\" \/>\n<meta property=\"og:image\" content=\"https:\/\/machineriesbst.com\/wp-content\/uploads\/2021\/10\/IMG_3986.jpg\" \/>\n\t<meta property=\"og:image:width\" content=\"1280\" \/>\n\t<meta property=\"og:image:height\" content=\"853\" \/>\n<meta name=\"twitter:card\" content=\"summary_large_image\" \/>\n<meta name=\"twitter:label1\" content=\"Est. reading time\" \/>\n\t<meta name=\"twitter:data1\" content=\"1 minute\" \/>\n<script type=\"application\/ld+json\" class=\"yoast-schema-graph\">{\"@context\":\"https:\/\/schema.org\",\"@graph\":[{\"@type\":\"WebSite\",\"@id\":\"https:\/\/machineriesbst.com\/en\/#website\",\"url\":\"https:\/\/machineriesbst.com\/en\/\",\"name\":\"Machineries BST\",\"description\":\"Machines neuves &amp; usag\\u00e9es\",\"potentialAction\":[{\"@type\":\"SearchAction\",\"target\":{\"@type\":\"EntryPoint\",\"urlTemplate\":\"https:\/\/machineriesbst.com\/en\/?s={search_term_string}\"},\"query-input\":\"required name=search_term_string\"}],\"inLanguage\":\"en-US\"},{\"@type\":\"ImageObject\",\"@id\":\"https:\/\/machineriesbst.com\/en\/catalogue\/scie-a-paquet\/#primaryimage\",\"inLanguage\":\"en-US\",\"url\":\"https:\/\/machineriesbst.com\/wp-content\/uploads\/2021\/10\/IMG_3986.jpg\",\"contentUrl\":\"https:\/\/machineriesbst.com\/wp-content\/uploads\/2021\/10\/IMG_3986.jpg\",\"width\":1280,\"height\":853},{\"@type\":\"WebPage\",\"@id\":\"https:\/\/machineriesbst.com\/en\/catalogue\/scie-a-paquet\/#webpage\",\"url\":\"https:\/\/machineriesbst.com\/en\/catalogue\/scie-a-paquet\/\",\"name\":\"Scie \\u00e0 Paquet - Machineries BST\",\"isPartOf\":{\"@id\":\"https:\/\/machineriesbst.com\/en\/#website\"},\"primaryImageOfPage\":{\"@id\":\"https:\/\/machineriesbst.com\/en\/catalogue\/scie-a-paquet\/#primaryimage\"},\"datePublished\":\"2021-10-26T13:38:29+00:00\",\"dateModified\":\"2023-12-01T01:22:08+00:00\",\"breadcrumb\":{\"@id\":\"https:\/\/machineriesbst.com\/en\/catalogue\/scie-a-paquet\/#breadcrumb\"},\"inLanguage\":\"en-US\",\"potentialAction\":[{\"@type\":\"ReadAction\",\"target\":[\"https:\/\/machineriesbst.com\/en\/catalogue\/scie-a-paquet\/\"]}]},{\"@type\":\"BreadcrumbList\",\"@id\":\"https:\/\/machineriesbst.com\/en\/catalogue\/scie-a-paquet\/#breadcrumb\",\"itemListElement\":[{\"@type\":\"ListItem\",\"position\":1,\"name\":\"Accueil\",\"item\":\"https:\/\/machineriesbst.com\/en\/\"},{\"@type\":\"ListItem\",\"position\":2,\"name\":\"Catalogue\",\"item\":\"https:\/\/machineriesbst.com\/en\/catalog\/\"},{\"@type\":\"ListItem\",\"position\":3,\"name\":\"Scie \\u00e0 Paquet\"}]}]}<\/script>\n<!-- \/ Yoast SEO plugin. -->","yoast_head_json":{"title":"Scie \u00e0 Paquet - Machineries BST","robots":{"index":"index","follow":"follow","max-snippet":"max-snippet:-1","max-image-preview":"max-image-preview:large","max-video-preview":"max-video-preview:-1"},"canonical":"https:\/\/machineriesbst.com\/en\/catalogue\/scie-a-paquet\/","og_locale":"en_US","og_type":"article","og_title":"Scie \u00e0 Paquet - Machineries BST","og_description":"Convoyeur d'entr\u00e9 et de Sortie. Convoyeur d'\u00e9limination de rebus . \u00a0Syst\u00e8me de coupe transversale d'emballage le plus pr\u00e9cis Le syst\u00e8me enti\u00e8rement automatis\u00e9 Verticut P4 avec technologie de coupe \"FACT\" offre une incroyable tol\u00e9rance de coupe PET de +- 1\/32\" avec une finition aussi bonne ou meilleure que les scies \u00e0 d\u00e9couper conventionnelles. C'est le seul [&hellip;]","og_url":"https:\/\/machineriesbst.com\/en\/catalogue\/scie-a-paquet\/","og_site_name":"Machineries BST","article_modified_time":"2023-12-01T01:22:08+00:00","og_image":[{"width":1280,"height":853,"url":"https:\/\/machineriesbst.com\/wp-content\/uploads\/2021\/10\/IMG_3986.jpg","path":"\/home\/jepeto\/public_html\/wp-content\/uploads\/2021\/10\/IMG_3986.jpg","size":"full","id":59438,"alt":"","pixels":1091840,"type":"image\/jpeg"}],"twitter_card":"summary_large_image","twitter_misc":{"Est. reading time":"1 minute"},"schema":{"@context":"https:\/\/schema.org","@graph":[{"@type":"WebSite","@id":"https:\/\/machineriesbst.com\/en\/#website","url":"https:\/\/machineriesbst.com\/en\/","name":"Machineries BST","description":"Machines neuves &amp; usag\u00e9es","potentialAction":[{"@type":"SearchAction","target":{"@type":"EntryPoint","urlTemplate":"https:\/\/machineriesbst.com\/en\/?s={search_term_string}"},"query-input":"required name=search_term_string"}],"inLanguage":"en-US"},{"@type":"ImageObject","@id":"https:\/\/machineriesbst.com\/en\/catalogue\/scie-a-paquet\/#primaryimage","inLanguage":"en-US","url":"https:\/\/machineriesbst.com\/wp-content\/uploads\/2021\/10\/IMG_3986.jpg","contentUrl":"https:\/\/machineriesbst.com\/wp-content\/uploads\/2021\/10\/IMG_3986.jpg","width":1280,"height":853},{"@type":"WebPage","@id":"https:\/\/machineriesbst.com\/en\/catalogue\/scie-a-paquet\/#webpage","url":"https:\/\/machineriesbst.com\/en\/catalogue\/scie-a-paquet\/","name":"Scie \u00e0 Paquet - Machineries BST","isPartOf":{"@id":"https:\/\/machineriesbst.com\/en\/#website"},"primaryImageOfPage":{"@id":"https:\/\/machineriesbst.com\/en\/catalogue\/scie-a-paquet\/#primaryimage"},"datePublished":"2021-10-26T13:38:29+00:00","dateModified":"2023-12-01T01:22:08+00:00","breadcrumb":{"@id":"https:\/\/machineriesbst.com\/en\/catalogue\/scie-a-paquet\/#breadcrumb"},"inLanguage":"en-US","potentialAction":[{"@type":"ReadAction","target":["https:\/\/machineriesbst.com\/en\/catalogue\/scie-a-paquet\/"]}]},{"@type":"BreadcrumbList","@id":"https:\/\/machineriesbst.com\/en\/catalogue\/scie-a-paquet\/#breadcrumb","itemListElement":[{"@type":"ListItem","position":1,"name":"Accueil","item":"https:\/\/machineriesbst.com\/en\/"},{"@type":"ListItem","position":2,"name":"Catalogue","item":"https:\/\/machineriesbst.com\/en\/catalog\/"},{"@type":"ListItem","position":3,"name":"Scie \u00e0 Paquet"}]}]}},"_links":{"self":[{"href":"https:\/\/machineriesbst.com\/en\/wp-json\/wp\/v2\/product\/59432"}],"collection":[{"href":"https:\/\/machineriesbst.com\/en\/wp-json\/wp\/v2\/product"}],"about":[{"href":"https:\/\/machineriesbst.com\/en\/wp-json\/wp\/v2\/types\/product"}],"author":[{"embeddable":true,"href":"https:\/\/machineriesbst.com\/en\/wp-json\/wp\/v2\/users\/3"}],"replies":[{"embeddable":true,"href":"https:\/\/machineriesbst.com\/en\/wp-json\/wp\/v2\/comments?post=59432"}],"wp:featuredmedia":[{"embeddable":true,"href":"https:\/\/machineriesbst.com\/en\/wp-json\/wp\/v2\/media\/59438"}],"wp:attachment":[{"href":"https:\/\/machineriesbst.com\/en\/wp-json\/wp\/v2\/media?parent=59432"}],"wp:term":[{"taxonomy":"product_cat","embeddable":true,"href":"https:\/\/machineriesbst.com\/en\/wp-json\/wp\/v2\/product_cat?post=59432"},{"taxonomy":"product_tag","embeddable":true,"href":"https:\/\/machineriesbst.com\/en\/wp-json\/wp\/v2\/product_tag?post=59432"}],"curies":[{"name":"wp","href":"https:\/\/api.w.org\/{rel}","templated":true}]}}