{"id":59356,"date":"2021-09-24T16:02:01","date_gmt":"2021-09-24T20:02:01","guid":{"rendered":"https:\/\/machineriesbst.com\/?post_type=product&#038;p=59356"},"modified":"2023-11-30T20:22:08","modified_gmt":"2023-12-01T01:22:08","slug":"cabine-de-pulverisation-cefla-easy-d-2000","status":"publish","type":"product","link":"https:\/\/machineriesbst.com\/en\/catalogue\/cabine-de-pulverisation-cefla-easy-d-2000\/","title":{"rendered":"Spray booth C\u00e9fla Easy D 2004"},"content":{"rendered":"<p>(2) alternative arms<br \/>\n21 fpm, multi-roll recovery system<br \/>\nPressurized cabin with separate intake and exhaust fans<br \/>\nSuction and exhaust dry filters (dust-free cabin)<br \/>\nPLC and operator interface with touch screen<br \/>\nFOB -East Coast of the United States<br \/>\nFreight not included in the price<br \/>\nEasy is a two-arm oscillating spray machine designed for medium \/ large production volumes. It is the ideal solution for a glossy or matte finish.<\/p>\n<p>SPRAY ARMS - The oscillation of the two spray gun arms is powered by a brushless motor and positive drive belts, with separate tracks and brackets.<\/p>\n<p>CONVEYOR SYSTEM - The system is equipped with a carbon fiber conveyor belt to ensure perfect adhesion of the part to the conveyor surface, impeccable edge coating quality and no excessive spraying on the undersides.<\/p>\n<p>SPRAY FILTRATION - The filtration system with dry filters, combines an &quot;Airesphere&quot; diffusion plenum (Cefla patent), an innovative method of controlling the air flow inside the machine for maximum spray quality and higher transfer efficiency.<\/p>","protected":false},"excerpt":{"rendered":"<p>(2) 21 FPM reciprocating arms, multi-roller recovery system Pressurized cabin with separate intake and exhaust fans Dry suction and exhaust filters (dust-free cabin) PLC and display operator interface touch FOB -Coast is US Freight not included in price Easy is an oscillating spray machine at [\u2026]<\/p>","protected":false},"author":3,"featured_media":59358,"comment_status":"open","ping_status":"closed","template":"","meta":[],"product_cat":[1614,1917],"product_tag":[],"acf":[],"yoast_head":"<!-- This site is optimized with the Yoast SEO plugin v16.8 - https:\/\/yoast.com\/wordpress\/plugins\/seo\/ -->\n<title>Cabine de pulv\u00e9risation C\u00e9fla Easy D 2004 - Machineries BST<\/title>\n<meta name=\"robots\" content=\"index, follow, max-snippet:-1, max-image-preview:large, max-video-preview:-1\" \/>\n<link rel=\"canonical\" href=\"https:\/\/machineriesbst.com\/en\/catalogue\/cabine-de-pulverisation-cefla-easy-d-2000\/\" \/>\n<meta property=\"og:locale\" content=\"en_US\" \/>\n<meta property=\"og:type\" content=\"article\" \/>\n<meta property=\"og:title\" content=\"Cabine de pulv\u00e9risation C\u00e9fla Easy D 2004 - Machineries BST\" \/>\n<meta property=\"og:description\" content=\"(2) bras alternatifs 21 pi\/min, syst\u00e8me de r\u00e9cup\u00e9ration \u00e0 plusieurs rouleaux Cabine pressuris\u00e9e avec ventilateurs d&#039;admission et d&#039;extraction s\u00e9par\u00e9s Filtres secs \u00e0 l&#039;aspiration et \u00e0 l&#039;\u00e9chappement (cabine sans poussi\u00e8re) API et interface op\u00e9rateur \u00e0 \u00e9cran tactile FOB -C\u00f4te est des \u00c9tats-Unis Fret non inclus dans le prix Easy est une machine de pulv\u00e9risation oscillante \u00e0 [&hellip;]\" \/>\n<meta property=\"og:url\" content=\"https:\/\/machineriesbst.com\/en\/catalogue\/cabine-de-pulverisation-cefla-easy-d-2000\/\" \/>\n<meta property=\"og:site_name\" content=\"Machineries BST\" \/>\n<meta property=\"article:modified_time\" content=\"2023-12-01T01:22:08+00:00\" \/>\n<meta property=\"og:image\" content=\"https:\/\/machineriesbst.com\/wp-content\/uploads\/2021\/09\/front.jpg\" \/>\n\t<meta property=\"og:image:width\" content=\"899\" \/>\n\t<meta property=\"og:image:height\" content=\"1599\" \/>\n<meta name=\"twitter:card\" content=\"summary_large_image\" \/>\n<meta name=\"twitter:label1\" content=\"Est. reading time\" \/>\n\t<meta name=\"twitter:data1\" content=\"1 minute\" \/>\n<script type=\"application\/ld+json\" class=\"yoast-schema-graph\">{\"@context\":\"https:\/\/schema.org\",\"@graph\":[{\"@type\":\"WebSite\",\"@id\":\"https:\/\/machineriesbst.com\/en\/#website\",\"url\":\"https:\/\/machineriesbst.com\/en\/\",\"name\":\"Machineries BST\",\"description\":\"Machines neuves &amp; usag\\u00e9es\",\"potentialAction\":[{\"@type\":\"SearchAction\",\"target\":{\"@type\":\"EntryPoint\",\"urlTemplate\":\"https:\/\/machineriesbst.com\/en\/?s={search_term_string}\"},\"query-input\":\"required name=search_term_string\"}],\"inLanguage\":\"en-US\"},{\"@type\":\"ImageObject\",\"@id\":\"https:\/\/machineriesbst.com\/en\/catalogue\/cabine-de-pulverisation-cefla-easy-d-2000\/#primaryimage\",\"inLanguage\":\"en-US\",\"url\":\"https:\/\/machineriesbst.com\/wp-content\/uploads\/2021\/09\/front.jpg\",\"contentUrl\":\"https:\/\/machineriesbst.com\/wp-content\/uploads\/2021\/09\/front.jpg\",\"width\":899,\"height\":1599},{\"@type\":\"WebPage\",\"@id\":\"https:\/\/machineriesbst.com\/en\/catalogue\/cabine-de-pulverisation-cefla-easy-d-2000\/#webpage\",\"url\":\"https:\/\/machineriesbst.com\/en\/catalogue\/cabine-de-pulverisation-cefla-easy-d-2000\/\",\"name\":\"Cabine de pulv\\u00e9risation C\\u00e9fla Easy D 2004 - Machineries BST\",\"isPartOf\":{\"@id\":\"https:\/\/machineriesbst.com\/en\/#website\"},\"primaryImageOfPage\":{\"@id\":\"https:\/\/machineriesbst.com\/en\/catalogue\/cabine-de-pulverisation-cefla-easy-d-2000\/#primaryimage\"},\"datePublished\":\"2021-09-24T20:02:01+00:00\",\"dateModified\":\"2023-12-01T01:22:08+00:00\",\"breadcrumb\":{\"@id\":\"https:\/\/machineriesbst.com\/en\/catalogue\/cabine-de-pulverisation-cefla-easy-d-2000\/#breadcrumb\"},\"inLanguage\":\"en-US\",\"potentialAction\":[{\"@type\":\"ReadAction\",\"target\":[\"https:\/\/machineriesbst.com\/en\/catalogue\/cabine-de-pulverisation-cefla-easy-d-2000\/\"]}]},{\"@type\":\"BreadcrumbList\",\"@id\":\"https:\/\/machineriesbst.com\/en\/catalogue\/cabine-de-pulverisation-cefla-easy-d-2000\/#breadcrumb\",\"itemListElement\":[{\"@type\":\"ListItem\",\"position\":1,\"name\":\"Accueil\",\"item\":\"https:\/\/machineriesbst.com\/en\/\"},{\"@type\":\"ListItem\",\"position\":2,\"name\":\"Catalogue\",\"item\":\"https:\/\/machineriesbst.com\/en\/catalog\/\"},{\"@type\":\"ListItem\",\"position\":3,\"name\":\"Cabine de pulv\\u00e9risation C\\u00e9fla Easy D 2004\"}]}]}<\/script>\n<!-- \/ Yoast SEO plugin. -->","yoast_head_json":{"title":"Cabine de pulv\u00e9risation C\u00e9fla Easy D 2004 - Machineries BST","robots":{"index":"index","follow":"follow","max-snippet":"max-snippet:-1","max-image-preview":"max-image-preview:large","max-video-preview":"max-video-preview:-1"},"canonical":"https:\/\/machineriesbst.com\/en\/catalogue\/cabine-de-pulverisation-cefla-easy-d-2000\/","og_locale":"en_US","og_type":"article","og_title":"Cabine de pulv\u00e9risation C\u00e9fla Easy D 2004 - Machineries BST","og_description":"(2) bras alternatifs 21 pi\/min, syst\u00e8me de r\u00e9cup\u00e9ration \u00e0 plusieurs rouleaux Cabine pressuris\u00e9e avec ventilateurs d'admission et d'extraction s\u00e9par\u00e9s Filtres secs \u00e0 l'aspiration et \u00e0 l'\u00e9chappement (cabine sans poussi\u00e8re) API et interface op\u00e9rateur \u00e0 \u00e9cran tactile FOB -C\u00f4te est des \u00c9tats-Unis Fret non inclus dans le prix Easy est une machine de pulv\u00e9risation oscillante \u00e0 [&hellip;]","og_url":"https:\/\/machineriesbst.com\/en\/catalogue\/cabine-de-pulverisation-cefla-easy-d-2000\/","og_site_name":"Machineries BST","article_modified_time":"2023-12-01T01:22:08+00:00","og_image":[{"width":899,"height":1599,"url":"https:\/\/machineriesbst.com\/wp-content\/uploads\/2021\/09\/front.jpg","path":"\/home\/jepeto\/public_html\/wp-content\/uploads\/2021\/09\/front.jpg","size":"full","id":59358,"alt":"","pixels":1437501,"type":"image\/jpeg"}],"twitter_card":"summary_large_image","twitter_misc":{"Est. reading time":"1 minute"},"schema":{"@context":"https:\/\/schema.org","@graph":[{"@type":"WebSite","@id":"https:\/\/machineriesbst.com\/en\/#website","url":"https:\/\/machineriesbst.com\/en\/","name":"Machineries BST","description":"Machines neuves &amp; usag\u00e9es","potentialAction":[{"@type":"SearchAction","target":{"@type":"EntryPoint","urlTemplate":"https:\/\/machineriesbst.com\/en\/?s={search_term_string}"},"query-input":"required name=search_term_string"}],"inLanguage":"en-US"},{"@type":"ImageObject","@id":"https:\/\/machineriesbst.com\/en\/catalogue\/cabine-de-pulverisation-cefla-easy-d-2000\/#primaryimage","inLanguage":"en-US","url":"https:\/\/machineriesbst.com\/wp-content\/uploads\/2021\/09\/front.jpg","contentUrl":"https:\/\/machineriesbst.com\/wp-content\/uploads\/2021\/09\/front.jpg","width":899,"height":1599},{"@type":"WebPage","@id":"https:\/\/machineriesbst.com\/en\/catalogue\/cabine-de-pulverisation-cefla-easy-d-2000\/#webpage","url":"https:\/\/machineriesbst.com\/en\/catalogue\/cabine-de-pulverisation-cefla-easy-d-2000\/","name":"Cabine de pulv\u00e9risation C\u00e9fla Easy D 2004 - Machineries BST","isPartOf":{"@id":"https:\/\/machineriesbst.com\/en\/#website"},"primaryImageOfPage":{"@id":"https:\/\/machineriesbst.com\/en\/catalogue\/cabine-de-pulverisation-cefla-easy-d-2000\/#primaryimage"},"datePublished":"2021-09-24T20:02:01+00:00","dateModified":"2023-12-01T01:22:08+00:00","breadcrumb":{"@id":"https:\/\/machineriesbst.com\/en\/catalogue\/cabine-de-pulverisation-cefla-easy-d-2000\/#breadcrumb"},"inLanguage":"en-US","potentialAction":[{"@type":"ReadAction","target":["https:\/\/machineriesbst.com\/en\/catalogue\/cabine-de-pulverisation-cefla-easy-d-2000\/"]}]},{"@type":"BreadcrumbList","@id":"https:\/\/machineriesbst.com\/en\/catalogue\/cabine-de-pulverisation-cefla-easy-d-2000\/#breadcrumb","itemListElement":[{"@type":"ListItem","position":1,"name":"Accueil","item":"https:\/\/machineriesbst.com\/en\/"},{"@type":"ListItem","position":2,"name":"Catalogue","item":"https:\/\/machineriesbst.com\/en\/catalog\/"},{"@type":"ListItem","position":3,"name":"Cabine de pulv\u00e9risation C\u00e9fla Easy D 2004"}]}]}},"_links":{"self":[{"href":"https:\/\/machineriesbst.com\/en\/wp-json\/wp\/v2\/product\/59356"}],"collection":[{"href":"https:\/\/machineriesbst.com\/en\/wp-json\/wp\/v2\/product"}],"about":[{"href":"https:\/\/machineriesbst.com\/en\/wp-json\/wp\/v2\/types\/product"}],"author":[{"embeddable":true,"href":"https:\/\/machineriesbst.com\/en\/wp-json\/wp\/v2\/users\/3"}],"replies":[{"embeddable":true,"href":"https:\/\/machineriesbst.com\/en\/wp-json\/wp\/v2\/comments?post=59356"}],"wp:featuredmedia":[{"embeddable":true,"href":"https:\/\/machineriesbst.com\/en\/wp-json\/wp\/v2\/media\/59358"}],"wp:attachment":[{"href":"https:\/\/machineriesbst.com\/en\/wp-json\/wp\/v2\/media?parent=59356"}],"wp:term":[{"taxonomy":"product_cat","embeddable":true,"href":"https:\/\/machineriesbst.com\/en\/wp-json\/wp\/v2\/product_cat?post=59356"},{"taxonomy":"product_tag","embeddable":true,"href":"https:\/\/machineriesbst.com\/en\/wp-json\/wp\/v2\/product_tag?post=59356"}],"curies":[{"name":"wp","href":"https:\/\/api.w.org\/{rel}","templated":true}]}}