{"id":59316,"date":"2021-09-23T14:59:30","date_gmt":"2021-09-23T18:59:30","guid":{"rendered":"https:\/\/machineriesbst.com\/?post_type=product&#038;p=59316"},"modified":"2023-11-30T20:22:22","modified_gmt":"2023-12-01T01:22:22","slug":"profileur-lineaire-balestrini","status":"publish","type":"product","link":"https:\/\/machineriesbst.com\/en\/catalogue\/profileur-lineaire-balestrini\/","title":{"rendered":"Linear Shaper Profiler"},"content":{"rendered":"<p>Linear Shaper Profiler 3 heads on each side.<\/p>\n<p>Additional info on request.<\/p>","protected":false},"excerpt":{"rendered":"<p>Linear Shaper Profiler 3 heads on each side. Additional info on request.<\/p>","protected":false},"author":3,"featured_media":59320,"comment_status":"open","ping_status":"closed","template":"","meta":[],"product_cat":[311],"product_tag":[],"acf":[],"yoast_head":"<!-- This site is optimized with the Yoast SEO plugin v16.8 - https:\/\/yoast.com\/wordpress\/plugins\/seo\/ -->\n<title>Profileur Shaper Lin\u00e9aire - Machineries BST<\/title>\n<meta name=\"robots\" content=\"index, follow, max-snippet:-1, max-image-preview:large, max-video-preview:-1\" \/>\n<link rel=\"canonical\" href=\"https:\/\/machineriesbst.com\/en\/catalogue\/profileur-lineaire-balestrini\/\" \/>\n<meta property=\"og:locale\" content=\"en_US\" \/>\n<meta property=\"og:type\" content=\"article\" \/>\n<meta property=\"og:title\" content=\"Profileur Shaper Lin\u00e9aire - Machineries BST\" \/>\n<meta property=\"og:description\" content=\"Profileur Shaper lineaire 3 t\u00eates de chaque cot\u00e9. Infos suppl\u00e9mentaire sur demande.\" \/>\n<meta property=\"og:url\" content=\"https:\/\/machineriesbst.com\/en\/catalogue\/profileur-lineaire-balestrini\/\" \/>\n<meta property=\"og:site_name\" content=\"Machineries BST\" \/>\n<meta property=\"article:modified_time\" content=\"2023-12-01T01:22:22+00:00\" \/>\n<meta property=\"og:image\" content=\"https:\/\/machineriesbst.com\/wp-content\/uploads\/2021\/09\/IMG_4295.jpg\" \/>\n\t<meta property=\"og:image:width\" content=\"640\" \/>\n\t<meta property=\"og:image:height\" content=\"480\" \/>\n<meta name=\"twitter:card\" content=\"summary_large_image\" \/>\n<script type=\"application\/ld+json\" class=\"yoast-schema-graph\">{\"@context\":\"https:\/\/schema.org\",\"@graph\":[{\"@type\":\"WebSite\",\"@id\":\"https:\/\/machineriesbst.com\/en\/#website\",\"url\":\"https:\/\/machineriesbst.com\/en\/\",\"name\":\"Machineries BST\",\"description\":\"Machines neuves &amp; usag\\u00e9es\",\"potentialAction\":[{\"@type\":\"SearchAction\",\"target\":{\"@type\":\"EntryPoint\",\"urlTemplate\":\"https:\/\/machineriesbst.com\/en\/?s={search_term_string}\"},\"query-input\":\"required name=search_term_string\"}],\"inLanguage\":\"en-US\"},{\"@type\":\"ImageObject\",\"@id\":\"https:\/\/machineriesbst.com\/en\/catalogue\/profileur-lineaire-balestrini\/#primaryimage\",\"inLanguage\":\"en-US\",\"url\":\"https:\/\/machineriesbst.com\/wp-content\/uploads\/2021\/09\/IMG_4295.jpg\",\"contentUrl\":\"https:\/\/machineriesbst.com\/wp-content\/uploads\/2021\/09\/IMG_4295.jpg\",\"width\":640,\"height\":480},{\"@type\":\"WebPage\",\"@id\":\"https:\/\/machineriesbst.com\/en\/catalogue\/profileur-lineaire-balestrini\/#webpage\",\"url\":\"https:\/\/machineriesbst.com\/en\/catalogue\/profileur-lineaire-balestrini\/\",\"name\":\"Profileur Shaper Lin\\u00e9aire - Machineries BST\",\"isPartOf\":{\"@id\":\"https:\/\/machineriesbst.com\/en\/#website\"},\"primaryImageOfPage\":{\"@id\":\"https:\/\/machineriesbst.com\/en\/catalogue\/profileur-lineaire-balestrini\/#primaryimage\"},\"datePublished\":\"2021-09-23T18:59:30+00:00\",\"dateModified\":\"2023-12-01T01:22:22+00:00\",\"breadcrumb\":{\"@id\":\"https:\/\/machineriesbst.com\/en\/catalogue\/profileur-lineaire-balestrini\/#breadcrumb\"},\"inLanguage\":\"en-US\",\"potentialAction\":[{\"@type\":\"ReadAction\",\"target\":[\"https:\/\/machineriesbst.com\/en\/catalogue\/profileur-lineaire-balestrini\/\"]}]},{\"@type\":\"BreadcrumbList\",\"@id\":\"https:\/\/machineriesbst.com\/en\/catalogue\/profileur-lineaire-balestrini\/#breadcrumb\",\"itemListElement\":[{\"@type\":\"ListItem\",\"position\":1,\"name\":\"Accueil\",\"item\":\"https:\/\/machineriesbst.com\/en\/\"},{\"@type\":\"ListItem\",\"position\":2,\"name\":\"Catalogue\",\"item\":\"https:\/\/machineriesbst.com\/en\/catalog\/\"},{\"@type\":\"ListItem\",\"position\":3,\"name\":\"Profileur Shaper Lin\\u00e9aire\"}]}]}<\/script>\n<!-- \/ Yoast SEO plugin. -->","yoast_head_json":{"title":"Profileur Shaper Lin\u00e9aire - Machineries BST","robots":{"index":"index","follow":"follow","max-snippet":"max-snippet:-1","max-image-preview":"max-image-preview:large","max-video-preview":"max-video-preview:-1"},"canonical":"https:\/\/machineriesbst.com\/en\/catalogue\/profileur-lineaire-balestrini\/","og_locale":"en_US","og_type":"article","og_title":"Profileur Shaper Lin\u00e9aire - Machineries BST","og_description":"Profileur Shaper lineaire 3 t\u00eates de chaque cot\u00e9. Infos suppl\u00e9mentaire sur demande.","og_url":"https:\/\/machineriesbst.com\/en\/catalogue\/profileur-lineaire-balestrini\/","og_site_name":"Machineries BST","article_modified_time":"2023-12-01T01:22:22+00:00","og_image":[{"width":640,"height":480,"url":"https:\/\/machineriesbst.com\/wp-content\/uploads\/2021\/09\/IMG_4295.jpg","path":"\/home\/jepeto\/public_html\/wp-content\/uploads\/2021\/09\/IMG_4295.jpg","size":"full","id":59320,"alt":"","pixels":307200,"type":"image\/jpeg"}],"twitter_card":"summary_large_image","schema":{"@context":"https:\/\/schema.org","@graph":[{"@type":"WebSite","@id":"https:\/\/machineriesbst.com\/en\/#website","url":"https:\/\/machineriesbst.com\/en\/","name":"Machineries BST","description":"Machines neuves &amp; usag\u00e9es","potentialAction":[{"@type":"SearchAction","target":{"@type":"EntryPoint","urlTemplate":"https:\/\/machineriesbst.com\/en\/?s={search_term_string}"},"query-input":"required name=search_term_string"}],"inLanguage":"en-US"},{"@type":"ImageObject","@id":"https:\/\/machineriesbst.com\/en\/catalogue\/profileur-lineaire-balestrini\/#primaryimage","inLanguage":"en-US","url":"https:\/\/machineriesbst.com\/wp-content\/uploads\/2021\/09\/IMG_4295.jpg","contentUrl":"https:\/\/machineriesbst.com\/wp-content\/uploads\/2021\/09\/IMG_4295.jpg","width":640,"height":480},{"@type":"WebPage","@id":"https:\/\/machineriesbst.com\/en\/catalogue\/profileur-lineaire-balestrini\/#webpage","url":"https:\/\/machineriesbst.com\/en\/catalogue\/profileur-lineaire-balestrini\/","name":"Profileur Shaper Lin\u00e9aire - Machineries BST","isPartOf":{"@id":"https:\/\/machineriesbst.com\/en\/#website"},"primaryImageOfPage":{"@id":"https:\/\/machineriesbst.com\/en\/catalogue\/profileur-lineaire-balestrini\/#primaryimage"},"datePublished":"2021-09-23T18:59:30+00:00","dateModified":"2023-12-01T01:22:22+00:00","breadcrumb":{"@id":"https:\/\/machineriesbst.com\/en\/catalogue\/profileur-lineaire-balestrini\/#breadcrumb"},"inLanguage":"en-US","potentialAction":[{"@type":"ReadAction","target":["https:\/\/machineriesbst.com\/en\/catalogue\/profileur-lineaire-balestrini\/"]}]},{"@type":"BreadcrumbList","@id":"https:\/\/machineriesbst.com\/en\/catalogue\/profileur-lineaire-balestrini\/#breadcrumb","itemListElement":[{"@type":"ListItem","position":1,"name":"Accueil","item":"https:\/\/machineriesbst.com\/en\/"},{"@type":"ListItem","position":2,"name":"Catalogue","item":"https:\/\/machineriesbst.com\/en\/catalog\/"},{"@type":"ListItem","position":3,"name":"Profileur Shaper Lin\u00e9aire"}]}]}},"_links":{"self":[{"href":"https:\/\/machineriesbst.com\/en\/wp-json\/wp\/v2\/product\/59316"}],"collection":[{"href":"https:\/\/machineriesbst.com\/en\/wp-json\/wp\/v2\/product"}],"about":[{"href":"https:\/\/machineriesbst.com\/en\/wp-json\/wp\/v2\/types\/product"}],"author":[{"embeddable":true,"href":"https:\/\/machineriesbst.com\/en\/wp-json\/wp\/v2\/users\/3"}],"replies":[{"embeddable":true,"href":"https:\/\/machineriesbst.com\/en\/wp-json\/wp\/v2\/comments?post=59316"}],"wp:featuredmedia":[{"embeddable":true,"href":"https:\/\/machineriesbst.com\/en\/wp-json\/wp\/v2\/media\/59320"}],"wp:attachment":[{"href":"https:\/\/machineriesbst.com\/en\/wp-json\/wp\/v2\/media?parent=59316"}],"wp:term":[{"taxonomy":"product_cat","embeddable":true,"href":"https:\/\/machineriesbst.com\/en\/wp-json\/wp\/v2\/product_cat?post=59316"},{"taxonomy":"product_tag","embeddable":true,"href":"https:\/\/machineriesbst.com\/en\/wp-json\/wp\/v2\/product_tag?post=59316"}],"curies":[{"name":"wp","href":"https:\/\/api.w.org\/{rel}","templated":true}]}}