{"id":59208,"date":"2021-08-31T14:41:53","date_gmt":"2021-08-31T18:41:53","guid":{"rendered":"https:\/\/machineriesbst.com\/?post_type=product&#038;p=59208"},"modified":"2025-01-14T10:14:08","modified_gmt":"2025-01-14T15:14:08","slug":"emballeuse-orbital-2","status":"publish","type":"product","link":"https:\/\/machineriesbst.com\/en\/catalogue\/emballeuse-orbital-2\/","title":{"rendered":"Orbital wrapper"},"content":{"rendered":"<p>CMB model coolpack-200 (2 + 2) packaging machine (2013). It can work with plastic and paper \/ cardboard at the same time. max dimensions of things to be packed 1600mm x 800mm. Used 2 years and since stored in a heated warehouse. Replacement value over 400,000$.<\/p>\n<p>Prices and information on request.<\/p>\n<p>&nbsp;<\/p>","protected":false},"excerpt":{"rendered":"<p>CMB model coolpack-200 (2 + 2) packaging machine (2013). It can work with plastic and paper \/ cardboard at the same time. max dimensions of things to be packed 1600mm x 800mm. Used 2 years and since stored in a heated warehouse. Replacement value over 400,000$. Prices and information on request. &nbsp;<\/p>","protected":false},"author":3,"featured_media":59209,"comment_status":"open","ping_status":"closed","template":"","meta":[],"product_cat":[3038,3027],"product_tag":[],"acf":[],"yoast_head":"<!-- This site is optimized with the Yoast SEO plugin v16.8 - https:\/\/yoast.com\/wordpress\/plugins\/seo\/ -->\n<title>Emballeuse Orbital - Machineries BST<\/title>\n<meta name=\"robots\" content=\"index, follow, max-snippet:-1, max-image-preview:large, max-video-preview:-1\" \/>\n<link rel=\"canonical\" href=\"https:\/\/machineriesbst.com\/en\/catalogue\/emballeuse-orbital-2\/\" \/>\n<meta property=\"og:locale\" content=\"en_US\" \/>\n<meta property=\"og:type\" content=\"article\" \/>\n<meta property=\"og:title\" content=\"Emballeuse Orbital - Machineries BST\" \/>\n<meta property=\"og:description\" content=\"Emballeuse CMB\u00a0 model coolpack-200(2+2) (2013).\u00a0 Elle peut travailler avec du plastique et du papier\/carton en m\u00eame temps. dimensions max des choses \u00e0 emballer 1600mm x 800mm. Utilis\u00e9 2 ans et entrepos\u00e9 depuis dans un entrep\u00f4t chauff\u00e9. Valeur \u00e0 neuf \u00e0 plus de\u00a0 400 000$ . Prix et information sur demande. &nbsp;\" \/>\n<meta property=\"og:url\" content=\"https:\/\/machineriesbst.com\/en\/catalogue\/emballeuse-orbital-2\/\" \/>\n<meta property=\"og:site_name\" content=\"Machineries BST\" \/>\n<meta property=\"article:modified_time\" content=\"2025-01-14T15:14:08+00:00\" \/>\n<meta property=\"og:image\" content=\"https:\/\/machineriesbst.com\/wp-content\/uploads\/2021\/08\/Image-CMB.jpg\" \/>\n\t<meta property=\"og:image:width\" content=\"900\" \/>\n\t<meta property=\"og:image:height\" content=\"500\" \/>\n<meta name=\"twitter:card\" content=\"summary_large_image\" \/>\n<script type=\"application\/ld+json\" class=\"yoast-schema-graph\">{\"@context\":\"https:\/\/schema.org\",\"@graph\":[{\"@type\":\"WebSite\",\"@id\":\"https:\/\/machineriesbst.com\/en\/#website\",\"url\":\"https:\/\/machineriesbst.com\/en\/\",\"name\":\"Machineries BST\",\"description\":\"Machines neuves &amp; usag\\u00e9es\",\"potentialAction\":[{\"@type\":\"SearchAction\",\"target\":{\"@type\":\"EntryPoint\",\"urlTemplate\":\"https:\/\/machineriesbst.com\/en\/?s={search_term_string}\"},\"query-input\":\"required name=search_term_string\"}],\"inLanguage\":\"en-US\"},{\"@type\":\"ImageObject\",\"@id\":\"https:\/\/machineriesbst.com\/en\/catalogue\/emballeuse-orbital-2\/#primaryimage\",\"inLanguage\":\"en-US\",\"url\":\"https:\/\/machineriesbst.com\/wp-content\/uploads\/2021\/08\/Image-CMB.jpg\",\"contentUrl\":\"https:\/\/machineriesbst.com\/wp-content\/uploads\/2021\/08\/Image-CMB.jpg\",\"width\":900,\"height\":500},{\"@type\":\"WebPage\",\"@id\":\"https:\/\/machineriesbst.com\/en\/catalogue\/emballeuse-orbital-2\/#webpage\",\"url\":\"https:\/\/machineriesbst.com\/en\/catalogue\/emballeuse-orbital-2\/\",\"name\":\"Emballeuse Orbital - Machineries BST\",\"isPartOf\":{\"@id\":\"https:\/\/machineriesbst.com\/en\/#website\"},\"primaryImageOfPage\":{\"@id\":\"https:\/\/machineriesbst.com\/en\/catalogue\/emballeuse-orbital-2\/#primaryimage\"},\"datePublished\":\"2021-08-31T18:41:53+00:00\",\"dateModified\":\"2025-01-14T15:14:08+00:00\",\"breadcrumb\":{\"@id\":\"https:\/\/machineriesbst.com\/en\/catalogue\/emballeuse-orbital-2\/#breadcrumb\"},\"inLanguage\":\"en-US\",\"potentialAction\":[{\"@type\":\"ReadAction\",\"target\":[\"https:\/\/machineriesbst.com\/en\/catalogue\/emballeuse-orbital-2\/\"]}]},{\"@type\":\"BreadcrumbList\",\"@id\":\"https:\/\/machineriesbst.com\/en\/catalogue\/emballeuse-orbital-2\/#breadcrumb\",\"itemListElement\":[{\"@type\":\"ListItem\",\"position\":1,\"name\":\"Accueil\",\"item\":\"https:\/\/machineriesbst.com\/en\/\"},{\"@type\":\"ListItem\",\"position\":2,\"name\":\"Catalogue\",\"item\":\"https:\/\/machineriesbst.com\/en\/catalog\/\"},{\"@type\":\"ListItem\",\"position\":3,\"name\":\"Emballeuse Orbital\"}]}]}<\/script>\n<!-- \/ Yoast SEO plugin. -->","yoast_head_json":{"title":"Emballeuse Orbital - Machineries BST","robots":{"index":"index","follow":"follow","max-snippet":"max-snippet:-1","max-image-preview":"max-image-preview:large","max-video-preview":"max-video-preview:-1"},"canonical":"https:\/\/machineriesbst.com\/en\/catalogue\/emballeuse-orbital-2\/","og_locale":"en_US","og_type":"article","og_title":"Emballeuse Orbital - Machineries BST","og_description":"Emballeuse CMB\u00a0 model coolpack-200(2+2) (2013).\u00a0 Elle peut travailler avec du plastique et du papier\/carton en m\u00eame temps. dimensions max des choses \u00e0 emballer 1600mm x 800mm. Utilis\u00e9 2 ans et entrepos\u00e9 depuis dans un entrep\u00f4t chauff\u00e9. Valeur \u00e0 neuf \u00e0 plus de\u00a0 400 000$ . Prix et information sur demande. &nbsp;","og_url":"https:\/\/machineriesbst.com\/en\/catalogue\/emballeuse-orbital-2\/","og_site_name":"Machineries BST","article_modified_time":"2025-01-14T15:14:08+00:00","og_image":[{"width":900,"height":500,"url":"https:\/\/machineriesbst.com\/wp-content\/uploads\/2021\/08\/Image-CMB.jpg","path":"\/home\/jepeto\/public_html\/wp-content\/uploads\/2021\/08\/Image-CMB.jpg","size":"full","id":59209,"alt":"","pixels":450000,"type":"image\/jpeg"}],"twitter_card":"summary_large_image","schema":{"@context":"https:\/\/schema.org","@graph":[{"@type":"WebSite","@id":"https:\/\/machineriesbst.com\/en\/#website","url":"https:\/\/machineriesbst.com\/en\/","name":"Machineries BST","description":"Machines neuves &amp; usag\u00e9es","potentialAction":[{"@type":"SearchAction","target":{"@type":"EntryPoint","urlTemplate":"https:\/\/machineriesbst.com\/en\/?s={search_term_string}"},"query-input":"required name=search_term_string"}],"inLanguage":"en-US"},{"@type":"ImageObject","@id":"https:\/\/machineriesbst.com\/en\/catalogue\/emballeuse-orbital-2\/#primaryimage","inLanguage":"en-US","url":"https:\/\/machineriesbst.com\/wp-content\/uploads\/2021\/08\/Image-CMB.jpg","contentUrl":"https:\/\/machineriesbst.com\/wp-content\/uploads\/2021\/08\/Image-CMB.jpg","width":900,"height":500},{"@type":"WebPage","@id":"https:\/\/machineriesbst.com\/en\/catalogue\/emballeuse-orbital-2\/#webpage","url":"https:\/\/machineriesbst.com\/en\/catalogue\/emballeuse-orbital-2\/","name":"Emballeuse Orbital - Machineries BST","isPartOf":{"@id":"https:\/\/machineriesbst.com\/en\/#website"},"primaryImageOfPage":{"@id":"https:\/\/machineriesbst.com\/en\/catalogue\/emballeuse-orbital-2\/#primaryimage"},"datePublished":"2021-08-31T18:41:53+00:00","dateModified":"2025-01-14T15:14:08+00:00","breadcrumb":{"@id":"https:\/\/machineriesbst.com\/en\/catalogue\/emballeuse-orbital-2\/#breadcrumb"},"inLanguage":"en-US","potentialAction":[{"@type":"ReadAction","target":["https:\/\/machineriesbst.com\/en\/catalogue\/emballeuse-orbital-2\/"]}]},{"@type":"BreadcrumbList","@id":"https:\/\/machineriesbst.com\/en\/catalogue\/emballeuse-orbital-2\/#breadcrumb","itemListElement":[{"@type":"ListItem","position":1,"name":"Accueil","item":"https:\/\/machineriesbst.com\/en\/"},{"@type":"ListItem","position":2,"name":"Catalogue","item":"https:\/\/machineriesbst.com\/en\/catalog\/"},{"@type":"ListItem","position":3,"name":"Emballeuse Orbital"}]}]}},"_links":{"self":[{"href":"https:\/\/machineriesbst.com\/en\/wp-json\/wp\/v2\/product\/59208"}],"collection":[{"href":"https:\/\/machineriesbst.com\/en\/wp-json\/wp\/v2\/product"}],"about":[{"href":"https:\/\/machineriesbst.com\/en\/wp-json\/wp\/v2\/types\/product"}],"author":[{"embeddable":true,"href":"https:\/\/machineriesbst.com\/en\/wp-json\/wp\/v2\/users\/3"}],"replies":[{"embeddable":true,"href":"https:\/\/machineriesbst.com\/en\/wp-json\/wp\/v2\/comments?post=59208"}],"wp:featuredmedia":[{"embeddable":true,"href":"https:\/\/machineriesbst.com\/en\/wp-json\/wp\/v2\/media\/59209"}],"wp:attachment":[{"href":"https:\/\/machineriesbst.com\/en\/wp-json\/wp\/v2\/media?parent=59208"}],"wp:term":[{"taxonomy":"product_cat","embeddable":true,"href":"https:\/\/machineriesbst.com\/en\/wp-json\/wp\/v2\/product_cat?post=59208"},{"taxonomy":"product_tag","embeddable":true,"href":"https:\/\/machineriesbst.com\/en\/wp-json\/wp\/v2\/product_tag?post=59208"}],"curies":[{"name":"wp","href":"https:\/\/api.w.org\/{rel}","templated":true}]}}