{"id":59198,"date":"2021-08-31T05:16:04","date_gmt":"2021-08-31T09:16:04","guid":{"rendered":"https:\/\/machineriesbst.com\/?post_type=product&#038;p=59198"},"modified":"2023-11-30T20:22:23","modified_gmt":"2023-12-01T01:22:23","slug":"presse-a-caisson-italpresse-sp-1-a-automatique","status":"publish","type":"product","link":"https:\/\/machineriesbst.com\/en\/catalogue\/presse-a-caisson-italpresse-sp-1-a-automatique\/","title":{"rendered":"Italpresse SP \/ 1-A Automatic Box Press"},"content":{"rendered":"<p><strong>A motorized conveyor belt that allows automatic loading and unloading.<\/strong><br \/>\n<strong>View cabinet dimensions with electronic readout. Adjustable pneumatic clamping, speed and pressure.<\/strong><br \/>\n<strong>Can be used in manual, semi-automatic and automatic mode.<\/strong><br \/>\n<strong>Safety devices are visible on the front and rear sides.<\/strong><br \/>\n<strong>Side clamp bars are also included<\/strong><\/p>\n<p>Description: Maximum working width 700 mm (27.6 &quot;)<br \/>\nMinimum working width 250 mm (9.8 &quot;)<br \/>\nMaximum working length 2,500 mm (98 &quot;)<br \/>\nMinimum working length 300 mm (11.8 &quot;)<br \/>\nMaximum working height 1300 mm (51 &quot;)<br \/>\nMinimum working height 300 mm (11.8 &quot;)<br \/>\nMaximum clearance 750 mm (29.5 &quot;)<br \/>\nAir consumption at 6 bar pressure 100 liters \/ cycle (3.53 cu ft \/ cycle)<br \/>\nTotal length of loading belt 5,500 mm (18 &quot;)<br \/>\nLoading belt drive power 0.5 hp.<br \/>\nMaximum speed of the loading belt 19 m \/ min (62 fpm)<\/p>","protected":false},"excerpt":{"rendered":"<p>A motorized conveyor belt that allows automatic loading and unloading. View cabinet dimensions with electronic readout. Adjustable pneumatic clamping, speed and pressure. Can be used in manual, semi-automatic and automatic mode. Safety devices are visible on the front and rear sides. The clamping bars [\u2026]<\/p>","protected":false},"author":3,"featured_media":59200,"comment_status":"open","ping_status":"closed","template":"","meta":[],"product_cat":[381,3081],"product_tag":[],"acf":[],"yoast_head":"<!-- This site is optimized with the Yoast SEO plugin v16.8 - https:\/\/yoast.com\/wordpress\/plugins\/seo\/ -->\n<title>Presse \u00e0 Caisson Italpresse SP\/1-A Automatique - Machineries BST<\/title>\n<meta name=\"robots\" content=\"index, follow, max-snippet:-1, max-image-preview:large, max-video-preview:-1\" \/>\n<link rel=\"canonical\" href=\"https:\/\/machineriesbst.com\/en\/catalogue\/presse-a-caisson-italpresse-sp-1-a-automatique\/\" \/>\n<meta property=\"og:locale\" content=\"en_US\" \/>\n<meta property=\"og:type\" content=\"article\" \/>\n<meta property=\"og:title\" content=\"Presse \u00e0 Caisson Italpresse SP\/1-A Automatique - Machineries BST\" \/>\n<meta property=\"og:description\" content=\"Un tapis roulant motoris\u00e9 qui permet le chargement et le d\u00e9chargement automatiques. Visualisez les dimensions de l&#039;armoire gr\u00e2ce \u00e0 la lecture \u00e9lectronique. Serrage pneumatique r\u00e9glable, vitesse ainsi que la pression. Peut \u00eatre utilis\u00e9 en mode manuel, semi-automatique et automatique. Les dispositifs de s\u00e9curit\u00e9 sont visibles sur les c\u00f4t\u00e9s avant et arri\u00e8re. Les barres de serrage [&hellip;]\" \/>\n<meta property=\"og:url\" content=\"https:\/\/machineriesbst.com\/en\/catalogue\/presse-a-caisson-italpresse-sp-1-a-automatique\/\" \/>\n<meta property=\"og:site_name\" content=\"Machineries BST\" \/>\n<meta property=\"article:modified_time\" content=\"2023-12-01T01:22:23+00:00\" \/>\n<meta property=\"og:image\" content=\"https:\/\/machineriesbst.com\/wp-content\/uploads\/2021\/08\/IMG_7398.jpg\" \/>\n\t<meta property=\"og:image:width\" content=\"640\" \/>\n\t<meta property=\"og:image:height\" content=\"480\" \/>\n<meta name=\"twitter:card\" content=\"summary_large_image\" \/>\n<meta name=\"twitter:label1\" content=\"Est. reading time\" \/>\n\t<meta name=\"twitter:data1\" content=\"1 minute\" \/>\n<script type=\"application\/ld+json\" class=\"yoast-schema-graph\">{\"@context\":\"https:\/\/schema.org\",\"@graph\":[{\"@type\":\"WebSite\",\"@id\":\"https:\/\/machineriesbst.com\/en\/#website\",\"url\":\"https:\/\/machineriesbst.com\/en\/\",\"name\":\"Machineries BST\",\"description\":\"Machines neuves &amp; usag\\u00e9es\",\"potentialAction\":[{\"@type\":\"SearchAction\",\"target\":{\"@type\":\"EntryPoint\",\"urlTemplate\":\"https:\/\/machineriesbst.com\/en\/?s={search_term_string}\"},\"query-input\":\"required name=search_term_string\"}],\"inLanguage\":\"en-US\"},{\"@type\":\"ImageObject\",\"@id\":\"https:\/\/machineriesbst.com\/en\/catalogue\/presse-a-caisson-italpresse-sp-1-a-automatique\/#primaryimage\",\"inLanguage\":\"en-US\",\"url\":\"https:\/\/machineriesbst.com\/wp-content\/uploads\/2021\/08\/IMG_7398.jpg\",\"contentUrl\":\"https:\/\/machineriesbst.com\/wp-content\/uploads\/2021\/08\/IMG_7398.jpg\",\"width\":640,\"height\":480},{\"@type\":\"WebPage\",\"@id\":\"https:\/\/machineriesbst.com\/en\/catalogue\/presse-a-caisson-italpresse-sp-1-a-automatique\/#webpage\",\"url\":\"https:\/\/machineriesbst.com\/en\/catalogue\/presse-a-caisson-italpresse-sp-1-a-automatique\/\",\"name\":\"Presse \\u00e0 Caisson Italpresse SP\/1-A Automatique - Machineries BST\",\"isPartOf\":{\"@id\":\"https:\/\/machineriesbst.com\/en\/#website\"},\"primaryImageOfPage\":{\"@id\":\"https:\/\/machineriesbst.com\/en\/catalogue\/presse-a-caisson-italpresse-sp-1-a-automatique\/#primaryimage\"},\"datePublished\":\"2021-08-31T09:16:04+00:00\",\"dateModified\":\"2023-12-01T01:22:23+00:00\",\"breadcrumb\":{\"@id\":\"https:\/\/machineriesbst.com\/en\/catalogue\/presse-a-caisson-italpresse-sp-1-a-automatique\/#breadcrumb\"},\"inLanguage\":\"en-US\",\"potentialAction\":[{\"@type\":\"ReadAction\",\"target\":[\"https:\/\/machineriesbst.com\/en\/catalogue\/presse-a-caisson-italpresse-sp-1-a-automatique\/\"]}]},{\"@type\":\"BreadcrumbList\",\"@id\":\"https:\/\/machineriesbst.com\/en\/catalogue\/presse-a-caisson-italpresse-sp-1-a-automatique\/#breadcrumb\",\"itemListElement\":[{\"@type\":\"ListItem\",\"position\":1,\"name\":\"Accueil\",\"item\":\"https:\/\/machineriesbst.com\/en\/\"},{\"@type\":\"ListItem\",\"position\":2,\"name\":\"Catalogue\",\"item\":\"https:\/\/machineriesbst.com\/en\/catalog\/\"},{\"@type\":\"ListItem\",\"position\":3,\"name\":\"Presse \\u00e0 Caisson Italpresse SP\/1-A Automatique\"}]}]}<\/script>\n<!-- \/ Yoast SEO plugin. -->","yoast_head_json":{"title":"Presse \u00e0 Caisson Italpresse SP\/1-A Automatique - Machineries BST","robots":{"index":"index","follow":"follow","max-snippet":"max-snippet:-1","max-image-preview":"max-image-preview:large","max-video-preview":"max-video-preview:-1"},"canonical":"https:\/\/machineriesbst.com\/en\/catalogue\/presse-a-caisson-italpresse-sp-1-a-automatique\/","og_locale":"en_US","og_type":"article","og_title":"Presse \u00e0 Caisson Italpresse SP\/1-A Automatique - Machineries BST","og_description":"Un tapis roulant motoris\u00e9 qui permet le chargement et le d\u00e9chargement automatiques. Visualisez les dimensions de l'armoire gr\u00e2ce \u00e0 la lecture \u00e9lectronique. Serrage pneumatique r\u00e9glable, vitesse ainsi que la pression. Peut \u00eatre utilis\u00e9 en mode manuel, semi-automatique et automatique. Les dispositifs de s\u00e9curit\u00e9 sont visibles sur les c\u00f4t\u00e9s avant et arri\u00e8re. Les barres de serrage [&hellip;]","og_url":"https:\/\/machineriesbst.com\/en\/catalogue\/presse-a-caisson-italpresse-sp-1-a-automatique\/","og_site_name":"Machineries BST","article_modified_time":"2023-12-01T01:22:23+00:00","og_image":[{"width":640,"height":480,"url":"https:\/\/machineriesbst.com\/wp-content\/uploads\/2021\/08\/IMG_7398.jpg","path":"\/home\/jepeto\/public_html\/wp-content\/uploads\/2021\/08\/IMG_7398.jpg","size":"full","id":59200,"alt":"","pixels":307200,"type":"image\/jpeg"}],"twitter_card":"summary_large_image","twitter_misc":{"Est. reading time":"1 minute"},"schema":{"@context":"https:\/\/schema.org","@graph":[{"@type":"WebSite","@id":"https:\/\/machineriesbst.com\/en\/#website","url":"https:\/\/machineriesbst.com\/en\/","name":"Machineries BST","description":"Machines neuves &amp; usag\u00e9es","potentialAction":[{"@type":"SearchAction","target":{"@type":"EntryPoint","urlTemplate":"https:\/\/machineriesbst.com\/en\/?s={search_term_string}"},"query-input":"required name=search_term_string"}],"inLanguage":"en-US"},{"@type":"ImageObject","@id":"https:\/\/machineriesbst.com\/en\/catalogue\/presse-a-caisson-italpresse-sp-1-a-automatique\/#primaryimage","inLanguage":"en-US","url":"https:\/\/machineriesbst.com\/wp-content\/uploads\/2021\/08\/IMG_7398.jpg","contentUrl":"https:\/\/machineriesbst.com\/wp-content\/uploads\/2021\/08\/IMG_7398.jpg","width":640,"height":480},{"@type":"WebPage","@id":"https:\/\/machineriesbst.com\/en\/catalogue\/presse-a-caisson-italpresse-sp-1-a-automatique\/#webpage","url":"https:\/\/machineriesbst.com\/en\/catalogue\/presse-a-caisson-italpresse-sp-1-a-automatique\/","name":"Presse \u00e0 Caisson Italpresse SP\/1-A Automatique - Machineries BST","isPartOf":{"@id":"https:\/\/machineriesbst.com\/en\/#website"},"primaryImageOfPage":{"@id":"https:\/\/machineriesbst.com\/en\/catalogue\/presse-a-caisson-italpresse-sp-1-a-automatique\/#primaryimage"},"datePublished":"2021-08-31T09:16:04+00:00","dateModified":"2023-12-01T01:22:23+00:00","breadcrumb":{"@id":"https:\/\/machineriesbst.com\/en\/catalogue\/presse-a-caisson-italpresse-sp-1-a-automatique\/#breadcrumb"},"inLanguage":"en-US","potentialAction":[{"@type":"ReadAction","target":["https:\/\/machineriesbst.com\/en\/catalogue\/presse-a-caisson-italpresse-sp-1-a-automatique\/"]}]},{"@type":"BreadcrumbList","@id":"https:\/\/machineriesbst.com\/en\/catalogue\/presse-a-caisson-italpresse-sp-1-a-automatique\/#breadcrumb","itemListElement":[{"@type":"ListItem","position":1,"name":"Accueil","item":"https:\/\/machineriesbst.com\/en\/"},{"@type":"ListItem","position":2,"name":"Catalogue","item":"https:\/\/machineriesbst.com\/en\/catalog\/"},{"@type":"ListItem","position":3,"name":"Presse \u00e0 Caisson Italpresse SP\/1-A Automatique"}]}]}},"_links":{"self":[{"href":"https:\/\/machineriesbst.com\/en\/wp-json\/wp\/v2\/product\/59198"}],"collection":[{"href":"https:\/\/machineriesbst.com\/en\/wp-json\/wp\/v2\/product"}],"about":[{"href":"https:\/\/machineriesbst.com\/en\/wp-json\/wp\/v2\/types\/product"}],"author":[{"embeddable":true,"href":"https:\/\/machineriesbst.com\/en\/wp-json\/wp\/v2\/users\/3"}],"replies":[{"embeddable":true,"href":"https:\/\/machineriesbst.com\/en\/wp-json\/wp\/v2\/comments?post=59198"}],"wp:featuredmedia":[{"embeddable":true,"href":"https:\/\/machineriesbst.com\/en\/wp-json\/wp\/v2\/media\/59200"}],"wp:attachment":[{"href":"https:\/\/machineriesbst.com\/en\/wp-json\/wp\/v2\/media?parent=59198"}],"wp:term":[{"taxonomy":"product_cat","embeddable":true,"href":"https:\/\/machineriesbst.com\/en\/wp-json\/wp\/v2\/product_cat?post=59198"},{"taxonomy":"product_tag","embeddable":true,"href":"https:\/\/machineriesbst.com\/en\/wp-json\/wp\/v2\/product_tag?post=59198"}],"curies":[{"name":"wp","href":"https:\/\/api.w.org\/{rel}","templated":true}]}}