{"id":59165,"date":"2021-08-11T15:45:50","date_gmt":"2021-08-11T19:45:50","guid":{"rendered":"https:\/\/machineriesbst.com\/?post_type=product&#038;p=59165"},"modified":"2023-11-30T20:22:23","modified_gmt":"2023-12-01T01:22:23","slug":"cefla-easy-2000-spray-machine","status":"publish","type":"product","link":"https:\/\/machineriesbst.com\/en\/catalogue\/cefla-easy-2000-spray-machine\/","title":{"rendered":"CEFLA EASY 2000 SPRAY MACHINE"},"content":{"rendered":"<p>CEFLA, &quot;ECOSPRAYER EASY D&quot; - Reciprocating spraying machine: many innovative and patented features of CEFLA are used in the &quot;Easy D&quot;. Features are designed around today&#39;s increasingly stringent environmental regulations<br \/>\nthey provide numerous &amp; ecological<br \/>\neconomic advantages over existing manual and automatic spraying systems. Outstanding Features: High application quality output<br \/>\nThe cabin enclosure is made from coated sheet metal panels, the centrifugal fan for ambient air intake is connected to an upper air diffusion hood located inside the cabin enclosure . Equipped with: \u2022 High efficiency final filters located in the exhaust system ensure maximum reduction of solid particle emissions. \u2022 Automatic airflow system monitors airflow throughout the spray booth. \u2022 PLC to control the automatic engagement of the material recovery and belt cleaning system to further reduce belt wear and solvent consumption. \u2022 One-piece continuous width 1650mm (65 &quot;) conveyor belt reclaims over-sprayed unused material for reuse. \u2022 Superior coating application is achieved using a&quot; back spray &quot;technique.<br \/>\ncomposed in total of (4) counter-rotating chrome rollers. \u2022 Entry and exit conveyors. The reciprocity system includes: \u2022 (2) Reciprocators that move on polished rods, a hydraulic damper to ensure continuous smooth operation. \u2022 Reciprocating carriages are driven by a high-tech brushless DC servo motor for added safety and power.<br \/>\noptimum control of the reciprocating action, providing consistent spray speed and pattern across the width of the conveyor. \u2022 Spray guns are independently adjustable in tilt. \u2022 The electronic control unit uses a 60-cell photodiode bar to monitor and regulate the spray application, maximizing the efficiency of application transfer. \u2022 Spray system design accepts (4 + 4) a total of eight (8) guns between two (2) spray arms. \u2022 The machine is equipped with (2) coating supply circuits. \u2022 The API provides machine control and diagnostic functions.<\/p>","protected":false},"excerpt":{"rendered":"<p>CEFLA, &quot;ECOSPRAYER EASY D&quot; - Reciprocating spraying machine: many innovative and patented features of CEFLA are used in the &quot;Easy D&quot;. The features are designed around today&#39;s increasingly stringent environmental regulations they provide numerous economical &amp; ecological advantages over manual spray systems and [\u2026]<\/p>","protected":false},"author":3,"featured_media":59166,"comment_status":"open","ping_status":"closed","template":"","meta":[],"product_cat":[1614,1917],"product_tag":[],"acf":[],"yoast_head":"<!-- This site is optimized with the Yoast SEO plugin v16.8 - https:\/\/yoast.com\/wordpress\/plugins\/seo\/ -->\n<title>CEFLA EASY 2000 SPRAY MACHINE - Machineries BST<\/title>\n<meta name=\"robots\" content=\"index, follow, max-snippet:-1, max-image-preview:large, max-video-preview:-1\" \/>\n<link rel=\"canonical\" href=\"https:\/\/machineriesbst.com\/en\/catalogue\/cefla-easy-2000-spray-machine\/\" \/>\n<meta property=\"og:locale\" content=\"en_US\" \/>\n<meta property=\"og:type\" content=\"article\" \/>\n<meta property=\"og:title\" content=\"CEFLA EASY 2000 SPRAY MACHINE - Machineries BST\" \/>\n<meta property=\"og:description\" content=\"CEFLA, &quot;ECOSPRAYER EASY D&quot; - Machine de pulv\u00e9risation \u00e0 mouvement alternatif\u00a0: de nombreuses fonctionnalit\u00e9s innovantes et brevet\u00e9es de CEFLA sont utilis\u00e9es dans le &quot;Easy D&quot;. Les fonctionnalit\u00e9s sont con\u00e7ues autour des r\u00e9glementations environnementales de plus en plus strictes d&#039;aujourd&#039;hui ils fournissent de nombreux &amp;amp \u00e9cologiques avantages \u00e9conomiques par rapport aux syst\u00e8mes de pulv\u00e9risation manuels et [&hellip;]\" \/>\n<meta property=\"og:url\" content=\"https:\/\/machineriesbst.com\/en\/catalogue\/cefla-easy-2000-spray-machine\/\" \/>\n<meta property=\"og:site_name\" content=\"Machineries BST\" \/>\n<meta property=\"article:modified_time\" content=\"2023-12-01T01:22:23+00:00\" \/>\n<meta property=\"og:image\" content=\"https:\/\/machineriesbst.com\/wp-content\/uploads\/2021\/08\/001.jpg\" \/>\n\t<meta property=\"og:image:width\" content=\"768\" \/>\n\t<meta property=\"og:image:height\" content=\"1024\" \/>\n<meta name=\"twitter:card\" content=\"summary_large_image\" \/>\n<meta name=\"twitter:label1\" content=\"Est. reading time\" \/>\n\t<meta name=\"twitter:data1\" content=\"2 minutes\" \/>\n<script type=\"application\/ld+json\" class=\"yoast-schema-graph\">{\"@context\":\"https:\/\/schema.org\",\"@graph\":[{\"@type\":\"WebSite\",\"@id\":\"https:\/\/machineriesbst.com\/en\/#website\",\"url\":\"https:\/\/machineriesbst.com\/en\/\",\"name\":\"Machineries BST\",\"description\":\"Machines neuves &amp; usag\\u00e9es\",\"potentialAction\":[{\"@type\":\"SearchAction\",\"target\":{\"@type\":\"EntryPoint\",\"urlTemplate\":\"https:\/\/machineriesbst.com\/en\/?s={search_term_string}\"},\"query-input\":\"required name=search_term_string\"}],\"inLanguage\":\"en-US\"},{\"@type\":\"ImageObject\",\"@id\":\"https:\/\/machineriesbst.com\/en\/catalogue\/cefla-easy-2000-spray-machine\/#primaryimage\",\"inLanguage\":\"en-US\",\"url\":\"https:\/\/machineriesbst.com\/wp-content\/uploads\/2021\/08\/001.jpg\",\"contentUrl\":\"https:\/\/machineriesbst.com\/wp-content\/uploads\/2021\/08\/001.jpg\",\"width\":768,\"height\":1024},{\"@type\":\"WebPage\",\"@id\":\"https:\/\/machineriesbst.com\/en\/catalogue\/cefla-easy-2000-spray-machine\/#webpage\",\"url\":\"https:\/\/machineriesbst.com\/en\/catalogue\/cefla-easy-2000-spray-machine\/\",\"name\":\"CEFLA EASY 2000 SPRAY MACHINE - Machineries BST\",\"isPartOf\":{\"@id\":\"https:\/\/machineriesbst.com\/en\/#website\"},\"primaryImageOfPage\":{\"@id\":\"https:\/\/machineriesbst.com\/en\/catalogue\/cefla-easy-2000-spray-machine\/#primaryimage\"},\"datePublished\":\"2021-08-11T19:45:50+00:00\",\"dateModified\":\"2023-12-01T01:22:23+00:00\",\"breadcrumb\":{\"@id\":\"https:\/\/machineriesbst.com\/en\/catalogue\/cefla-easy-2000-spray-machine\/#breadcrumb\"},\"inLanguage\":\"en-US\",\"potentialAction\":[{\"@type\":\"ReadAction\",\"target\":[\"https:\/\/machineriesbst.com\/en\/catalogue\/cefla-easy-2000-spray-machine\/\"]}]},{\"@type\":\"BreadcrumbList\",\"@id\":\"https:\/\/machineriesbst.com\/en\/catalogue\/cefla-easy-2000-spray-machine\/#breadcrumb\",\"itemListElement\":[{\"@type\":\"ListItem\",\"position\":1,\"name\":\"Accueil\",\"item\":\"https:\/\/machineriesbst.com\/en\/\"},{\"@type\":\"ListItem\",\"position\":2,\"name\":\"Catalogue\",\"item\":\"https:\/\/machineriesbst.com\/en\/catalog\/\"},{\"@type\":\"ListItem\",\"position\":3,\"name\":\"CEFLA EASY 2000 SPRAY MACHINE\"}]}]}<\/script>\n<!-- \/ Yoast SEO plugin. -->","yoast_head_json":{"title":"CEFLA EASY 2000 SPRAY MACHINE - Machineries BST","robots":{"index":"index","follow":"follow","max-snippet":"max-snippet:-1","max-image-preview":"max-image-preview:large","max-video-preview":"max-video-preview:-1"},"canonical":"https:\/\/machineriesbst.com\/en\/catalogue\/cefla-easy-2000-spray-machine\/","og_locale":"en_US","og_type":"article","og_title":"CEFLA EASY 2000 SPRAY MACHINE - Machineries BST","og_description":"CEFLA, \"ECOSPRAYER EASY D\" - Machine de pulv\u00e9risation \u00e0 mouvement alternatif\u00a0: de nombreuses fonctionnalit\u00e9s innovantes et brevet\u00e9es de CEFLA sont utilis\u00e9es dans le \"Easy D\". Les fonctionnalit\u00e9s sont con\u00e7ues autour des r\u00e9glementations environnementales de plus en plus strictes d'aujourd'hui ils fournissent de nombreux &amp;amp \u00e9cologiques avantages \u00e9conomiques par rapport aux syst\u00e8mes de pulv\u00e9risation manuels et [&hellip;]","og_url":"https:\/\/machineriesbst.com\/en\/catalogue\/cefla-easy-2000-spray-machine\/","og_site_name":"Machineries BST","article_modified_time":"2023-12-01T01:22:23+00:00","og_image":[{"width":768,"height":1024,"url":"https:\/\/machineriesbst.com\/wp-content\/uploads\/2021\/08\/001.jpg","path":"\/home\/jepeto\/public_html\/wp-content\/uploads\/2021\/08\/001.jpg","size":"full","id":59166,"alt":"","pixels":786432,"type":"image\/jpeg"}],"twitter_card":"summary_large_image","twitter_misc":{"Est. reading time":"2 minutes"},"schema":{"@context":"https:\/\/schema.org","@graph":[{"@type":"WebSite","@id":"https:\/\/machineriesbst.com\/en\/#website","url":"https:\/\/machineriesbst.com\/en\/","name":"Machineries BST","description":"Machines neuves &amp; usag\u00e9es","potentialAction":[{"@type":"SearchAction","target":{"@type":"EntryPoint","urlTemplate":"https:\/\/machineriesbst.com\/en\/?s={search_term_string}"},"query-input":"required name=search_term_string"}],"inLanguage":"en-US"},{"@type":"ImageObject","@id":"https:\/\/machineriesbst.com\/en\/catalogue\/cefla-easy-2000-spray-machine\/#primaryimage","inLanguage":"en-US","url":"https:\/\/machineriesbst.com\/wp-content\/uploads\/2021\/08\/001.jpg","contentUrl":"https:\/\/machineriesbst.com\/wp-content\/uploads\/2021\/08\/001.jpg","width":768,"height":1024},{"@type":"WebPage","@id":"https:\/\/machineriesbst.com\/en\/catalogue\/cefla-easy-2000-spray-machine\/#webpage","url":"https:\/\/machineriesbst.com\/en\/catalogue\/cefla-easy-2000-spray-machine\/","name":"CEFLA EASY 2000 SPRAY MACHINE - Machineries BST","isPartOf":{"@id":"https:\/\/machineriesbst.com\/en\/#website"},"primaryImageOfPage":{"@id":"https:\/\/machineriesbst.com\/en\/catalogue\/cefla-easy-2000-spray-machine\/#primaryimage"},"datePublished":"2021-08-11T19:45:50+00:00","dateModified":"2023-12-01T01:22:23+00:00","breadcrumb":{"@id":"https:\/\/machineriesbst.com\/en\/catalogue\/cefla-easy-2000-spray-machine\/#breadcrumb"},"inLanguage":"en-US","potentialAction":[{"@type":"ReadAction","target":["https:\/\/machineriesbst.com\/en\/catalogue\/cefla-easy-2000-spray-machine\/"]}]},{"@type":"BreadcrumbList","@id":"https:\/\/machineriesbst.com\/en\/catalogue\/cefla-easy-2000-spray-machine\/#breadcrumb","itemListElement":[{"@type":"ListItem","position":1,"name":"Accueil","item":"https:\/\/machineriesbst.com\/en\/"},{"@type":"ListItem","position":2,"name":"Catalogue","item":"https:\/\/machineriesbst.com\/en\/catalog\/"},{"@type":"ListItem","position":3,"name":"CEFLA EASY 2000 SPRAY MACHINE"}]}]}},"_links":{"self":[{"href":"https:\/\/machineriesbst.com\/en\/wp-json\/wp\/v2\/product\/59165"}],"collection":[{"href":"https:\/\/machineriesbst.com\/en\/wp-json\/wp\/v2\/product"}],"about":[{"href":"https:\/\/machineriesbst.com\/en\/wp-json\/wp\/v2\/types\/product"}],"author":[{"embeddable":true,"href":"https:\/\/machineriesbst.com\/en\/wp-json\/wp\/v2\/users\/3"}],"replies":[{"embeddable":true,"href":"https:\/\/machineriesbst.com\/en\/wp-json\/wp\/v2\/comments?post=59165"}],"wp:featuredmedia":[{"embeddable":true,"href":"https:\/\/machineriesbst.com\/en\/wp-json\/wp\/v2\/media\/59166"}],"wp:attachment":[{"href":"https:\/\/machineriesbst.com\/en\/wp-json\/wp\/v2\/media?parent=59165"}],"wp:term":[{"taxonomy":"product_cat","embeddable":true,"href":"https:\/\/machineriesbst.com\/en\/wp-json\/wp\/v2\/product_cat?post=59165"},{"taxonomy":"product_tag","embeddable":true,"href":"https:\/\/machineriesbst.com\/en\/wp-json\/wp\/v2\/product_tag?post=59165"}],"curies":[{"name":"wp","href":"https:\/\/api.w.org\/{rel}","templated":true}]}}