{"id":59151,"date":"2021-08-06T08:16:17","date_gmt":"2021-08-06T12:16:17","guid":{"rendered":"https:\/\/machineriesbst.com\/?post_type=product&#038;p=59151"},"modified":"2023-11-30T20:22:23","modified_gmt":"2023-12-01T01:22:23","slug":"ligne-de-teinture-barberan","status":"publish","type":"product","link":"https:\/\/machineriesbst.com\/en\/catalogue\/ligne-de-teinture-barberan\/","title":{"rendered":"Barberan dye line"},"content":{"rendered":"<p>Barberan Throughfeed Automatic Dyeing Line<br \/>\nOnly 8,000 hours<br \/>\nBarberan motorized infeed conveyor, model: MVB 3500\/1800<br \/>\nBarberan cleaning brush with suction, model: LP 1800<br \/>\nBarberan 8 arm automatic spray booth, model: RR B8<br \/>\nBarberan transfer table with suction, model: MTB 3500\/1800<br \/>\nBarberan drying tunnel (convection), model: TSP E MT<br \/>\nBarberan motorized exit conveyor, model: MMV 3500\/1800<br \/>\nOnly 8,000 hours<br \/>\nLine speed 1-12 m \/ min. (3 to 39 feet \/ minute)<br \/>\nCarousel RPM 1-25 RPM<br \/>\n8 spray arms<br \/>\nLiquid recovery YES<br \/>\nProduct Aqueous base \/ solvent<br \/>\nMin. Width 4 &quot;<br \/>\nMax. Width 60 &quot;<br \/>\nMin. Length 6 &quot;<br \/>\nMax. Length 120 &quot;<br \/>\nDistance between parts 3 &quot;<br \/>\nHeight of guns 3 1\/8 &quot;- 8 3\/8&quot;<br \/>\nCycle time 13 fpm.<br \/>\nYear: 2009<\/p>","protected":false},"excerpt":{"rendered":"<p>Barberan Throughfeed automatic dyeing line Only 8,000 hours Barberan motorized infeed conveyor, model: MVB 3500\/1800 Barberan cleaning brush with suction, model: LP 1800 Barberan automatic spray booth 8 arms, model: RR B8 Barberan transfer table with suction, model: MTB 3500\/1800 Barberan drying tunnel (convection), model: [\u2026]<\/p>","protected":false},"author":3,"featured_media":59156,"comment_status":"open","ping_status":"closed","template":"","meta":[],"product_cat":[1614,1809],"product_tag":[],"acf":[],"yoast_head":"<!-- This site is optimized with the Yoast SEO plugin v16.8 - https:\/\/yoast.com\/wordpress\/plugins\/seo\/ -->\n<title>Ligne de Teinture Barberan - Machineries BST<\/title>\n<meta name=\"robots\" content=\"index, follow, max-snippet:-1, max-image-preview:large, max-video-preview:-1\" \/>\n<link rel=\"canonical\" href=\"https:\/\/machineriesbst.com\/en\/catalogue\/ligne-de-teinture-barberan\/\" \/>\n<meta property=\"og:locale\" content=\"en_US\" \/>\n<meta property=\"og:type\" content=\"article\" \/>\n<meta property=\"og:title\" content=\"Ligne de Teinture Barberan - Machineries BST\" \/>\n<meta property=\"og:description\" content=\"Ligne de teinture automatique Barberan Throughfeed Seulement 8 000 heures Convoyeur d&#039;alimentation motoris\u00e9 Barberan, mod\u00e8le : MVB 3500\/1800 Brosse de nettoyage Barberan avec aspiration, mod\u00e8le : LP 1800 Cabine de pulv\u00e9risation automatique Barberan 8 bras, mod\u00e8le: RR B8 Table de transfert Barberan avec aspiration, mod\u00e8le : MTB 3500\/1800 Tunnel de s\u00e9chage Barberan (convection), mod\u00e8le : [&hellip;]\" \/>\n<meta property=\"og:url\" content=\"https:\/\/machineriesbst.com\/en\/catalogue\/ligne-de-teinture-barberan\/\" \/>\n<meta property=\"og:site_name\" content=\"Machineries BST\" \/>\n<meta property=\"article:modified_time\" content=\"2023-12-01T01:22:23+00:00\" \/>\n<meta property=\"og:image\" content=\"https:\/\/machineriesbst.com\/wp-content\/uploads\/2021\/08\/stainline10.jpg\" \/>\n\t<meta property=\"og:image:width\" content=\"640\" \/>\n\t<meta property=\"og:image:height\" content=\"480\" \/>\n<meta name=\"twitter:card\" content=\"summary_large_image\" \/>\n<meta name=\"twitter:label1\" content=\"Est. reading time\" \/>\n\t<meta name=\"twitter:data1\" content=\"1 minute\" \/>\n<script type=\"application\/ld+json\" class=\"yoast-schema-graph\">{\"@context\":\"https:\/\/schema.org\",\"@graph\":[{\"@type\":\"WebSite\",\"@id\":\"https:\/\/machineriesbst.com\/en\/#website\",\"url\":\"https:\/\/machineriesbst.com\/en\/\",\"name\":\"Machineries BST\",\"description\":\"Machines neuves &amp; usag\\u00e9es\",\"potentialAction\":[{\"@type\":\"SearchAction\",\"target\":{\"@type\":\"EntryPoint\",\"urlTemplate\":\"https:\/\/machineriesbst.com\/en\/?s={search_term_string}\"},\"query-input\":\"required name=search_term_string\"}],\"inLanguage\":\"en-US\"},{\"@type\":\"ImageObject\",\"@id\":\"https:\/\/machineriesbst.com\/en\/catalogue\/ligne-de-teinture-barberan\/#primaryimage\",\"inLanguage\":\"en-US\",\"url\":\"https:\/\/machineriesbst.com\/wp-content\/uploads\/2021\/08\/stainline10.jpg\",\"contentUrl\":\"https:\/\/machineriesbst.com\/wp-content\/uploads\/2021\/08\/stainline10.jpg\",\"width\":640,\"height\":480},{\"@type\":\"WebPage\",\"@id\":\"https:\/\/machineriesbst.com\/en\/catalogue\/ligne-de-teinture-barberan\/#webpage\",\"url\":\"https:\/\/machineriesbst.com\/en\/catalogue\/ligne-de-teinture-barberan\/\",\"name\":\"Ligne de Teinture Barberan - Machineries BST\",\"isPartOf\":{\"@id\":\"https:\/\/machineriesbst.com\/en\/#website\"},\"primaryImageOfPage\":{\"@id\":\"https:\/\/machineriesbst.com\/en\/catalogue\/ligne-de-teinture-barberan\/#primaryimage\"},\"datePublished\":\"2021-08-06T12:16:17+00:00\",\"dateModified\":\"2023-12-01T01:22:23+00:00\",\"breadcrumb\":{\"@id\":\"https:\/\/machineriesbst.com\/en\/catalogue\/ligne-de-teinture-barberan\/#breadcrumb\"},\"inLanguage\":\"en-US\",\"potentialAction\":[{\"@type\":\"ReadAction\",\"target\":[\"https:\/\/machineriesbst.com\/en\/catalogue\/ligne-de-teinture-barberan\/\"]}]},{\"@type\":\"BreadcrumbList\",\"@id\":\"https:\/\/machineriesbst.com\/en\/catalogue\/ligne-de-teinture-barberan\/#breadcrumb\",\"itemListElement\":[{\"@type\":\"ListItem\",\"position\":1,\"name\":\"Accueil\",\"item\":\"https:\/\/machineriesbst.com\/en\/\"},{\"@type\":\"ListItem\",\"position\":2,\"name\":\"Catalogue\",\"item\":\"https:\/\/machineriesbst.com\/en\/catalog\/\"},{\"@type\":\"ListItem\",\"position\":3,\"name\":\"Ligne de Teinture Barberan\"}]}]}<\/script>\n<!-- \/ Yoast SEO plugin. -->","yoast_head_json":{"title":"Ligne de Teinture Barberan - Machineries BST","robots":{"index":"index","follow":"follow","max-snippet":"max-snippet:-1","max-image-preview":"max-image-preview:large","max-video-preview":"max-video-preview:-1"},"canonical":"https:\/\/machineriesbst.com\/en\/catalogue\/ligne-de-teinture-barberan\/","og_locale":"en_US","og_type":"article","og_title":"Ligne de Teinture Barberan - Machineries BST","og_description":"Ligne de teinture automatique Barberan Throughfeed Seulement 8 000 heures Convoyeur d'alimentation motoris\u00e9 Barberan, mod\u00e8le : MVB 3500\/1800 Brosse de nettoyage Barberan avec aspiration, mod\u00e8le : LP 1800 Cabine de pulv\u00e9risation automatique Barberan 8 bras, mod\u00e8le: RR B8 Table de transfert Barberan avec aspiration, mod\u00e8le : MTB 3500\/1800 Tunnel de s\u00e9chage Barberan (convection), mod\u00e8le : [&hellip;]","og_url":"https:\/\/machineriesbst.com\/en\/catalogue\/ligne-de-teinture-barberan\/","og_site_name":"Machineries BST","article_modified_time":"2023-12-01T01:22:23+00:00","og_image":[{"width":640,"height":480,"url":"https:\/\/machineriesbst.com\/wp-content\/uploads\/2021\/08\/stainline10.jpg","path":"\/home\/jepeto\/public_html\/wp-content\/uploads\/2021\/08\/stainline10.jpg","size":"full","id":59156,"alt":"","pixels":307200,"type":"image\/jpeg"}],"twitter_card":"summary_large_image","twitter_misc":{"Est. reading time":"1 minute"},"schema":{"@context":"https:\/\/schema.org","@graph":[{"@type":"WebSite","@id":"https:\/\/machineriesbst.com\/en\/#website","url":"https:\/\/machineriesbst.com\/en\/","name":"Machineries BST","description":"Machines neuves &amp; usag\u00e9es","potentialAction":[{"@type":"SearchAction","target":{"@type":"EntryPoint","urlTemplate":"https:\/\/machineriesbst.com\/en\/?s={search_term_string}"},"query-input":"required name=search_term_string"}],"inLanguage":"en-US"},{"@type":"ImageObject","@id":"https:\/\/machineriesbst.com\/en\/catalogue\/ligne-de-teinture-barberan\/#primaryimage","inLanguage":"en-US","url":"https:\/\/machineriesbst.com\/wp-content\/uploads\/2021\/08\/stainline10.jpg","contentUrl":"https:\/\/machineriesbst.com\/wp-content\/uploads\/2021\/08\/stainline10.jpg","width":640,"height":480},{"@type":"WebPage","@id":"https:\/\/machineriesbst.com\/en\/catalogue\/ligne-de-teinture-barberan\/#webpage","url":"https:\/\/machineriesbst.com\/en\/catalogue\/ligne-de-teinture-barberan\/","name":"Ligne de Teinture Barberan - Machineries BST","isPartOf":{"@id":"https:\/\/machineriesbst.com\/en\/#website"},"primaryImageOfPage":{"@id":"https:\/\/machineriesbst.com\/en\/catalogue\/ligne-de-teinture-barberan\/#primaryimage"},"datePublished":"2021-08-06T12:16:17+00:00","dateModified":"2023-12-01T01:22:23+00:00","breadcrumb":{"@id":"https:\/\/machineriesbst.com\/en\/catalogue\/ligne-de-teinture-barberan\/#breadcrumb"},"inLanguage":"en-US","potentialAction":[{"@type":"ReadAction","target":["https:\/\/machineriesbst.com\/en\/catalogue\/ligne-de-teinture-barberan\/"]}]},{"@type":"BreadcrumbList","@id":"https:\/\/machineriesbst.com\/en\/catalogue\/ligne-de-teinture-barberan\/#breadcrumb","itemListElement":[{"@type":"ListItem","position":1,"name":"Accueil","item":"https:\/\/machineriesbst.com\/en\/"},{"@type":"ListItem","position":2,"name":"Catalogue","item":"https:\/\/machineriesbst.com\/en\/catalog\/"},{"@type":"ListItem","position":3,"name":"Ligne de Teinture Barberan"}]}]}},"_links":{"self":[{"href":"https:\/\/machineriesbst.com\/en\/wp-json\/wp\/v2\/product\/59151"}],"collection":[{"href":"https:\/\/machineriesbst.com\/en\/wp-json\/wp\/v2\/product"}],"about":[{"href":"https:\/\/machineriesbst.com\/en\/wp-json\/wp\/v2\/types\/product"}],"author":[{"embeddable":true,"href":"https:\/\/machineriesbst.com\/en\/wp-json\/wp\/v2\/users\/3"}],"replies":[{"embeddable":true,"href":"https:\/\/machineriesbst.com\/en\/wp-json\/wp\/v2\/comments?post=59151"}],"wp:featuredmedia":[{"embeddable":true,"href":"https:\/\/machineriesbst.com\/en\/wp-json\/wp\/v2\/media\/59156"}],"wp:attachment":[{"href":"https:\/\/machineriesbst.com\/en\/wp-json\/wp\/v2\/media?parent=59151"}],"wp:term":[{"taxonomy":"product_cat","embeddable":true,"href":"https:\/\/machineriesbst.com\/en\/wp-json\/wp\/v2\/product_cat?post=59151"},{"taxonomy":"product_tag","embeddable":true,"href":"https:\/\/machineriesbst.com\/en\/wp-json\/wp\/v2\/product_tag?post=59151"}],"curies":[{"name":"wp","href":"https:\/\/api.w.org\/{rel}","templated":true}]}}