{"id":59084,"date":"2021-07-29T10:38:00","date_gmt":"2021-07-29T14:38:00","guid":{"rendered":"https:\/\/machineriesbst.com\/?post_type=product&#038;p=59084"},"modified":"2026-03-17T17:49:13","modified_gmt":"2026-03-17T21:49:13","slug":"broyeur-basse-vitesse-holzmag","status":"publish","type":"product","link":"https:\/\/machineriesbst.com\/en\/catalogue\/broyeur-basse-vitesse-holzmag\/","title":{"rendered":"Holzmag Low Speed Shredder"},"content":{"rendered":"<p>Low speed shredder with a 20hp motor. 20x20 inch opening. 40 inch by 22 inch drop. Complete with electrical panels. Ready to run.<\/p>","protected":false},"excerpt":{"rendered":"<p>Low speed shredder with a 20hp motor. 20x20 inch opening. 40 inch by 22 inch drop. Complete with electrical panels. Ready to run.<\/p>","protected":false},"author":3,"featured_media":59100,"comment_status":"open","ping_status":"closed","template":"","meta":[],"product_cat":[229,3016],"product_tag":[],"acf":[],"yoast_head":"<!-- This site is optimized with the Yoast SEO plugin v16.8 - https:\/\/yoast.com\/wordpress\/plugins\/seo\/ -->\n<title>Broyeur Basse Vitesse Holzmag - Machineries BST<\/title>\n<meta name=\"robots\" content=\"index, follow, max-snippet:-1, max-image-preview:large, max-video-preview:-1\" \/>\n<link rel=\"canonical\" href=\"https:\/\/machineriesbst.com\/en\/catalogue\/broyeur-basse-vitesse-holzmag\/\" \/>\n<meta property=\"og:locale\" content=\"en_US\" \/>\n<meta property=\"og:type\" content=\"article\" \/>\n<meta property=\"og:title\" content=\"Broyeur Basse Vitesse Holzmag - Machineries BST\" \/>\n<meta property=\"og:description\" content=\"Broyeur a basse vitesse avec un moteur de 20hp.Ouverture de 20x20 pouces .Avec chute de 40po par 22 pouces.Complet avec panneaux \u00e9lectrique. Pr\u00eat \u00e0\u00a0 fonctionner.\" \/>\n<meta property=\"og:url\" content=\"https:\/\/machineriesbst.com\/en\/catalogue\/broyeur-basse-vitesse-holzmag\/\" \/>\n<meta property=\"og:site_name\" content=\"Machineries BST\" \/>\n<meta property=\"article:modified_time\" content=\"2026-03-17T21:49:13+00:00\" \/>\n<meta property=\"og:image\" content=\"https:\/\/machineriesbst.com\/wp-content\/uploads\/2021\/07\/IMG_4234.jpg\" \/>\n\t<meta property=\"og:image:width\" content=\"480\" \/>\n\t<meta property=\"og:image:height\" content=\"640\" \/>\n<meta name=\"twitter:card\" content=\"summary_large_image\" \/>\n<script type=\"application\/ld+json\" class=\"yoast-schema-graph\">{\"@context\":\"https:\/\/schema.org\",\"@graph\":[{\"@type\":\"WebSite\",\"@id\":\"https:\/\/machineriesbst.com\/en\/#website\",\"url\":\"https:\/\/machineriesbst.com\/en\/\",\"name\":\"Machineries BST\",\"description\":\"Machines neuves &amp; usag\\u00e9es\",\"potentialAction\":[{\"@type\":\"SearchAction\",\"target\":{\"@type\":\"EntryPoint\",\"urlTemplate\":\"https:\/\/machineriesbst.com\/en\/?s={search_term_string}\"},\"query-input\":\"required name=search_term_string\"}],\"inLanguage\":\"en-US\"},{\"@type\":\"ImageObject\",\"@id\":\"https:\/\/machineriesbst.com\/catalogue\/broyeur-basse-vitesse-holzmag\/#primaryimage\",\"inLanguage\":\"en-US\",\"url\":\"https:\/\/machineriesbst.com\/wp-content\/uploads\/2021\/07\/IMG_4234.jpg\",\"contentUrl\":\"https:\/\/machineriesbst.com\/wp-content\/uploads\/2021\/07\/IMG_4234.jpg\",\"width\":480,\"height\":640},{\"@type\":\"WebPage\",\"@id\":\"https:\/\/machineriesbst.com\/catalogue\/broyeur-basse-vitesse-holzmag\/#webpage\",\"url\":\"https:\/\/machineriesbst.com\/catalogue\/broyeur-basse-vitesse-holzmag\/\",\"name\":\"Broyeur Basse Vitesse Holzmag - Machineries BST\",\"isPartOf\":{\"@id\":\"https:\/\/machineriesbst.com\/en\/#website\"},\"primaryImageOfPage\":{\"@id\":\"https:\/\/machineriesbst.com\/catalogue\/broyeur-basse-vitesse-holzmag\/#primaryimage\"},\"datePublished\":\"2021-07-29T14:38:00+00:00\",\"dateModified\":\"2026-03-17T21:49:13+00:00\",\"breadcrumb\":{\"@id\":\"https:\/\/machineriesbst.com\/catalogue\/broyeur-basse-vitesse-holzmag\/#breadcrumb\"},\"inLanguage\":\"en-US\",\"potentialAction\":[{\"@type\":\"ReadAction\",\"target\":[\"https:\/\/machineriesbst.com\/catalogue\/broyeur-basse-vitesse-holzmag\/\"]}]},{\"@type\":\"BreadcrumbList\",\"@id\":\"https:\/\/machineriesbst.com\/catalogue\/broyeur-basse-vitesse-holzmag\/#breadcrumb\",\"itemListElement\":[{\"@type\":\"ListItem\",\"position\":1,\"name\":\"Accueil\",\"item\":\"https:\/\/machineriesbst.com\/en\/\"},{\"@type\":\"ListItem\",\"position\":2,\"name\":\"Catalogue\",\"item\":\"https:\/\/machineriesbst.com\/en\/catalog\/\"},{\"@type\":\"ListItem\",\"position\":3,\"name\":\"Broyeur Basse Vitesse Holzmag\"}]}]}<\/script>\n<!-- \/ Yoast SEO plugin. -->","yoast_head_json":{"title":"Broyeur Basse Vitesse Holzmag - Machineries BST","robots":{"index":"index","follow":"follow","max-snippet":"max-snippet:-1","max-image-preview":"max-image-preview:large","max-video-preview":"max-video-preview:-1"},"canonical":"https:\/\/machineriesbst.com\/en\/catalogue\/broyeur-basse-vitesse-holzmag\/","og_locale":"en_US","og_type":"article","og_title":"Broyeur Basse Vitesse Holzmag - Machineries BST","og_description":"Broyeur a basse vitesse avec un moteur de 20hp.Ouverture de 20x20 pouces .Avec chute de 40po par 22 pouces.Complet avec panneaux \u00e9lectrique. Pr\u00eat \u00e0\u00a0 fonctionner.","og_url":"https:\/\/machineriesbst.com\/en\/catalogue\/broyeur-basse-vitesse-holzmag\/","og_site_name":"Machineries BST","article_modified_time":"2026-03-17T21:49:13+00:00","og_image":[{"width":480,"height":640,"url":"https:\/\/machineriesbst.com\/wp-content\/uploads\/2021\/07\/IMG_4234.jpg","path":"\/home\/jepeto\/public_html\/wp-content\/uploads\/2021\/07\/IMG_4234.jpg","size":"full","id":59100,"alt":"","pixels":307200,"type":"image\/jpeg"}],"twitter_card":"summary_large_image","schema":{"@context":"https:\/\/schema.org","@graph":[{"@type":"WebSite","@id":"https:\/\/machineriesbst.com\/en\/#website","url":"https:\/\/machineriesbst.com\/en\/","name":"Machineries BST","description":"Machines neuves &amp; usag\u00e9es","potentialAction":[{"@type":"SearchAction","target":{"@type":"EntryPoint","urlTemplate":"https:\/\/machineriesbst.com\/en\/?s={search_term_string}"},"query-input":"required name=search_term_string"}],"inLanguage":"en-US"},{"@type":"ImageObject","@id":"https:\/\/machineriesbst.com\/catalogue\/broyeur-basse-vitesse-holzmag\/#primaryimage","inLanguage":"en-US","url":"https:\/\/machineriesbst.com\/wp-content\/uploads\/2021\/07\/IMG_4234.jpg","contentUrl":"https:\/\/machineriesbst.com\/wp-content\/uploads\/2021\/07\/IMG_4234.jpg","width":480,"height":640},{"@type":"WebPage","@id":"https:\/\/machineriesbst.com\/catalogue\/broyeur-basse-vitesse-holzmag\/#webpage","url":"https:\/\/machineriesbst.com\/catalogue\/broyeur-basse-vitesse-holzmag\/","name":"Broyeur Basse Vitesse Holzmag - Machineries BST","isPartOf":{"@id":"https:\/\/machineriesbst.com\/en\/#website"},"primaryImageOfPage":{"@id":"https:\/\/machineriesbst.com\/catalogue\/broyeur-basse-vitesse-holzmag\/#primaryimage"},"datePublished":"2021-07-29T14:38:00+00:00","dateModified":"2026-03-17T21:49:13+00:00","breadcrumb":{"@id":"https:\/\/machineriesbst.com\/catalogue\/broyeur-basse-vitesse-holzmag\/#breadcrumb"},"inLanguage":"en-US","potentialAction":[{"@type":"ReadAction","target":["https:\/\/machineriesbst.com\/catalogue\/broyeur-basse-vitesse-holzmag\/"]}]},{"@type":"BreadcrumbList","@id":"https:\/\/machineriesbst.com\/catalogue\/broyeur-basse-vitesse-holzmag\/#breadcrumb","itemListElement":[{"@type":"ListItem","position":1,"name":"Accueil","item":"https:\/\/machineriesbst.com\/en\/"},{"@type":"ListItem","position":2,"name":"Catalogue","item":"https:\/\/machineriesbst.com\/en\/catalog\/"},{"@type":"ListItem","position":3,"name":"Broyeur Basse Vitesse Holzmag"}]}]}},"_links":{"self":[{"href":"https:\/\/machineriesbst.com\/en\/wp-json\/wp\/v2\/product\/59084"}],"collection":[{"href":"https:\/\/machineriesbst.com\/en\/wp-json\/wp\/v2\/product"}],"about":[{"href":"https:\/\/machineriesbst.com\/en\/wp-json\/wp\/v2\/types\/product"}],"author":[{"embeddable":true,"href":"https:\/\/machineriesbst.com\/en\/wp-json\/wp\/v2\/users\/3"}],"replies":[{"embeddable":true,"href":"https:\/\/machineriesbst.com\/en\/wp-json\/wp\/v2\/comments?post=59084"}],"wp:featuredmedia":[{"embeddable":true,"href":"https:\/\/machineriesbst.com\/en\/wp-json\/wp\/v2\/media\/59100"}],"wp:attachment":[{"href":"https:\/\/machineriesbst.com\/en\/wp-json\/wp\/v2\/media?parent=59084"}],"wp:term":[{"taxonomy":"product_cat","embeddable":true,"href":"https:\/\/machineriesbst.com\/en\/wp-json\/wp\/v2\/product_cat?post=59084"},{"taxonomy":"product_tag","embeddable":true,"href":"https:\/\/machineriesbst.com\/en\/wp-json\/wp\/v2\/product_tag?post=59084"}],"curies":[{"name":"wp","href":"https:\/\/api.w.org\/{rel}","templated":true}]}}