{"id":58916,"date":"2021-06-24T09:49:31","date_gmt":"2021-06-24T13:49:31","guid":{"rendered":"https:\/\/machineriesbst.com\/?post_type=product&#038;p=58916"},"modified":"2023-11-30T20:22:24","modified_gmt":"2023-12-01T01:22:24","slug":"58916","status":"publish","type":"product","link":"https:\/\/machineriesbst.com\/en\/catalogue\/58916\/","title":{"rendered":"Premier Tech Automatic Bagging Machine"},"content":{"rendered":"<p>All safety gates are included with the device.<\/p>\n<p>Designed to operate 24 hours a day, year round with minimal downtime, the VP-400 Four Station Bagger is the perfect solution to high volume automated production. It offers a full range of options that can meet the specific needs of each client. The VP-400 bagging machine has four stations in which the various bagging steps are carried out simultaneously. Four tubes are installed on an indexing turntable which allows the tubes to rotate so that the bag remains in the same tube throughout the bagging cycle.The first 2 stations perform the filling and compression while the third station is equipped with an impulse bag sealer.<\/p>\n<p>Loaded and Ready to Deliver.<\/p>","protected":false},"excerpt":{"rendered":"<p>All safety gates are included with the device. Designed to operate 24 hours a day, year round with minimal downtime, the VP-400 Four Station Bagger is the perfect solution to high volume automated production. It offers a full range of options that can meet the specific needs of each client. The bagger [\u2026]<\/p>","protected":false},"author":3,"featured_media":58917,"comment_status":"open","ping_status":"closed","template":"","meta":[],"product_cat":[229,3032],"product_tag":[],"acf":[],"yoast_head":"<!-- This site is optimized with the Yoast SEO plugin v16.8 - https:\/\/yoast.com\/wordpress\/plugins\/seo\/ -->\n<title>Ensacheuse Automatique Premier Tech - Machineries BST<\/title>\n<meta name=\"robots\" content=\"index, follow, max-snippet:-1, max-image-preview:large, max-video-preview:-1\" \/>\n<link rel=\"canonical\" href=\"https:\/\/machineriesbst.com\/en\/catalogue\/58916\/\" \/>\n<meta property=\"og:locale\" content=\"en_US\" \/>\n<meta property=\"og:type\" content=\"article\" \/>\n<meta property=\"og:title\" content=\"Ensacheuse Automatique Premier Tech - Machineries BST\" \/>\n<meta property=\"og:description\" content=\"Toutes les barri\u00e8res de s\u00e9curit\u00e9 sont incluse avec l&#039;appareil. Con\u00e7ue pour fonctionner 24h sur 24 tout au long de l\u2019ann\u00e9e avec un temps d\u2019arr\u00eat minime, l\u2019ensacheuse \u00e0 quatre stations VP-400 est la solution parfaite une production automatis\u00e9e \u00e0 large volume. Elle offre une gamme compl\u00e8te d\u2019options pouvant r\u00e9pondre aux besoins sp\u00e9cifiques de chaque client. L\u2019ensacheuse [&hellip;]\" \/>\n<meta property=\"og:url\" content=\"https:\/\/machineriesbst.com\/en\/catalogue\/58916\/\" \/>\n<meta property=\"og:site_name\" content=\"Machineries BST\" \/>\n<meta property=\"article:modified_time\" content=\"2023-12-01T01:22:24+00:00\" \/>\n<meta property=\"og:image\" content=\"https:\/\/machineriesbst.com\/wp-content\/uploads\/2021\/06\/IMG_3984.jpg\" \/>\n\t<meta property=\"og:image:width\" content=\"480\" \/>\n\t<meta property=\"og:image:height\" content=\"640\" \/>\n<meta name=\"twitter:card\" content=\"summary_large_image\" \/>\n<meta name=\"twitter:label1\" content=\"Est. reading time\" \/>\n\t<meta name=\"twitter:data1\" content=\"1 minute\" \/>\n<script type=\"application\/ld+json\" class=\"yoast-schema-graph\">{\"@context\":\"https:\/\/schema.org\",\"@graph\":[{\"@type\":\"WebSite\",\"@id\":\"https:\/\/machineriesbst.com\/en\/#website\",\"url\":\"https:\/\/machineriesbst.com\/en\/\",\"name\":\"Machineries BST\",\"description\":\"Machines neuves &amp; usag\\u00e9es\",\"potentialAction\":[{\"@type\":\"SearchAction\",\"target\":{\"@type\":\"EntryPoint\",\"urlTemplate\":\"https:\/\/machineriesbst.com\/en\/?s={search_term_string}\"},\"query-input\":\"required name=search_term_string\"}],\"inLanguage\":\"en-US\"},{\"@type\":\"ImageObject\",\"@id\":\"https:\/\/machineriesbst.com\/en\/catalogue\/58916\/#primaryimage\",\"inLanguage\":\"en-US\",\"url\":\"https:\/\/machineriesbst.com\/wp-content\/uploads\/2021\/06\/IMG_3984.jpg\",\"contentUrl\":\"https:\/\/machineriesbst.com\/wp-content\/uploads\/2021\/06\/IMG_3984.jpg\",\"width\":480,\"height\":640},{\"@type\":\"WebPage\",\"@id\":\"https:\/\/machineriesbst.com\/en\/catalogue\/58916\/#webpage\",\"url\":\"https:\/\/machineriesbst.com\/en\/catalogue\/58916\/\",\"name\":\"Ensacheuse Automatique Premier Tech - Machineries BST\",\"isPartOf\":{\"@id\":\"https:\/\/machineriesbst.com\/en\/#website\"},\"primaryImageOfPage\":{\"@id\":\"https:\/\/machineriesbst.com\/en\/catalogue\/58916\/#primaryimage\"},\"datePublished\":\"2021-06-24T13:49:31+00:00\",\"dateModified\":\"2023-12-01T01:22:24+00:00\",\"breadcrumb\":{\"@id\":\"https:\/\/machineriesbst.com\/en\/catalogue\/58916\/#breadcrumb\"},\"inLanguage\":\"en-US\",\"potentialAction\":[{\"@type\":\"ReadAction\",\"target\":[\"https:\/\/machineriesbst.com\/en\/catalogue\/58916\/\"]}]},{\"@type\":\"BreadcrumbList\",\"@id\":\"https:\/\/machineriesbst.com\/en\/catalogue\/58916\/#breadcrumb\",\"itemListElement\":[{\"@type\":\"ListItem\",\"position\":1,\"name\":\"Accueil\",\"item\":\"https:\/\/machineriesbst.com\/en\/\"},{\"@type\":\"ListItem\",\"position\":2,\"name\":\"Catalogue\",\"item\":\"https:\/\/machineriesbst.com\/en\/catalog\/\"},{\"@type\":\"ListItem\",\"position\":3,\"name\":\"Ensacheuse Automatique Premier Tech\"}]}]}<\/script>\n<!-- \/ Yoast SEO plugin. -->","yoast_head_json":{"title":"Ensacheuse Automatique Premier Tech - Machineries BST","robots":{"index":"index","follow":"follow","max-snippet":"max-snippet:-1","max-image-preview":"max-image-preview:large","max-video-preview":"max-video-preview:-1"},"canonical":"https:\/\/machineriesbst.com\/en\/catalogue\/58916\/","og_locale":"en_US","og_type":"article","og_title":"Ensacheuse Automatique Premier Tech - Machineries BST","og_description":"Toutes les barri\u00e8res de s\u00e9curit\u00e9 sont incluse avec l'appareil. Con\u00e7ue pour fonctionner 24h sur 24 tout au long de l\u2019ann\u00e9e avec un temps d\u2019arr\u00eat minime, l\u2019ensacheuse \u00e0 quatre stations VP-400 est la solution parfaite une production automatis\u00e9e \u00e0 large volume. Elle offre une gamme compl\u00e8te d\u2019options pouvant r\u00e9pondre aux besoins sp\u00e9cifiques de chaque client. L\u2019ensacheuse [&hellip;]","og_url":"https:\/\/machineriesbst.com\/en\/catalogue\/58916\/","og_site_name":"Machineries BST","article_modified_time":"2023-12-01T01:22:24+00:00","og_image":[{"width":480,"height":640,"url":"https:\/\/machineriesbst.com\/wp-content\/uploads\/2021\/06\/IMG_3984.jpg","path":"\/home\/jepeto\/public_html\/wp-content\/uploads\/2021\/06\/IMG_3984.jpg","size":"full","id":58917,"alt":"","pixels":307200,"type":"image\/jpeg"}],"twitter_card":"summary_large_image","twitter_misc":{"Est. reading time":"1 minute"},"schema":{"@context":"https:\/\/schema.org","@graph":[{"@type":"WebSite","@id":"https:\/\/machineriesbst.com\/en\/#website","url":"https:\/\/machineriesbst.com\/en\/","name":"Machineries BST","description":"Machines neuves &amp; usag\u00e9es","potentialAction":[{"@type":"SearchAction","target":{"@type":"EntryPoint","urlTemplate":"https:\/\/machineriesbst.com\/en\/?s={search_term_string}"},"query-input":"required name=search_term_string"}],"inLanguage":"en-US"},{"@type":"ImageObject","@id":"https:\/\/machineriesbst.com\/en\/catalogue\/58916\/#primaryimage","inLanguage":"en-US","url":"https:\/\/machineriesbst.com\/wp-content\/uploads\/2021\/06\/IMG_3984.jpg","contentUrl":"https:\/\/machineriesbst.com\/wp-content\/uploads\/2021\/06\/IMG_3984.jpg","width":480,"height":640},{"@type":"WebPage","@id":"https:\/\/machineriesbst.com\/en\/catalogue\/58916\/#webpage","url":"https:\/\/machineriesbst.com\/en\/catalogue\/58916\/","name":"Ensacheuse Automatique Premier Tech - Machineries BST","isPartOf":{"@id":"https:\/\/machineriesbst.com\/en\/#website"},"primaryImageOfPage":{"@id":"https:\/\/machineriesbst.com\/en\/catalogue\/58916\/#primaryimage"},"datePublished":"2021-06-24T13:49:31+00:00","dateModified":"2023-12-01T01:22:24+00:00","breadcrumb":{"@id":"https:\/\/machineriesbst.com\/en\/catalogue\/58916\/#breadcrumb"},"inLanguage":"en-US","potentialAction":[{"@type":"ReadAction","target":["https:\/\/machineriesbst.com\/en\/catalogue\/58916\/"]}]},{"@type":"BreadcrumbList","@id":"https:\/\/machineriesbst.com\/en\/catalogue\/58916\/#breadcrumb","itemListElement":[{"@type":"ListItem","position":1,"name":"Accueil","item":"https:\/\/machineriesbst.com\/en\/"},{"@type":"ListItem","position":2,"name":"Catalogue","item":"https:\/\/machineriesbst.com\/en\/catalog\/"},{"@type":"ListItem","position":3,"name":"Ensacheuse Automatique Premier Tech"}]}]}},"_links":{"self":[{"href":"https:\/\/machineriesbst.com\/en\/wp-json\/wp\/v2\/product\/58916"}],"collection":[{"href":"https:\/\/machineriesbst.com\/en\/wp-json\/wp\/v2\/product"}],"about":[{"href":"https:\/\/machineriesbst.com\/en\/wp-json\/wp\/v2\/types\/product"}],"author":[{"embeddable":true,"href":"https:\/\/machineriesbst.com\/en\/wp-json\/wp\/v2\/users\/3"}],"replies":[{"embeddable":true,"href":"https:\/\/machineriesbst.com\/en\/wp-json\/wp\/v2\/comments?post=58916"}],"wp:featuredmedia":[{"embeddable":true,"href":"https:\/\/machineriesbst.com\/en\/wp-json\/wp\/v2\/media\/58917"}],"wp:attachment":[{"href":"https:\/\/machineriesbst.com\/en\/wp-json\/wp\/v2\/media?parent=58916"}],"wp:term":[{"taxonomy":"product_cat","embeddable":true,"href":"https:\/\/machineriesbst.com\/en\/wp-json\/wp\/v2\/product_cat?post=58916"},{"taxonomy":"product_tag","embeddable":true,"href":"https:\/\/machineriesbst.com\/en\/wp-json\/wp\/v2\/product_tag?post=58916"}],"curies":[{"name":"wp","href":"https:\/\/api.w.org\/{rel}","templated":true}]}}