{"id":58898,"date":"2021-06-21T11:17:18","date_gmt":"2021-06-21T15:17:18","guid":{"rendered":"https:\/\/machineriesbst.com\/?post_type=product&#038;p=58898"},"modified":"2023-11-30T20:22:24","modified_gmt":"2023-12-01T01:22:24","slug":"c-nc-anderson-omnitech-selexx-pal","status":"publish","type":"product","link":"https:\/\/machineriesbst.com\/en\/catalogue\/c-nc-anderson-omnitech-selexx-pal\/","title":{"rendered":"C NC Anderson Omnitech Selexx Pal"},"content":{"rendered":"<p>5 &#39;X 10&#39; full table <strong>Only 1,800HRS<\/strong><br \/>\n10 HP Routher<br \/>\n8-position HSK 63 tool holder<br \/>\n9 Drill Bit Block<br \/>\n5 pneumatic locating pins<br \/>\nSweep arm<br \/>\nBecker vacuum pump<br \/>\nFanuc Controller<\/p>","protected":false},"excerpt":{"rendered":"<p>5 &#39;X 10&#39; solid table Only 1,800HRS 10 HP Routher 8-position HSK 63 tool holder 9-bit drill block 5 pneumatic positioning pins Sweep arm Becker vacuum pump Fanuc controller<\/p>","protected":false},"author":3,"featured_media":58900,"comment_status":"open","ping_status":"closed","template":"","meta":[],"product_cat":[221],"product_tag":[],"acf":[],"yoast_head":"<!-- This site is optimized with the Yoast SEO plugin v16.8 - https:\/\/yoast.com\/wordpress\/plugins\/seo\/ -->\n<title>C NC Anderson Omnitech Selexx Pal - Machineries BST<\/title>\n<meta name=\"robots\" content=\"index, follow, max-snippet:-1, max-image-preview:large, max-video-preview:-1\" \/>\n<link rel=\"canonical\" href=\"https:\/\/machineriesbst.com\/en\/catalogue\/c-nc-anderson-omnitech-selexx-pal\/\" \/>\n<meta property=\"og:locale\" content=\"en_US\" \/>\n<meta property=\"og:type\" content=\"article\" \/>\n<meta property=\"og:title\" content=\"C NC Anderson Omnitech Selexx Pal - Machineries BST\" \/>\n<meta property=\"og:description\" content=\"Table pleine de\u00a0 5&#039; X 10&#039; Seulement 1,800HRS 10 HP Routher Porte-outil HSK 63 \u00e0 8 positions Bloc de percage \u00e0\u00a0 9 M\u00e8ches 5 goupilles de positionnement pneumatiques Bras de balayage Pompe \u00e0 vide Becker Contr\u00f4leur Fanuc\" \/>\n<meta property=\"og:url\" content=\"https:\/\/machineriesbst.com\/en\/catalogue\/c-nc-anderson-omnitech-selexx-pal\/\" \/>\n<meta property=\"og:site_name\" content=\"Machineries BST\" \/>\n<meta property=\"article:modified_time\" content=\"2023-12-01T01:22:24+00:00\" \/>\n<meta property=\"og:image\" content=\"https:\/\/machineriesbst.com\/wp-content\/uploads\/2021\/06\/omni03.jpg\" \/>\n\t<meta property=\"og:image:width\" content=\"467\" \/>\n\t<meta property=\"og:image:height\" content=\"350\" \/>\n<meta name=\"twitter:card\" content=\"summary_large_image\" \/>\n<script type=\"application\/ld+json\" class=\"yoast-schema-graph\">{\"@context\":\"https:\/\/schema.org\",\"@graph\":[{\"@type\":\"WebSite\",\"@id\":\"https:\/\/machineriesbst.com\/en\/#website\",\"url\":\"https:\/\/machineriesbst.com\/en\/\",\"name\":\"Machineries BST\",\"description\":\"Machines neuves &amp; usag\\u00e9es\",\"potentialAction\":[{\"@type\":\"SearchAction\",\"target\":{\"@type\":\"EntryPoint\",\"urlTemplate\":\"https:\/\/machineriesbst.com\/en\/?s={search_term_string}\"},\"query-input\":\"required name=search_term_string\"}],\"inLanguage\":\"en-US\"},{\"@type\":\"ImageObject\",\"@id\":\"https:\/\/machineriesbst.com\/en\/catalogue\/c-nc-anderson-omnitech-selexx-pal\/#primaryimage\",\"inLanguage\":\"en-US\",\"url\":\"https:\/\/machineriesbst.com\/wp-content\/uploads\/2021\/06\/omni03.jpg\",\"contentUrl\":\"https:\/\/machineriesbst.com\/wp-content\/uploads\/2021\/06\/omni03.jpg\",\"width\":467,\"height\":350},{\"@type\":\"WebPage\",\"@id\":\"https:\/\/machineriesbst.com\/en\/catalogue\/c-nc-anderson-omnitech-selexx-pal\/#webpage\",\"url\":\"https:\/\/machineriesbst.com\/en\/catalogue\/c-nc-anderson-omnitech-selexx-pal\/\",\"name\":\"C NC Anderson Omnitech Selexx Pal - Machineries BST\",\"isPartOf\":{\"@id\":\"https:\/\/machineriesbst.com\/en\/#website\"},\"primaryImageOfPage\":{\"@id\":\"https:\/\/machineriesbst.com\/en\/catalogue\/c-nc-anderson-omnitech-selexx-pal\/#primaryimage\"},\"datePublished\":\"2021-06-21T15:17:18+00:00\",\"dateModified\":\"2023-12-01T01:22:24+00:00\",\"breadcrumb\":{\"@id\":\"https:\/\/machineriesbst.com\/en\/catalogue\/c-nc-anderson-omnitech-selexx-pal\/#breadcrumb\"},\"inLanguage\":\"en-US\",\"potentialAction\":[{\"@type\":\"ReadAction\",\"target\":[\"https:\/\/machineriesbst.com\/en\/catalogue\/c-nc-anderson-omnitech-selexx-pal\/\"]}]},{\"@type\":\"BreadcrumbList\",\"@id\":\"https:\/\/machineriesbst.com\/en\/catalogue\/c-nc-anderson-omnitech-selexx-pal\/#breadcrumb\",\"itemListElement\":[{\"@type\":\"ListItem\",\"position\":1,\"name\":\"Accueil\",\"item\":\"https:\/\/machineriesbst.com\/en\/\"},{\"@type\":\"ListItem\",\"position\":2,\"name\":\"Catalogue\",\"item\":\"https:\/\/machineriesbst.com\/en\/catalog\/\"},{\"@type\":\"ListItem\",\"position\":3,\"name\":\"C NC Anderson Omnitech Selexx Pal\"}]}]}<\/script>\n<!-- \/ Yoast SEO plugin. -->","yoast_head_json":{"title":"C NC Anderson Omnitech Selexx Pal - Machineries BST","robots":{"index":"index","follow":"follow","max-snippet":"max-snippet:-1","max-image-preview":"max-image-preview:large","max-video-preview":"max-video-preview:-1"},"canonical":"https:\/\/machineriesbst.com\/en\/catalogue\/c-nc-anderson-omnitech-selexx-pal\/","og_locale":"en_US","og_type":"article","og_title":"C NC Anderson Omnitech Selexx Pal - Machineries BST","og_description":"Table pleine de\u00a0 5' X 10' Seulement 1,800HRS 10 HP Routher Porte-outil HSK 63 \u00e0 8 positions Bloc de percage \u00e0\u00a0 9 M\u00e8ches 5 goupilles de positionnement pneumatiques Bras de balayage Pompe \u00e0 vide Becker Contr\u00f4leur Fanuc","og_url":"https:\/\/machineriesbst.com\/en\/catalogue\/c-nc-anderson-omnitech-selexx-pal\/","og_site_name":"Machineries BST","article_modified_time":"2023-12-01T01:22:24+00:00","og_image":[{"width":467,"height":350,"url":"https:\/\/machineriesbst.com\/wp-content\/uploads\/2021\/06\/omni03.jpg","path":"\/home\/jepeto\/public_html\/wp-content\/uploads\/2021\/06\/omni03.jpg","size":"full","id":58900,"alt":"","pixels":163450,"type":"image\/jpeg"}],"twitter_card":"summary_large_image","schema":{"@context":"https:\/\/schema.org","@graph":[{"@type":"WebSite","@id":"https:\/\/machineriesbst.com\/en\/#website","url":"https:\/\/machineriesbst.com\/en\/","name":"Machineries BST","description":"Machines neuves &amp; usag\u00e9es","potentialAction":[{"@type":"SearchAction","target":{"@type":"EntryPoint","urlTemplate":"https:\/\/machineriesbst.com\/en\/?s={search_term_string}"},"query-input":"required name=search_term_string"}],"inLanguage":"en-US"},{"@type":"ImageObject","@id":"https:\/\/machineriesbst.com\/en\/catalogue\/c-nc-anderson-omnitech-selexx-pal\/#primaryimage","inLanguage":"en-US","url":"https:\/\/machineriesbst.com\/wp-content\/uploads\/2021\/06\/omni03.jpg","contentUrl":"https:\/\/machineriesbst.com\/wp-content\/uploads\/2021\/06\/omni03.jpg","width":467,"height":350},{"@type":"WebPage","@id":"https:\/\/machineriesbst.com\/en\/catalogue\/c-nc-anderson-omnitech-selexx-pal\/#webpage","url":"https:\/\/machineriesbst.com\/en\/catalogue\/c-nc-anderson-omnitech-selexx-pal\/","name":"C NC Anderson Omnitech Selexx Pal - Machineries BST","isPartOf":{"@id":"https:\/\/machineriesbst.com\/en\/#website"},"primaryImageOfPage":{"@id":"https:\/\/machineriesbst.com\/en\/catalogue\/c-nc-anderson-omnitech-selexx-pal\/#primaryimage"},"datePublished":"2021-06-21T15:17:18+00:00","dateModified":"2023-12-01T01:22:24+00:00","breadcrumb":{"@id":"https:\/\/machineriesbst.com\/en\/catalogue\/c-nc-anderson-omnitech-selexx-pal\/#breadcrumb"},"inLanguage":"en-US","potentialAction":[{"@type":"ReadAction","target":["https:\/\/machineriesbst.com\/en\/catalogue\/c-nc-anderson-omnitech-selexx-pal\/"]}]},{"@type":"BreadcrumbList","@id":"https:\/\/machineriesbst.com\/en\/catalogue\/c-nc-anderson-omnitech-selexx-pal\/#breadcrumb","itemListElement":[{"@type":"ListItem","position":1,"name":"Accueil","item":"https:\/\/machineriesbst.com\/en\/"},{"@type":"ListItem","position":2,"name":"Catalogue","item":"https:\/\/machineriesbst.com\/en\/catalog\/"},{"@type":"ListItem","position":3,"name":"C NC Anderson Omnitech Selexx Pal"}]}]}},"_links":{"self":[{"href":"https:\/\/machineriesbst.com\/en\/wp-json\/wp\/v2\/product\/58898"}],"collection":[{"href":"https:\/\/machineriesbst.com\/en\/wp-json\/wp\/v2\/product"}],"about":[{"href":"https:\/\/machineriesbst.com\/en\/wp-json\/wp\/v2\/types\/product"}],"author":[{"embeddable":true,"href":"https:\/\/machineriesbst.com\/en\/wp-json\/wp\/v2\/users\/3"}],"replies":[{"embeddable":true,"href":"https:\/\/machineriesbst.com\/en\/wp-json\/wp\/v2\/comments?post=58898"}],"wp:featuredmedia":[{"embeddable":true,"href":"https:\/\/machineriesbst.com\/en\/wp-json\/wp\/v2\/media\/58900"}],"wp:attachment":[{"href":"https:\/\/machineriesbst.com\/en\/wp-json\/wp\/v2\/media?parent=58898"}],"wp:term":[{"taxonomy":"product_cat","embeddable":true,"href":"https:\/\/machineriesbst.com\/en\/wp-json\/wp\/v2\/product_cat?post=58898"},{"taxonomy":"product_tag","embeddable":true,"href":"https:\/\/machineriesbst.com\/en\/wp-json\/wp\/v2\/product_tag?post=58898"}],"curies":[{"name":"wp","href":"https:\/\/api.w.org\/{rel}","templated":true}]}}