{"id":58792,"date":"2021-06-08T10:02:01","date_gmt":"2021-06-08T14:02:01","guid":{"rendered":"https:\/\/machineriesbst.com\/?post_type=product&#038;p=58792"},"modified":"2023-11-30T20:22:24","modified_gmt":"2023-12-01T01:22:24","slug":"emballeuse-avec-tunnel-de-film-retractable-nenotech","status":"publish","type":"product","link":"https:\/\/machineriesbst.com\/en\/catalogue\/emballeuse-avec-tunnel-de-film-retractable-nenotech\/","title":{"rendered":"Nenotech Shrink Film Tunnel Wrapper"},"content":{"rendered":"<p>Nenotech shrink film tunnel<br \/>\nModel: 80-50<br \/>\nYear: 2001<br \/>\n60 &quot;width, 42&quot; height<br \/>\nElectric Fan Heater Tunnel<br \/>\nInfeed conveyor<br \/>\nAutomatic feeder with retractable top and bottom rollers<br \/>\nGravity exit roller conveyor<br \/>\nAvailable end of July 2021. Book now.<\/p>\n<p><span class=\"style20\">Link: <\/span><a href=\"https:\/\/www.youtube.com\/watch?v=Ybo_3oEuJmQ&amp;t=12s\"><span class=\"style20\">Nenotech Shrink Wrap - YouTube<\/span><\/a><\/p>","protected":false},"excerpt":{"rendered":"<p>Nenotech Shrink Film Tunnel Model: 80-50 Year: 2001 60 &quot;width, 42&quot; height Electric fan heater tunnel Feeder conveyor Automatic feeder with retractable top and bottom rollers Gravity exit roller conveyor Available end of July 2021. Reserve now. Link: Nenotech Shrink Wrap - YouTube<\/p>","protected":false},"author":3,"featured_media":57241,"comment_status":"open","ping_status":"closed","template":"","meta":[],"product_cat":[3027,237],"product_tag":[],"acf":[],"yoast_head":"<!-- This site is optimized with the Yoast SEO plugin v16.8 - https:\/\/yoast.com\/wordpress\/plugins\/seo\/ -->\n<title>Emballeuse avec Tunnel de film r\u00e9tractable Nenotech - Machineries BST<\/title>\n<meta name=\"robots\" content=\"index, follow, max-snippet:-1, max-image-preview:large, max-video-preview:-1\" \/>\n<link rel=\"canonical\" href=\"https:\/\/machineriesbst.com\/en\/catalogue\/emballeuse-avec-tunnel-de-film-retractable-nenotech\/\" \/>\n<meta property=\"og:locale\" content=\"en_US\" \/>\n<meta property=\"og:type\" content=\"article\" \/>\n<meta property=\"og:title\" content=\"Emballeuse avec Tunnel de film r\u00e9tractable Nenotech - Machineries BST\" \/>\n<meta property=\"og:description\" content=\"Tunnel de film r\u00e9tractable Nenotech Mod\u00e8le: 80-50 Ann\u00e9e: 2001 60 &quot; largeur, 42&quot; hauteur Tunnel de chauffage de ventilateur \u00e9lectrique Convoyeur d&#039;alimentation Alimentateur automatique \u00e0 rouleaux r\u00e9tractables en haut et en bas Convoyeur \u00e0 rouleaux de sortie par gravit\u00e9 Disponible fin juillet 2021. R\u00e9server maintenant . Lien : Nenotech Shrink Wrap - YouTube\" \/>\n<meta property=\"og:url\" content=\"https:\/\/machineriesbst.com\/en\/catalogue\/emballeuse-avec-tunnel-de-film-retractable-nenotech\/\" \/>\n<meta property=\"og:site_name\" content=\"Machineries BST\" \/>\n<meta property=\"article:modified_time\" content=\"2023-12-01T01:22:24+00:00\" \/>\n<meta property=\"og:image\" content=\"https:\/\/machineriesbst.com\/wp-content\/uploads\/2021\/06\/neotech01.jpg\" \/>\n\t<meta property=\"og:image:width\" content=\"672\" \/>\n\t<meta property=\"og:image:height\" content=\"445\" \/>\n<meta name=\"twitter:card\" content=\"summary_large_image\" \/>\n<script type=\"application\/ld+json\" class=\"yoast-schema-graph\">{\"@context\":\"https:\/\/schema.org\",\"@graph\":[{\"@type\":\"WebSite\",\"@id\":\"https:\/\/machineriesbst.com\/en\/#website\",\"url\":\"https:\/\/machineriesbst.com\/en\/\",\"name\":\"Machineries BST\",\"description\":\"Machines neuves &amp; usag\\u00e9es\",\"potentialAction\":[{\"@type\":\"SearchAction\",\"target\":{\"@type\":\"EntryPoint\",\"urlTemplate\":\"https:\/\/machineriesbst.com\/en\/?s={search_term_string}\"},\"query-input\":\"required name=search_term_string\"}],\"inLanguage\":\"en-US\"},{\"@type\":\"ImageObject\",\"@id\":\"https:\/\/machineriesbst.com\/en\/catalogue\/emballeuse-avec-tunnel-de-film-retractable-nenotech\/#primaryimage\",\"inLanguage\":\"en-US\",\"url\":\"https:\/\/machineriesbst.com\/wp-content\/uploads\/2021\/06\/neotech01.jpg\",\"contentUrl\":\"https:\/\/machineriesbst.com\/wp-content\/uploads\/2021\/06\/neotech01.jpg\",\"width\":672,\"height\":445},{\"@type\":\"WebPage\",\"@id\":\"https:\/\/machineriesbst.com\/en\/catalogue\/emballeuse-avec-tunnel-de-film-retractable-nenotech\/#webpage\",\"url\":\"https:\/\/machineriesbst.com\/en\/catalogue\/emballeuse-avec-tunnel-de-film-retractable-nenotech\/\",\"name\":\"Emballeuse avec Tunnel de film r\\u00e9tractable Nenotech - Machineries BST\",\"isPartOf\":{\"@id\":\"https:\/\/machineriesbst.com\/en\/#website\"},\"primaryImageOfPage\":{\"@id\":\"https:\/\/machineriesbst.com\/en\/catalogue\/emballeuse-avec-tunnel-de-film-retractable-nenotech\/#primaryimage\"},\"datePublished\":\"2021-06-08T14:02:01+00:00\",\"dateModified\":\"2023-12-01T01:22:24+00:00\",\"breadcrumb\":{\"@id\":\"https:\/\/machineriesbst.com\/en\/catalogue\/emballeuse-avec-tunnel-de-film-retractable-nenotech\/#breadcrumb\"},\"inLanguage\":\"en-US\",\"potentialAction\":[{\"@type\":\"ReadAction\",\"target\":[\"https:\/\/machineriesbst.com\/en\/catalogue\/emballeuse-avec-tunnel-de-film-retractable-nenotech\/\"]}]},{\"@type\":\"BreadcrumbList\",\"@id\":\"https:\/\/machineriesbst.com\/en\/catalogue\/emballeuse-avec-tunnel-de-film-retractable-nenotech\/#breadcrumb\",\"itemListElement\":[{\"@type\":\"ListItem\",\"position\":1,\"name\":\"Accueil\",\"item\":\"https:\/\/machineriesbst.com\/en\/\"},{\"@type\":\"ListItem\",\"position\":2,\"name\":\"Catalogue\",\"item\":\"https:\/\/machineriesbst.com\/en\/catalog\/\"},{\"@type\":\"ListItem\",\"position\":3,\"name\":\"Emballeuse avec Tunnel de film r\\u00e9tractable Nenotech\"}]}]}<\/script>\n<!-- \/ Yoast SEO plugin. -->","yoast_head_json":{"title":"Emballeuse avec Tunnel de film r\u00e9tractable Nenotech - Machineries BST","robots":{"index":"index","follow":"follow","max-snippet":"max-snippet:-1","max-image-preview":"max-image-preview:large","max-video-preview":"max-video-preview:-1"},"canonical":"https:\/\/machineriesbst.com\/en\/catalogue\/emballeuse-avec-tunnel-de-film-retractable-nenotech\/","og_locale":"en_US","og_type":"article","og_title":"Emballeuse avec Tunnel de film r\u00e9tractable Nenotech - Machineries BST","og_description":"Tunnel de film r\u00e9tractable Nenotech Mod\u00e8le: 80-50 Ann\u00e9e: 2001 60 \" largeur, 42\" hauteur Tunnel de chauffage de ventilateur \u00e9lectrique Convoyeur d'alimentation Alimentateur automatique \u00e0 rouleaux r\u00e9tractables en haut et en bas Convoyeur \u00e0 rouleaux de sortie par gravit\u00e9 Disponible fin juillet 2021. R\u00e9server maintenant . Lien : Nenotech Shrink Wrap - YouTube","og_url":"https:\/\/machineriesbst.com\/en\/catalogue\/emballeuse-avec-tunnel-de-film-retractable-nenotech\/","og_site_name":"Machineries BST","article_modified_time":"2023-12-01T01:22:24+00:00","og_image":[{"width":672,"height":445,"url":"https:\/\/machineriesbst.com\/wp-content\/uploads\/2021\/06\/neotech01.jpg","path":"\/home\/jepeto\/public_html\/wp-content\/uploads\/2021\/06\/neotech01.jpg","size":"full","id":57241,"alt":"","pixels":299040,"type":"image\/jpeg"}],"twitter_card":"summary_large_image","schema":{"@context":"https:\/\/schema.org","@graph":[{"@type":"WebSite","@id":"https:\/\/machineriesbst.com\/en\/#website","url":"https:\/\/machineriesbst.com\/en\/","name":"Machineries BST","description":"Machines neuves &amp; usag\u00e9es","potentialAction":[{"@type":"SearchAction","target":{"@type":"EntryPoint","urlTemplate":"https:\/\/machineriesbst.com\/en\/?s={search_term_string}"},"query-input":"required name=search_term_string"}],"inLanguage":"en-US"},{"@type":"ImageObject","@id":"https:\/\/machineriesbst.com\/en\/catalogue\/emballeuse-avec-tunnel-de-film-retractable-nenotech\/#primaryimage","inLanguage":"en-US","url":"https:\/\/machineriesbst.com\/wp-content\/uploads\/2021\/06\/neotech01.jpg","contentUrl":"https:\/\/machineriesbst.com\/wp-content\/uploads\/2021\/06\/neotech01.jpg","width":672,"height":445},{"@type":"WebPage","@id":"https:\/\/machineriesbst.com\/en\/catalogue\/emballeuse-avec-tunnel-de-film-retractable-nenotech\/#webpage","url":"https:\/\/machineriesbst.com\/en\/catalogue\/emballeuse-avec-tunnel-de-film-retractable-nenotech\/","name":"Emballeuse avec Tunnel de film r\u00e9tractable Nenotech - Machineries BST","isPartOf":{"@id":"https:\/\/machineriesbst.com\/en\/#website"},"primaryImageOfPage":{"@id":"https:\/\/machineriesbst.com\/en\/catalogue\/emballeuse-avec-tunnel-de-film-retractable-nenotech\/#primaryimage"},"datePublished":"2021-06-08T14:02:01+00:00","dateModified":"2023-12-01T01:22:24+00:00","breadcrumb":{"@id":"https:\/\/machineriesbst.com\/en\/catalogue\/emballeuse-avec-tunnel-de-film-retractable-nenotech\/#breadcrumb"},"inLanguage":"en-US","potentialAction":[{"@type":"ReadAction","target":["https:\/\/machineriesbst.com\/en\/catalogue\/emballeuse-avec-tunnel-de-film-retractable-nenotech\/"]}]},{"@type":"BreadcrumbList","@id":"https:\/\/machineriesbst.com\/en\/catalogue\/emballeuse-avec-tunnel-de-film-retractable-nenotech\/#breadcrumb","itemListElement":[{"@type":"ListItem","position":1,"name":"Accueil","item":"https:\/\/machineriesbst.com\/en\/"},{"@type":"ListItem","position":2,"name":"Catalogue","item":"https:\/\/machineriesbst.com\/en\/catalog\/"},{"@type":"ListItem","position":3,"name":"Emballeuse avec Tunnel de film r\u00e9tractable Nenotech"}]}]}},"_links":{"self":[{"href":"https:\/\/machineriesbst.com\/en\/wp-json\/wp\/v2\/product\/58792"}],"collection":[{"href":"https:\/\/machineriesbst.com\/en\/wp-json\/wp\/v2\/product"}],"about":[{"href":"https:\/\/machineriesbst.com\/en\/wp-json\/wp\/v2\/types\/product"}],"author":[{"embeddable":true,"href":"https:\/\/machineriesbst.com\/en\/wp-json\/wp\/v2\/users\/3"}],"replies":[{"embeddable":true,"href":"https:\/\/machineriesbst.com\/en\/wp-json\/wp\/v2\/comments?post=58792"}],"wp:featuredmedia":[{"embeddable":true,"href":"https:\/\/machineriesbst.com\/en\/wp-json\/wp\/v2\/media\/57241"}],"wp:attachment":[{"href":"https:\/\/machineriesbst.com\/en\/wp-json\/wp\/v2\/media?parent=58792"}],"wp:term":[{"taxonomy":"product_cat","embeddable":true,"href":"https:\/\/machineriesbst.com\/en\/wp-json\/wp\/v2\/product_cat?post=58792"},{"taxonomy":"product_tag","embeddable":true,"href":"https:\/\/machineriesbst.com\/en\/wp-json\/wp\/v2\/product_tag?post=58792"}],"curies":[{"name":"wp","href":"https:\/\/api.w.org\/{rel}","templated":true}]}}