{"id":58791,"date":"2021-06-08T10:02:00","date_gmt":"2021-06-08T14:02:00","guid":{"rendered":"https:\/\/machineriesbst.com\/?post_type=product&#038;p=58791"},"modified":"2023-11-30T20:22:24","modified_gmt":"2023-12-01T01:22:24","slug":"cnc-felder-format-2017","status":"publish","type":"product","link":"https:\/\/machineriesbst.com\/en\/catalogue\/cnc-felder-format-2017\/","title":{"rendered":"CNC Felder Format 2017"},"content":{"rendered":"<p>All kinds of shapes are possible. Significant time savings thanks to the combination of automated formatting, drilling and nesting jobs in a single work step.<\/p>\n<p>CNC nesting center with unloading table<br \/>\nExcellent condition and available immediately<br \/>\nTable size 5 x 10<br \/>\n400 volts, three-phase 45 amps with step-up transformer.<br \/>\nThe transformer is configured for 230 volts, three phase.<br \/>\nDrill block with 8 vertical spindles Tool changer (11)<br \/>\nHSD tool holder with machine<br \/>\n2 - Becker 10 HP vacuum pumps<br \/>\nUnloading table with automatic belt conveyor<br \/>\nVery few hours - 680 hours<\/p>","protected":false},"excerpt":{"rendered":"<p>All kinds of shapes are possible. Significant time savings thanks to the combination of automated formatting, drilling and nesting jobs in a single work step. CNC nesting center with unloading table Excellent condition and available immediately Table size 5 x 10 400 volts, three-phase 45 amps with transformer [\u2026]<\/p>","protected":false},"author":3,"featured_media":57236,"comment_status":"open","ping_status":"closed","template":"","meta":[],"product_cat":[221,2265],"product_tag":[],"acf":[],"yoast_head":"<!-- This site is optimized with the Yoast SEO plugin v16.8 - https:\/\/yoast.com\/wordpress\/plugins\/seo\/ -->\n<title>CNC Felder Format 2017 - Machineries BST<\/title>\n<meta name=\"robots\" content=\"index, follow, max-snippet:-1, max-image-preview:large, max-video-preview:-1\" \/>\n<link rel=\"canonical\" href=\"https:\/\/machineriesbst.com\/en\/catalogue\/cnc-felder-format-2017\/\" \/>\n<meta property=\"og:locale\" content=\"en_US\" \/>\n<meta property=\"og:type\" content=\"article\" \/>\n<meta property=\"og:title\" content=\"CNC Felder Format 2017 - Machineries BST\" \/>\n<meta property=\"og:description\" content=\"Toutes sortes de formes sont possibles. Gain de temps tr\u00e8s important gr\u00e2ce \u00e0 la combinaison des travaux automatis\u00e9es de formatage, per\u00e7age et nesting en une seule \u00e9tape de travail. Centre d&#039;imbrication CNC avec table de d\u00e9chargement Excellent \u00e9tat et disponible imm\u00e9diatement Taille de la table 5 x 10 400 volts, triphas\u00e9 45 amp\u00e8res avec transformateur [&hellip;]\" \/>\n<meta property=\"og:url\" content=\"https:\/\/machineriesbst.com\/en\/catalogue\/cnc-felder-format-2017\/\" \/>\n<meta property=\"og:site_name\" content=\"Machineries BST\" \/>\n<meta property=\"article:modified_time\" content=\"2023-12-01T01:22:24+00:00\" \/>\n<meta property=\"og:image\" content=\"https:\/\/machineriesbst.com\/wp-content\/uploads\/2021\/06\/felder04.jpg\" \/>\n\t<meta property=\"og:image:width\" content=\"592\" \/>\n\t<meta property=\"og:image:height\" content=\"589\" \/>\n<meta name=\"twitter:card\" content=\"summary_large_image\" \/>\n<script type=\"application\/ld+json\" class=\"yoast-schema-graph\">{\"@context\":\"https:\/\/schema.org\",\"@graph\":[{\"@type\":\"WebSite\",\"@id\":\"https:\/\/machineriesbst.com\/en\/#website\",\"url\":\"https:\/\/machineriesbst.com\/en\/\",\"name\":\"Machineries BST\",\"description\":\"Machines neuves &amp; usag\\u00e9es\",\"potentialAction\":[{\"@type\":\"SearchAction\",\"target\":{\"@type\":\"EntryPoint\",\"urlTemplate\":\"https:\/\/machineriesbst.com\/en\/?s={search_term_string}\"},\"query-input\":\"required name=search_term_string\"}],\"inLanguage\":\"en-US\"},{\"@type\":\"ImageObject\",\"@id\":\"https:\/\/machineriesbst.com\/en\/catalogue\/cnc-felder-format-2017\/#primaryimage\",\"inLanguage\":\"en-US\",\"url\":\"https:\/\/machineriesbst.com\/wp-content\/uploads\/2021\/06\/felder04.jpg\",\"contentUrl\":\"https:\/\/machineriesbst.com\/wp-content\/uploads\/2021\/06\/felder04.jpg\",\"width\":592,\"height\":589},{\"@type\":\"WebPage\",\"@id\":\"https:\/\/machineriesbst.com\/en\/catalogue\/cnc-felder-format-2017\/#webpage\",\"url\":\"https:\/\/machineriesbst.com\/en\/catalogue\/cnc-felder-format-2017\/\",\"name\":\"CNC Felder Format 2017 - Machineries BST\",\"isPartOf\":{\"@id\":\"https:\/\/machineriesbst.com\/en\/#website\"},\"primaryImageOfPage\":{\"@id\":\"https:\/\/machineriesbst.com\/en\/catalogue\/cnc-felder-format-2017\/#primaryimage\"},\"datePublished\":\"2021-06-08T14:02:00+00:00\",\"dateModified\":\"2023-12-01T01:22:24+00:00\",\"breadcrumb\":{\"@id\":\"https:\/\/machineriesbst.com\/en\/catalogue\/cnc-felder-format-2017\/#breadcrumb\"},\"inLanguage\":\"en-US\",\"potentialAction\":[{\"@type\":\"ReadAction\",\"target\":[\"https:\/\/machineriesbst.com\/en\/catalogue\/cnc-felder-format-2017\/\"]}]},{\"@type\":\"BreadcrumbList\",\"@id\":\"https:\/\/machineriesbst.com\/en\/catalogue\/cnc-felder-format-2017\/#breadcrumb\",\"itemListElement\":[{\"@type\":\"ListItem\",\"position\":1,\"name\":\"Accueil\",\"item\":\"https:\/\/machineriesbst.com\/en\/\"},{\"@type\":\"ListItem\",\"position\":2,\"name\":\"Catalogue\",\"item\":\"https:\/\/machineriesbst.com\/en\/catalog\/\"},{\"@type\":\"ListItem\",\"position\":3,\"name\":\"CNC Felder Format 2017\"}]}]}<\/script>\n<!-- \/ Yoast SEO plugin. -->","yoast_head_json":{"title":"CNC Felder Format 2017 - Machineries BST","robots":{"index":"index","follow":"follow","max-snippet":"max-snippet:-1","max-image-preview":"max-image-preview:large","max-video-preview":"max-video-preview:-1"},"canonical":"https:\/\/machineriesbst.com\/en\/catalogue\/cnc-felder-format-2017\/","og_locale":"en_US","og_type":"article","og_title":"CNC Felder Format 2017 - Machineries BST","og_description":"Toutes sortes de formes sont possibles. Gain de temps tr\u00e8s important gr\u00e2ce \u00e0 la combinaison des travaux automatis\u00e9es de formatage, per\u00e7age et nesting en une seule \u00e9tape de travail. Centre d'imbrication CNC avec table de d\u00e9chargement Excellent \u00e9tat et disponible imm\u00e9diatement Taille de la table 5 x 10 400 volts, triphas\u00e9 45 amp\u00e8res avec transformateur [&hellip;]","og_url":"https:\/\/machineriesbst.com\/en\/catalogue\/cnc-felder-format-2017\/","og_site_name":"Machineries BST","article_modified_time":"2023-12-01T01:22:24+00:00","og_image":[{"width":592,"height":589,"url":"https:\/\/machineriesbst.com\/wp-content\/uploads\/2021\/06\/felder04.jpg","path":"\/home\/jepeto\/public_html\/wp-content\/uploads\/2021\/06\/felder04.jpg","size":"full","id":57236,"alt":"","pixels":348688,"type":"image\/jpeg"}],"twitter_card":"summary_large_image","schema":{"@context":"https:\/\/schema.org","@graph":[{"@type":"WebSite","@id":"https:\/\/machineriesbst.com\/en\/#website","url":"https:\/\/machineriesbst.com\/en\/","name":"Machineries BST","description":"Machines neuves &amp; usag\u00e9es","potentialAction":[{"@type":"SearchAction","target":{"@type":"EntryPoint","urlTemplate":"https:\/\/machineriesbst.com\/en\/?s={search_term_string}"},"query-input":"required name=search_term_string"}],"inLanguage":"en-US"},{"@type":"ImageObject","@id":"https:\/\/machineriesbst.com\/en\/catalogue\/cnc-felder-format-2017\/#primaryimage","inLanguage":"en-US","url":"https:\/\/machineriesbst.com\/wp-content\/uploads\/2021\/06\/felder04.jpg","contentUrl":"https:\/\/machineriesbst.com\/wp-content\/uploads\/2021\/06\/felder04.jpg","width":592,"height":589},{"@type":"WebPage","@id":"https:\/\/machineriesbst.com\/en\/catalogue\/cnc-felder-format-2017\/#webpage","url":"https:\/\/machineriesbst.com\/en\/catalogue\/cnc-felder-format-2017\/","name":"CNC Felder Format 2017 - Machineries BST","isPartOf":{"@id":"https:\/\/machineriesbst.com\/en\/#website"},"primaryImageOfPage":{"@id":"https:\/\/machineriesbst.com\/en\/catalogue\/cnc-felder-format-2017\/#primaryimage"},"datePublished":"2021-06-08T14:02:00+00:00","dateModified":"2023-12-01T01:22:24+00:00","breadcrumb":{"@id":"https:\/\/machineriesbst.com\/en\/catalogue\/cnc-felder-format-2017\/#breadcrumb"},"inLanguage":"en-US","potentialAction":[{"@type":"ReadAction","target":["https:\/\/machineriesbst.com\/en\/catalogue\/cnc-felder-format-2017\/"]}]},{"@type":"BreadcrumbList","@id":"https:\/\/machineriesbst.com\/en\/catalogue\/cnc-felder-format-2017\/#breadcrumb","itemListElement":[{"@type":"ListItem","position":1,"name":"Accueil","item":"https:\/\/machineriesbst.com\/en\/"},{"@type":"ListItem","position":2,"name":"Catalogue","item":"https:\/\/machineriesbst.com\/en\/catalog\/"},{"@type":"ListItem","position":3,"name":"CNC Felder Format 2017"}]}]}},"_links":{"self":[{"href":"https:\/\/machineriesbst.com\/en\/wp-json\/wp\/v2\/product\/58791"}],"collection":[{"href":"https:\/\/machineriesbst.com\/en\/wp-json\/wp\/v2\/product"}],"about":[{"href":"https:\/\/machineriesbst.com\/en\/wp-json\/wp\/v2\/types\/product"}],"author":[{"embeddable":true,"href":"https:\/\/machineriesbst.com\/en\/wp-json\/wp\/v2\/users\/3"}],"replies":[{"embeddable":true,"href":"https:\/\/machineriesbst.com\/en\/wp-json\/wp\/v2\/comments?post=58791"}],"wp:featuredmedia":[{"embeddable":true,"href":"https:\/\/machineriesbst.com\/en\/wp-json\/wp\/v2\/media\/57236"}],"wp:attachment":[{"href":"https:\/\/machineriesbst.com\/en\/wp-json\/wp\/v2\/media?parent=58791"}],"wp:term":[{"taxonomy":"product_cat","embeddable":true,"href":"https:\/\/machineriesbst.com\/en\/wp-json\/wp\/v2\/product_cat?post=58791"},{"taxonomy":"product_tag","embeddable":true,"href":"https:\/\/machineriesbst.com\/en\/wp-json\/wp\/v2\/product_tag?post=58791"}],"curies":[{"name":"wp","href":"https:\/\/api.w.org\/{rel}","templated":true}]}}