{"id":58789,"date":"2021-06-08T10:02:00","date_gmt":"2021-06-08T14:02:00","guid":{"rendered":"https:\/\/machineriesbst.com\/?post_type=product&#038;p=58789"},"modified":"2023-11-30T20:22:24","modified_gmt":"2023-12-01T01:22:24","slug":"end-matcher-bouveteuse-friulmac","status":"publish","type":"product","link":"https:\/\/machineriesbst.com\/en\/catalogue\/end-matcher-bouveteuse-friulmac\/","title":{"rendered":"End Matcher Bouveteuse Friulmac"},"content":{"rendered":"<p>Cut the length continuously.<br \/>\nFew hours of use only for tailor-made.<br \/>\nNewly rebuilt rails and bearings, belts have little uptime. Comes equipped with heads for running T&amp;G May have other inserts \/ heads designed for other uses such as finger joints.<br \/>\nCan accommodate materials 10mm to 30mm thick, 30mm to 250mm wide and 160mm + in length.<\/p>\n<ul>\n<li>No more waste of time for focusing; no more low productivity and low quality!<\/li>\n<\/ul>\n<ul>\n<li>By a modest investment RANDOMAT-E allows a\u00a0<strong>continuous production<\/strong>\u00a0parts with variable lengths and any type of profile.<\/li>\n<\/ul>\n<ul>\n<li>Possibility of machining also elements with fixed length thanks to the\u00a0<strong>reference stop<\/strong>\u00a0on the exit belt.<\/li>\n<\/ul>\n<ul>\n<li><strong>Minimum setup time<\/strong>\u00a0to change the profile.<\/li>\n<\/ul>\n<ul>\n<li><strong>Compact dimensions<\/strong>\u00a0that reduce the need for space in your plant.<\/li>\n<li>Profiling unit (4Kw motor)\n<p>Profiling unit (spindle diameter 40 mm) (effective spindle length 70 mm)<\/p>\n<p>Profiling unit (speed 7200 rpm)<\/p>\n<p>Profiling unit (tool diameter: min. 160 mm - max. 200 mm)<\/p>\n<p>Conveyor belt speed: 0-100 m \/ min.<\/p>\n<p>Machine voltage: 460V \/ 3Phase<\/li>\n<\/ul>\n<p>&nbsp;<\/p>","protected":false},"excerpt":{"rendered":"<p>Cut the length continuously. Few hours of use only for tailor-made. Newly rebuilt rails and bearings, belts have little uptime. Comes equipped with heads for running T&amp;G May have other inserts \/ heads designed for other uses such as finger joints. Can accommodate materials of [\u2026]<\/p>","protected":false},"author":3,"featured_media":55625,"comment_status":"open","ping_status":"closed","template":"","meta":[],"product_cat":[303],"product_tag":[],"acf":[],"yoast_head":"<!-- This site is optimized with the Yoast SEO plugin v16.8 - https:\/\/yoast.com\/wordpress\/plugins\/seo\/ -->\n<title>End Matcher Bouveteuse Friulmac - Machineries BST<\/title>\n<meta name=\"robots\" content=\"index, follow, max-snippet:-1, max-image-preview:large, max-video-preview:-1\" \/>\n<link rel=\"canonical\" href=\"https:\/\/machineriesbst.com\/en\/catalogue\/end-matcher-bouveteuse-friulmac\/\" \/>\n<meta property=\"og:locale\" content=\"en_US\" \/>\n<meta property=\"og:type\" content=\"article\" \/>\n<meta property=\"og:title\" content=\"End Matcher Bouveteuse Friulmac - Machineries BST\" \/>\n<meta property=\"og:description\" content=\"Coupe la longueur en continu . Peu d&#039;heures d&#039;utilisation seulement pour le sur mesure. Rails et roulements r\u00e9cemment reconstruits, les courroies ont peu de temps de fonctionnement. Livr\u00e9 \u00e9quip\u00e9 de t\u00eates pour courir T&amp;G Peut avoir d&#039;autres inserts \/ t\u00eates con\u00e7us pour d&#039;autres utilisations telles que les articulations des doigts. Peut accueillir des mat\u00e9riaux de [&hellip;]\" \/>\n<meta property=\"og:url\" content=\"https:\/\/machineriesbst.com\/en\/catalogue\/end-matcher-bouveteuse-friulmac\/\" \/>\n<meta property=\"og:site_name\" content=\"Machineries BST\" \/>\n<meta property=\"article:modified_time\" content=\"2023-12-01T01:22:24+00:00\" \/>\n<meta property=\"og:image\" content=\"https:\/\/machineriesbst.com\/wp-content\/uploads\/2021\/05\/Endmatch.jpg\" \/>\n\t<meta property=\"og:image:width\" content=\"640\" \/>\n\t<meta property=\"og:image:height\" content=\"480\" \/>\n<meta name=\"twitter:card\" content=\"summary_large_image\" \/>\n<meta name=\"twitter:label1\" content=\"Est. reading time\" \/>\n\t<meta name=\"twitter:data1\" content=\"1 minute\" \/>\n<script type=\"application\/ld+json\" class=\"yoast-schema-graph\">{\"@context\":\"https:\/\/schema.org\",\"@graph\":[{\"@type\":\"WebSite\",\"@id\":\"https:\/\/machineriesbst.com\/en\/#website\",\"url\":\"https:\/\/machineriesbst.com\/en\/\",\"name\":\"Machineries BST\",\"description\":\"Machines neuves &amp; usag\\u00e9es\",\"potentialAction\":[{\"@type\":\"SearchAction\",\"target\":{\"@type\":\"EntryPoint\",\"urlTemplate\":\"https:\/\/machineriesbst.com\/en\/?s={search_term_string}\"},\"query-input\":\"required name=search_term_string\"}],\"inLanguage\":\"en-US\"},{\"@type\":\"ImageObject\",\"@id\":\"https:\/\/machineriesbst.com\/en\/catalogue\/end-matcher-bouveteuse-friulmac\/#primaryimage\",\"inLanguage\":\"en-US\",\"url\":\"https:\/\/machineriesbst.com\/wp-content\/uploads\/2021\/05\/Endmatch.jpg\",\"contentUrl\":\"https:\/\/machineriesbst.com\/wp-content\/uploads\/2021\/05\/Endmatch.jpg\",\"width\":640,\"height\":480},{\"@type\":\"WebPage\",\"@id\":\"https:\/\/machineriesbst.com\/en\/catalogue\/end-matcher-bouveteuse-friulmac\/#webpage\",\"url\":\"https:\/\/machineriesbst.com\/en\/catalogue\/end-matcher-bouveteuse-friulmac\/\",\"name\":\"End Matcher Bouveteuse Friulmac - Machineries BST\",\"isPartOf\":{\"@id\":\"https:\/\/machineriesbst.com\/en\/#website\"},\"primaryImageOfPage\":{\"@id\":\"https:\/\/machineriesbst.com\/en\/catalogue\/end-matcher-bouveteuse-friulmac\/#primaryimage\"},\"datePublished\":\"2021-06-08T14:02:00+00:00\",\"dateModified\":\"2023-12-01T01:22:24+00:00\",\"breadcrumb\":{\"@id\":\"https:\/\/machineriesbst.com\/en\/catalogue\/end-matcher-bouveteuse-friulmac\/#breadcrumb\"},\"inLanguage\":\"en-US\",\"potentialAction\":[{\"@type\":\"ReadAction\",\"target\":[\"https:\/\/machineriesbst.com\/en\/catalogue\/end-matcher-bouveteuse-friulmac\/\"]}]},{\"@type\":\"BreadcrumbList\",\"@id\":\"https:\/\/machineriesbst.com\/en\/catalogue\/end-matcher-bouveteuse-friulmac\/#breadcrumb\",\"itemListElement\":[{\"@type\":\"ListItem\",\"position\":1,\"name\":\"Accueil\",\"item\":\"https:\/\/machineriesbst.com\/en\/\"},{\"@type\":\"ListItem\",\"position\":2,\"name\":\"Catalogue\",\"item\":\"https:\/\/machineriesbst.com\/en\/catalog\/\"},{\"@type\":\"ListItem\",\"position\":3,\"name\":\"End Matcher Bouveteuse Friulmac\"}]}]}<\/script>\n<!-- \/ Yoast SEO plugin. -->","yoast_head_json":{"title":"End Matcher Bouveteuse Friulmac - Machineries BST","robots":{"index":"index","follow":"follow","max-snippet":"max-snippet:-1","max-image-preview":"max-image-preview:large","max-video-preview":"max-video-preview:-1"},"canonical":"https:\/\/machineriesbst.com\/en\/catalogue\/end-matcher-bouveteuse-friulmac\/","og_locale":"en_US","og_type":"article","og_title":"End Matcher Bouveteuse Friulmac - Machineries BST","og_description":"Coupe la longueur en continu . Peu d'heures d'utilisation seulement pour le sur mesure. Rails et roulements r\u00e9cemment reconstruits, les courroies ont peu de temps de fonctionnement. Livr\u00e9 \u00e9quip\u00e9 de t\u00eates pour courir T&amp;G Peut avoir d'autres inserts \/ t\u00eates con\u00e7us pour d'autres utilisations telles que les articulations des doigts. Peut accueillir des mat\u00e9riaux de [&hellip;]","og_url":"https:\/\/machineriesbst.com\/en\/catalogue\/end-matcher-bouveteuse-friulmac\/","og_site_name":"Machineries BST","article_modified_time":"2023-12-01T01:22:24+00:00","og_image":[{"width":640,"height":480,"url":"https:\/\/machineriesbst.com\/wp-content\/uploads\/2021\/05\/Endmatch.jpg","path":"\/home\/jepeto\/public_html\/wp-content\/uploads\/2021\/05\/Endmatch.jpg","size":"full","id":55625,"alt":"","pixels":307200,"type":"image\/jpeg"}],"twitter_card":"summary_large_image","twitter_misc":{"Est. reading time":"1 minute"},"schema":{"@context":"https:\/\/schema.org","@graph":[{"@type":"WebSite","@id":"https:\/\/machineriesbst.com\/en\/#website","url":"https:\/\/machineriesbst.com\/en\/","name":"Machineries BST","description":"Machines neuves &amp; usag\u00e9es","potentialAction":[{"@type":"SearchAction","target":{"@type":"EntryPoint","urlTemplate":"https:\/\/machineriesbst.com\/en\/?s={search_term_string}"},"query-input":"required name=search_term_string"}],"inLanguage":"en-US"},{"@type":"ImageObject","@id":"https:\/\/machineriesbst.com\/en\/catalogue\/end-matcher-bouveteuse-friulmac\/#primaryimage","inLanguage":"en-US","url":"https:\/\/machineriesbst.com\/wp-content\/uploads\/2021\/05\/Endmatch.jpg","contentUrl":"https:\/\/machineriesbst.com\/wp-content\/uploads\/2021\/05\/Endmatch.jpg","width":640,"height":480},{"@type":"WebPage","@id":"https:\/\/machineriesbst.com\/en\/catalogue\/end-matcher-bouveteuse-friulmac\/#webpage","url":"https:\/\/machineriesbst.com\/en\/catalogue\/end-matcher-bouveteuse-friulmac\/","name":"End Matcher Bouveteuse Friulmac - Machineries BST","isPartOf":{"@id":"https:\/\/machineriesbst.com\/en\/#website"},"primaryImageOfPage":{"@id":"https:\/\/machineriesbst.com\/en\/catalogue\/end-matcher-bouveteuse-friulmac\/#primaryimage"},"datePublished":"2021-06-08T14:02:00+00:00","dateModified":"2023-12-01T01:22:24+00:00","breadcrumb":{"@id":"https:\/\/machineriesbst.com\/en\/catalogue\/end-matcher-bouveteuse-friulmac\/#breadcrumb"},"inLanguage":"en-US","potentialAction":[{"@type":"ReadAction","target":["https:\/\/machineriesbst.com\/en\/catalogue\/end-matcher-bouveteuse-friulmac\/"]}]},{"@type":"BreadcrumbList","@id":"https:\/\/machineriesbst.com\/en\/catalogue\/end-matcher-bouveteuse-friulmac\/#breadcrumb","itemListElement":[{"@type":"ListItem","position":1,"name":"Accueil","item":"https:\/\/machineriesbst.com\/en\/"},{"@type":"ListItem","position":2,"name":"Catalogue","item":"https:\/\/machineriesbst.com\/en\/catalog\/"},{"@type":"ListItem","position":3,"name":"End Matcher Bouveteuse Friulmac"}]}]}},"_links":{"self":[{"href":"https:\/\/machineriesbst.com\/en\/wp-json\/wp\/v2\/product\/58789"}],"collection":[{"href":"https:\/\/machineriesbst.com\/en\/wp-json\/wp\/v2\/product"}],"about":[{"href":"https:\/\/machineriesbst.com\/en\/wp-json\/wp\/v2\/types\/product"}],"author":[{"embeddable":true,"href":"https:\/\/machineriesbst.com\/en\/wp-json\/wp\/v2\/users\/3"}],"replies":[{"embeddable":true,"href":"https:\/\/machineriesbst.com\/en\/wp-json\/wp\/v2\/comments?post=58789"}],"wp:featuredmedia":[{"embeddable":true,"href":"https:\/\/machineriesbst.com\/en\/wp-json\/wp\/v2\/media\/55625"}],"wp:attachment":[{"href":"https:\/\/machineriesbst.com\/en\/wp-json\/wp\/v2\/media?parent=58789"}],"wp:term":[{"taxonomy":"product_cat","embeddable":true,"href":"https:\/\/machineriesbst.com\/en\/wp-json\/wp\/v2\/product_cat?post=58789"},{"taxonomy":"product_tag","embeddable":true,"href":"https:\/\/machineriesbst.com\/en\/wp-json\/wp\/v2\/product_tag?post=58789"}],"curies":[{"name":"wp","href":"https:\/\/api.w.org\/{rel}","templated":true}]}}