{"id":58787,"date":"2021-06-08T10:01:59","date_gmt":"2021-06-08T14:01:59","guid":{"rendered":"https:\/\/machineriesbst.com\/?post_type=product&#038;p=58787"},"modified":"2023-11-30T20:22:24","modified_gmt":"2023-12-01T01:22:24","slug":"serre-rotative","status":"publish","type":"product","link":"https:\/\/machineriesbst.com\/en\/catalogue\/serre-rotative\/","title":{"rendered":"Rotary greenhouse"},"content":{"rendered":"<p>8.5ft Rotary Greenhouse<br \/>\nSome of the sills are 3.5 inches tall, Glue thicker.<br \/>\nThe machine is designed to be able to rotate panels up to 8.5ft long, but we have used it successfully to glue 14ft panels (cannot rotate all around) Has 38 Racks. Glue a maximum of 32 \u201dwide The automatic rifle tightens and loosens. Glue applicator easily adjusts coverage by adjusting roller spacing<\/p>\n<p>1997 Taylor Clamp Carrier<br \/>\nTaylor Glue Applicator<br \/>\nWe have successfully glued 12\/4, and some of the pads measure 3.5 \u201dtall so thicker should be possible.<br \/>\nMachine is designed to be able to rotate panels up to 8.5 &#39;long, but we have successfully used this to glue 14&#39; panels (cannot rotate all the way around) Has 38 racks attached with many extras and parts to go with Can glue a max of 32 \u201dwide Automatic clamp tightens and loosens Glue applicator easily adjusts coverage by adjusting roller spacing.<\/p>","protected":false},"excerpt":{"rendered":"<p>8.5ft Rotary Greenhouse Some of the sills are 3.5 inches high, Glue thicker. The machine is designed to be able to rotate panels up to 8.5ft long, but we have used it successfully to glue 14ft panels (cannot rotate all around) Has 38 Racks. Paste [\u2026]<\/p>","protected":false},"author":3,"featured_media":55622,"comment_status":"open","ping_status":"closed","template":"","meta":[],"product_cat":[381,3031],"product_tag":[],"acf":[],"yoast_head":"<!-- This site is optimized with the Yoast SEO plugin v16.8 - https:\/\/yoast.com\/wordpress\/plugins\/seo\/ -->\n<title>Serre Rotative - Machineries BST<\/title>\n<meta name=\"robots\" content=\"index, follow, max-snippet:-1, max-image-preview:large, max-video-preview:-1\" \/>\n<link rel=\"canonical\" href=\"https:\/\/machineriesbst.com\/en\/catalogue\/serre-rotative\/\" \/>\n<meta property=\"og:locale\" content=\"en_US\" \/>\n<meta property=\"og:type\" content=\"article\" \/>\n<meta property=\"og:title\" content=\"Serre Rotative - Machineries BST\" \/>\n<meta property=\"og:description\" content=\"Serre Rotative de 8.5pi Certains des appuit mesurent 3,5 pouces de hauteur, Colle plus \u00e9pais. La machine est con\u00e7ue pour pouvoir faire pivoter des panneaux jusqu&#039;\u00e0 8,5 pi de long, mais nous l&#039;avons utilis\u00e9 avec succ\u00e8s pour coller des panneaux de 14 pi (ne peut pas tourner tout autour) Dispose de 38 Racks . Coller [&hellip;]\" \/>\n<meta property=\"og:url\" content=\"https:\/\/machineriesbst.com\/en\/catalogue\/serre-rotative\/\" \/>\n<meta property=\"og:site_name\" content=\"Machineries BST\" \/>\n<meta property=\"article:modified_time\" content=\"2023-12-01T01:22:24+00:00\" \/>\n<meta property=\"og:image\" content=\"https:\/\/machineriesbst.com\/wp-content\/uploads\/2021\/05\/Glue_Rack.jpg\" \/>\n\t<meta property=\"og:image:width\" content=\"640\" \/>\n\t<meta property=\"og:image:height\" content=\"480\" \/>\n<meta name=\"twitter:card\" content=\"summary_large_image\" \/>\n<meta name=\"twitter:label1\" content=\"Est. reading time\" \/>\n\t<meta name=\"twitter:data1\" content=\"1 minute\" \/>\n<script type=\"application\/ld+json\" class=\"yoast-schema-graph\">{\"@context\":\"https:\/\/schema.org\",\"@graph\":[{\"@type\":\"WebSite\",\"@id\":\"https:\/\/machineriesbst.com\/en\/#website\",\"url\":\"https:\/\/machineriesbst.com\/en\/\",\"name\":\"Machineries BST\",\"description\":\"Machines neuves &amp; usag\\u00e9es\",\"potentialAction\":[{\"@type\":\"SearchAction\",\"target\":{\"@type\":\"EntryPoint\",\"urlTemplate\":\"https:\/\/machineriesbst.com\/en\/?s={search_term_string}\"},\"query-input\":\"required name=search_term_string\"}],\"inLanguage\":\"en-US\"},{\"@type\":\"ImageObject\",\"@id\":\"https:\/\/machineriesbst.com\/en\/catalogue\/serre-rotative\/#primaryimage\",\"inLanguage\":\"en-US\",\"url\":\"https:\/\/machineriesbst.com\/wp-content\/uploads\/2021\/05\/Glue_Rack.jpg\",\"contentUrl\":\"https:\/\/machineriesbst.com\/wp-content\/uploads\/2021\/05\/Glue_Rack.jpg\",\"width\":640,\"height\":480},{\"@type\":\"WebPage\",\"@id\":\"https:\/\/machineriesbst.com\/en\/catalogue\/serre-rotative\/#webpage\",\"url\":\"https:\/\/machineriesbst.com\/en\/catalogue\/serre-rotative\/\",\"name\":\"Serre Rotative - Machineries BST\",\"isPartOf\":{\"@id\":\"https:\/\/machineriesbst.com\/en\/#website\"},\"primaryImageOfPage\":{\"@id\":\"https:\/\/machineriesbst.com\/en\/catalogue\/serre-rotative\/#primaryimage\"},\"datePublished\":\"2021-06-08T14:01:59+00:00\",\"dateModified\":\"2023-12-01T01:22:24+00:00\",\"breadcrumb\":{\"@id\":\"https:\/\/machineriesbst.com\/en\/catalogue\/serre-rotative\/#breadcrumb\"},\"inLanguage\":\"en-US\",\"potentialAction\":[{\"@type\":\"ReadAction\",\"target\":[\"https:\/\/machineriesbst.com\/en\/catalogue\/serre-rotative\/\"]}]},{\"@type\":\"BreadcrumbList\",\"@id\":\"https:\/\/machineriesbst.com\/en\/catalogue\/serre-rotative\/#breadcrumb\",\"itemListElement\":[{\"@type\":\"ListItem\",\"position\":1,\"name\":\"Accueil\",\"item\":\"https:\/\/machineriesbst.com\/en\/\"},{\"@type\":\"ListItem\",\"position\":2,\"name\":\"Catalogue\",\"item\":\"https:\/\/machineriesbst.com\/en\/catalog\/\"},{\"@type\":\"ListItem\",\"position\":3,\"name\":\"Serre Rotative\"}]}]}<\/script>\n<!-- \/ Yoast SEO plugin. -->","yoast_head_json":{"title":"Serre Rotative - Machineries BST","robots":{"index":"index","follow":"follow","max-snippet":"max-snippet:-1","max-image-preview":"max-image-preview:large","max-video-preview":"max-video-preview:-1"},"canonical":"https:\/\/machineriesbst.com\/en\/catalogue\/serre-rotative\/","og_locale":"en_US","og_type":"article","og_title":"Serre Rotative - Machineries BST","og_description":"Serre Rotative de 8.5pi Certains des appuit mesurent 3,5 pouces de hauteur, Colle plus \u00e9pais. La machine est con\u00e7ue pour pouvoir faire pivoter des panneaux jusqu'\u00e0 8,5 pi de long, mais nous l'avons utilis\u00e9 avec succ\u00e8s pour coller des panneaux de 14 pi (ne peut pas tourner tout autour) Dispose de 38 Racks . Coller [&hellip;]","og_url":"https:\/\/machineriesbst.com\/en\/catalogue\/serre-rotative\/","og_site_name":"Machineries BST","article_modified_time":"2023-12-01T01:22:24+00:00","og_image":[{"width":640,"height":480,"url":"https:\/\/machineriesbst.com\/wp-content\/uploads\/2021\/05\/Glue_Rack.jpg","path":"\/home\/jepeto\/public_html\/wp-content\/uploads\/2021\/05\/Glue_Rack.jpg","size":"full","id":55622,"alt":"","pixels":307200,"type":"image\/jpeg"}],"twitter_card":"summary_large_image","twitter_misc":{"Est. reading time":"1 minute"},"schema":{"@context":"https:\/\/schema.org","@graph":[{"@type":"WebSite","@id":"https:\/\/machineriesbst.com\/en\/#website","url":"https:\/\/machineriesbst.com\/en\/","name":"Machineries BST","description":"Machines neuves &amp; usag\u00e9es","potentialAction":[{"@type":"SearchAction","target":{"@type":"EntryPoint","urlTemplate":"https:\/\/machineriesbst.com\/en\/?s={search_term_string}"},"query-input":"required name=search_term_string"}],"inLanguage":"en-US"},{"@type":"ImageObject","@id":"https:\/\/machineriesbst.com\/en\/catalogue\/serre-rotative\/#primaryimage","inLanguage":"en-US","url":"https:\/\/machineriesbst.com\/wp-content\/uploads\/2021\/05\/Glue_Rack.jpg","contentUrl":"https:\/\/machineriesbst.com\/wp-content\/uploads\/2021\/05\/Glue_Rack.jpg","width":640,"height":480},{"@type":"WebPage","@id":"https:\/\/machineriesbst.com\/en\/catalogue\/serre-rotative\/#webpage","url":"https:\/\/machineriesbst.com\/en\/catalogue\/serre-rotative\/","name":"Serre Rotative - Machineries BST","isPartOf":{"@id":"https:\/\/machineriesbst.com\/en\/#website"},"primaryImageOfPage":{"@id":"https:\/\/machineriesbst.com\/en\/catalogue\/serre-rotative\/#primaryimage"},"datePublished":"2021-06-08T14:01:59+00:00","dateModified":"2023-12-01T01:22:24+00:00","breadcrumb":{"@id":"https:\/\/machineriesbst.com\/en\/catalogue\/serre-rotative\/#breadcrumb"},"inLanguage":"en-US","potentialAction":[{"@type":"ReadAction","target":["https:\/\/machineriesbst.com\/en\/catalogue\/serre-rotative\/"]}]},{"@type":"BreadcrumbList","@id":"https:\/\/machineriesbst.com\/en\/catalogue\/serre-rotative\/#breadcrumb","itemListElement":[{"@type":"ListItem","position":1,"name":"Accueil","item":"https:\/\/machineriesbst.com\/en\/"},{"@type":"ListItem","position":2,"name":"Catalogue","item":"https:\/\/machineriesbst.com\/en\/catalog\/"},{"@type":"ListItem","position":3,"name":"Serre Rotative"}]}]}},"_links":{"self":[{"href":"https:\/\/machineriesbst.com\/en\/wp-json\/wp\/v2\/product\/58787"}],"collection":[{"href":"https:\/\/machineriesbst.com\/en\/wp-json\/wp\/v2\/product"}],"about":[{"href":"https:\/\/machineriesbst.com\/en\/wp-json\/wp\/v2\/types\/product"}],"author":[{"embeddable":true,"href":"https:\/\/machineriesbst.com\/en\/wp-json\/wp\/v2\/users\/3"}],"replies":[{"embeddable":true,"href":"https:\/\/machineriesbst.com\/en\/wp-json\/wp\/v2\/comments?post=58787"}],"wp:featuredmedia":[{"embeddable":true,"href":"https:\/\/machineriesbst.com\/en\/wp-json\/wp\/v2\/media\/55622"}],"wp:attachment":[{"href":"https:\/\/machineriesbst.com\/en\/wp-json\/wp\/v2\/media?parent=58787"}],"wp:term":[{"taxonomy":"product_cat","embeddable":true,"href":"https:\/\/machineriesbst.com\/en\/wp-json\/wp\/v2\/product_cat?post=58787"},{"taxonomy":"product_tag","embeddable":true,"href":"https:\/\/machineriesbst.com\/en\/wp-json\/wp\/v2\/product_tag?post=58787"}],"curies":[{"name":"wp","href":"https:\/\/api.w.org\/{rel}","templated":true}]}}