{"id":58786,"date":"2021-06-08T10:01:59","date_gmt":"2021-06-08T14:01:59","guid":{"rendered":"https:\/\/machineriesbst.com\/?post_type=product&#038;p=58786"},"modified":"2023-11-30T20:22:24","modified_gmt":"2023-12-01T01:22:24","slug":"cnc-biesse-rover-37","status":"publish","type":"product","link":"https:\/\/machineriesbst.com\/en\/catalogue\/cnc-biesse-rover-37\/","title":{"rendered":"CNC Biesse Rover 37"},"content":{"rendered":"<p>Biesse Rover 37 FTS CNC machining center with (6) tool changer and (30) additional<br \/>\nCarousel Tool Holder (2003)<\/p>\n<p>61 &quot;x 145&quot; wide vacuum table with (19) retractable positioning stops<br \/>\naround the table<br \/>\n6-position tool holder<br \/>\n30-section carousel rack at the rear<br \/>\nEquipped with (19) tool holders<br \/>\nWorkstations:<br \/>\nFirst station:<br \/>\n12HP Main Router Head<br \/>\nX, Y, Z axes<br \/>\n2nd position: grooving saw<br \/>\n3rd position: Vertical drilling<br \/>\nVertical drilling in the X axis, 32 mm spacing (8) Drill bits<br \/>\nY axis (6) Drill bits, Drill bits on 32 mm spacing<br \/>\nX-axis horizontal drilling, (2) drilling blocks with (2) pins each<br \/>\nY axis Horizontal drilling, (1) drilling block with (2) pins<br \/>\nFloor mats and (4) pneumatic pedals for table vacuuming<br \/>\n(2) Pushbutton starters on each side Type A2B<br \/>\nSecurity thread at the front. RS 1600 Kelvin HSD<br \/>\nElectric control console with CNC controls, screen and keyboard<br \/>\nManuals and Disc Weight 11,244 lbs s \/ n 33667<\/p>\n<p>&nbsp;<\/p>","protected":false},"excerpt":{"rendered":"<p>Biesse Rover 37 FTS CNC Machining Center with (6) Tool Changer and (30) Extra Carousel Tool Holders (2003) 61 &quot;x 145&quot; wide vacuum table with (19) retractable positioning stops around of the table 6 position tool holder 30 section carousel tool holder at the rear Equipped with (19) tool holders [\u2026]<\/p>","protected":false},"author":3,"featured_media":55620,"comment_status":"open","ping_status":"closed","template":"","meta":[],"product_cat":[221],"product_tag":[],"acf":[],"yoast_head":"<!-- This site is optimized with the Yoast SEO plugin v16.8 - https:\/\/yoast.com\/wordpress\/plugins\/seo\/ -->\n<title>CNC Biesse Rover 37 - Machineries BST<\/title>\n<meta name=\"robots\" content=\"index, follow, max-snippet:-1, max-image-preview:large, max-video-preview:-1\" \/>\n<link rel=\"canonical\" href=\"https:\/\/machineriesbst.com\/en\/catalogue\/cnc-biesse-rover-37\/\" \/>\n<meta property=\"og:locale\" content=\"en_US\" \/>\n<meta property=\"og:type\" content=\"article\" \/>\n<meta property=\"og:title\" content=\"CNC Biesse Rover 37 - Machineries BST\" \/>\n<meta property=\"og:description\" content=\"Centre d&#039;usinage CNC Biesse Rover 37 FTS avec (6) changeur d&#039;outils et (30) suppl\u00e9mentaires Porte-outils de carrousel\u00a0 (2003) Table sous vide de 61 &quot;x 145&quot; de large avec (19) but\u00e9es de positionnement escamotables autour de la table Porte-outil \u00e0 6 positions Porte-outils de carrousel \u00e0 30 sections \u00e0 l&#039;arri\u00e8re \u00c9quip\u00e9 de (19) porte-outils Stations de [&hellip;]\" \/>\n<meta property=\"og:url\" content=\"https:\/\/machineriesbst.com\/en\/catalogue\/cnc-biesse-rover-37\/\" \/>\n<meta property=\"og:site_name\" content=\"Machineries BST\" \/>\n<meta property=\"article:modified_time\" content=\"2023-12-01T01:22:24+00:00\" \/>\n<meta property=\"og:image\" content=\"https:\/\/machineriesbst.com\/wp-content\/uploads\/2021\/05\/5-1-6.jpg\" \/>\n\t<meta property=\"og:image:width\" content=\"469\" \/>\n\t<meta property=\"og:image:height\" content=\"357\" \/>\n<meta name=\"twitter:card\" content=\"summary_large_image\" \/>\n<meta name=\"twitter:label1\" content=\"Est. reading time\" \/>\n\t<meta name=\"twitter:data1\" content=\"1 minute\" \/>\n<script type=\"application\/ld+json\" class=\"yoast-schema-graph\">{\"@context\":\"https:\/\/schema.org\",\"@graph\":[{\"@type\":\"WebSite\",\"@id\":\"https:\/\/machineriesbst.com\/en\/#website\",\"url\":\"https:\/\/machineriesbst.com\/en\/\",\"name\":\"Machineries BST\",\"description\":\"Machines neuves &amp; usag\\u00e9es\",\"potentialAction\":[{\"@type\":\"SearchAction\",\"target\":{\"@type\":\"EntryPoint\",\"urlTemplate\":\"https:\/\/machineriesbst.com\/en\/?s={search_term_string}\"},\"query-input\":\"required name=search_term_string\"}],\"inLanguage\":\"en-US\"},{\"@type\":\"ImageObject\",\"@id\":\"https:\/\/machineriesbst.com\/en\/catalogue\/cnc-biesse-rover-37\/#primaryimage\",\"inLanguage\":\"en-US\",\"url\":\"https:\/\/machineriesbst.com\/wp-content\/uploads\/2021\/05\/5-1-6.jpg\",\"contentUrl\":\"https:\/\/machineriesbst.com\/wp-content\/uploads\/2021\/05\/5-1-6.jpg\",\"width\":469,\"height\":357},{\"@type\":\"WebPage\",\"@id\":\"https:\/\/machineriesbst.com\/en\/catalogue\/cnc-biesse-rover-37\/#webpage\",\"url\":\"https:\/\/machineriesbst.com\/en\/catalogue\/cnc-biesse-rover-37\/\",\"name\":\"CNC Biesse Rover 37 - Machineries BST\",\"isPartOf\":{\"@id\":\"https:\/\/machineriesbst.com\/en\/#website\"},\"primaryImageOfPage\":{\"@id\":\"https:\/\/machineriesbst.com\/en\/catalogue\/cnc-biesse-rover-37\/#primaryimage\"},\"datePublished\":\"2021-06-08T14:01:59+00:00\",\"dateModified\":\"2023-12-01T01:22:24+00:00\",\"breadcrumb\":{\"@id\":\"https:\/\/machineriesbst.com\/en\/catalogue\/cnc-biesse-rover-37\/#breadcrumb\"},\"inLanguage\":\"en-US\",\"potentialAction\":[{\"@type\":\"ReadAction\",\"target\":[\"https:\/\/machineriesbst.com\/en\/catalogue\/cnc-biesse-rover-37\/\"]}]},{\"@type\":\"BreadcrumbList\",\"@id\":\"https:\/\/machineriesbst.com\/en\/catalogue\/cnc-biesse-rover-37\/#breadcrumb\",\"itemListElement\":[{\"@type\":\"ListItem\",\"position\":1,\"name\":\"Accueil\",\"item\":\"https:\/\/machineriesbst.com\/en\/\"},{\"@type\":\"ListItem\",\"position\":2,\"name\":\"Catalogue\",\"item\":\"https:\/\/machineriesbst.com\/en\/catalog\/\"},{\"@type\":\"ListItem\",\"position\":3,\"name\":\"CNC Biesse Rover 37\"}]}]}<\/script>\n<!-- \/ Yoast SEO plugin. -->","yoast_head_json":{"title":"CNC Biesse Rover 37 - Machineries BST","robots":{"index":"index","follow":"follow","max-snippet":"max-snippet:-1","max-image-preview":"max-image-preview:large","max-video-preview":"max-video-preview:-1"},"canonical":"https:\/\/machineriesbst.com\/en\/catalogue\/cnc-biesse-rover-37\/","og_locale":"en_US","og_type":"article","og_title":"CNC Biesse Rover 37 - Machineries BST","og_description":"Centre d'usinage CNC Biesse Rover 37 FTS avec (6) changeur d'outils et (30) suppl\u00e9mentaires Porte-outils de carrousel\u00a0 (2003) Table sous vide de 61 \"x 145\" de large avec (19) but\u00e9es de positionnement escamotables autour de la table Porte-outil \u00e0 6 positions Porte-outils de carrousel \u00e0 30 sections \u00e0 l'arri\u00e8re \u00c9quip\u00e9 de (19) porte-outils Stations de [&hellip;]","og_url":"https:\/\/machineriesbst.com\/en\/catalogue\/cnc-biesse-rover-37\/","og_site_name":"Machineries BST","article_modified_time":"2023-12-01T01:22:24+00:00","og_image":[{"width":469,"height":357,"url":"https:\/\/machineriesbst.com\/wp-content\/uploads\/2021\/05\/5-1-6.jpg","path":"\/home\/jepeto\/public_html\/wp-content\/uploads\/2021\/05\/5-1-6.jpg","size":"full","id":55620,"alt":"","pixels":167433,"type":"image\/jpeg"}],"twitter_card":"summary_large_image","twitter_misc":{"Est. reading time":"1 minute"},"schema":{"@context":"https:\/\/schema.org","@graph":[{"@type":"WebSite","@id":"https:\/\/machineriesbst.com\/en\/#website","url":"https:\/\/machineriesbst.com\/en\/","name":"Machineries BST","description":"Machines neuves &amp; usag\u00e9es","potentialAction":[{"@type":"SearchAction","target":{"@type":"EntryPoint","urlTemplate":"https:\/\/machineriesbst.com\/en\/?s={search_term_string}"},"query-input":"required name=search_term_string"}],"inLanguage":"en-US"},{"@type":"ImageObject","@id":"https:\/\/machineriesbst.com\/en\/catalogue\/cnc-biesse-rover-37\/#primaryimage","inLanguage":"en-US","url":"https:\/\/machineriesbst.com\/wp-content\/uploads\/2021\/05\/5-1-6.jpg","contentUrl":"https:\/\/machineriesbst.com\/wp-content\/uploads\/2021\/05\/5-1-6.jpg","width":469,"height":357},{"@type":"WebPage","@id":"https:\/\/machineriesbst.com\/en\/catalogue\/cnc-biesse-rover-37\/#webpage","url":"https:\/\/machineriesbst.com\/en\/catalogue\/cnc-biesse-rover-37\/","name":"CNC Biesse Rover 37 - Machineries BST","isPartOf":{"@id":"https:\/\/machineriesbst.com\/en\/#website"},"primaryImageOfPage":{"@id":"https:\/\/machineriesbst.com\/en\/catalogue\/cnc-biesse-rover-37\/#primaryimage"},"datePublished":"2021-06-08T14:01:59+00:00","dateModified":"2023-12-01T01:22:24+00:00","breadcrumb":{"@id":"https:\/\/machineriesbst.com\/en\/catalogue\/cnc-biesse-rover-37\/#breadcrumb"},"inLanguage":"en-US","potentialAction":[{"@type":"ReadAction","target":["https:\/\/machineriesbst.com\/en\/catalogue\/cnc-biesse-rover-37\/"]}]},{"@type":"BreadcrumbList","@id":"https:\/\/machineriesbst.com\/en\/catalogue\/cnc-biesse-rover-37\/#breadcrumb","itemListElement":[{"@type":"ListItem","position":1,"name":"Accueil","item":"https:\/\/machineriesbst.com\/en\/"},{"@type":"ListItem","position":2,"name":"Catalogue","item":"https:\/\/machineriesbst.com\/en\/catalog\/"},{"@type":"ListItem","position":3,"name":"CNC Biesse Rover 37"}]}]}},"_links":{"self":[{"href":"https:\/\/machineriesbst.com\/en\/wp-json\/wp\/v2\/product\/58786"}],"collection":[{"href":"https:\/\/machineriesbst.com\/en\/wp-json\/wp\/v2\/product"}],"about":[{"href":"https:\/\/machineriesbst.com\/en\/wp-json\/wp\/v2\/types\/product"}],"author":[{"embeddable":true,"href":"https:\/\/machineriesbst.com\/en\/wp-json\/wp\/v2\/users\/3"}],"replies":[{"embeddable":true,"href":"https:\/\/machineriesbst.com\/en\/wp-json\/wp\/v2\/comments?post=58786"}],"wp:featuredmedia":[{"embeddable":true,"href":"https:\/\/machineriesbst.com\/en\/wp-json\/wp\/v2\/media\/55620"}],"wp:attachment":[{"href":"https:\/\/machineriesbst.com\/en\/wp-json\/wp\/v2\/media?parent=58786"}],"wp:term":[{"taxonomy":"product_cat","embeddable":true,"href":"https:\/\/machineriesbst.com\/en\/wp-json\/wp\/v2\/product_cat?post=58786"},{"taxonomy":"product_tag","embeddable":true,"href":"https:\/\/machineriesbst.com\/en\/wp-json\/wp\/v2\/product_tag?post=58786"}],"curies":[{"name":"wp","href":"https:\/\/api.w.org\/{rel}","templated":true}]}}