{"id":58777,"date":"2021-06-08T10:01:35","date_gmt":"2021-06-08T14:01:35","guid":{"rendered":"https:\/\/machineriesbst.com\/?post_type=product&#038;p=58777"},"modified":"2023-11-30T20:22:25","modified_gmt":"2023-12-01T01:22:25","slug":"planeur-2-faces-strato-planeur-18","status":"publish","type":"product","link":"https:\/\/machineriesbst.com\/en\/catalogue\/planeur-2-faces-strato-planeur-18\/","title":{"rendered":"Planer 2 sides Strato Planer 18 \""},"content":{"rendered":"<p>The table is equipped with five rollers to achieve better feeding effect<br \/>\nThe feed chain is lubricated automatically<br \/>\nThe belts on the lower cutting head are changed quickly<br \/>\nUpper and lower sprial cutting heads<br \/>\nCentralized lubrication system provides additional convenience for the lifting mechanism<br \/>\nTable surface is hard chrome plated and precision ground for even feed and maximum wear resistance<br \/>\nEmergency stop buttons are provided on the front and rear of the machine<br \/>\nSpecification:<br \/>\nMaximum planing width 450 mm (18 &quot;) Planing thickness 8 to 200 mm<br \/>\nPlaning length min. 315 mm Feed speed (variable) 8 ~ 25 m \/ min<br \/>\nCutting head speed 5500 rpm Table size 21 &quot;x 103&quot;<br \/>\nCutting knife size 15x15x2.5mm (114 pcs) Cutting head diameter 130mm<br \/>\nLower cutting head power 10 HP<br \/>\nPower of the upper cutting head 15 HP<br \/>\nPower of feed motor 2 HP<br \/>\nPower of the lift motor \u00bd HP<br \/>\nGross weight 3000 kg<\/p>\n<p>Machine Size (LxWxH) 2790x1160x1630mm 98 &quot;x 42&quot; x 73 &quot;<\/p>","protected":false},"excerpt":{"rendered":"<p>The table is equipped with five rollers to achieve better feeding effect The feeding chain is lubricated automatically The belts on the lower cutting head are changed quickly Upper and lower cutting heads in Sprial Centralized lubrication system provides convenience additional for the lifting mechanism The surface of the [\u2026]<\/p>","protected":false},"author":3,"featured_media":55588,"comment_status":"open","ping_status":"closed","template":"","meta":[],"product_cat":[211,3025],"product_tag":[],"acf":[],"yoast_head":"<!-- This site is optimized with the Yoast SEO plugin v16.8 - https:\/\/yoast.com\/wordpress\/plugins\/seo\/ -->\n<title>Planeur 2 faces Strato Planeur 18&quot; - Machineries BST<\/title>\n<meta name=\"robots\" content=\"index, follow, max-snippet:-1, max-image-preview:large, max-video-preview:-1\" \/>\n<link rel=\"canonical\" href=\"https:\/\/machineriesbst.com\/en\/catalogue\/planeur-2-faces-strato-planeur-18\/\" \/>\n<meta property=\"og:locale\" content=\"en_US\" \/>\n<meta property=\"og:type\" content=\"article\" \/>\n<meta property=\"og:title\" content=\"Planeur 2 faces Strato Planeur 18&quot; - Machineries BST\" \/>\n<meta property=\"og:description\" content=\"La table est \u00e9quip\u00e9e de cinq rouleaux pour obtenir un meilleur effet d&#039;alimentation La cha\u00eene d&#039;alimentation est lubrifi\u00e9e automatiquement Les courroies sur la t\u00eate de coupe inf\u00e9rieure sont chang\u00e9es rapidement T\u00eates de coupe sup\u00e9rieures et inf\u00e9rieures en Sprial Le syst\u00e8me de lubrification centralis\u00e9 offre une commodit\u00e9 suppl\u00e9mentaire pour le m\u00e9canisme d&#039;\u00e9l\u00e9vation La surface de la [&hellip;]\" \/>\n<meta property=\"og:url\" content=\"https:\/\/machineriesbst.com\/en\/catalogue\/planeur-2-faces-strato-planeur-18\/\" \/>\n<meta property=\"og:site_name\" content=\"Machineries BST\" \/>\n<meta property=\"article:modified_time\" content=\"2023-12-01T01:22:25+00:00\" \/>\n<meta property=\"og:image\" content=\"https:\/\/machineriesbst.com\/wp-content\/uploads\/2021\/05\/IMG_3482-1.jpg\" \/>\n\t<meta property=\"og:image:width\" content=\"480\" \/>\n\t<meta property=\"og:image:height\" content=\"640\" \/>\n<meta name=\"twitter:card\" content=\"summary_large_image\" \/>\n<meta name=\"twitter:label1\" content=\"Est. reading time\" \/>\n\t<meta name=\"twitter:data1\" content=\"1 minute\" \/>\n<script type=\"application\/ld+json\" class=\"yoast-schema-graph\">{\"@context\":\"https:\/\/schema.org\",\"@graph\":[{\"@type\":\"WebSite\",\"@id\":\"https:\/\/machineriesbst.com\/en\/#website\",\"url\":\"https:\/\/machineriesbst.com\/en\/\",\"name\":\"Machineries BST\",\"description\":\"Machines neuves &amp; usag\\u00e9es\",\"potentialAction\":[{\"@type\":\"SearchAction\",\"target\":{\"@type\":\"EntryPoint\",\"urlTemplate\":\"https:\/\/machineriesbst.com\/en\/?s={search_term_string}\"},\"query-input\":\"required name=search_term_string\"}],\"inLanguage\":\"en-US\"},{\"@type\":\"ImageObject\",\"@id\":\"https:\/\/machineriesbst.com\/en\/catalogue\/planeur-2-faces-strato-planeur-18\/#primaryimage\",\"inLanguage\":\"en-US\",\"url\":\"https:\/\/machineriesbst.com\/wp-content\/uploads\/2021\/05\/IMG_3482-1.jpg\",\"contentUrl\":\"https:\/\/machineriesbst.com\/wp-content\/uploads\/2021\/05\/IMG_3482-1.jpg\",\"width\":480,\"height\":640},{\"@type\":\"WebPage\",\"@id\":\"https:\/\/machineriesbst.com\/en\/catalogue\/planeur-2-faces-strato-planeur-18\/#webpage\",\"url\":\"https:\/\/machineriesbst.com\/en\/catalogue\/planeur-2-faces-strato-planeur-18\/\",\"name\":\"Planeur 2 faces Strato Planeur 18\\\" - Machineries BST\",\"isPartOf\":{\"@id\":\"https:\/\/machineriesbst.com\/en\/#website\"},\"primaryImageOfPage\":{\"@id\":\"https:\/\/machineriesbst.com\/en\/catalogue\/planeur-2-faces-strato-planeur-18\/#primaryimage\"},\"datePublished\":\"2021-06-08T14:01:35+00:00\",\"dateModified\":\"2023-12-01T01:22:25+00:00\",\"breadcrumb\":{\"@id\":\"https:\/\/machineriesbst.com\/en\/catalogue\/planeur-2-faces-strato-planeur-18\/#breadcrumb\"},\"inLanguage\":\"en-US\",\"potentialAction\":[{\"@type\":\"ReadAction\",\"target\":[\"https:\/\/machineriesbst.com\/en\/catalogue\/planeur-2-faces-strato-planeur-18\/\"]}]},{\"@type\":\"BreadcrumbList\",\"@id\":\"https:\/\/machineriesbst.com\/en\/catalogue\/planeur-2-faces-strato-planeur-18\/#breadcrumb\",\"itemListElement\":[{\"@type\":\"ListItem\",\"position\":1,\"name\":\"Accueil\",\"item\":\"https:\/\/machineriesbst.com\/en\/\"},{\"@type\":\"ListItem\",\"position\":2,\"name\":\"Catalogue\",\"item\":\"https:\/\/machineriesbst.com\/en\/catalog\/\"},{\"@type\":\"ListItem\",\"position\":3,\"name\":\"Planeur 2 faces Strato Planeur 18\\\"\"}]}]}<\/script>\n<!-- \/ Yoast SEO plugin. -->","yoast_head_json":{"title":"Planeur 2 faces Strato Planeur 18\" - Machineries BST","robots":{"index":"index","follow":"follow","max-snippet":"max-snippet:-1","max-image-preview":"max-image-preview:large","max-video-preview":"max-video-preview:-1"},"canonical":"https:\/\/machineriesbst.com\/en\/catalogue\/planeur-2-faces-strato-planeur-18\/","og_locale":"en_US","og_type":"article","og_title":"Planeur 2 faces Strato Planeur 18\" - Machineries BST","og_description":"La table est \u00e9quip\u00e9e de cinq rouleaux pour obtenir un meilleur effet d'alimentation La cha\u00eene d'alimentation est lubrifi\u00e9e automatiquement Les courroies sur la t\u00eate de coupe inf\u00e9rieure sont chang\u00e9es rapidement T\u00eates de coupe sup\u00e9rieures et inf\u00e9rieures en Sprial Le syst\u00e8me de lubrification centralis\u00e9 offre une commodit\u00e9 suppl\u00e9mentaire pour le m\u00e9canisme d'\u00e9l\u00e9vation La surface de la [&hellip;]","og_url":"https:\/\/machineriesbst.com\/en\/catalogue\/planeur-2-faces-strato-planeur-18\/","og_site_name":"Machineries BST","article_modified_time":"2023-12-01T01:22:25+00:00","og_image":[{"width":480,"height":640,"url":"https:\/\/machineriesbst.com\/wp-content\/uploads\/2021\/05\/IMG_3482-1.jpg","path":"\/home\/jepeto\/public_html\/wp-content\/uploads\/2021\/05\/IMG_3482-1.jpg","size":"full","id":55588,"alt":"","pixels":307200,"type":"image\/jpeg"}],"twitter_card":"summary_large_image","twitter_misc":{"Est. reading time":"1 minute"},"schema":{"@context":"https:\/\/schema.org","@graph":[{"@type":"WebSite","@id":"https:\/\/machineriesbst.com\/en\/#website","url":"https:\/\/machineriesbst.com\/en\/","name":"Machineries BST","description":"Machines neuves &amp; usag\u00e9es","potentialAction":[{"@type":"SearchAction","target":{"@type":"EntryPoint","urlTemplate":"https:\/\/machineriesbst.com\/en\/?s={search_term_string}"},"query-input":"required name=search_term_string"}],"inLanguage":"en-US"},{"@type":"ImageObject","@id":"https:\/\/machineriesbst.com\/en\/catalogue\/planeur-2-faces-strato-planeur-18\/#primaryimage","inLanguage":"en-US","url":"https:\/\/machineriesbst.com\/wp-content\/uploads\/2021\/05\/IMG_3482-1.jpg","contentUrl":"https:\/\/machineriesbst.com\/wp-content\/uploads\/2021\/05\/IMG_3482-1.jpg","width":480,"height":640},{"@type":"WebPage","@id":"https:\/\/machineriesbst.com\/en\/catalogue\/planeur-2-faces-strato-planeur-18\/#webpage","url":"https:\/\/machineriesbst.com\/en\/catalogue\/planeur-2-faces-strato-planeur-18\/","name":"Planeur 2 faces Strato Planeur 18\" - Machineries BST","isPartOf":{"@id":"https:\/\/machineriesbst.com\/en\/#website"},"primaryImageOfPage":{"@id":"https:\/\/machineriesbst.com\/en\/catalogue\/planeur-2-faces-strato-planeur-18\/#primaryimage"},"datePublished":"2021-06-08T14:01:35+00:00","dateModified":"2023-12-01T01:22:25+00:00","breadcrumb":{"@id":"https:\/\/machineriesbst.com\/en\/catalogue\/planeur-2-faces-strato-planeur-18\/#breadcrumb"},"inLanguage":"en-US","potentialAction":[{"@type":"ReadAction","target":["https:\/\/machineriesbst.com\/en\/catalogue\/planeur-2-faces-strato-planeur-18\/"]}]},{"@type":"BreadcrumbList","@id":"https:\/\/machineriesbst.com\/en\/catalogue\/planeur-2-faces-strato-planeur-18\/#breadcrumb","itemListElement":[{"@type":"ListItem","position":1,"name":"Accueil","item":"https:\/\/machineriesbst.com\/en\/"},{"@type":"ListItem","position":2,"name":"Catalogue","item":"https:\/\/machineriesbst.com\/en\/catalog\/"},{"@type":"ListItem","position":3,"name":"Planeur 2 faces Strato Planeur 18\""}]}]}},"_links":{"self":[{"href":"https:\/\/machineriesbst.com\/en\/wp-json\/wp\/v2\/product\/58777"}],"collection":[{"href":"https:\/\/machineriesbst.com\/en\/wp-json\/wp\/v2\/product"}],"about":[{"href":"https:\/\/machineriesbst.com\/en\/wp-json\/wp\/v2\/types\/product"}],"author":[{"embeddable":true,"href":"https:\/\/machineriesbst.com\/en\/wp-json\/wp\/v2\/users\/3"}],"replies":[{"embeddable":true,"href":"https:\/\/machineriesbst.com\/en\/wp-json\/wp\/v2\/comments?post=58777"}],"wp:featuredmedia":[{"embeddable":true,"href":"https:\/\/machineriesbst.com\/en\/wp-json\/wp\/v2\/media\/55588"}],"wp:attachment":[{"href":"https:\/\/machineriesbst.com\/en\/wp-json\/wp\/v2\/media?parent=58777"}],"wp:term":[{"taxonomy":"product_cat","embeddable":true,"href":"https:\/\/machineriesbst.com\/en\/wp-json\/wp\/v2\/product_cat?post=58777"},{"taxonomy":"product_tag","embeddable":true,"href":"https:\/\/machineriesbst.com\/en\/wp-json\/wp\/v2\/product_tag?post=58777"}],"curies":[{"name":"wp","href":"https:\/\/api.w.org\/{rel}","templated":true}]}}