{"id":58770,"date":"2021-06-08T10:01:33","date_gmt":"2021-06-08T14:01:33","guid":{"rendered":"https:\/\/machineriesbst.com\/?post_type=product&#038;p=58770"},"modified":"2023-11-30T20:22:25","modified_gmt":"2023-12-01T01:22:25","slug":"band-saw-pendu-5400","status":"publish","type":"product","link":"https:\/\/machineriesbst.com\/en\/catalogue\/band-saw-pendu-5400\/","title":{"rendered":"Band Saw Hangman 5400"},"content":{"rendered":"<p>Cutting capacity Up to 8 &quot;x 12&quot;<br \/>\nManual height adjustment Standard<br \/>\nVariable feed speed 0 to 100 FPM<br \/>\nFeed \/ Exit Upper retaining rollers with hydraulic drive<br \/>\nTable conveyor Hardened steel, 8 \u2032 long 2 \u2033 Lennox belt (other sizes available)<br \/>\nMotor Electric motor TEFC 40 HP<br \/>\nBelt tension Pneumatic with low pressure stop switch<\/p>\n<p>Capable of handling materials up to 8 &quot;high X 12&quot; wide, the Model 5400 Hangman Bandsaw can be used as a single unit or as part of a multiple head system. The top feed system, in conjunction with the heavy duty 8 foot hardened steel table top, transports or provides positive feed both in and out of the blade. The system is hydraulically powered for smooth and steady feed at varying speeds. A 2-inch-wide Lennox belt, tensioned by a pneumatic governor, incorporates a unique outer bearing design for the shaft of the shaft, resulting in a more stable platform for the drive wheels. Optional equipment includes a ProScale digital display with motorized up and down height adjustment.<\/p>","protected":false},"excerpt":{"rendered":"<p>Cutting Capacity Up to 8 &quot;x 12&quot; Manual Height Adjustment Standard Variable Feed Speed 0 to 100 FPM Feed \/ Exit Hydraulically Driven Upper Holding Rollers Table Conveyor Hardened Steel, 8 \u2032 Lennox Belt long 2 \u2033 (other sizes available) Motor Electric motor TEFC 40 HP [\u2026]<\/p>","protected":false},"author":3,"featured_media":55552,"comment_status":"open","ping_status":"closed","template":"","meta":[],"product_cat":[214,3092],"product_tag":[],"acf":[],"yoast_head":"<!-- This site is optimized with the Yoast SEO plugin v16.8 - https:\/\/yoast.com\/wordpress\/plugins\/seo\/ -->\n<title>Band Saw Pendu 5400 - Machineries BST<\/title>\n<meta name=\"robots\" content=\"index, follow, max-snippet:-1, max-image-preview:large, max-video-preview:-1\" \/>\n<link rel=\"canonical\" href=\"https:\/\/machineriesbst.com\/en\/catalogue\/band-saw-pendu-5400\/\" \/>\n<meta property=\"og:locale\" content=\"en_US\" \/>\n<meta property=\"og:type\" content=\"article\" \/>\n<meta property=\"og:title\" content=\"Band Saw Pendu 5400 - Machineries BST\" \/>\n<meta property=\"og:description\" content=\"Capacit\u00e9 de coupe Jusqu&#039;\u00e0 8 &quot;x 12&quot; R\u00e9glage manuel de la hauteur Standard Vitesse d&#039;alimentation variable 0 \u00e0 100 pi \/ min Alimentation \/ Sortie Rouleaux de maintien sup\u00e9rieurs \u00e0 entra\u00eenement hydraulique Convoyeur de table Acier tremp\u00e9, bande Lennox de 8 \u2032 de long 2 \u2033 (autres tailles disponibles) Moteur Moteur \u00e9lectrique TEFC 40 CV [&hellip;]\" \/>\n<meta property=\"og:url\" content=\"https:\/\/machineriesbst.com\/en\/catalogue\/band-saw-pendu-5400\/\" \/>\n<meta property=\"og:site_name\" content=\"Machineries BST\" \/>\n<meta property=\"article:modified_time\" content=\"2023-12-01T01:22:25+00:00\" \/>\n<meta property=\"og:image\" content=\"https:\/\/machineriesbst.com\/wp-content\/uploads\/2021\/05\/IMG_3170-scaled-1.jpg\" \/>\n\t<meta property=\"og:image:width\" content=\"2560\" \/>\n\t<meta property=\"og:image:height\" content=\"1920\" \/>\n<meta name=\"twitter:card\" content=\"summary_large_image\" \/>\n<meta name=\"twitter:label1\" content=\"Est. reading time\" \/>\n\t<meta name=\"twitter:data1\" content=\"1 minute\" \/>\n<script type=\"application\/ld+json\" class=\"yoast-schema-graph\">{\"@context\":\"https:\/\/schema.org\",\"@graph\":[{\"@type\":\"WebSite\",\"@id\":\"https:\/\/machineriesbst.com\/en\/#website\",\"url\":\"https:\/\/machineriesbst.com\/en\/\",\"name\":\"Machineries BST\",\"description\":\"Machines neuves &amp; usag\\u00e9es\",\"potentialAction\":[{\"@type\":\"SearchAction\",\"target\":{\"@type\":\"EntryPoint\",\"urlTemplate\":\"https:\/\/machineriesbst.com\/en\/?s={search_term_string}\"},\"query-input\":\"required name=search_term_string\"}],\"inLanguage\":\"en-US\"},{\"@type\":\"ImageObject\",\"@id\":\"https:\/\/machineriesbst.com\/en\/catalogue\/band-saw-pendu-5400\/#primaryimage\",\"inLanguage\":\"en-US\",\"url\":\"https:\/\/machineriesbst.com\/wp-content\/uploads\/2021\/05\/IMG_3170-scaled-1.jpg\",\"contentUrl\":\"https:\/\/machineriesbst.com\/wp-content\/uploads\/2021\/05\/IMG_3170-scaled-1.jpg\",\"width\":2560,\"height\":1920},{\"@type\":\"WebPage\",\"@id\":\"https:\/\/machineriesbst.com\/en\/catalogue\/band-saw-pendu-5400\/#webpage\",\"url\":\"https:\/\/machineriesbst.com\/en\/catalogue\/band-saw-pendu-5400\/\",\"name\":\"Band Saw Pendu 5400 - Machineries BST\",\"isPartOf\":{\"@id\":\"https:\/\/machineriesbst.com\/en\/#website\"},\"primaryImageOfPage\":{\"@id\":\"https:\/\/machineriesbst.com\/en\/catalogue\/band-saw-pendu-5400\/#primaryimage\"},\"datePublished\":\"2021-06-08T14:01:33+00:00\",\"dateModified\":\"2023-12-01T01:22:25+00:00\",\"breadcrumb\":{\"@id\":\"https:\/\/machineriesbst.com\/en\/catalogue\/band-saw-pendu-5400\/#breadcrumb\"},\"inLanguage\":\"en-US\",\"potentialAction\":[{\"@type\":\"ReadAction\",\"target\":[\"https:\/\/machineriesbst.com\/en\/catalogue\/band-saw-pendu-5400\/\"]}]},{\"@type\":\"BreadcrumbList\",\"@id\":\"https:\/\/machineriesbst.com\/en\/catalogue\/band-saw-pendu-5400\/#breadcrumb\",\"itemListElement\":[{\"@type\":\"ListItem\",\"position\":1,\"name\":\"Accueil\",\"item\":\"https:\/\/machineriesbst.com\/en\/\"},{\"@type\":\"ListItem\",\"position\":2,\"name\":\"Catalogue\",\"item\":\"https:\/\/machineriesbst.com\/en\/catalog\/\"},{\"@type\":\"ListItem\",\"position\":3,\"name\":\"Band Saw Pendu 5400\"}]}]}<\/script>\n<!-- \/ Yoast SEO plugin. -->","yoast_head_json":{"title":"Band Saw Pendu 5400 - Machineries BST","robots":{"index":"index","follow":"follow","max-snippet":"max-snippet:-1","max-image-preview":"max-image-preview:large","max-video-preview":"max-video-preview:-1"},"canonical":"https:\/\/machineriesbst.com\/en\/catalogue\/band-saw-pendu-5400\/","og_locale":"en_US","og_type":"article","og_title":"Band Saw Pendu 5400 - Machineries BST","og_description":"Capacit\u00e9 de coupe Jusqu'\u00e0 8 \"x 12\" R\u00e9glage manuel de la hauteur Standard Vitesse d'alimentation variable 0 \u00e0 100 pi \/ min Alimentation \/ Sortie Rouleaux de maintien sup\u00e9rieurs \u00e0 entra\u00eenement hydraulique Convoyeur de table Acier tremp\u00e9, bande Lennox de 8 \u2032 de long 2 \u2033 (autres tailles disponibles) Moteur Moteur \u00e9lectrique TEFC 40 CV [&hellip;]","og_url":"https:\/\/machineriesbst.com\/en\/catalogue\/band-saw-pendu-5400\/","og_site_name":"Machineries BST","article_modified_time":"2023-12-01T01:22:25+00:00","og_image":[{"width":2560,"height":1920,"url":"https:\/\/machineriesbst.com\/wp-content\/uploads\/2021\/05\/IMG_3170-scaled-1.jpg","path":"\/home\/jepeto\/public_html\/wp-content\/uploads\/2021\/05\/IMG_3170-scaled-1.jpg","size":"full","id":55552,"alt":"","pixels":4915200,"type":"image\/jpeg"}],"twitter_card":"summary_large_image","twitter_misc":{"Est. reading time":"1 minute"},"schema":{"@context":"https:\/\/schema.org","@graph":[{"@type":"WebSite","@id":"https:\/\/machineriesbst.com\/en\/#website","url":"https:\/\/machineriesbst.com\/en\/","name":"Machineries BST","description":"Machines neuves &amp; usag\u00e9es","potentialAction":[{"@type":"SearchAction","target":{"@type":"EntryPoint","urlTemplate":"https:\/\/machineriesbst.com\/en\/?s={search_term_string}"},"query-input":"required name=search_term_string"}],"inLanguage":"en-US"},{"@type":"ImageObject","@id":"https:\/\/machineriesbst.com\/en\/catalogue\/band-saw-pendu-5400\/#primaryimage","inLanguage":"en-US","url":"https:\/\/machineriesbst.com\/wp-content\/uploads\/2021\/05\/IMG_3170-scaled-1.jpg","contentUrl":"https:\/\/machineriesbst.com\/wp-content\/uploads\/2021\/05\/IMG_3170-scaled-1.jpg","width":2560,"height":1920},{"@type":"WebPage","@id":"https:\/\/machineriesbst.com\/en\/catalogue\/band-saw-pendu-5400\/#webpage","url":"https:\/\/machineriesbst.com\/en\/catalogue\/band-saw-pendu-5400\/","name":"Band Saw Pendu 5400 - Machineries BST","isPartOf":{"@id":"https:\/\/machineriesbst.com\/en\/#website"},"primaryImageOfPage":{"@id":"https:\/\/machineriesbst.com\/en\/catalogue\/band-saw-pendu-5400\/#primaryimage"},"datePublished":"2021-06-08T14:01:33+00:00","dateModified":"2023-12-01T01:22:25+00:00","breadcrumb":{"@id":"https:\/\/machineriesbst.com\/en\/catalogue\/band-saw-pendu-5400\/#breadcrumb"},"inLanguage":"en-US","potentialAction":[{"@type":"ReadAction","target":["https:\/\/machineriesbst.com\/en\/catalogue\/band-saw-pendu-5400\/"]}]},{"@type":"BreadcrumbList","@id":"https:\/\/machineriesbst.com\/en\/catalogue\/band-saw-pendu-5400\/#breadcrumb","itemListElement":[{"@type":"ListItem","position":1,"name":"Accueil","item":"https:\/\/machineriesbst.com\/en\/"},{"@type":"ListItem","position":2,"name":"Catalogue","item":"https:\/\/machineriesbst.com\/en\/catalog\/"},{"@type":"ListItem","position":3,"name":"Band Saw Pendu 5400"}]}]}},"_links":{"self":[{"href":"https:\/\/machineriesbst.com\/en\/wp-json\/wp\/v2\/product\/58770"}],"collection":[{"href":"https:\/\/machineriesbst.com\/en\/wp-json\/wp\/v2\/product"}],"about":[{"href":"https:\/\/machineriesbst.com\/en\/wp-json\/wp\/v2\/types\/product"}],"author":[{"embeddable":true,"href":"https:\/\/machineriesbst.com\/en\/wp-json\/wp\/v2\/users\/3"}],"replies":[{"embeddable":true,"href":"https:\/\/machineriesbst.com\/en\/wp-json\/wp\/v2\/comments?post=58770"}],"wp:featuredmedia":[{"embeddable":true,"href":"https:\/\/machineriesbst.com\/en\/wp-json\/wp\/v2\/media\/55552"}],"wp:attachment":[{"href":"https:\/\/machineriesbst.com\/en\/wp-json\/wp\/v2\/media?parent=58770"}],"wp:term":[{"taxonomy":"product_cat","embeddable":true,"href":"https:\/\/machineriesbst.com\/en\/wp-json\/wp\/v2\/product_cat?post=58770"},{"taxonomy":"product_tag","embeddable":true,"href":"https:\/\/machineriesbst.com\/en\/wp-json\/wp\/v2\/product_tag?post=58770"}],"curies":[{"name":"wp","href":"https:\/\/api.w.org\/{rel}","templated":true}]}}