{"id":58755,"date":"2021-06-08T10:01:08","date_gmt":"2021-06-08T14:01:08","guid":{"rendered":"https:\/\/machineriesbst.com\/?post_type=product&#038;p=58755"},"modified":"2023-11-30T20:22:26","modified_gmt":"2023-12-01T01:22:26","slug":"gannomat-index-logic-1300-cnc-perceuse-colleuse-insereuse-pour-goujon","status":"publish","type":"product","link":"https:\/\/machineriesbst.com\/en\/catalogue\/gannomat-index-logic-1300-cnc-perceuse-colleuse-insereuse-pour-goujon\/","title":{"rendered":"GANNOMAT Index Logic 1300 CNC drill, gluer &amp; dowel inserter"},"content":{"rendered":"<pre id=\"tw-target-text\" class=\"tw-data-text tw-text-large XcVN5d tw-ta\" dir=\"ltr\" data-placeholder=\"Traduction\"><span lang=\"fr\">The precision drilling, gluing and dowel inserting machine saves time and increases accuracy. The INDEX LOGIC CNC-controlled drilling, gluing and inserting machine for studs for variable programming of bore patterns. This machine concept is specially developed for the just-in-time production as well as for the mass production of boxes, drawers, frame parts, solid wood rails and more. CNC offers absolute precision and flexibility of hole and stud locations Simple user software with touch screen interface can be networked and equipped with optional barcode reader Intelligent GIC glue control ensures that glue is inserted into the hole Use of glue provides superior adhesion compared to using pre-glued dowels Variable control of glue volume to ensure optimum gluing results Robust machine design with welding one-piece table and linear guide rail ensures high accuracy, repeatability and durability Fast production cycles with precision X-axis helical rack and pinion drive Simple cleaning operation with selector switch water Perfect addition to a nested CNC router production cell<\/span><\/pre>","protected":false},"excerpt":{"rendered":"<p>The precision drilling, gluing and dowel inserting machine saves time and increases accuracy. The CNC-controlled INDEX LOGIC drilling, gluing and inserting machine for studs for variable programming of bore patterns. This machine concept is specially developed for just-in-time manufacturing [\u2026]<\/p>","protected":false},"author":3,"featured_media":55452,"comment_status":"open","ping_status":"closed","template":"","meta":[],"product_cat":[566],"product_tag":[],"acf":[],"yoast_head":"<!-- This site is optimized with the Yoast SEO plugin v16.8 - https:\/\/yoast.com\/wordpress\/plugins\/seo\/ -->\n<title>GANNOMAT Index Logic 1300 CNC perceuse, colleuse &amp; insereuse pour goujon - Machineries BST<\/title>\n<meta name=\"robots\" content=\"index, follow, max-snippet:-1, max-image-preview:large, max-video-preview:-1\" \/>\n<link rel=\"canonical\" href=\"https:\/\/machineriesbst.com\/en\/catalogue\/gannomat-index-logic-1300-cnc-perceuse-colleuse-insereuse-pour-goujon\/\" \/>\n<meta property=\"og:locale\" content=\"en_US\" \/>\n<meta property=\"og:type\" content=\"article\" \/>\n<meta property=\"og:title\" content=\"GANNOMAT Index Logic 1300 CNC perceuse, colleuse &amp; insereuse pour goujon - Machineries BST\" \/>\n<meta property=\"og:description\" content=\"La machine de per\u00e7age, de collage et d&#039;insertion de goujons de pr\u00e9cision fait gagner du temps et augmente la pr\u00e9cision. La machine de per\u00e7age, de collage et d&#039;insertion de goujons \u00e0 commande CNC INDEX LOGIC pour la programmation variable des mod\u00e8les d&#039;al\u00e9sage. Ce concept de machine est sp\u00e9cialement d\u00e9velopp\u00e9 pour la fabrication juste \u00e0 temps [&hellip;]\" \/>\n<meta property=\"og:url\" content=\"https:\/\/machineriesbst.com\/en\/catalogue\/gannomat-index-logic-1300-cnc-perceuse-colleuse-insereuse-pour-goujon\/\" \/>\n<meta property=\"og:site_name\" content=\"Machineries BST\" \/>\n<meta property=\"article:modified_time\" content=\"2023-12-01T01:22:26+00:00\" \/>\n<meta property=\"og:image\" content=\"https:\/\/machineriesbst.com\/wp-content\/uploads\/2021\/05\/DSCN3614-scaled.jpg\" \/>\n\t<meta property=\"og:image:width\" content=\"2560\" \/>\n\t<meta property=\"og:image:height\" content=\"1920\" \/>\n<meta name=\"twitter:card\" content=\"summary_large_image\" \/>\n<meta name=\"twitter:label1\" content=\"Est. reading time\" \/>\n\t<meta name=\"twitter:data1\" content=\"1 minute\" \/>\n<script type=\"application\/ld+json\" class=\"yoast-schema-graph\">{\"@context\":\"https:\/\/schema.org\",\"@graph\":[{\"@type\":\"WebSite\",\"@id\":\"https:\/\/machineriesbst.com\/en\/#website\",\"url\":\"https:\/\/machineriesbst.com\/en\/\",\"name\":\"Machineries BST\",\"description\":\"Machines neuves &amp; usag\\u00e9es\",\"potentialAction\":[{\"@type\":\"SearchAction\",\"target\":{\"@type\":\"EntryPoint\",\"urlTemplate\":\"https:\/\/machineriesbst.com\/en\/?s={search_term_string}\"},\"query-input\":\"required name=search_term_string\"}],\"inLanguage\":\"en-US\"},{\"@type\":\"ImageObject\",\"@id\":\"https:\/\/machineriesbst.com\/en\/catalogue\/gannomat-index-logic-1300-cnc-perceuse-colleuse-insereuse-pour-goujon\/#primaryimage\",\"inLanguage\":\"en-US\",\"url\":\"https:\/\/machineriesbst.com\/wp-content\/uploads\/2021\/05\/DSCN3614-scaled.jpg\",\"contentUrl\":\"https:\/\/machineriesbst.com\/wp-content\/uploads\/2021\/05\/DSCN3614-scaled.jpg\",\"width\":2560,\"height\":1920},{\"@type\":\"WebPage\",\"@id\":\"https:\/\/machineriesbst.com\/en\/catalogue\/gannomat-index-logic-1300-cnc-perceuse-colleuse-insereuse-pour-goujon\/#webpage\",\"url\":\"https:\/\/machineriesbst.com\/en\/catalogue\/gannomat-index-logic-1300-cnc-perceuse-colleuse-insereuse-pour-goujon\/\",\"name\":\"GANNOMAT Index Logic 1300 CNC perceuse, colleuse & insereuse pour goujon - Machineries BST\",\"isPartOf\":{\"@id\":\"https:\/\/machineriesbst.com\/en\/#website\"},\"primaryImageOfPage\":{\"@id\":\"https:\/\/machineriesbst.com\/en\/catalogue\/gannomat-index-logic-1300-cnc-perceuse-colleuse-insereuse-pour-goujon\/#primaryimage\"},\"datePublished\":\"2021-06-08T14:01:08+00:00\",\"dateModified\":\"2023-12-01T01:22:26+00:00\",\"breadcrumb\":{\"@id\":\"https:\/\/machineriesbst.com\/en\/catalogue\/gannomat-index-logic-1300-cnc-perceuse-colleuse-insereuse-pour-goujon\/#breadcrumb\"},\"inLanguage\":\"en-US\",\"potentialAction\":[{\"@type\":\"ReadAction\",\"target\":[\"https:\/\/machineriesbst.com\/en\/catalogue\/gannomat-index-logic-1300-cnc-perceuse-colleuse-insereuse-pour-goujon\/\"]}]},{\"@type\":\"BreadcrumbList\",\"@id\":\"https:\/\/machineriesbst.com\/en\/catalogue\/gannomat-index-logic-1300-cnc-perceuse-colleuse-insereuse-pour-goujon\/#breadcrumb\",\"itemListElement\":[{\"@type\":\"ListItem\",\"position\":1,\"name\":\"Accueil\",\"item\":\"https:\/\/machineriesbst.com\/en\/\"},{\"@type\":\"ListItem\",\"position\":2,\"name\":\"Catalogue\",\"item\":\"https:\/\/machineriesbst.com\/en\/catalog\/\"},{\"@type\":\"ListItem\",\"position\":3,\"name\":\"GANNOMAT Index Logic 1300 CNC perceuse, colleuse &#038; insereuse pour goujon\"}]}]}<\/script>\n<!-- \/ Yoast SEO plugin. -->","yoast_head_json":{"title":"GANNOMAT Index Logic 1300 CNC perceuse, colleuse & insereuse pour goujon - Machineries BST","robots":{"index":"index","follow":"follow","max-snippet":"max-snippet:-1","max-image-preview":"max-image-preview:large","max-video-preview":"max-video-preview:-1"},"canonical":"https:\/\/machineriesbst.com\/en\/catalogue\/gannomat-index-logic-1300-cnc-perceuse-colleuse-insereuse-pour-goujon\/","og_locale":"en_US","og_type":"article","og_title":"GANNOMAT Index Logic 1300 CNC perceuse, colleuse & insereuse pour goujon - Machineries BST","og_description":"La machine de per\u00e7age, de collage et d'insertion de goujons de pr\u00e9cision fait gagner du temps et augmente la pr\u00e9cision. La machine de per\u00e7age, de collage et d'insertion de goujons \u00e0 commande CNC INDEX LOGIC pour la programmation variable des mod\u00e8les d'al\u00e9sage. Ce concept de machine est sp\u00e9cialement d\u00e9velopp\u00e9 pour la fabrication juste \u00e0 temps [&hellip;]","og_url":"https:\/\/machineriesbst.com\/en\/catalogue\/gannomat-index-logic-1300-cnc-perceuse-colleuse-insereuse-pour-goujon\/","og_site_name":"Machineries BST","article_modified_time":"2023-12-01T01:22:26+00:00","og_image":[{"width":2560,"height":1920,"url":"https:\/\/machineriesbst.com\/wp-content\/uploads\/2021\/05\/DSCN3614-scaled.jpg","path":"\/home\/jepeto\/public_html\/wp-content\/uploads\/2021\/05\/DSCN3614-scaled.jpg","size":"full","id":55452,"alt":"","pixels":4915200,"type":"image\/jpeg"}],"twitter_card":"summary_large_image","twitter_misc":{"Est. reading time":"1 minute"},"schema":{"@context":"https:\/\/schema.org","@graph":[{"@type":"WebSite","@id":"https:\/\/machineriesbst.com\/en\/#website","url":"https:\/\/machineriesbst.com\/en\/","name":"Machineries BST","description":"Machines neuves &amp; usag\u00e9es","potentialAction":[{"@type":"SearchAction","target":{"@type":"EntryPoint","urlTemplate":"https:\/\/machineriesbst.com\/en\/?s={search_term_string}"},"query-input":"required name=search_term_string"}],"inLanguage":"en-US"},{"@type":"ImageObject","@id":"https:\/\/machineriesbst.com\/en\/catalogue\/gannomat-index-logic-1300-cnc-perceuse-colleuse-insereuse-pour-goujon\/#primaryimage","inLanguage":"en-US","url":"https:\/\/machineriesbst.com\/wp-content\/uploads\/2021\/05\/DSCN3614-scaled.jpg","contentUrl":"https:\/\/machineriesbst.com\/wp-content\/uploads\/2021\/05\/DSCN3614-scaled.jpg","width":2560,"height":1920},{"@type":"WebPage","@id":"https:\/\/machineriesbst.com\/en\/catalogue\/gannomat-index-logic-1300-cnc-perceuse-colleuse-insereuse-pour-goujon\/#webpage","url":"https:\/\/machineriesbst.com\/en\/catalogue\/gannomat-index-logic-1300-cnc-perceuse-colleuse-insereuse-pour-goujon\/","name":"GANNOMAT Index Logic 1300 CNC perceuse, colleuse & insereuse pour goujon - Machineries BST","isPartOf":{"@id":"https:\/\/machineriesbst.com\/en\/#website"},"primaryImageOfPage":{"@id":"https:\/\/machineriesbst.com\/en\/catalogue\/gannomat-index-logic-1300-cnc-perceuse-colleuse-insereuse-pour-goujon\/#primaryimage"},"datePublished":"2021-06-08T14:01:08+00:00","dateModified":"2023-12-01T01:22:26+00:00","breadcrumb":{"@id":"https:\/\/machineriesbst.com\/en\/catalogue\/gannomat-index-logic-1300-cnc-perceuse-colleuse-insereuse-pour-goujon\/#breadcrumb"},"inLanguage":"en-US","potentialAction":[{"@type":"ReadAction","target":["https:\/\/machineriesbst.com\/en\/catalogue\/gannomat-index-logic-1300-cnc-perceuse-colleuse-insereuse-pour-goujon\/"]}]},{"@type":"BreadcrumbList","@id":"https:\/\/machineriesbst.com\/en\/catalogue\/gannomat-index-logic-1300-cnc-perceuse-colleuse-insereuse-pour-goujon\/#breadcrumb","itemListElement":[{"@type":"ListItem","position":1,"name":"Accueil","item":"https:\/\/machineriesbst.com\/en\/"},{"@type":"ListItem","position":2,"name":"Catalogue","item":"https:\/\/machineriesbst.com\/en\/catalog\/"},{"@type":"ListItem","position":3,"name":"GANNOMAT Index Logic 1300 CNC perceuse, colleuse &#038; insereuse pour goujon"}]}]}},"_links":{"self":[{"href":"https:\/\/machineriesbst.com\/en\/wp-json\/wp\/v2\/product\/58755"}],"collection":[{"href":"https:\/\/machineriesbst.com\/en\/wp-json\/wp\/v2\/product"}],"about":[{"href":"https:\/\/machineriesbst.com\/en\/wp-json\/wp\/v2\/types\/product"}],"author":[{"embeddable":true,"href":"https:\/\/machineriesbst.com\/en\/wp-json\/wp\/v2\/users\/3"}],"replies":[{"embeddable":true,"href":"https:\/\/machineriesbst.com\/en\/wp-json\/wp\/v2\/comments?post=58755"}],"wp:featuredmedia":[{"embeddable":true,"href":"https:\/\/machineriesbst.com\/en\/wp-json\/wp\/v2\/media\/55452"}],"wp:attachment":[{"href":"https:\/\/machineriesbst.com\/en\/wp-json\/wp\/v2\/media?parent=58755"}],"wp:term":[{"taxonomy":"product_cat","embeddable":true,"href":"https:\/\/machineriesbst.com\/en\/wp-json\/wp\/v2\/product_cat?post=58755"},{"taxonomy":"product_tag","embeddable":true,"href":"https:\/\/machineriesbst.com\/en\/wp-json\/wp\/v2\/product_tag?post=58755"}],"curies":[{"name":"wp","href":"https:\/\/api.w.org\/{rel}","templated":true}]}}