{"id":58754,"date":"2021-06-08T10:01:07","date_gmt":"2021-06-08T14:01:07","guid":{"rendered":"https:\/\/machineriesbst.com\/?post_type=product&#038;p=58754"},"modified":"2023-11-30T20:22:26","modified_gmt":"2023-12-01T01:22:26","slug":"weeke-optimat-abd-100-cnc-perceuse-colleuse-insereuse-pour-goujon","status":"publish","type":"product","link":"https:\/\/machineriesbst.com\/en\/catalogue\/weeke-optimat-abd-100-cnc-perceuse-colleuse-insereuse-pour-goujon\/","title":{"rendered":"WEEKE Optimat ABD 100 CNC drill, gluer &amp; dowel inserter"},"content":{"rendered":"<pre id=\"tw-target-text\" class=\"tw-data-text tw-text-large XcVN5d tw-ta\" dir=\"ltr\" data-placeholder=\"Traduction\"><span lang=\"fr\">WEEKE ABD 100 Optimat: Designed for horizontal drilling, gluing and inserting small or large capacity studs. Constructed on a sturdy welded steel base. The main horizontal beams hold the boring head carriage and the glue \/ water injector. The machine is configured for a diameter of 8 mm. 35mm long studs (additional stud sizes optional), automatic vibrating feed hopper. Two separate stations allow two parts to be processed independently on the left or right stops as well as one large part as needed without additional configuration. The software allows the design of programs with an automatic mirror image. The X axis is computer controlled and positioned via a large diameter precision ball screw and heavy duty double rail linear guides. The height adjustment of the aggregates is done using manual adjustment with precision digital readout.<\/span><\/pre>","protected":false},"excerpt":{"rendered":"<p>WEEKE ABD 100 Optimat: Designed for horizontal drilling, gluing and inserting small or large capacity studs. Constructed on a sturdy welded steel base. The main horizontal beams hold the boring head carriage and the glue \/ water injector. The machine is configured for a diameter of 8 [\u2026]<\/p>","protected":false},"author":3,"featured_media":55445,"comment_status":"open","ping_status":"closed","template":"","meta":[],"product_cat":[566],"product_tag":[],"acf":[],"yoast_head":"<!-- This site is optimized with the Yoast SEO plugin v16.8 - https:\/\/yoast.com\/wordpress\/plugins\/seo\/ -->\n<title>WEEKE Optimat ABD 100 CNC perceuse, colleuse &amp; insereuse pour goujon - Machineries BST<\/title>\n<meta name=\"robots\" content=\"index, follow, max-snippet:-1, max-image-preview:large, max-video-preview:-1\" \/>\n<link rel=\"canonical\" href=\"https:\/\/machineriesbst.com\/en\/catalogue\/weeke-optimat-abd-100-cnc-perceuse-colleuse-insereuse-pour-goujon\/\" \/>\n<meta property=\"og:locale\" content=\"en_US\" \/>\n<meta property=\"og:type\" content=\"article\" \/>\n<meta property=\"og:title\" content=\"WEEKE Optimat ABD 100 CNC perceuse, colleuse &amp; insereuse pour goujon - Machineries BST\" \/>\n<meta property=\"og:description\" content=\"WEEKE ABD 100 Optimat: Con\u00e7u pour le per\u00e7age horizontal, le collage et l&#039;insertion de goujons de petite ou grande capacit\u00e9. Construit sur une base en acier soud\u00e9 robuste. Les poutres horizontales principales maintiennent le chariot de la t\u00eate d&#039;al\u00e9sage et de l&#039;injecteur de colle \/ eau. La machine est configur\u00e9e pour un diam\u00e8tre de 8 [&hellip;]\" \/>\n<meta property=\"og:url\" content=\"https:\/\/machineriesbst.com\/en\/catalogue\/weeke-optimat-abd-100-cnc-perceuse-colleuse-insereuse-pour-goujon\/\" \/>\n<meta property=\"og:site_name\" content=\"Machineries BST\" \/>\n<meta property=\"article:modified_time\" content=\"2023-12-01T01:22:26+00:00\" \/>\n<meta property=\"og:image\" content=\"https:\/\/machineriesbst.com\/wp-content\/uploads\/2021\/05\/20201207_120518-scaled.jpg\" \/>\n\t<meta property=\"og:image:width\" content=\"2560\" \/>\n\t<meta property=\"og:image:height\" content=\"1920\" \/>\n<meta name=\"twitter:card\" content=\"summary_large_image\" \/>\n<meta name=\"twitter:label1\" content=\"Est. reading time\" \/>\n\t<meta name=\"twitter:data1\" content=\"1 minute\" \/>\n<script type=\"application\/ld+json\" class=\"yoast-schema-graph\">{\"@context\":\"https:\/\/schema.org\",\"@graph\":[{\"@type\":\"WebSite\",\"@id\":\"https:\/\/machineriesbst.com\/en\/#website\",\"url\":\"https:\/\/machineriesbst.com\/en\/\",\"name\":\"Machineries BST\",\"description\":\"Machines neuves &amp; usag\\u00e9es\",\"potentialAction\":[{\"@type\":\"SearchAction\",\"target\":{\"@type\":\"EntryPoint\",\"urlTemplate\":\"https:\/\/machineriesbst.com\/en\/?s={search_term_string}\"},\"query-input\":\"required name=search_term_string\"}],\"inLanguage\":\"en-US\"},{\"@type\":\"ImageObject\",\"@id\":\"https:\/\/machineriesbst.com\/en\/catalogue\/weeke-optimat-abd-100-cnc-perceuse-colleuse-insereuse-pour-goujon\/#primaryimage\",\"inLanguage\":\"en-US\",\"url\":\"https:\/\/machineriesbst.com\/wp-content\/uploads\/2021\/05\/20201207_120518-scaled.jpg\",\"contentUrl\":\"https:\/\/machineriesbst.com\/wp-content\/uploads\/2021\/05\/20201207_120518-scaled.jpg\",\"width\":2560,\"height\":1920},{\"@type\":\"WebPage\",\"@id\":\"https:\/\/machineriesbst.com\/en\/catalogue\/weeke-optimat-abd-100-cnc-perceuse-colleuse-insereuse-pour-goujon\/#webpage\",\"url\":\"https:\/\/machineriesbst.com\/en\/catalogue\/weeke-optimat-abd-100-cnc-perceuse-colleuse-insereuse-pour-goujon\/\",\"name\":\"WEEKE Optimat ABD 100 CNC perceuse, colleuse & insereuse pour goujon - Machineries BST\",\"isPartOf\":{\"@id\":\"https:\/\/machineriesbst.com\/en\/#website\"},\"primaryImageOfPage\":{\"@id\":\"https:\/\/machineriesbst.com\/en\/catalogue\/weeke-optimat-abd-100-cnc-perceuse-colleuse-insereuse-pour-goujon\/#primaryimage\"},\"datePublished\":\"2021-06-08T14:01:07+00:00\",\"dateModified\":\"2023-12-01T01:22:26+00:00\",\"breadcrumb\":{\"@id\":\"https:\/\/machineriesbst.com\/en\/catalogue\/weeke-optimat-abd-100-cnc-perceuse-colleuse-insereuse-pour-goujon\/#breadcrumb\"},\"inLanguage\":\"en-US\",\"potentialAction\":[{\"@type\":\"ReadAction\",\"target\":[\"https:\/\/machineriesbst.com\/en\/catalogue\/weeke-optimat-abd-100-cnc-perceuse-colleuse-insereuse-pour-goujon\/\"]}]},{\"@type\":\"BreadcrumbList\",\"@id\":\"https:\/\/machineriesbst.com\/en\/catalogue\/weeke-optimat-abd-100-cnc-perceuse-colleuse-insereuse-pour-goujon\/#breadcrumb\",\"itemListElement\":[{\"@type\":\"ListItem\",\"position\":1,\"name\":\"Accueil\",\"item\":\"https:\/\/machineriesbst.com\/en\/\"},{\"@type\":\"ListItem\",\"position\":2,\"name\":\"Catalogue\",\"item\":\"https:\/\/machineriesbst.com\/en\/catalog\/\"},{\"@type\":\"ListItem\",\"position\":3,\"name\":\"WEEKE Optimat ABD 100 CNC perceuse, colleuse &#038; insereuse pour goujon\"}]}]}<\/script>\n<!-- \/ Yoast SEO plugin. -->","yoast_head_json":{"title":"WEEKE Optimat ABD 100 CNC perceuse, colleuse & insereuse pour goujon - Machineries BST","robots":{"index":"index","follow":"follow","max-snippet":"max-snippet:-1","max-image-preview":"max-image-preview:large","max-video-preview":"max-video-preview:-1"},"canonical":"https:\/\/machineriesbst.com\/en\/catalogue\/weeke-optimat-abd-100-cnc-perceuse-colleuse-insereuse-pour-goujon\/","og_locale":"en_US","og_type":"article","og_title":"WEEKE Optimat ABD 100 CNC perceuse, colleuse & insereuse pour goujon - Machineries BST","og_description":"WEEKE ABD 100 Optimat: Con\u00e7u pour le per\u00e7age horizontal, le collage et l'insertion de goujons de petite ou grande capacit\u00e9. Construit sur une base en acier soud\u00e9 robuste. Les poutres horizontales principales maintiennent le chariot de la t\u00eate d'al\u00e9sage et de l'injecteur de colle \/ eau. La machine est configur\u00e9e pour un diam\u00e8tre de 8 [&hellip;]","og_url":"https:\/\/machineriesbst.com\/en\/catalogue\/weeke-optimat-abd-100-cnc-perceuse-colleuse-insereuse-pour-goujon\/","og_site_name":"Machineries BST","article_modified_time":"2023-12-01T01:22:26+00:00","og_image":[{"width":2560,"height":1920,"url":"https:\/\/machineriesbst.com\/wp-content\/uploads\/2021\/05\/20201207_120518-scaled.jpg","path":"\/home\/jepeto\/public_html\/wp-content\/uploads\/2021\/05\/20201207_120518-scaled.jpg","size":"full","id":55445,"alt":"","pixels":4915200,"type":"image\/jpeg"}],"twitter_card":"summary_large_image","twitter_misc":{"Est. reading time":"1 minute"},"schema":{"@context":"https:\/\/schema.org","@graph":[{"@type":"WebSite","@id":"https:\/\/machineriesbst.com\/en\/#website","url":"https:\/\/machineriesbst.com\/en\/","name":"Machineries BST","description":"Machines neuves &amp; usag\u00e9es","potentialAction":[{"@type":"SearchAction","target":{"@type":"EntryPoint","urlTemplate":"https:\/\/machineriesbst.com\/en\/?s={search_term_string}"},"query-input":"required name=search_term_string"}],"inLanguage":"en-US"},{"@type":"ImageObject","@id":"https:\/\/machineriesbst.com\/en\/catalogue\/weeke-optimat-abd-100-cnc-perceuse-colleuse-insereuse-pour-goujon\/#primaryimage","inLanguage":"en-US","url":"https:\/\/machineriesbst.com\/wp-content\/uploads\/2021\/05\/20201207_120518-scaled.jpg","contentUrl":"https:\/\/machineriesbst.com\/wp-content\/uploads\/2021\/05\/20201207_120518-scaled.jpg","width":2560,"height":1920},{"@type":"WebPage","@id":"https:\/\/machineriesbst.com\/en\/catalogue\/weeke-optimat-abd-100-cnc-perceuse-colleuse-insereuse-pour-goujon\/#webpage","url":"https:\/\/machineriesbst.com\/en\/catalogue\/weeke-optimat-abd-100-cnc-perceuse-colleuse-insereuse-pour-goujon\/","name":"WEEKE Optimat ABD 100 CNC perceuse, colleuse & insereuse pour goujon - Machineries BST","isPartOf":{"@id":"https:\/\/machineriesbst.com\/en\/#website"},"primaryImageOfPage":{"@id":"https:\/\/machineriesbst.com\/en\/catalogue\/weeke-optimat-abd-100-cnc-perceuse-colleuse-insereuse-pour-goujon\/#primaryimage"},"datePublished":"2021-06-08T14:01:07+00:00","dateModified":"2023-12-01T01:22:26+00:00","breadcrumb":{"@id":"https:\/\/machineriesbst.com\/en\/catalogue\/weeke-optimat-abd-100-cnc-perceuse-colleuse-insereuse-pour-goujon\/#breadcrumb"},"inLanguage":"en-US","potentialAction":[{"@type":"ReadAction","target":["https:\/\/machineriesbst.com\/en\/catalogue\/weeke-optimat-abd-100-cnc-perceuse-colleuse-insereuse-pour-goujon\/"]}]},{"@type":"BreadcrumbList","@id":"https:\/\/machineriesbst.com\/en\/catalogue\/weeke-optimat-abd-100-cnc-perceuse-colleuse-insereuse-pour-goujon\/#breadcrumb","itemListElement":[{"@type":"ListItem","position":1,"name":"Accueil","item":"https:\/\/machineriesbst.com\/en\/"},{"@type":"ListItem","position":2,"name":"Catalogue","item":"https:\/\/machineriesbst.com\/en\/catalog\/"},{"@type":"ListItem","position":3,"name":"WEEKE Optimat ABD 100 CNC perceuse, colleuse &#038; insereuse pour goujon"}]}]}},"_links":{"self":[{"href":"https:\/\/machineriesbst.com\/en\/wp-json\/wp\/v2\/product\/58754"}],"collection":[{"href":"https:\/\/machineriesbst.com\/en\/wp-json\/wp\/v2\/product"}],"about":[{"href":"https:\/\/machineriesbst.com\/en\/wp-json\/wp\/v2\/types\/product"}],"author":[{"embeddable":true,"href":"https:\/\/machineriesbst.com\/en\/wp-json\/wp\/v2\/users\/3"}],"replies":[{"embeddable":true,"href":"https:\/\/machineriesbst.com\/en\/wp-json\/wp\/v2\/comments?post=58754"}],"wp:featuredmedia":[{"embeddable":true,"href":"https:\/\/machineriesbst.com\/en\/wp-json\/wp\/v2\/media\/55445"}],"wp:attachment":[{"href":"https:\/\/machineriesbst.com\/en\/wp-json\/wp\/v2\/media?parent=58754"}],"wp:term":[{"taxonomy":"product_cat","embeddable":true,"href":"https:\/\/machineriesbst.com\/en\/wp-json\/wp\/v2\/product_cat?post=58754"},{"taxonomy":"product_tag","embeddable":true,"href":"https:\/\/machineriesbst.com\/en\/wp-json\/wp\/v2\/product_tag?post=58754"}],"curies":[{"name":"wp","href":"https:\/\/api.w.org\/{rel}","templated":true}]}}