{"id":58746,"date":"2021-06-08T10:00:44","date_gmt":"2021-06-08T14:00:44","guid":{"rendered":"https:\/\/machineriesbst.com\/?post_type=product&#038;p=58746"},"modified":"2023-11-30T20:22:26","modified_gmt":"2023-12-01T01:22:26","slug":"lm-saws-p4-scie-a-paquet","status":"publish","type":"product","link":"https:\/\/machineriesbst.com\/en\/catalogue\/lm-saws-p4-scie-a-paquet\/","title":{"rendered":"LM SAWS P4 Bundle saw"},"content":{"rendered":"<p>The fully automated Verticut P4 system with &quot;FACT&quot; cutting technology offers an incredible PET cut tolerance of + - 1\/32 &quot;with a finish as good or better than conventional saws. Cutter Can load a pack of 20 feet more with a forklift on the right side ...... empty on the left side The machine automatically places the bundle for the first cut Two bundles can be placed on the carriage at a time and programmed for &quot;FACT&quot; cuts (Fast Advanced Cutting Technology - Patent Pending) Cutting will dramatically reduce cutting time. Programmable cuts via controller, saw carriage slows down when 2 inches before cutting cuts pass on a conveyor and are transported in a dumpster<\/p>","protected":false},"excerpt":{"rendered":"<p>The fully automated Verticut P4 system with &quot;FACT&quot; cutting technology offers an incredible PET cut tolerance of + - 1\/32 &quot;with a finish as good or better than conventional saws. Cutter Can load a pack of 20 feet more with a forklift on the right side ...... empty on [...]<\/p>","protected":false},"author":3,"featured_media":55420,"comment_status":"open","ping_status":"closed","template":"","meta":[],"product_cat":[3096],"product_tag":[],"acf":[],"yoast_head":"<!-- This site is optimized with the Yoast SEO plugin v16.8 - https:\/\/yoast.com\/wordpress\/plugins\/seo\/ -->\n<title>LM SAWS P4 Scie \u00e0 paquet - Machineries BST<\/title>\n<meta name=\"robots\" content=\"index, follow, max-snippet:-1, max-image-preview:large, max-video-preview:-1\" \/>\n<link rel=\"canonical\" href=\"https:\/\/machineriesbst.com\/en\/catalogue\/lm-saws-p4-scie-a-paquet\/\" \/>\n<meta property=\"og:locale\" content=\"en_US\" \/>\n<meta property=\"og:type\" content=\"article\" \/>\n<meta property=\"og:title\" content=\"LM SAWS P4 Scie \u00e0 paquet - Machineries BST\" \/>\n<meta property=\"og:description\" content=\"Le syst\u00e8me enti\u00e8rement automatis\u00e9 Verticut P4 avec la technologie de coupe &quot;FACT&quot; offre une incroyable tol\u00e9rance de coupe PET de + - 1\/32 &quot;avec une finition aussi bonne ou meilleure que les scies conventionnelles. Cutter Peut charger un paquet de 20 pieds plus avec un chariot \u00e9l\u00e9vateur sur le c\u00f4t\u00e9 droit ...... \u00e0 vide sur [&hellip;]\" \/>\n<meta property=\"og:url\" content=\"https:\/\/machineriesbst.com\/en\/catalogue\/lm-saws-p4-scie-a-paquet\/\" \/>\n<meta property=\"og:site_name\" content=\"Machineries BST\" \/>\n<meta property=\"article:modified_time\" content=\"2023-12-01T01:22:26+00:00\" \/>\n<meta property=\"og:image\" content=\"https:\/\/machineriesbst.com\/wp-content\/uploads\/2021\/05\/LM-saw-2.jpg\" \/>\n\t<meta property=\"og:image:width\" content=\"508\" \/>\n\t<meta property=\"og:image:height\" content=\"359\" \/>\n<meta name=\"twitter:card\" content=\"summary_large_image\" \/>\n<meta name=\"twitter:label1\" content=\"Est. reading time\" \/>\n\t<meta name=\"twitter:data1\" content=\"1 minute\" \/>\n<script type=\"application\/ld+json\" class=\"yoast-schema-graph\">{\"@context\":\"https:\/\/schema.org\",\"@graph\":[{\"@type\":\"WebSite\",\"@id\":\"https:\/\/machineriesbst.com\/en\/#website\",\"url\":\"https:\/\/machineriesbst.com\/en\/\",\"name\":\"Machineries BST\",\"description\":\"Machines neuves &amp; usag\\u00e9es\",\"potentialAction\":[{\"@type\":\"SearchAction\",\"target\":{\"@type\":\"EntryPoint\",\"urlTemplate\":\"https:\/\/machineriesbst.com\/en\/?s={search_term_string}\"},\"query-input\":\"required name=search_term_string\"}],\"inLanguage\":\"en-US\"},{\"@type\":\"ImageObject\",\"@id\":\"https:\/\/machineriesbst.com\/en\/catalogue\/lm-saws-p4-scie-a-paquet\/#primaryimage\",\"inLanguage\":\"en-US\",\"url\":\"https:\/\/machineriesbst.com\/wp-content\/uploads\/2021\/05\/LM-saw-2.jpg\",\"contentUrl\":\"https:\/\/machineriesbst.com\/wp-content\/uploads\/2021\/05\/LM-saw-2.jpg\",\"width\":508,\"height\":359},{\"@type\":\"WebPage\",\"@id\":\"https:\/\/machineriesbst.com\/en\/catalogue\/lm-saws-p4-scie-a-paquet\/#webpage\",\"url\":\"https:\/\/machineriesbst.com\/en\/catalogue\/lm-saws-p4-scie-a-paquet\/\",\"name\":\"LM SAWS P4 Scie \\u00e0 paquet - Machineries BST\",\"isPartOf\":{\"@id\":\"https:\/\/machineriesbst.com\/en\/#website\"},\"primaryImageOfPage\":{\"@id\":\"https:\/\/machineriesbst.com\/en\/catalogue\/lm-saws-p4-scie-a-paquet\/#primaryimage\"},\"datePublished\":\"2021-06-08T14:00:44+00:00\",\"dateModified\":\"2023-12-01T01:22:26+00:00\",\"breadcrumb\":{\"@id\":\"https:\/\/machineriesbst.com\/en\/catalogue\/lm-saws-p4-scie-a-paquet\/#breadcrumb\"},\"inLanguage\":\"en-US\",\"potentialAction\":[{\"@type\":\"ReadAction\",\"target\":[\"https:\/\/machineriesbst.com\/en\/catalogue\/lm-saws-p4-scie-a-paquet\/\"]}]},{\"@type\":\"BreadcrumbList\",\"@id\":\"https:\/\/machineriesbst.com\/en\/catalogue\/lm-saws-p4-scie-a-paquet\/#breadcrumb\",\"itemListElement\":[{\"@type\":\"ListItem\",\"position\":1,\"name\":\"Accueil\",\"item\":\"https:\/\/machineriesbst.com\/en\/\"},{\"@type\":\"ListItem\",\"position\":2,\"name\":\"Catalogue\",\"item\":\"https:\/\/machineriesbst.com\/en\/catalog\/\"},{\"@type\":\"ListItem\",\"position\":3,\"name\":\"LM SAWS P4 Scie \\u00e0 paquet\"}]}]}<\/script>\n<!-- \/ Yoast SEO plugin. -->","yoast_head_json":{"title":"LM SAWS P4 Scie \u00e0 paquet - Machineries BST","robots":{"index":"index","follow":"follow","max-snippet":"max-snippet:-1","max-image-preview":"max-image-preview:large","max-video-preview":"max-video-preview:-1"},"canonical":"https:\/\/machineriesbst.com\/en\/catalogue\/lm-saws-p4-scie-a-paquet\/","og_locale":"en_US","og_type":"article","og_title":"LM SAWS P4 Scie \u00e0 paquet - Machineries BST","og_description":"Le syst\u00e8me enti\u00e8rement automatis\u00e9 Verticut P4 avec la technologie de coupe \"FACT\" offre une incroyable tol\u00e9rance de coupe PET de + - 1\/32 \"avec une finition aussi bonne ou meilleure que les scies conventionnelles. Cutter Peut charger un paquet de 20 pieds plus avec un chariot \u00e9l\u00e9vateur sur le c\u00f4t\u00e9 droit ...... \u00e0 vide sur [&hellip;]","og_url":"https:\/\/machineriesbst.com\/en\/catalogue\/lm-saws-p4-scie-a-paquet\/","og_site_name":"Machineries BST","article_modified_time":"2023-12-01T01:22:26+00:00","og_image":[{"width":508,"height":359,"url":"https:\/\/machineriesbst.com\/wp-content\/uploads\/2021\/05\/LM-saw-2.jpg","path":"\/home\/jepeto\/public_html\/wp-content\/uploads\/2021\/05\/LM-saw-2.jpg","size":"full","id":55420,"alt":"","pixels":182372,"type":"image\/jpeg"}],"twitter_card":"summary_large_image","twitter_misc":{"Est. reading time":"1 minute"},"schema":{"@context":"https:\/\/schema.org","@graph":[{"@type":"WebSite","@id":"https:\/\/machineriesbst.com\/en\/#website","url":"https:\/\/machineriesbst.com\/en\/","name":"Machineries BST","description":"Machines neuves &amp; usag\u00e9es","potentialAction":[{"@type":"SearchAction","target":{"@type":"EntryPoint","urlTemplate":"https:\/\/machineriesbst.com\/en\/?s={search_term_string}"},"query-input":"required name=search_term_string"}],"inLanguage":"en-US"},{"@type":"ImageObject","@id":"https:\/\/machineriesbst.com\/en\/catalogue\/lm-saws-p4-scie-a-paquet\/#primaryimage","inLanguage":"en-US","url":"https:\/\/machineriesbst.com\/wp-content\/uploads\/2021\/05\/LM-saw-2.jpg","contentUrl":"https:\/\/machineriesbst.com\/wp-content\/uploads\/2021\/05\/LM-saw-2.jpg","width":508,"height":359},{"@type":"WebPage","@id":"https:\/\/machineriesbst.com\/en\/catalogue\/lm-saws-p4-scie-a-paquet\/#webpage","url":"https:\/\/machineriesbst.com\/en\/catalogue\/lm-saws-p4-scie-a-paquet\/","name":"LM SAWS P4 Scie \u00e0 paquet - Machineries BST","isPartOf":{"@id":"https:\/\/machineriesbst.com\/en\/#website"},"primaryImageOfPage":{"@id":"https:\/\/machineriesbst.com\/en\/catalogue\/lm-saws-p4-scie-a-paquet\/#primaryimage"},"datePublished":"2021-06-08T14:00:44+00:00","dateModified":"2023-12-01T01:22:26+00:00","breadcrumb":{"@id":"https:\/\/machineriesbst.com\/en\/catalogue\/lm-saws-p4-scie-a-paquet\/#breadcrumb"},"inLanguage":"en-US","potentialAction":[{"@type":"ReadAction","target":["https:\/\/machineriesbst.com\/en\/catalogue\/lm-saws-p4-scie-a-paquet\/"]}]},{"@type":"BreadcrumbList","@id":"https:\/\/machineriesbst.com\/en\/catalogue\/lm-saws-p4-scie-a-paquet\/#breadcrumb","itemListElement":[{"@type":"ListItem","position":1,"name":"Accueil","item":"https:\/\/machineriesbst.com\/en\/"},{"@type":"ListItem","position":2,"name":"Catalogue","item":"https:\/\/machineriesbst.com\/en\/catalog\/"},{"@type":"ListItem","position":3,"name":"LM SAWS P4 Scie \u00e0 paquet"}]}]}},"_links":{"self":[{"href":"https:\/\/machineriesbst.com\/en\/wp-json\/wp\/v2\/product\/58746"}],"collection":[{"href":"https:\/\/machineriesbst.com\/en\/wp-json\/wp\/v2\/product"}],"about":[{"href":"https:\/\/machineriesbst.com\/en\/wp-json\/wp\/v2\/types\/product"}],"author":[{"embeddable":true,"href":"https:\/\/machineriesbst.com\/en\/wp-json\/wp\/v2\/users\/3"}],"replies":[{"embeddable":true,"href":"https:\/\/machineriesbst.com\/en\/wp-json\/wp\/v2\/comments?post=58746"}],"wp:featuredmedia":[{"embeddable":true,"href":"https:\/\/machineriesbst.com\/en\/wp-json\/wp\/v2\/media\/55420"}],"wp:attachment":[{"href":"https:\/\/machineriesbst.com\/en\/wp-json\/wp\/v2\/media?parent=58746"}],"wp:term":[{"taxonomy":"product_cat","embeddable":true,"href":"https:\/\/machineriesbst.com\/en\/wp-json\/wp\/v2\/product_cat?post=58746"},{"taxonomy":"product_tag","embeddable":true,"href":"https:\/\/machineriesbst.com\/en\/wp-json\/wp\/v2\/product_tag?post=58746"}],"curies":[{"name":"wp","href":"https:\/\/api.w.org\/{rel}","templated":true}]}}