{"id":58737,"date":"2021-06-08T10:00:41","date_gmt":"2021-06-08T14:00:41","guid":{"rendered":"https:\/\/machineriesbst.com\/?post_type=product&#038;p=58737"},"modified":"2023-11-30T20:22:26","modified_gmt":"2023-12-01T01:22:26","slug":"deligneuse-simple-avec-guide-pneumatique-fr-12-pgf","status":"publish","type":"product","link":"https:\/\/machineriesbst.com\/en\/catalogue\/deligneuse-simple-avec-guide-pneumatique-fr-12-pgf\/","title":{"rendered":"Single edger with pneumatic guide - FR-12-PGF"},"content":{"rendered":"<table cellspacing=\"0\" cellpadding=\"3\">\n<tbody>\n<tr>\n<td colspan=\"2\"><b>Single edger with pneumatic guide - FR-12-PGF<\/b><\/td>\n<\/tr>\n<tr>\n<td>Main motor<\/td>\n<td>15CV \/ 600V \/ 60C \/ 3Ph<\/td>\n<\/tr>\n<tr>\n<td>Drive motor<\/td>\n<td>2CV \/ 600V \/ 60C \/ 3Ph<\/td>\n<\/tr>\n<tr>\n<td>Shaft diameter<\/td>\n<td>1\"<\/td>\n<\/tr>\n<tr>\n<td>Shaft rotation speed<\/td>\n<td>4500 RPM<\/td>\n<\/tr>\n<tr>\n<td>Maximum blade diameter<\/td>\n<td>305 mm<\/td>\n<\/tr>\n<tr>\n<td>Minimum working length<\/td>\n<td>200 mm<\/td>\n<\/tr>\n<tr>\n<td>Maximum working thickness<\/td>\n<td>85 mm<\/td>\n<\/tr>\n<tr>\n<td>Variable drive speed<\/td>\n<td>17 ~ 40 m \/ min<\/td>\n<\/tr>\n<tr>\n<td>Distance between saw and column<\/td>\n<td>460 mm<\/td>\n<\/tr>\n<tr>\n<td>Table dimensions<\/td>\n<td>950 (W) x 1450 (D) mm<\/td>\n<\/tr>\n<tr>\n<td>Table height<\/td>\n<td>800 mm<\/td>\n<\/tr>\n<tr>\n<td>Dimensions of the machine<\/td>\n<td>1150 (W) x 1720 (D) x 1560 (H) mm<\/td>\n<\/tr>\n<tr>\n<td>Packaging dimensions<\/td>\n<td>1400 (W) x 1650 (D) x 1510 (H) mm<\/td>\n<\/tr>\n<tr>\n<td>Net weight<\/td>\n<td>950 kg \/ 2090 lbs<\/td>\n<\/tr>\n<\/tbody>\n<\/table>","protected":false},"excerpt":{"rendered":"<p>Single edger with pneumatic guide - FR-12-PGF Main motor 15HP \/ 600V \/ 60C \/ 3Ph Drive motor 2HP \/ 600V \/ 60C \/ 3Ph Shaft diameter 1 &quot;Shaft rotation speed 4500 RPM Maximum diameter of blade 305 mm Minimum working length 200 mm Maximum working thickness 85 mm Variable drive speed 17 ~ 40 m \/ min Distance between saw and [\u2026]<\/p>","protected":false},"author":3,"featured_media":55391,"comment_status":"open","ping_status":"closed","template":"","meta":[],"product_cat":[3075],"product_tag":[],"acf":[],"yoast_head":"<!-- This site is optimized with the Yoast SEO plugin v16.8 - https:\/\/yoast.com\/wordpress\/plugins\/seo\/ -->\n<title>D\u00e9ligneuse simple avec guide pneumatique - FR-12-PGF - Machineries BST<\/title>\n<meta name=\"robots\" content=\"index, follow, max-snippet:-1, max-image-preview:large, max-video-preview:-1\" \/>\n<link rel=\"canonical\" href=\"https:\/\/machineriesbst.com\/en\/catalogue\/deligneuse-simple-avec-guide-pneumatique-fr-12-pgf\/\" \/>\n<meta property=\"og:locale\" content=\"en_US\" \/>\n<meta property=\"og:type\" content=\"article\" \/>\n<meta property=\"og:title\" content=\"D\u00e9ligneuse simple avec guide pneumatique - FR-12-PGF - Machineries BST\" \/>\n<meta property=\"og:description\" content=\"D\u00e9ligneuse simple avec guide pneumatique - FR-12-PGF Moteur principal 15CV\/600V\/60C\/3Ph Moteur d&#039;entra\u00eenement 2CV\/600V\/60C\/3Ph Diam\u00e8tre de l&#039;arbre 1&quot; Vitesse de rotation de l&#039;arbre 4500 RPM Diam\u00e8tre maximal de la lame 305 mm Longueur minimale de travail 200 mm \u00c9paisseur maximale de travail 85 mm Vitesse d&#039;entra\u00eenement variable 17 ~ 40 m\/min Distance entre la scie et [&hellip;]\" \/>\n<meta property=\"og:url\" content=\"https:\/\/machineriesbst.com\/en\/catalogue\/deligneuse-simple-avec-guide-pneumatique-fr-12-pgf\/\" \/>\n<meta property=\"og:site_name\" content=\"Machineries BST\" \/>\n<meta property=\"article:modified_time\" content=\"2023-12-01T01:22:26+00:00\" \/>\n<meta property=\"og:image\" content=\"https:\/\/machineriesbst.com\/wp-content\/uploads\/2021\/05\/20210201_091216.jpg\" \/>\n\t<meta property=\"og:image:width\" content=\"1024\" \/>\n\t<meta property=\"og:image:height\" content=\"768\" \/>\n<meta name=\"twitter:card\" content=\"summary_large_image\" \/>\n<script type=\"application\/ld+json\" class=\"yoast-schema-graph\">{\"@context\":\"https:\/\/schema.org\",\"@graph\":[{\"@type\":\"WebSite\",\"@id\":\"https:\/\/machineriesbst.com\/en\/#website\",\"url\":\"https:\/\/machineriesbst.com\/en\/\",\"name\":\"Machineries BST\",\"description\":\"Machines neuves &amp; usag\\u00e9es\",\"potentialAction\":[{\"@type\":\"SearchAction\",\"target\":{\"@type\":\"EntryPoint\",\"urlTemplate\":\"https:\/\/machineriesbst.com\/en\/?s={search_term_string}\"},\"query-input\":\"required name=search_term_string\"}],\"inLanguage\":\"en-US\"},{\"@type\":\"ImageObject\",\"@id\":\"https:\/\/machineriesbst.com\/en\/catalogue\/deligneuse-simple-avec-guide-pneumatique-fr-12-pgf\/#primaryimage\",\"inLanguage\":\"en-US\",\"url\":\"https:\/\/machineriesbst.com\/wp-content\/uploads\/2021\/05\/20210201_091216.jpg\",\"contentUrl\":\"https:\/\/machineriesbst.com\/wp-content\/uploads\/2021\/05\/20210201_091216.jpg\",\"width\":1024,\"height\":768},{\"@type\":\"WebPage\",\"@id\":\"https:\/\/machineriesbst.com\/en\/catalogue\/deligneuse-simple-avec-guide-pneumatique-fr-12-pgf\/#webpage\",\"url\":\"https:\/\/machineriesbst.com\/en\/catalogue\/deligneuse-simple-avec-guide-pneumatique-fr-12-pgf\/\",\"name\":\"D\\u00e9ligneuse simple avec guide pneumatique - FR-12-PGF - Machineries BST\",\"isPartOf\":{\"@id\":\"https:\/\/machineriesbst.com\/en\/#website\"},\"primaryImageOfPage\":{\"@id\":\"https:\/\/machineriesbst.com\/en\/catalogue\/deligneuse-simple-avec-guide-pneumatique-fr-12-pgf\/#primaryimage\"},\"datePublished\":\"2021-06-08T14:00:41+00:00\",\"dateModified\":\"2023-12-01T01:22:26+00:00\",\"breadcrumb\":{\"@id\":\"https:\/\/machineriesbst.com\/en\/catalogue\/deligneuse-simple-avec-guide-pneumatique-fr-12-pgf\/#breadcrumb\"},\"inLanguage\":\"en-US\",\"potentialAction\":[{\"@type\":\"ReadAction\",\"target\":[\"https:\/\/machineriesbst.com\/en\/catalogue\/deligneuse-simple-avec-guide-pneumatique-fr-12-pgf\/\"]}]},{\"@type\":\"BreadcrumbList\",\"@id\":\"https:\/\/machineriesbst.com\/en\/catalogue\/deligneuse-simple-avec-guide-pneumatique-fr-12-pgf\/#breadcrumb\",\"itemListElement\":[{\"@type\":\"ListItem\",\"position\":1,\"name\":\"Accueil\",\"item\":\"https:\/\/machineriesbst.com\/en\/\"},{\"@type\":\"ListItem\",\"position\":2,\"name\":\"Catalogue\",\"item\":\"https:\/\/machineriesbst.com\/en\/catalog\/\"},{\"@type\":\"ListItem\",\"position\":3,\"name\":\"D\\u00e9ligneuse simple avec guide pneumatique - FR-12-PGF\"}]}]}<\/script>\n<!-- \/ Yoast SEO plugin. -->","yoast_head_json":{"title":"D\u00e9ligneuse simple avec guide pneumatique - FR-12-PGF - Machineries BST","robots":{"index":"index","follow":"follow","max-snippet":"max-snippet:-1","max-image-preview":"max-image-preview:large","max-video-preview":"max-video-preview:-1"},"canonical":"https:\/\/machineriesbst.com\/en\/catalogue\/deligneuse-simple-avec-guide-pneumatique-fr-12-pgf\/","og_locale":"en_US","og_type":"article","og_title":"D\u00e9ligneuse simple avec guide pneumatique - FR-12-PGF - Machineries BST","og_description":"D\u00e9ligneuse simple avec guide pneumatique - FR-12-PGF Moteur principal 15CV\/600V\/60C\/3Ph Moteur d'entra\u00eenement 2CV\/600V\/60C\/3Ph Diam\u00e8tre de l'arbre 1\" Vitesse de rotation de l'arbre 4500 RPM Diam\u00e8tre maximal de la lame 305 mm Longueur minimale de travail 200 mm \u00c9paisseur maximale de travail 85 mm Vitesse d'entra\u00eenement variable 17 ~ 40 m\/min Distance entre la scie et [&hellip;]","og_url":"https:\/\/machineriesbst.com\/en\/catalogue\/deligneuse-simple-avec-guide-pneumatique-fr-12-pgf\/","og_site_name":"Machineries BST","article_modified_time":"2023-12-01T01:22:26+00:00","og_image":[{"width":1024,"height":768,"url":"https:\/\/machineriesbst.com\/wp-content\/uploads\/2021\/05\/20210201_091216.jpg","path":"\/home\/jepeto\/public_html\/wp-content\/uploads\/2021\/05\/20210201_091216.jpg","size":"full","id":55391,"alt":"","pixels":786432,"type":"image\/jpeg"}],"twitter_card":"summary_large_image","schema":{"@context":"https:\/\/schema.org","@graph":[{"@type":"WebSite","@id":"https:\/\/machineriesbst.com\/en\/#website","url":"https:\/\/machineriesbst.com\/en\/","name":"Machineries BST","description":"Machines neuves &amp; usag\u00e9es","potentialAction":[{"@type":"SearchAction","target":{"@type":"EntryPoint","urlTemplate":"https:\/\/machineriesbst.com\/en\/?s={search_term_string}"},"query-input":"required name=search_term_string"}],"inLanguage":"en-US"},{"@type":"ImageObject","@id":"https:\/\/machineriesbst.com\/en\/catalogue\/deligneuse-simple-avec-guide-pneumatique-fr-12-pgf\/#primaryimage","inLanguage":"en-US","url":"https:\/\/machineriesbst.com\/wp-content\/uploads\/2021\/05\/20210201_091216.jpg","contentUrl":"https:\/\/machineriesbst.com\/wp-content\/uploads\/2021\/05\/20210201_091216.jpg","width":1024,"height":768},{"@type":"WebPage","@id":"https:\/\/machineriesbst.com\/en\/catalogue\/deligneuse-simple-avec-guide-pneumatique-fr-12-pgf\/#webpage","url":"https:\/\/machineriesbst.com\/en\/catalogue\/deligneuse-simple-avec-guide-pneumatique-fr-12-pgf\/","name":"D\u00e9ligneuse simple avec guide pneumatique - FR-12-PGF - Machineries BST","isPartOf":{"@id":"https:\/\/machineriesbst.com\/en\/#website"},"primaryImageOfPage":{"@id":"https:\/\/machineriesbst.com\/en\/catalogue\/deligneuse-simple-avec-guide-pneumatique-fr-12-pgf\/#primaryimage"},"datePublished":"2021-06-08T14:00:41+00:00","dateModified":"2023-12-01T01:22:26+00:00","breadcrumb":{"@id":"https:\/\/machineriesbst.com\/en\/catalogue\/deligneuse-simple-avec-guide-pneumatique-fr-12-pgf\/#breadcrumb"},"inLanguage":"en-US","potentialAction":[{"@type":"ReadAction","target":["https:\/\/machineriesbst.com\/en\/catalogue\/deligneuse-simple-avec-guide-pneumatique-fr-12-pgf\/"]}]},{"@type":"BreadcrumbList","@id":"https:\/\/machineriesbst.com\/en\/catalogue\/deligneuse-simple-avec-guide-pneumatique-fr-12-pgf\/#breadcrumb","itemListElement":[{"@type":"ListItem","position":1,"name":"Accueil","item":"https:\/\/machineriesbst.com\/en\/"},{"@type":"ListItem","position":2,"name":"Catalogue","item":"https:\/\/machineriesbst.com\/en\/catalog\/"},{"@type":"ListItem","position":3,"name":"D\u00e9ligneuse simple avec guide pneumatique - FR-12-PGF"}]}]}},"_links":{"self":[{"href":"https:\/\/machineriesbst.com\/en\/wp-json\/wp\/v2\/product\/58737"}],"collection":[{"href":"https:\/\/machineriesbst.com\/en\/wp-json\/wp\/v2\/product"}],"about":[{"href":"https:\/\/machineriesbst.com\/en\/wp-json\/wp\/v2\/types\/product"}],"author":[{"embeddable":true,"href":"https:\/\/machineriesbst.com\/en\/wp-json\/wp\/v2\/users\/3"}],"replies":[{"embeddable":true,"href":"https:\/\/machineriesbst.com\/en\/wp-json\/wp\/v2\/comments?post=58737"}],"wp:featuredmedia":[{"embeddable":true,"href":"https:\/\/machineriesbst.com\/en\/wp-json\/wp\/v2\/media\/55391"}],"wp:attachment":[{"href":"https:\/\/machineriesbst.com\/en\/wp-json\/wp\/v2\/media?parent=58737"}],"wp:term":[{"taxonomy":"product_cat","embeddable":true,"href":"https:\/\/machineriesbst.com\/en\/wp-json\/wp\/v2\/product_cat?post=58737"},{"taxonomy":"product_tag","embeddable":true,"href":"https:\/\/machineriesbst.com\/en\/wp-json\/wp\/v2\/product_tag?post=58737"}],"curies":[{"name":"wp","href":"https:\/\/api.w.org\/{rel}","templated":true}]}}