{"id":58728,"date":"2021-06-08T10:00:17","date_gmt":"2021-06-08T14:00:17","guid":{"rendered":"https:\/\/machineriesbst.com\/?post_type=product&#038;p=58728"},"modified":"2023-11-30T20:22:27","modified_gmt":"2023-12-01T01:22:27","slug":"ligne-de-delignage-et-de-planage-2-faces-lico-et-osi","status":"publish","type":"product","link":"https:\/\/machineriesbst.com\/en\/catalogue\/ligne-de-delignage-et-de-planage-2-faces-lico-et-osi\/","title":{"rendered":"Lico edging line"},"content":{"rendered":"<p><strong>Lico edging system with scanners with five moving blades and OSI 2-sided leveling.<\/strong><\/p>\n<p>Feed speed up to 500 fpm<br \/>\nInner Hogging blade to remove the inner border<br \/>\nThe sawing edge falls into a conveyor that feeds a 125 hp vecoplan horizontal mulcher (available separately)<br \/>\nThe whole system was updated by Lico in 2016.<\/p>\n<p>Other photos and info on request<\/p>\n<p><strong>OSI SCP -24 Self-centered double leveling.<\/strong><\/p>\n<p>Capacity of: 24 &quot;<\/p>\n<div>\n<ul>\n<li>Upper engine: 75 HP<\/li>\n<li>Lower motor: 75 HP<\/li>\n<li>Touch-Screen Interface<\/li>\n<li>Includes spare leveling head with holder for quick change (upper and lower heads are interchangeable)<\/li>\n<li>Face-to-face segmented feed rollers ensure perfect centering of each part<br \/>\nThe segmented pressure fingers follow the shape of each board.<br \/>\nDirect opposing helical leveling heads with replaceable four-sided inserts<br \/>\nMinimum length of a 24 &quot;workpiece<br \/>\nPanel treatment thickness: 1\/2 &quot;- 5-1 \/ 2&quot;<br \/>\nIncludes Lico batch feeding system<br \/>\nIncludes inlet and outlet belt conveyors<br \/>\nExit roller<br \/>\nLogitex control system<br \/>\n<strong>System 2017<\/strong><\/li>\n<\/ul>\n<\/div>\n<div><\/div>","protected":false},"excerpt":{"rendered":"<p>Lico edging system with scanners with five moving blades and OSI 2-sided leveling. Feed speed up to 500 FPM Interior Hogging blade to remove interior edge The sawing edge falls into a conveyor that feeds a 125 hp vecoplan horizontal mulcher (available separately) The entire system [\u2026]<\/p>","protected":false},"author":3,"featured_media":55341,"comment_status":"open","ping_status":"closed","template":"","meta":[],"product_cat":[3076,214],"product_tag":[],"acf":[],"yoast_head":"<!-- This site is optimized with the Yoast SEO plugin v16.8 - https:\/\/yoast.com\/wordpress\/plugins\/seo\/ -->\n<title>Ligne de d\u00e9lignage  Lico - Machineries BST<\/title>\n<meta name=\"robots\" content=\"index, follow, max-snippet:-1, max-image-preview:large, max-video-preview:-1\" \/>\n<link rel=\"canonical\" href=\"https:\/\/machineriesbst.com\/en\/catalogue\/ligne-de-delignage-et-de-planage-2-faces-lico-et-osi\/\" \/>\n<meta property=\"og:locale\" content=\"en_US\" \/>\n<meta property=\"og:type\" content=\"article\" \/>\n<meta property=\"og:title\" content=\"Ligne de d\u00e9lignage  Lico - Machineries BST\" \/>\n<meta property=\"og:description\" content=\"Syst\u00e8me de d\u00e9lignage Lico\u00a0 avec scanners\u00a0 \u00e0 cinq lames mobiles et de planage 2 faces\u00a0 OSI . Vitesse d&#039;alimentation jusqu&#039;\u00e0 500 pi \/ min Lame de Hogging int\u00e9rieure pour enlever la bordure int\u00e9rieure La bordure du sciage\u00a0 tombe\u00a0 dans un convoyeur qui alimente un\u00a0 broyeur horizontale\u00a0 vecoplan de 125 hp\u00a0 (disponible s\u00e9par\u00e9ment) L&#039;ensemble du syst\u00e8me [&hellip;]\" \/>\n<meta property=\"og:url\" content=\"https:\/\/machineriesbst.com\/en\/catalogue\/ligne-de-delignage-et-de-planage-2-faces-lico-et-osi\/\" \/>\n<meta property=\"og:site_name\" content=\"Machineries BST\" \/>\n<meta property=\"article:modified_time\" content=\"2023-12-01T01:22:27+00:00\" \/>\n<meta property=\"og:image\" content=\"https:\/\/machineriesbst.com\/wp-content\/uploads\/2021\/05\/get_image_cached-11.jpg\" \/>\n\t<meta property=\"og:image:width\" content=\"798\" \/>\n\t<meta property=\"og:image:height\" content=\"404\" \/>\n<meta name=\"twitter:card\" content=\"summary_large_image\" \/>\n<meta name=\"twitter:label1\" content=\"Est. reading time\" \/>\n\t<meta name=\"twitter:data1\" content=\"1 minute\" \/>\n<script type=\"application\/ld+json\" class=\"yoast-schema-graph\">{\"@context\":\"https:\/\/schema.org\",\"@graph\":[{\"@type\":\"WebSite\",\"@id\":\"https:\/\/machineriesbst.com\/en\/#website\",\"url\":\"https:\/\/machineriesbst.com\/en\/\",\"name\":\"Machineries BST\",\"description\":\"Machines neuves &amp; usag\\u00e9es\",\"potentialAction\":[{\"@type\":\"SearchAction\",\"target\":{\"@type\":\"EntryPoint\",\"urlTemplate\":\"https:\/\/machineriesbst.com\/en\/?s={search_term_string}\"},\"query-input\":\"required name=search_term_string\"}],\"inLanguage\":\"en-US\"},{\"@type\":\"ImageObject\",\"@id\":\"https:\/\/machineriesbst.com\/en\/catalogue\/ligne-de-delignage-et-de-planage-2-faces-lico-et-osi\/#primaryimage\",\"inLanguage\":\"en-US\",\"url\":\"https:\/\/machineriesbst.com\/wp-content\/uploads\/2021\/05\/get_image_cached-11.jpg\",\"contentUrl\":\"https:\/\/machineriesbst.com\/wp-content\/uploads\/2021\/05\/get_image_cached-11.jpg\",\"width\":798,\"height\":404},{\"@type\":\"WebPage\",\"@id\":\"https:\/\/machineriesbst.com\/en\/catalogue\/ligne-de-delignage-et-de-planage-2-faces-lico-et-osi\/#webpage\",\"url\":\"https:\/\/machineriesbst.com\/en\/catalogue\/ligne-de-delignage-et-de-planage-2-faces-lico-et-osi\/\",\"name\":\"Ligne de d\\u00e9lignage Lico - Machineries BST\",\"isPartOf\":{\"@id\":\"https:\/\/machineriesbst.com\/en\/#website\"},\"primaryImageOfPage\":{\"@id\":\"https:\/\/machineriesbst.com\/en\/catalogue\/ligne-de-delignage-et-de-planage-2-faces-lico-et-osi\/#primaryimage\"},\"datePublished\":\"2021-06-08T14:00:17+00:00\",\"dateModified\":\"2023-12-01T01:22:27+00:00\",\"breadcrumb\":{\"@id\":\"https:\/\/machineriesbst.com\/en\/catalogue\/ligne-de-delignage-et-de-planage-2-faces-lico-et-osi\/#breadcrumb\"},\"inLanguage\":\"en-US\",\"potentialAction\":[{\"@type\":\"ReadAction\",\"target\":[\"https:\/\/machineriesbst.com\/en\/catalogue\/ligne-de-delignage-et-de-planage-2-faces-lico-et-osi\/\"]}]},{\"@type\":\"BreadcrumbList\",\"@id\":\"https:\/\/machineriesbst.com\/en\/catalogue\/ligne-de-delignage-et-de-planage-2-faces-lico-et-osi\/#breadcrumb\",\"itemListElement\":[{\"@type\":\"ListItem\",\"position\":1,\"name\":\"Accueil\",\"item\":\"https:\/\/machineriesbst.com\/en\/\"},{\"@type\":\"ListItem\",\"position\":2,\"name\":\"Catalogue\",\"item\":\"https:\/\/machineriesbst.com\/en\/catalog\/\"},{\"@type\":\"ListItem\",\"position\":3,\"name\":\"Ligne de d\\u00e9lignage Lico\"}]}]}<\/script>\n<!-- \/ Yoast SEO plugin. -->","yoast_head_json":{"title":"Ligne de d\u00e9lignage  Lico - Machineries BST","robots":{"index":"index","follow":"follow","max-snippet":"max-snippet:-1","max-image-preview":"max-image-preview:large","max-video-preview":"max-video-preview:-1"},"canonical":"https:\/\/machineriesbst.com\/en\/catalogue\/ligne-de-delignage-et-de-planage-2-faces-lico-et-osi\/","og_locale":"en_US","og_type":"article","og_title":"Ligne de d\u00e9lignage  Lico - Machineries BST","og_description":"Syst\u00e8me de d\u00e9lignage Lico\u00a0 avec scanners\u00a0 \u00e0 cinq lames mobiles et de planage 2 faces\u00a0 OSI . Vitesse d'alimentation jusqu'\u00e0 500 pi \/ min Lame de Hogging int\u00e9rieure pour enlever la bordure int\u00e9rieure La bordure du sciage\u00a0 tombe\u00a0 dans un convoyeur qui alimente un\u00a0 broyeur horizontale\u00a0 vecoplan de 125 hp\u00a0 (disponible s\u00e9par\u00e9ment) L'ensemble du syst\u00e8me [&hellip;]","og_url":"https:\/\/machineriesbst.com\/en\/catalogue\/ligne-de-delignage-et-de-planage-2-faces-lico-et-osi\/","og_site_name":"Machineries BST","article_modified_time":"2023-12-01T01:22:27+00:00","og_image":[{"width":798,"height":404,"url":"https:\/\/machineriesbst.com\/wp-content\/uploads\/2021\/05\/get_image_cached-11.jpg","path":"\/home\/jepeto\/public_html\/wp-content\/uploads\/2021\/05\/get_image_cached-11.jpg","size":"full","id":55341,"alt":"","pixels":322392,"type":"image\/jpeg"}],"twitter_card":"summary_large_image","twitter_misc":{"Est. reading time":"1 minute"},"schema":{"@context":"https:\/\/schema.org","@graph":[{"@type":"WebSite","@id":"https:\/\/machineriesbst.com\/en\/#website","url":"https:\/\/machineriesbst.com\/en\/","name":"Machineries BST","description":"Machines neuves &amp; usag\u00e9es","potentialAction":[{"@type":"SearchAction","target":{"@type":"EntryPoint","urlTemplate":"https:\/\/machineriesbst.com\/en\/?s={search_term_string}"},"query-input":"required name=search_term_string"}],"inLanguage":"en-US"},{"@type":"ImageObject","@id":"https:\/\/machineriesbst.com\/en\/catalogue\/ligne-de-delignage-et-de-planage-2-faces-lico-et-osi\/#primaryimage","inLanguage":"en-US","url":"https:\/\/machineriesbst.com\/wp-content\/uploads\/2021\/05\/get_image_cached-11.jpg","contentUrl":"https:\/\/machineriesbst.com\/wp-content\/uploads\/2021\/05\/get_image_cached-11.jpg","width":798,"height":404},{"@type":"WebPage","@id":"https:\/\/machineriesbst.com\/en\/catalogue\/ligne-de-delignage-et-de-planage-2-faces-lico-et-osi\/#webpage","url":"https:\/\/machineriesbst.com\/en\/catalogue\/ligne-de-delignage-et-de-planage-2-faces-lico-et-osi\/","name":"Ligne de d\u00e9lignage Lico - Machineries BST","isPartOf":{"@id":"https:\/\/machineriesbst.com\/en\/#website"},"primaryImageOfPage":{"@id":"https:\/\/machineriesbst.com\/en\/catalogue\/ligne-de-delignage-et-de-planage-2-faces-lico-et-osi\/#primaryimage"},"datePublished":"2021-06-08T14:00:17+00:00","dateModified":"2023-12-01T01:22:27+00:00","breadcrumb":{"@id":"https:\/\/machineriesbst.com\/en\/catalogue\/ligne-de-delignage-et-de-planage-2-faces-lico-et-osi\/#breadcrumb"},"inLanguage":"en-US","potentialAction":[{"@type":"ReadAction","target":["https:\/\/machineriesbst.com\/en\/catalogue\/ligne-de-delignage-et-de-planage-2-faces-lico-et-osi\/"]}]},{"@type":"BreadcrumbList","@id":"https:\/\/machineriesbst.com\/en\/catalogue\/ligne-de-delignage-et-de-planage-2-faces-lico-et-osi\/#breadcrumb","itemListElement":[{"@type":"ListItem","position":1,"name":"Accueil","item":"https:\/\/machineriesbst.com\/en\/"},{"@type":"ListItem","position":2,"name":"Catalogue","item":"https:\/\/machineriesbst.com\/en\/catalog\/"},{"@type":"ListItem","position":3,"name":"Ligne de d\u00e9lignage Lico"}]}]}},"_links":{"self":[{"href":"https:\/\/machineriesbst.com\/en\/wp-json\/wp\/v2\/product\/58728"}],"collection":[{"href":"https:\/\/machineriesbst.com\/en\/wp-json\/wp\/v2\/product"}],"about":[{"href":"https:\/\/machineriesbst.com\/en\/wp-json\/wp\/v2\/types\/product"}],"author":[{"embeddable":true,"href":"https:\/\/machineriesbst.com\/en\/wp-json\/wp\/v2\/users\/3"}],"replies":[{"embeddable":true,"href":"https:\/\/machineriesbst.com\/en\/wp-json\/wp\/v2\/comments?post=58728"}],"wp:featuredmedia":[{"embeddable":true,"href":"https:\/\/machineriesbst.com\/en\/wp-json\/wp\/v2\/media\/55341"}],"wp:attachment":[{"href":"https:\/\/machineriesbst.com\/en\/wp-json\/wp\/v2\/media?parent=58728"}],"wp:term":[{"taxonomy":"product_cat","embeddable":true,"href":"https:\/\/machineriesbst.com\/en\/wp-json\/wp\/v2\/product_cat?post=58728"},{"taxonomy":"product_tag","embeddable":true,"href":"https:\/\/machineriesbst.com\/en\/wp-json\/wp\/v2\/product_tag?post=58728"}],"curies":[{"name":"wp","href":"https:\/\/api.w.org\/{rel}","templated":true}]}}