{"id":58723,"date":"2021-06-08T10:00:16","date_gmt":"2021-06-08T14:00:16","guid":{"rendered":"https:\/\/machineriesbst.com\/?post_type=product&#038;p=58723"},"modified":"2023-11-30T20:22:27","modified_gmt":"2023-12-01T01:22:27","slug":"mouluriere-iida-10-tetes-a-haute-vitesse","status":"publish","type":"product","link":"https:\/\/machineriesbst.com\/en\/catalogue\/mouluriere-iida-10-tetes-a-haute-vitesse\/","title":{"rendered":"IIDA 10 Head High Speed Moulder."},"content":{"rendered":"<p>Dimensions 230mm by 120mm. Drive speed 120M \/ Min .Shaft -50mm<\/p>\n<p>Head: 1-Down \/ 20hp- 2-Right \/ 20hp-3-Left \/ 20hp-4-Up-25hp-5-Right \/ 15hp 6-Left \/ 15hp-7-Down \/ 20 \/ hp-8-Right \/ 20hp -9-Left \/ 20hp-10-Top-25hp. Heads 8 and 9 are facing each other. 10 suction outputs of 150mm. 225kva transformer included. Digital position indicator. Excellent moulder for engineered flooring or moldings.<\/p>\n<p>All tables are chrome hardened. Pressure pads are made of hardened steel. 6-ply fiberglass soundproofing and protection cabin.<\/p>\n<p>&nbsp;<\/p>","protected":false},"excerpt":{"rendered":"<p>Dimensions 230mm by 120mm. Drive speed 120M \/ Min .Shaft -50mm Head: 1-Down \/ 20hp- 2-Right \/ 20hp-3-Left \/ 20hp-4-Up-25hp-5-Right \/ 15hp 6-Left \/ 15hp-7- Down \/ 20 \/ hp-8-Right \/ 20hp-9-Left \/ 20hp-10-Up-25hp. Heads 8 and 9 are facing each other. 10 suction outputs of 150mm. 225kva transformer included. Digital position indicator. Excellent moulder for engineered flooring or moldings. All tables are chrome hardened.The pressure pads are in hardened steel.Cabin [\u2026]<\/p>","protected":false},"author":3,"featured_media":55280,"comment_status":"open","ping_status":"closed","template":"","meta":[],"product_cat":[125],"product_tag":[],"acf":[],"yoast_head":"<!-- This site is optimized with the Yoast SEO plugin v16.8 - https:\/\/yoast.com\/wordpress\/plugins\/seo\/ -->\n<title>Mouluri\u00e8re IIDA 10 t\u00eates \u00c0 Haute Vitesse. - Machineries BST<\/title>\n<meta name=\"robots\" content=\"index, follow, max-snippet:-1, max-image-preview:large, max-video-preview:-1\" \/>\n<link rel=\"canonical\" href=\"https:\/\/machineriesbst.com\/en\/catalogue\/mouluriere-iida-10-tetes-a-haute-vitesse\/\" \/>\n<meta property=\"og:locale\" content=\"en_US\" \/>\n<meta property=\"og:type\" content=\"article\" \/>\n<meta property=\"og:title\" content=\"Mouluri\u00e8re IIDA 10 t\u00eates \u00c0 Haute Vitesse. - Machineries BST\" \/>\n<meta property=\"og:description\" content=\"Dimensions 230mm par 120mm. Vitesse d&#039;entrainement 120M\/Min .Shaft -50mm T\u00eate : 1-Bas\/20hp- 2-Droite\/20hp-3-Gauche\/20hp-4-Haut-25hp-5-Droite\/15hp 6-Gauche\/15hp-7-Bas\/20\/hp-8-Droite\/20hp-9-Gauche\/20hp-10-Haut-25hp. Les t\u00eates 8 et 9 sont face \u00e0 face. 10 sorties d&#039;aspirations de 150mm.Transfo de 225kva inclu.Indicateur de position num\u00e9rique . Excellente mouluriere pour plancher ing\u00e9n\u00e9rie ou moulurage. Toute les tables sont durci au chrome.Les patins presseurs sont en acier tremp\u00e9.Cabine [&hellip;]\" \/>\n<meta property=\"og:url\" content=\"https:\/\/machineriesbst.com\/en\/catalogue\/mouluriere-iida-10-tetes-a-haute-vitesse\/\" \/>\n<meta property=\"og:site_name\" content=\"Machineries BST\" \/>\n<meta property=\"article:modified_time\" content=\"2023-12-01T01:22:27+00:00\" \/>\n<meta property=\"og:image\" content=\"https:\/\/machineriesbst.com\/wp-content\/uploads\/2021\/05\/IMG_0148.jpg\" \/>\n\t<meta property=\"og:image:width\" content=\"478\" \/>\n\t<meta property=\"og:image:height\" content=\"358\" \/>\n<meta name=\"twitter:card\" content=\"summary_large_image\" \/>\n<script type=\"application\/ld+json\" class=\"yoast-schema-graph\">{\"@context\":\"https:\/\/schema.org\",\"@graph\":[{\"@type\":\"WebSite\",\"@id\":\"https:\/\/machineriesbst.com\/en\/#website\",\"url\":\"https:\/\/machineriesbst.com\/en\/\",\"name\":\"Machineries BST\",\"description\":\"Machines neuves &amp; usag\\u00e9es\",\"potentialAction\":[{\"@type\":\"SearchAction\",\"target\":{\"@type\":\"EntryPoint\",\"urlTemplate\":\"https:\/\/machineriesbst.com\/en\/?s={search_term_string}\"},\"query-input\":\"required name=search_term_string\"}],\"inLanguage\":\"en-US\"},{\"@type\":\"ImageObject\",\"@id\":\"https:\/\/machineriesbst.com\/en\/catalogue\/mouluriere-iida-10-tetes-a-haute-vitesse\/#primaryimage\",\"inLanguage\":\"en-US\",\"url\":\"https:\/\/machineriesbst.com\/wp-content\/uploads\/2021\/05\/IMG_0148.jpg\",\"contentUrl\":\"https:\/\/machineriesbst.com\/wp-content\/uploads\/2021\/05\/IMG_0148.jpg\",\"width\":478,\"height\":358},{\"@type\":\"WebPage\",\"@id\":\"https:\/\/machineriesbst.com\/en\/catalogue\/mouluriere-iida-10-tetes-a-haute-vitesse\/#webpage\",\"url\":\"https:\/\/machineriesbst.com\/en\/catalogue\/mouluriere-iida-10-tetes-a-haute-vitesse\/\",\"name\":\"Mouluri\\u00e8re IIDA 10 t\\u00eates \\u00c0 Haute Vitesse. - Machineries BST\",\"isPartOf\":{\"@id\":\"https:\/\/machineriesbst.com\/en\/#website\"},\"primaryImageOfPage\":{\"@id\":\"https:\/\/machineriesbst.com\/en\/catalogue\/mouluriere-iida-10-tetes-a-haute-vitesse\/#primaryimage\"},\"datePublished\":\"2021-06-08T14:00:16+00:00\",\"dateModified\":\"2023-12-01T01:22:27+00:00\",\"breadcrumb\":{\"@id\":\"https:\/\/machineriesbst.com\/en\/catalogue\/mouluriere-iida-10-tetes-a-haute-vitesse\/#breadcrumb\"},\"inLanguage\":\"en-US\",\"potentialAction\":[{\"@type\":\"ReadAction\",\"target\":[\"https:\/\/machineriesbst.com\/en\/catalogue\/mouluriere-iida-10-tetes-a-haute-vitesse\/\"]}]},{\"@type\":\"BreadcrumbList\",\"@id\":\"https:\/\/machineriesbst.com\/en\/catalogue\/mouluriere-iida-10-tetes-a-haute-vitesse\/#breadcrumb\",\"itemListElement\":[{\"@type\":\"ListItem\",\"position\":1,\"name\":\"Accueil\",\"item\":\"https:\/\/machineriesbst.com\/en\/\"},{\"@type\":\"ListItem\",\"position\":2,\"name\":\"Catalogue\",\"item\":\"https:\/\/machineriesbst.com\/en\/catalog\/\"},{\"@type\":\"ListItem\",\"position\":3,\"name\":\"Mouluri\\u00e8re IIDA 10 t\\u00eates \\u00c0 Haute Vitesse.\"}]}]}<\/script>\n<!-- \/ Yoast SEO plugin. -->","yoast_head_json":{"title":"Mouluri\u00e8re IIDA 10 t\u00eates \u00c0 Haute Vitesse. - Machineries BST","robots":{"index":"index","follow":"follow","max-snippet":"max-snippet:-1","max-image-preview":"max-image-preview:large","max-video-preview":"max-video-preview:-1"},"canonical":"https:\/\/machineriesbst.com\/en\/catalogue\/mouluriere-iida-10-tetes-a-haute-vitesse\/","og_locale":"en_US","og_type":"article","og_title":"Mouluri\u00e8re IIDA 10 t\u00eates \u00c0 Haute Vitesse. - Machineries BST","og_description":"Dimensions 230mm par 120mm. Vitesse d'entrainement 120M\/Min .Shaft -50mm T\u00eate : 1-Bas\/20hp- 2-Droite\/20hp-3-Gauche\/20hp-4-Haut-25hp-5-Droite\/15hp 6-Gauche\/15hp-7-Bas\/20\/hp-8-Droite\/20hp-9-Gauche\/20hp-10-Haut-25hp. Les t\u00eates 8 et 9 sont face \u00e0 face. 10 sorties d'aspirations de 150mm.Transfo de 225kva inclu.Indicateur de position num\u00e9rique . Excellente mouluriere pour plancher ing\u00e9n\u00e9rie ou moulurage. Toute les tables sont durci au chrome.Les patins presseurs sont en acier tremp\u00e9.Cabine [&hellip;]","og_url":"https:\/\/machineriesbst.com\/en\/catalogue\/mouluriere-iida-10-tetes-a-haute-vitesse\/","og_site_name":"Machineries BST","article_modified_time":"2023-12-01T01:22:27+00:00","og_image":[{"width":478,"height":358,"url":"https:\/\/machineriesbst.com\/wp-content\/uploads\/2021\/05\/IMG_0148.jpg","path":"\/home\/jepeto\/public_html\/wp-content\/uploads\/2021\/05\/IMG_0148.jpg","size":"full","id":55280,"alt":"","pixels":171124,"type":"image\/jpeg"}],"twitter_card":"summary_large_image","schema":{"@context":"https:\/\/schema.org","@graph":[{"@type":"WebSite","@id":"https:\/\/machineriesbst.com\/en\/#website","url":"https:\/\/machineriesbst.com\/en\/","name":"Machineries BST","description":"Machines neuves &amp; usag\u00e9es","potentialAction":[{"@type":"SearchAction","target":{"@type":"EntryPoint","urlTemplate":"https:\/\/machineriesbst.com\/en\/?s={search_term_string}"},"query-input":"required name=search_term_string"}],"inLanguage":"en-US"},{"@type":"ImageObject","@id":"https:\/\/machineriesbst.com\/en\/catalogue\/mouluriere-iida-10-tetes-a-haute-vitesse\/#primaryimage","inLanguage":"en-US","url":"https:\/\/machineriesbst.com\/wp-content\/uploads\/2021\/05\/IMG_0148.jpg","contentUrl":"https:\/\/machineriesbst.com\/wp-content\/uploads\/2021\/05\/IMG_0148.jpg","width":478,"height":358},{"@type":"WebPage","@id":"https:\/\/machineriesbst.com\/en\/catalogue\/mouluriere-iida-10-tetes-a-haute-vitesse\/#webpage","url":"https:\/\/machineriesbst.com\/en\/catalogue\/mouluriere-iida-10-tetes-a-haute-vitesse\/","name":"Mouluri\u00e8re IIDA 10 t\u00eates \u00c0 Haute Vitesse. - Machineries BST","isPartOf":{"@id":"https:\/\/machineriesbst.com\/en\/#website"},"primaryImageOfPage":{"@id":"https:\/\/machineriesbst.com\/en\/catalogue\/mouluriere-iida-10-tetes-a-haute-vitesse\/#primaryimage"},"datePublished":"2021-06-08T14:00:16+00:00","dateModified":"2023-12-01T01:22:27+00:00","breadcrumb":{"@id":"https:\/\/machineriesbst.com\/en\/catalogue\/mouluriere-iida-10-tetes-a-haute-vitesse\/#breadcrumb"},"inLanguage":"en-US","potentialAction":[{"@type":"ReadAction","target":["https:\/\/machineriesbst.com\/en\/catalogue\/mouluriere-iida-10-tetes-a-haute-vitesse\/"]}]},{"@type":"BreadcrumbList","@id":"https:\/\/machineriesbst.com\/en\/catalogue\/mouluriere-iida-10-tetes-a-haute-vitesse\/#breadcrumb","itemListElement":[{"@type":"ListItem","position":1,"name":"Accueil","item":"https:\/\/machineriesbst.com\/en\/"},{"@type":"ListItem","position":2,"name":"Catalogue","item":"https:\/\/machineriesbst.com\/en\/catalog\/"},{"@type":"ListItem","position":3,"name":"Mouluri\u00e8re IIDA 10 t\u00eates \u00c0 Haute Vitesse."}]}]}},"_links":{"self":[{"href":"https:\/\/machineriesbst.com\/en\/wp-json\/wp\/v2\/product\/58723"}],"collection":[{"href":"https:\/\/machineriesbst.com\/en\/wp-json\/wp\/v2\/product"}],"about":[{"href":"https:\/\/machineriesbst.com\/en\/wp-json\/wp\/v2\/types\/product"}],"author":[{"embeddable":true,"href":"https:\/\/machineriesbst.com\/en\/wp-json\/wp\/v2\/users\/3"}],"replies":[{"embeddable":true,"href":"https:\/\/machineriesbst.com\/en\/wp-json\/wp\/v2\/comments?post=58723"}],"wp:featuredmedia":[{"embeddable":true,"href":"https:\/\/machineriesbst.com\/en\/wp-json\/wp\/v2\/media\/55280"}],"wp:attachment":[{"href":"https:\/\/machineriesbst.com\/en\/wp-json\/wp\/v2\/media?parent=58723"}],"wp:term":[{"taxonomy":"product_cat","embeddable":true,"href":"https:\/\/machineriesbst.com\/en\/wp-json\/wp\/v2\/product_cat?post=58723"},{"taxonomy":"product_tag","embeddable":true,"href":"https:\/\/machineriesbst.com\/en\/wp-json\/wp\/v2\/product_tag?post=58723"}],"curies":[{"name":"wp","href":"https:\/\/api.w.org\/{rel}","templated":true}]}}