{"id":58721,"date":"2021-06-08T10:00:15","date_gmt":"2021-06-08T14:00:15","guid":{"rendered":"https:\/\/machineriesbst.com\/?post_type=product&#038;p=58721"},"modified":"2023-11-30T20:22:27","modified_gmt":"2023-12-01T01:22:27","slug":"mouluriere-weinig-200-pmp","status":"publish","type":"product","link":"https:\/\/machineriesbst.com\/en\/catalogue\/mouluriere-weinig-200-pmp\/","title":{"rendered":"Moulder Weinig 200 PMP"},"content":{"rendered":"<p>9 9 \u201dheads (8 11\/16 x 4-11 \/ 16)\u00a0 <strong>Fully reconditioned in 2016<\/strong><br \/>\nHead Sequences<br \/>\nLow 11 KW (15 hp)<br \/>\nHigh 15 KW (20.25 hp)<br \/>\nStraight 7.5 KW (10 hp)<br \/>\nLeft 7.5 KW (10 hp)<br \/>\nRight 11 KW (15hp)<br \/>\nLeft 11 KW (15 hp)<br \/>\nHigh 30 KW (40.5 hp)<br \/>\nLow 30 KW (40.5 hp)<br \/>\nUniversal 11KW (15 hp)<br \/>\nSpeed 60 M \/ MIN. (196.8 FT \/ MIN.)<br \/>\n380 volts 3 ph<br \/>\nShaft diameter 50 mm<br \/>\nSupport bearings on the Heads 1-2-7-8<br \/>\nChrome table<br \/>\n15 KW (20.25 hp) motor drive<br \/>\nProfile Jointer on the Last 4 Heads except the universal<br \/>\nExcellent condition<br \/>\nFully reconditioned in 2016<\/p>","protected":false},"excerpt":{"rendered":"<p>9 9 \u201dHeads (8 11\/16 x 4-11 \/ 16) Fully Reconditioned in 2016 Head Sequences Low 11 KW (15 hp) High 15 KW (20.25 hp) Right 7.5 KW (10 hp) Left 7.5 KW ( 10 hp) Right 11 KW (15hp) Left 11 KW (15 hp) Top 30 KW (40.5 hp) Bottom 30 KW (40.5 hp) [\u2026]<\/p>","protected":false},"author":3,"featured_media":55274,"comment_status":"open","ping_status":"closed","template":"","meta":[],"product_cat":[125],"product_tag":[],"acf":[],"yoast_head":"<!-- This site is optimized with the Yoast SEO plugin v16.8 - https:\/\/yoast.com\/wordpress\/plugins\/seo\/ -->\n<title>Mouluriere Weinig 200 PMP - Machineries BST<\/title>\n<meta name=\"robots\" content=\"index, follow, max-snippet:-1, max-image-preview:large, max-video-preview:-1\" \/>\n<link rel=\"canonical\" href=\"https:\/\/machineriesbst.com\/en\/catalogue\/mouluriere-weinig-200-pmp\/\" \/>\n<meta property=\"og:locale\" content=\"en_US\" \/>\n<meta property=\"og:type\" content=\"article\" \/>\n<meta property=\"og:title\" content=\"Mouluriere Weinig 200 PMP - Machineries BST\" \/>\n<meta property=\"og:description\" content=\"9 T\u00eates de 9\u201d\u00a0 (8 11\/16\u00a0 x 4-11\/16)\u00a0 Reconditionn\u00e9 au complet en 2016 S\u00e9quences des T\u00eates Bas 11 KW (15 hp) Haut 15 KW (20.25 hp) Droit 7.5 KW (10 hp) Gauche 7.5 KW (10 hp) Droit 11 KW (15hp) Gauche 11 KW (15 hp) Haut 30 KW (40.5 hp) Bas 30 KW (40.5 hp) [&hellip;]\" \/>\n<meta property=\"og:url\" content=\"https:\/\/machineriesbst.com\/en\/catalogue\/mouluriere-weinig-200-pmp\/\" \/>\n<meta property=\"og:site_name\" content=\"Machineries BST\" \/>\n<meta property=\"article:modified_time\" content=\"2023-12-01T01:22:27+00:00\" \/>\n<meta property=\"og:image\" content=\"https:\/\/machineriesbst.com\/wp-content\/uploads\/2021\/05\/EdPd3GsQTGHzsI9LVuFA-600x450-1.jpg\" \/>\n\t<meta property=\"og:image:width\" content=\"600\" \/>\n\t<meta property=\"og:image:height\" content=\"450\" \/>\n<meta name=\"twitter:card\" content=\"summary_large_image\" \/>\n<script type=\"application\/ld+json\" class=\"yoast-schema-graph\">{\"@context\":\"https:\/\/schema.org\",\"@graph\":[{\"@type\":\"WebSite\",\"@id\":\"https:\/\/machineriesbst.com\/en\/#website\",\"url\":\"https:\/\/machineriesbst.com\/en\/\",\"name\":\"Machineries BST\",\"description\":\"Machines neuves &amp; usag\\u00e9es\",\"potentialAction\":[{\"@type\":\"SearchAction\",\"target\":{\"@type\":\"EntryPoint\",\"urlTemplate\":\"https:\/\/machineriesbst.com\/en\/?s={search_term_string}\"},\"query-input\":\"required name=search_term_string\"}],\"inLanguage\":\"en-US\"},{\"@type\":\"ImageObject\",\"@id\":\"https:\/\/machineriesbst.com\/en\/catalogue\/mouluriere-weinig-200-pmp\/#primaryimage\",\"inLanguage\":\"en-US\",\"url\":\"https:\/\/machineriesbst.com\/wp-content\/uploads\/2021\/05\/EdPd3GsQTGHzsI9LVuFA-600x450-1.jpg\",\"contentUrl\":\"https:\/\/machineriesbst.com\/wp-content\/uploads\/2021\/05\/EdPd3GsQTGHzsI9LVuFA-600x450-1.jpg\",\"width\":600,\"height\":450},{\"@type\":\"WebPage\",\"@id\":\"https:\/\/machineriesbst.com\/en\/catalogue\/mouluriere-weinig-200-pmp\/#webpage\",\"url\":\"https:\/\/machineriesbst.com\/en\/catalogue\/mouluriere-weinig-200-pmp\/\",\"name\":\"Mouluriere Weinig 200 PMP - Machineries BST\",\"isPartOf\":{\"@id\":\"https:\/\/machineriesbst.com\/en\/#website\"},\"primaryImageOfPage\":{\"@id\":\"https:\/\/machineriesbst.com\/en\/catalogue\/mouluriere-weinig-200-pmp\/#primaryimage\"},\"datePublished\":\"2021-06-08T14:00:15+00:00\",\"dateModified\":\"2023-12-01T01:22:27+00:00\",\"breadcrumb\":{\"@id\":\"https:\/\/machineriesbst.com\/en\/catalogue\/mouluriere-weinig-200-pmp\/#breadcrumb\"},\"inLanguage\":\"en-US\",\"potentialAction\":[{\"@type\":\"ReadAction\",\"target\":[\"https:\/\/machineriesbst.com\/en\/catalogue\/mouluriere-weinig-200-pmp\/\"]}]},{\"@type\":\"BreadcrumbList\",\"@id\":\"https:\/\/machineriesbst.com\/en\/catalogue\/mouluriere-weinig-200-pmp\/#breadcrumb\",\"itemListElement\":[{\"@type\":\"ListItem\",\"position\":1,\"name\":\"Accueil\",\"item\":\"https:\/\/machineriesbst.com\/en\/\"},{\"@type\":\"ListItem\",\"position\":2,\"name\":\"Catalogue\",\"item\":\"https:\/\/machineriesbst.com\/en\/catalog\/\"},{\"@type\":\"ListItem\",\"position\":3,\"name\":\"Mouluriere Weinig 200 PMP\"}]}]}<\/script>\n<!-- \/ Yoast SEO plugin. -->","yoast_head_json":{"title":"Mouluriere Weinig 200 PMP - Machineries BST","robots":{"index":"index","follow":"follow","max-snippet":"max-snippet:-1","max-image-preview":"max-image-preview:large","max-video-preview":"max-video-preview:-1"},"canonical":"https:\/\/machineriesbst.com\/en\/catalogue\/mouluriere-weinig-200-pmp\/","og_locale":"en_US","og_type":"article","og_title":"Mouluriere Weinig 200 PMP - Machineries BST","og_description":"9 T\u00eates de 9\u201d\u00a0 (8 11\/16\u00a0 x 4-11\/16)\u00a0 Reconditionn\u00e9 au complet en 2016 S\u00e9quences des T\u00eates Bas 11 KW (15 hp) Haut 15 KW (20.25 hp) Droit 7.5 KW (10 hp) Gauche 7.5 KW (10 hp) Droit 11 KW (15hp) Gauche 11 KW (15 hp) Haut 30 KW (40.5 hp) Bas 30 KW (40.5 hp) [&hellip;]","og_url":"https:\/\/machineriesbst.com\/en\/catalogue\/mouluriere-weinig-200-pmp\/","og_site_name":"Machineries BST","article_modified_time":"2023-12-01T01:22:27+00:00","og_image":[{"width":600,"height":450,"url":"https:\/\/machineriesbst.com\/wp-content\/uploads\/2021\/05\/EdPd3GsQTGHzsI9LVuFA-600x450-1.jpg","path":"\/home\/jepeto\/public_html\/wp-content\/uploads\/2021\/05\/EdPd3GsQTGHzsI9LVuFA-600x450-1.jpg","size":"full","id":55274,"alt":"","pixels":270000,"type":"image\/jpeg"}],"twitter_card":"summary_large_image","schema":{"@context":"https:\/\/schema.org","@graph":[{"@type":"WebSite","@id":"https:\/\/machineriesbst.com\/en\/#website","url":"https:\/\/machineriesbst.com\/en\/","name":"Machineries BST","description":"Machines neuves &amp; usag\u00e9es","potentialAction":[{"@type":"SearchAction","target":{"@type":"EntryPoint","urlTemplate":"https:\/\/machineriesbst.com\/en\/?s={search_term_string}"},"query-input":"required name=search_term_string"}],"inLanguage":"en-US"},{"@type":"ImageObject","@id":"https:\/\/machineriesbst.com\/en\/catalogue\/mouluriere-weinig-200-pmp\/#primaryimage","inLanguage":"en-US","url":"https:\/\/machineriesbst.com\/wp-content\/uploads\/2021\/05\/EdPd3GsQTGHzsI9LVuFA-600x450-1.jpg","contentUrl":"https:\/\/machineriesbst.com\/wp-content\/uploads\/2021\/05\/EdPd3GsQTGHzsI9LVuFA-600x450-1.jpg","width":600,"height":450},{"@type":"WebPage","@id":"https:\/\/machineriesbst.com\/en\/catalogue\/mouluriere-weinig-200-pmp\/#webpage","url":"https:\/\/machineriesbst.com\/en\/catalogue\/mouluriere-weinig-200-pmp\/","name":"Mouluriere Weinig 200 PMP - Machineries BST","isPartOf":{"@id":"https:\/\/machineriesbst.com\/en\/#website"},"primaryImageOfPage":{"@id":"https:\/\/machineriesbst.com\/en\/catalogue\/mouluriere-weinig-200-pmp\/#primaryimage"},"datePublished":"2021-06-08T14:00:15+00:00","dateModified":"2023-12-01T01:22:27+00:00","breadcrumb":{"@id":"https:\/\/machineriesbst.com\/en\/catalogue\/mouluriere-weinig-200-pmp\/#breadcrumb"},"inLanguage":"en-US","potentialAction":[{"@type":"ReadAction","target":["https:\/\/machineriesbst.com\/en\/catalogue\/mouluriere-weinig-200-pmp\/"]}]},{"@type":"BreadcrumbList","@id":"https:\/\/machineriesbst.com\/en\/catalogue\/mouluriere-weinig-200-pmp\/#breadcrumb","itemListElement":[{"@type":"ListItem","position":1,"name":"Accueil","item":"https:\/\/machineriesbst.com\/en\/"},{"@type":"ListItem","position":2,"name":"Catalogue","item":"https:\/\/machineriesbst.com\/en\/catalog\/"},{"@type":"ListItem","position":3,"name":"Mouluriere Weinig 200 PMP"}]}]}},"_links":{"self":[{"href":"https:\/\/machineriesbst.com\/en\/wp-json\/wp\/v2\/product\/58721"}],"collection":[{"href":"https:\/\/machineriesbst.com\/en\/wp-json\/wp\/v2\/product"}],"about":[{"href":"https:\/\/machineriesbst.com\/en\/wp-json\/wp\/v2\/types\/product"}],"author":[{"embeddable":true,"href":"https:\/\/machineriesbst.com\/en\/wp-json\/wp\/v2\/users\/3"}],"replies":[{"embeddable":true,"href":"https:\/\/machineriesbst.com\/en\/wp-json\/wp\/v2\/comments?post=58721"}],"wp:featuredmedia":[{"embeddable":true,"href":"https:\/\/machineriesbst.com\/en\/wp-json\/wp\/v2\/media\/55274"}],"wp:attachment":[{"href":"https:\/\/machineriesbst.com\/en\/wp-json\/wp\/v2\/media?parent=58721"}],"wp:term":[{"taxonomy":"product_cat","embeddable":true,"href":"https:\/\/machineriesbst.com\/en\/wp-json\/wp\/v2\/product_cat?post=58721"},{"taxonomy":"product_tag","embeddable":true,"href":"https:\/\/machineriesbst.com\/en\/wp-json\/wp\/v2\/product_tag?post=58721"}],"curies":[{"name":"wp","href":"https:\/\/api.w.org\/{rel}","templated":true}]}}