{"id":58720,"date":"2021-06-08T10:00:15","date_gmt":"2021-06-08T14:00:15","guid":{"rendered":"https:\/\/machineriesbst.com\/?post_type=product&#038;p=58720"},"modified":"2023-11-30T20:22:27","modified_gmt":"2023-12-01T01:22:27","slug":"scie-a-refendre-baker-abx","status":"publish","type":"product","link":"https:\/\/machineriesbst.com\/en\/catalogue\/scie-a-refendre-baker-abx\/","title":{"rendered":"Baker ABX Rip Saw"},"content":{"rendered":"<ul>\n<li><span class=\"\">Accepts materials up to 16 &quot;x 12&quot; and uses a 16 &quot;wide conveyor<\/span><\/li>\n<li>28 &#39;&#39; solid metal band wheels with dynamic balance<\/li>\n<li>Baker&#39;s exclusive guide plate and guide wheel system holds the blade securely<\/li>\n<li>0.072 \u201dkerf (with Lenox\u00ae WoodMaster \u2122 blades)?<\/li>\n<li>Simple and easy to use<\/li>\n<li>Versatility: Rip wood, cut quality wood from squares straight from the sawmill, even make angled cuts!<\/li>\n<li>Variable feed speed from 0 to 95 feet (0 to 29 m) per minute<\/li>\n<li>Compact footprint (56 &quot;\/ 1.42m wide by 64&quot; \/ 1.63m deep) takes up minimal space<\/li>\n<li>Adjustable frame with fixed conveyor height (top of conveyor is 34 \u201d\/ 86.36 cm above ground) for easy integration with other machines<\/li>\n<\/ul>","protected":false},"excerpt":{"rendered":"<p>Accepts materials up to 16 &quot;x 12&quot; and uses a 16 &quot;wide conveyor 28&quot; Dynamically balanced solid metal belt wheels Baker&#39;s exclusive guide plate and guide wheel system keeps the blade in place. fully safe 0.072 in. kerf (with Lenox\u00ae blades [\u2026]<\/p>","protected":false},"author":3,"featured_media":55273,"comment_status":"open","ping_status":"closed","template":"","meta":[],"product_cat":[214,3092],"product_tag":[],"acf":[],"yoast_head":"<!-- This site is optimized with the Yoast SEO plugin v16.8 - https:\/\/yoast.com\/wordpress\/plugins\/seo\/ -->\n<title>Scie \u00e0 refendre Baker ABX - Machineries BST<\/title>\n<meta name=\"robots\" content=\"index, follow, max-snippet:-1, max-image-preview:large, max-video-preview:-1\" \/>\n<link rel=\"canonical\" href=\"https:\/\/machineriesbst.com\/en\/catalogue\/scie-a-refendre-baker-abx\/\" \/>\n<meta property=\"og:locale\" content=\"en_US\" \/>\n<meta property=\"og:type\" content=\"article\" \/>\n<meta property=\"og:title\" content=\"Scie \u00e0 refendre Baker ABX - Machineries BST\" \/>\n<meta property=\"og:description\" content=\"Accepte les mat\u00e9riaux jusqu&#039;\u00e0 16 &quot;x 12&quot; et utilise un convoyeur de 16 &quot;de large Roues \u00e0 bande de m\u00e9tal solide de 28 po \u00e0 \u00e9quilibre dynamique Le syst\u00e8me exclusif de plaque de guidage et de roue de guidage de Baker maintient la lame en toute s\u00e9curit\u00e9 Saign\u00e9e de 0,072 po (avec des lames Lenox\u00ae [&hellip;]\" \/>\n<meta property=\"og:url\" content=\"https:\/\/machineriesbst.com\/en\/catalogue\/scie-a-refendre-baker-abx\/\" \/>\n<meta property=\"og:site_name\" content=\"Machineries BST\" \/>\n<meta property=\"article:modified_time\" content=\"2023-12-01T01:22:27+00:00\" \/>\n<meta property=\"og:image\" content=\"https:\/\/machineriesbst.com\/wp-content\/uploads\/2021\/05\/IMG_0512-002.jpg\" \/>\n\t<meta property=\"og:image:width\" content=\"1024\" \/>\n\t<meta property=\"og:image:height\" content=\"768\" \/>\n<meta name=\"twitter:card\" content=\"summary_large_image\" \/>\n<meta name=\"twitter:label1\" content=\"Est. reading time\" \/>\n\t<meta name=\"twitter:data1\" content=\"1 minute\" \/>\n<script type=\"application\/ld+json\" class=\"yoast-schema-graph\">{\"@context\":\"https:\/\/schema.org\",\"@graph\":[{\"@type\":\"WebSite\",\"@id\":\"https:\/\/machineriesbst.com\/en\/#website\",\"url\":\"https:\/\/machineriesbst.com\/en\/\",\"name\":\"Machineries BST\",\"description\":\"Machines neuves &amp; usag\\u00e9es\",\"potentialAction\":[{\"@type\":\"SearchAction\",\"target\":{\"@type\":\"EntryPoint\",\"urlTemplate\":\"https:\/\/machineriesbst.com\/en\/?s={search_term_string}\"},\"query-input\":\"required name=search_term_string\"}],\"inLanguage\":\"en-US\"},{\"@type\":\"ImageObject\",\"@id\":\"https:\/\/machineriesbst.com\/en\/catalogue\/scie-a-refendre-baker-abx\/#primaryimage\",\"inLanguage\":\"en-US\",\"url\":\"https:\/\/machineriesbst.com\/wp-content\/uploads\/2021\/05\/IMG_0512-002.jpg\",\"contentUrl\":\"https:\/\/machineriesbst.com\/wp-content\/uploads\/2021\/05\/IMG_0512-002.jpg\",\"width\":1024,\"height\":768},{\"@type\":\"WebPage\",\"@id\":\"https:\/\/machineriesbst.com\/en\/catalogue\/scie-a-refendre-baker-abx\/#webpage\",\"url\":\"https:\/\/machineriesbst.com\/en\/catalogue\/scie-a-refendre-baker-abx\/\",\"name\":\"Scie \\u00e0 refendre Baker ABX - Machineries BST\",\"isPartOf\":{\"@id\":\"https:\/\/machineriesbst.com\/en\/#website\"},\"primaryImageOfPage\":{\"@id\":\"https:\/\/machineriesbst.com\/en\/catalogue\/scie-a-refendre-baker-abx\/#primaryimage\"},\"datePublished\":\"2021-06-08T14:00:15+00:00\",\"dateModified\":\"2023-12-01T01:22:27+00:00\",\"breadcrumb\":{\"@id\":\"https:\/\/machineriesbst.com\/en\/catalogue\/scie-a-refendre-baker-abx\/#breadcrumb\"},\"inLanguage\":\"en-US\",\"potentialAction\":[{\"@type\":\"ReadAction\",\"target\":[\"https:\/\/machineriesbst.com\/en\/catalogue\/scie-a-refendre-baker-abx\/\"]}]},{\"@type\":\"BreadcrumbList\",\"@id\":\"https:\/\/machineriesbst.com\/en\/catalogue\/scie-a-refendre-baker-abx\/#breadcrumb\",\"itemListElement\":[{\"@type\":\"ListItem\",\"position\":1,\"name\":\"Accueil\",\"item\":\"https:\/\/machineriesbst.com\/en\/\"},{\"@type\":\"ListItem\",\"position\":2,\"name\":\"Catalogue\",\"item\":\"https:\/\/machineriesbst.com\/en\/catalog\/\"},{\"@type\":\"ListItem\",\"position\":3,\"name\":\"Scie \\u00e0 refendre Baker ABX\"}]}]}<\/script>\n<!-- \/ Yoast SEO plugin. -->","yoast_head_json":{"title":"Scie \u00e0 refendre Baker ABX - Machineries BST","robots":{"index":"index","follow":"follow","max-snippet":"max-snippet:-1","max-image-preview":"max-image-preview:large","max-video-preview":"max-video-preview:-1"},"canonical":"https:\/\/machineriesbst.com\/en\/catalogue\/scie-a-refendre-baker-abx\/","og_locale":"en_US","og_type":"article","og_title":"Scie \u00e0 refendre Baker ABX - Machineries BST","og_description":"Accepte les mat\u00e9riaux jusqu'\u00e0 16 \"x 12\" et utilise un convoyeur de 16 \"de large Roues \u00e0 bande de m\u00e9tal solide de 28 po \u00e0 \u00e9quilibre dynamique Le syst\u00e8me exclusif de plaque de guidage et de roue de guidage de Baker maintient la lame en toute s\u00e9curit\u00e9 Saign\u00e9e de 0,072 po (avec des lames Lenox\u00ae [&hellip;]","og_url":"https:\/\/machineriesbst.com\/en\/catalogue\/scie-a-refendre-baker-abx\/","og_site_name":"Machineries BST","article_modified_time":"2023-12-01T01:22:27+00:00","og_image":[{"width":1024,"height":768,"url":"https:\/\/machineriesbst.com\/wp-content\/uploads\/2021\/05\/IMG_0512-002.jpg","path":"\/home\/jepeto\/public_html\/wp-content\/uploads\/2021\/05\/IMG_0512-002.jpg","size":"full","id":55273,"alt":"","pixels":786432,"type":"image\/jpeg"}],"twitter_card":"summary_large_image","twitter_misc":{"Est. reading time":"1 minute"},"schema":{"@context":"https:\/\/schema.org","@graph":[{"@type":"WebSite","@id":"https:\/\/machineriesbst.com\/en\/#website","url":"https:\/\/machineriesbst.com\/en\/","name":"Machineries BST","description":"Machines neuves &amp; usag\u00e9es","potentialAction":[{"@type":"SearchAction","target":{"@type":"EntryPoint","urlTemplate":"https:\/\/machineriesbst.com\/en\/?s={search_term_string}"},"query-input":"required name=search_term_string"}],"inLanguage":"en-US"},{"@type":"ImageObject","@id":"https:\/\/machineriesbst.com\/en\/catalogue\/scie-a-refendre-baker-abx\/#primaryimage","inLanguage":"en-US","url":"https:\/\/machineriesbst.com\/wp-content\/uploads\/2021\/05\/IMG_0512-002.jpg","contentUrl":"https:\/\/machineriesbst.com\/wp-content\/uploads\/2021\/05\/IMG_0512-002.jpg","width":1024,"height":768},{"@type":"WebPage","@id":"https:\/\/machineriesbst.com\/en\/catalogue\/scie-a-refendre-baker-abx\/#webpage","url":"https:\/\/machineriesbst.com\/en\/catalogue\/scie-a-refendre-baker-abx\/","name":"Scie \u00e0 refendre Baker ABX - Machineries BST","isPartOf":{"@id":"https:\/\/machineriesbst.com\/en\/#website"},"primaryImageOfPage":{"@id":"https:\/\/machineriesbst.com\/en\/catalogue\/scie-a-refendre-baker-abx\/#primaryimage"},"datePublished":"2021-06-08T14:00:15+00:00","dateModified":"2023-12-01T01:22:27+00:00","breadcrumb":{"@id":"https:\/\/machineriesbst.com\/en\/catalogue\/scie-a-refendre-baker-abx\/#breadcrumb"},"inLanguage":"en-US","potentialAction":[{"@type":"ReadAction","target":["https:\/\/machineriesbst.com\/en\/catalogue\/scie-a-refendre-baker-abx\/"]}]},{"@type":"BreadcrumbList","@id":"https:\/\/machineriesbst.com\/en\/catalogue\/scie-a-refendre-baker-abx\/#breadcrumb","itemListElement":[{"@type":"ListItem","position":1,"name":"Accueil","item":"https:\/\/machineriesbst.com\/en\/"},{"@type":"ListItem","position":2,"name":"Catalogue","item":"https:\/\/machineriesbst.com\/en\/catalog\/"},{"@type":"ListItem","position":3,"name":"Scie \u00e0 refendre Baker ABX"}]}]}},"_links":{"self":[{"href":"https:\/\/machineriesbst.com\/en\/wp-json\/wp\/v2\/product\/58720"}],"collection":[{"href":"https:\/\/machineriesbst.com\/en\/wp-json\/wp\/v2\/product"}],"about":[{"href":"https:\/\/machineriesbst.com\/en\/wp-json\/wp\/v2\/types\/product"}],"author":[{"embeddable":true,"href":"https:\/\/machineriesbst.com\/en\/wp-json\/wp\/v2\/users\/3"}],"replies":[{"embeddable":true,"href":"https:\/\/machineriesbst.com\/en\/wp-json\/wp\/v2\/comments?post=58720"}],"wp:featuredmedia":[{"embeddable":true,"href":"https:\/\/machineriesbst.com\/en\/wp-json\/wp\/v2\/media\/55273"}],"wp:attachment":[{"href":"https:\/\/machineriesbst.com\/en\/wp-json\/wp\/v2\/media?parent=58720"}],"wp:term":[{"taxonomy":"product_cat","embeddable":true,"href":"https:\/\/machineriesbst.com\/en\/wp-json\/wp\/v2\/product_cat?post=58720"},{"taxonomy":"product_tag","embeddable":true,"href":"https:\/\/machineriesbst.com\/en\/wp-json\/wp\/v2\/product_tag?post=58720"}],"curies":[{"name":"wp","href":"https:\/\/api.w.org\/{rel}","templated":true}]}}