{"id":58716,"date":"2021-06-08T10:00:14","date_gmt":"2021-06-08T14:00:14","guid":{"rendered":"https:\/\/machineriesbst.com\/?post_type=product&#038;p=58716"},"modified":"2023-11-30T20:22:27","modified_gmt":"2023-12-01T01:22:27","slug":"cnc-leadtech-table-pleine-5-x-10","status":"publish","type":"product","link":"https:\/\/machineriesbst.com\/en\/catalogue\/cnc-leadtech-table-pleine-5-x-10\/","title":{"rendered":"CNC Leadtech Solid table 5 x 10"},"content":{"rendered":"<p><strong>3-axis CNC machining center. Can be used sold by Drolet Machinerie.<\/strong><\/p>\n<p>Leadtech brand, Centek 5101 model.<\/p>\n<p>Table 5 &#39;x 10&#39;.<\/p>\n<p>20 HP vacuum pump.<\/p>\n<p>Variable speed of rotation from 1,000 to 24,000 revolutions.<\/p>\n<p>Vertical drilling group, 11 outlets (7 vertical and 4 horizontal).<\/p>\n<p>OSAI digital control.<\/p>\n<p>Still in office.<\/p>\n<p>&nbsp;<\/p>","protected":false},"excerpt":{"rendered":"<p>3-axis CNC machining center. Can be used sold by Drolet Machinerie. Leadtech brand, Centek 5101 model. 5 &#39;x 10&#39; table. 20 HP vacuum pump. Variable speed of rotation from 1,000 to 24,000 revolutions. Vertical drilling group, 11 outlets (7 vertical and 4 horizontal). OSAI digital control. Still in office. &nbsp;<\/p>","protected":false},"author":3,"featured_media":55242,"comment_status":"open","ping_status":"closed","template":"","meta":[],"product_cat":[221],"product_tag":[],"acf":[],"yoast_head":"<!-- This site is optimized with the Yoast SEO plugin v16.8 - https:\/\/yoast.com\/wordpress\/plugins\/seo\/ -->\n<title>CNC Leadtech Table pleine 5 x 10 - Machineries BST<\/title>\n<meta name=\"robots\" content=\"index, follow, max-snippet:-1, max-image-preview:large, max-video-preview:-1\" \/>\n<link rel=\"canonical\" href=\"https:\/\/machineriesbst.com\/en\/catalogue\/cnc-leadtech-table-pleine-5-x-10\/\" \/>\n<meta property=\"og:locale\" content=\"en_US\" \/>\n<meta property=\"og:type\" content=\"article\" \/>\n<meta property=\"og:title\" content=\"CNC Leadtech Table pleine 5 x 10 - Machineries BST\" \/>\n<meta property=\"og:description\" content=\"Centre d&#039;usinage 3 axes \u00e0 contr\u00f4le num\u00e9rique.Peu utiliser vendu par Drolet Machinerie. Marque Leadtech, mod\u00e8le Centek 5101. Table 5&#039; x 10&#039;. Pompe vacuum 20 HP. Vitesse de rotation variable de 1,000 \u00e0 24,000 tours. Groupe de per\u00e7age vertical, 11 sorties (7 verticales et 4 horizontales). Contr\u00f4le num\u00e9rique OSAI. Toujours en fonction . &nbsp;\" \/>\n<meta property=\"og:url\" content=\"https:\/\/machineriesbst.com\/en\/catalogue\/cnc-leadtech-table-pleine-5-x-10\/\" \/>\n<meta property=\"og:site_name\" content=\"Machineries BST\" \/>\n<meta property=\"article:modified_time\" content=\"2023-12-01T01:22:27+00:00\" \/>\n<meta property=\"og:image\" content=\"https:\/\/machineriesbst.com\/wp-content\/uploads\/2021\/05\/20201016_173458.jpg\" \/>\n\t<meta property=\"og:image:width\" content=\"1024\" \/>\n\t<meta property=\"og:image:height\" content=\"768\" \/>\n<meta name=\"twitter:card\" content=\"summary_large_image\" \/>\n<script type=\"application\/ld+json\" class=\"yoast-schema-graph\">{\"@context\":\"https:\/\/schema.org\",\"@graph\":[{\"@type\":\"WebSite\",\"@id\":\"https:\/\/machineriesbst.com\/en\/#website\",\"url\":\"https:\/\/machineriesbst.com\/en\/\",\"name\":\"Machineries BST\",\"description\":\"Machines neuves &amp; usag\\u00e9es\",\"potentialAction\":[{\"@type\":\"SearchAction\",\"target\":{\"@type\":\"EntryPoint\",\"urlTemplate\":\"https:\/\/machineriesbst.com\/en\/?s={search_term_string}\"},\"query-input\":\"required name=search_term_string\"}],\"inLanguage\":\"en-US\"},{\"@type\":\"ImageObject\",\"@id\":\"https:\/\/machineriesbst.com\/en\/catalogue\/cnc-leadtech-table-pleine-5-x-10\/#primaryimage\",\"inLanguage\":\"en-US\",\"url\":\"https:\/\/machineriesbst.com\/wp-content\/uploads\/2021\/05\/20201016_173458.jpg\",\"contentUrl\":\"https:\/\/machineriesbst.com\/wp-content\/uploads\/2021\/05\/20201016_173458.jpg\",\"width\":1024,\"height\":768},{\"@type\":\"WebPage\",\"@id\":\"https:\/\/machineriesbst.com\/en\/catalogue\/cnc-leadtech-table-pleine-5-x-10\/#webpage\",\"url\":\"https:\/\/machineriesbst.com\/en\/catalogue\/cnc-leadtech-table-pleine-5-x-10\/\",\"name\":\"CNC Leadtech Table pleine 5 x 10 - Machineries BST\",\"isPartOf\":{\"@id\":\"https:\/\/machineriesbst.com\/en\/#website\"},\"primaryImageOfPage\":{\"@id\":\"https:\/\/machineriesbst.com\/en\/catalogue\/cnc-leadtech-table-pleine-5-x-10\/#primaryimage\"},\"datePublished\":\"2021-06-08T14:00:14+00:00\",\"dateModified\":\"2023-12-01T01:22:27+00:00\",\"breadcrumb\":{\"@id\":\"https:\/\/machineriesbst.com\/en\/catalogue\/cnc-leadtech-table-pleine-5-x-10\/#breadcrumb\"},\"inLanguage\":\"en-US\",\"potentialAction\":[{\"@type\":\"ReadAction\",\"target\":[\"https:\/\/machineriesbst.com\/en\/catalogue\/cnc-leadtech-table-pleine-5-x-10\/\"]}]},{\"@type\":\"BreadcrumbList\",\"@id\":\"https:\/\/machineriesbst.com\/en\/catalogue\/cnc-leadtech-table-pleine-5-x-10\/#breadcrumb\",\"itemListElement\":[{\"@type\":\"ListItem\",\"position\":1,\"name\":\"Accueil\",\"item\":\"https:\/\/machineriesbst.com\/en\/\"},{\"@type\":\"ListItem\",\"position\":2,\"name\":\"Catalogue\",\"item\":\"https:\/\/machineriesbst.com\/en\/catalog\/\"},{\"@type\":\"ListItem\",\"position\":3,\"name\":\"CNC Leadtech Table pleine 5 x 10\"}]}]}<\/script>\n<!-- \/ Yoast SEO plugin. -->","yoast_head_json":{"title":"CNC Leadtech Table pleine 5 x 10 - Machineries BST","robots":{"index":"index","follow":"follow","max-snippet":"max-snippet:-1","max-image-preview":"max-image-preview:large","max-video-preview":"max-video-preview:-1"},"canonical":"https:\/\/machineriesbst.com\/en\/catalogue\/cnc-leadtech-table-pleine-5-x-10\/","og_locale":"en_US","og_type":"article","og_title":"CNC Leadtech Table pleine 5 x 10 - Machineries BST","og_description":"Centre d'usinage 3 axes \u00e0 contr\u00f4le num\u00e9rique.Peu utiliser vendu par Drolet Machinerie. Marque Leadtech, mod\u00e8le Centek 5101. Table 5' x 10'. Pompe vacuum 20 HP. Vitesse de rotation variable de 1,000 \u00e0 24,000 tours. Groupe de per\u00e7age vertical, 11 sorties (7 verticales et 4 horizontales). Contr\u00f4le num\u00e9rique OSAI. Toujours en fonction . &nbsp;","og_url":"https:\/\/machineriesbst.com\/en\/catalogue\/cnc-leadtech-table-pleine-5-x-10\/","og_site_name":"Machineries BST","article_modified_time":"2023-12-01T01:22:27+00:00","og_image":[{"width":1024,"height":768,"url":"https:\/\/machineriesbst.com\/wp-content\/uploads\/2021\/05\/20201016_173458.jpg","path":"\/home\/jepeto\/public_html\/wp-content\/uploads\/2021\/05\/20201016_173458.jpg","size":"full","id":55242,"alt":"","pixels":786432,"type":"image\/jpeg"}],"twitter_card":"summary_large_image","schema":{"@context":"https:\/\/schema.org","@graph":[{"@type":"WebSite","@id":"https:\/\/machineriesbst.com\/en\/#website","url":"https:\/\/machineriesbst.com\/en\/","name":"Machineries BST","description":"Machines neuves &amp; usag\u00e9es","potentialAction":[{"@type":"SearchAction","target":{"@type":"EntryPoint","urlTemplate":"https:\/\/machineriesbst.com\/en\/?s={search_term_string}"},"query-input":"required name=search_term_string"}],"inLanguage":"en-US"},{"@type":"ImageObject","@id":"https:\/\/machineriesbst.com\/en\/catalogue\/cnc-leadtech-table-pleine-5-x-10\/#primaryimage","inLanguage":"en-US","url":"https:\/\/machineriesbst.com\/wp-content\/uploads\/2021\/05\/20201016_173458.jpg","contentUrl":"https:\/\/machineriesbst.com\/wp-content\/uploads\/2021\/05\/20201016_173458.jpg","width":1024,"height":768},{"@type":"WebPage","@id":"https:\/\/machineriesbst.com\/en\/catalogue\/cnc-leadtech-table-pleine-5-x-10\/#webpage","url":"https:\/\/machineriesbst.com\/en\/catalogue\/cnc-leadtech-table-pleine-5-x-10\/","name":"CNC Leadtech Table pleine 5 x 10 - Machineries BST","isPartOf":{"@id":"https:\/\/machineriesbst.com\/en\/#website"},"primaryImageOfPage":{"@id":"https:\/\/machineriesbst.com\/en\/catalogue\/cnc-leadtech-table-pleine-5-x-10\/#primaryimage"},"datePublished":"2021-06-08T14:00:14+00:00","dateModified":"2023-12-01T01:22:27+00:00","breadcrumb":{"@id":"https:\/\/machineriesbst.com\/en\/catalogue\/cnc-leadtech-table-pleine-5-x-10\/#breadcrumb"},"inLanguage":"en-US","potentialAction":[{"@type":"ReadAction","target":["https:\/\/machineriesbst.com\/en\/catalogue\/cnc-leadtech-table-pleine-5-x-10\/"]}]},{"@type":"BreadcrumbList","@id":"https:\/\/machineriesbst.com\/en\/catalogue\/cnc-leadtech-table-pleine-5-x-10\/#breadcrumb","itemListElement":[{"@type":"ListItem","position":1,"name":"Accueil","item":"https:\/\/machineriesbst.com\/en\/"},{"@type":"ListItem","position":2,"name":"Catalogue","item":"https:\/\/machineriesbst.com\/en\/catalog\/"},{"@type":"ListItem","position":3,"name":"CNC Leadtech Table pleine 5 x 10"}]}]}},"_links":{"self":[{"href":"https:\/\/machineriesbst.com\/en\/wp-json\/wp\/v2\/product\/58716"}],"collection":[{"href":"https:\/\/machineriesbst.com\/en\/wp-json\/wp\/v2\/product"}],"about":[{"href":"https:\/\/machineriesbst.com\/en\/wp-json\/wp\/v2\/types\/product"}],"author":[{"embeddable":true,"href":"https:\/\/machineriesbst.com\/en\/wp-json\/wp\/v2\/users\/3"}],"replies":[{"embeddable":true,"href":"https:\/\/machineriesbst.com\/en\/wp-json\/wp\/v2\/comments?post=58716"}],"wp:featuredmedia":[{"embeddable":true,"href":"https:\/\/machineriesbst.com\/en\/wp-json\/wp\/v2\/media\/55242"}],"wp:attachment":[{"href":"https:\/\/machineriesbst.com\/en\/wp-json\/wp\/v2\/media?parent=58716"}],"wp:term":[{"taxonomy":"product_cat","embeddable":true,"href":"https:\/\/machineriesbst.com\/en\/wp-json\/wp\/v2\/product_cat?post=58716"},{"taxonomy":"product_tag","embeddable":true,"href":"https:\/\/machineriesbst.com\/en\/wp-json\/wp\/v2\/product_tag?post=58716"}],"curies":[{"name":"wp","href":"https:\/\/api.w.org\/{rel}","templated":true}]}}