{"id":58709,"date":"2021-06-08T09:59:50","date_gmt":"2021-06-08T13:59:50","guid":{"rendered":"https:\/\/machineriesbst.com\/?post_type=product&#038;p=58709"},"modified":"2023-11-30T20:22:28","modified_gmt":"2023-12-01T01:22:28","slug":"mouluriere-leadermac-5-tetes","status":"publish","type":"product","link":"https:\/\/machineriesbst.com\/en\/catalogue\/mouluriere-leadermac-5-tetes\/","title":{"rendered":"Leadermac 5 head moulder"},"content":{"rendered":"<p>7 &quot;x 5&quot; capacity. Low \/ 7.7hp. Right \/ Left 15hp. High \/ 15hp. Low \/ 10hp.<\/p>\n<p>40MM chuck. RPM \/ 6000.Digital dial. Speed of 20-85 \/ bpm with a 4hp motor. 6&#39;6 &quot;table at the entrance.<\/p>","protected":false},"excerpt":{"rendered":"<p>7 &quot;x 5&quot; capacity. Low \/ 7.7hp. Right \/ Left 15hp. High \/ 15hp. Low \/ 10hp. 40MM chuck. RPM \/ 6000.Digital dial. Speed of 20-85 \/ bpm with a 4hp motor. 6&#39;6 &quot;table at the entrance.<\/p>","protected":false},"author":3,"featured_media":55199,"comment_status":"open","ping_status":"closed","template":"","meta":[],"product_cat":[125],"product_tag":[],"acf":[],"yoast_head":"<!-- This site is optimized with the Yoast SEO plugin v16.8 - https:\/\/yoast.com\/wordpress\/plugins\/seo\/ -->\n<title>Mouluri\u00e8re Leadermac 5 t\u00eates - Machineries BST<\/title>\n<meta name=\"robots\" content=\"index, follow, max-snippet:-1, max-image-preview:large, max-video-preview:-1\" \/>\n<link rel=\"canonical\" href=\"https:\/\/machineriesbst.com\/en\/catalogue\/mouluriere-leadermac-5-tetes\/\" \/>\n<meta property=\"og:locale\" content=\"en_US\" \/>\n<meta property=\"og:type\" content=\"article\" \/>\n<meta property=\"og:title\" content=\"Mouluri\u00e8re Leadermac 5 t\u00eates - Machineries BST\" \/>\n<meta property=\"og:description\" content=\"Capacit\u00e9 de 7&quot; x 5&quot; .Bas\/7.7hp . Droite\/Gauche 15hp . Haut\/15hp . Bas \/10hp . Mandrin de 40MM. RPM\/6000.Cadran digital. Vitesse de 20-85\/ pmp avec un moteur de 4hp. Table de 6&#039;6&quot; \u00e0 l&#039;entr\u00e9e.\" \/>\n<meta property=\"og:url\" content=\"https:\/\/machineriesbst.com\/en\/catalogue\/mouluriere-leadermac-5-tetes\/\" \/>\n<meta property=\"og:site_name\" content=\"Machineries BST\" \/>\n<meta property=\"article:modified_time\" content=\"2023-12-01T01:22:28+00:00\" \/>\n<meta property=\"og:image\" content=\"https:\/\/machineriesbst.com\/wp-content\/uploads\/2021\/05\/IMG_2455.jpg\" \/>\n\t<meta property=\"og:image:width\" content=\"640\" \/>\n\t<meta property=\"og:image:height\" content=\"480\" \/>\n<meta name=\"twitter:card\" content=\"summary_large_image\" \/>\n<script type=\"application\/ld+json\" class=\"yoast-schema-graph\">{\"@context\":\"https:\/\/schema.org\",\"@graph\":[{\"@type\":\"WebSite\",\"@id\":\"https:\/\/machineriesbst.com\/en\/#website\",\"url\":\"https:\/\/machineriesbst.com\/en\/\",\"name\":\"Machineries BST\",\"description\":\"Machines neuves &amp; usag\\u00e9es\",\"potentialAction\":[{\"@type\":\"SearchAction\",\"target\":{\"@type\":\"EntryPoint\",\"urlTemplate\":\"https:\/\/machineriesbst.com\/en\/?s={search_term_string}\"},\"query-input\":\"required name=search_term_string\"}],\"inLanguage\":\"en-US\"},{\"@type\":\"ImageObject\",\"@id\":\"https:\/\/machineriesbst.com\/en\/catalogue\/mouluriere-leadermac-5-tetes\/#primaryimage\",\"inLanguage\":\"en-US\",\"url\":\"https:\/\/machineriesbst.com\/wp-content\/uploads\/2021\/05\/IMG_2455.jpg\",\"contentUrl\":\"https:\/\/machineriesbst.com\/wp-content\/uploads\/2021\/05\/IMG_2455.jpg\",\"width\":640,\"height\":480},{\"@type\":\"WebPage\",\"@id\":\"https:\/\/machineriesbst.com\/en\/catalogue\/mouluriere-leadermac-5-tetes\/#webpage\",\"url\":\"https:\/\/machineriesbst.com\/en\/catalogue\/mouluriere-leadermac-5-tetes\/\",\"name\":\"Mouluri\\u00e8re Leadermac 5 t\\u00eates - Machineries BST\",\"isPartOf\":{\"@id\":\"https:\/\/machineriesbst.com\/en\/#website\"},\"primaryImageOfPage\":{\"@id\":\"https:\/\/machineriesbst.com\/en\/catalogue\/mouluriere-leadermac-5-tetes\/#primaryimage\"},\"datePublished\":\"2021-06-08T13:59:50+00:00\",\"dateModified\":\"2023-12-01T01:22:28+00:00\",\"breadcrumb\":{\"@id\":\"https:\/\/machineriesbst.com\/en\/catalogue\/mouluriere-leadermac-5-tetes\/#breadcrumb\"},\"inLanguage\":\"en-US\",\"potentialAction\":[{\"@type\":\"ReadAction\",\"target\":[\"https:\/\/machineriesbst.com\/en\/catalogue\/mouluriere-leadermac-5-tetes\/\"]}]},{\"@type\":\"BreadcrumbList\",\"@id\":\"https:\/\/machineriesbst.com\/en\/catalogue\/mouluriere-leadermac-5-tetes\/#breadcrumb\",\"itemListElement\":[{\"@type\":\"ListItem\",\"position\":1,\"name\":\"Accueil\",\"item\":\"https:\/\/machineriesbst.com\/en\/\"},{\"@type\":\"ListItem\",\"position\":2,\"name\":\"Catalogue\",\"item\":\"https:\/\/machineriesbst.com\/en\/catalog\/\"},{\"@type\":\"ListItem\",\"position\":3,\"name\":\"Mouluri\\u00e8re Leadermac 5 t\\u00eates\"}]}]}<\/script>\n<!-- \/ Yoast SEO plugin. -->","yoast_head_json":{"title":"Mouluri\u00e8re Leadermac 5 t\u00eates - Machineries BST","robots":{"index":"index","follow":"follow","max-snippet":"max-snippet:-1","max-image-preview":"max-image-preview:large","max-video-preview":"max-video-preview:-1"},"canonical":"https:\/\/machineriesbst.com\/en\/catalogue\/mouluriere-leadermac-5-tetes\/","og_locale":"en_US","og_type":"article","og_title":"Mouluri\u00e8re Leadermac 5 t\u00eates - Machineries BST","og_description":"Capacit\u00e9 de 7\" x 5\" .Bas\/7.7hp . Droite\/Gauche 15hp . Haut\/15hp . Bas \/10hp . Mandrin de 40MM. RPM\/6000.Cadran digital. Vitesse de 20-85\/ pmp avec un moteur de 4hp. Table de 6'6\" \u00e0 l'entr\u00e9e.","og_url":"https:\/\/machineriesbst.com\/en\/catalogue\/mouluriere-leadermac-5-tetes\/","og_site_name":"Machineries BST","article_modified_time":"2023-12-01T01:22:28+00:00","og_image":[{"width":640,"height":480,"url":"https:\/\/machineriesbst.com\/wp-content\/uploads\/2021\/05\/IMG_2455.jpg","path":"\/home\/jepeto\/public_html\/wp-content\/uploads\/2021\/05\/IMG_2455.jpg","size":"full","id":55199,"alt":"","pixels":307200,"type":"image\/jpeg"}],"twitter_card":"summary_large_image","schema":{"@context":"https:\/\/schema.org","@graph":[{"@type":"WebSite","@id":"https:\/\/machineriesbst.com\/en\/#website","url":"https:\/\/machineriesbst.com\/en\/","name":"Machineries BST","description":"Machines neuves &amp; usag\u00e9es","potentialAction":[{"@type":"SearchAction","target":{"@type":"EntryPoint","urlTemplate":"https:\/\/machineriesbst.com\/en\/?s={search_term_string}"},"query-input":"required name=search_term_string"}],"inLanguage":"en-US"},{"@type":"ImageObject","@id":"https:\/\/machineriesbst.com\/en\/catalogue\/mouluriere-leadermac-5-tetes\/#primaryimage","inLanguage":"en-US","url":"https:\/\/machineriesbst.com\/wp-content\/uploads\/2021\/05\/IMG_2455.jpg","contentUrl":"https:\/\/machineriesbst.com\/wp-content\/uploads\/2021\/05\/IMG_2455.jpg","width":640,"height":480},{"@type":"WebPage","@id":"https:\/\/machineriesbst.com\/en\/catalogue\/mouluriere-leadermac-5-tetes\/#webpage","url":"https:\/\/machineriesbst.com\/en\/catalogue\/mouluriere-leadermac-5-tetes\/","name":"Mouluri\u00e8re Leadermac 5 t\u00eates - Machineries BST","isPartOf":{"@id":"https:\/\/machineriesbst.com\/en\/#website"},"primaryImageOfPage":{"@id":"https:\/\/machineriesbst.com\/en\/catalogue\/mouluriere-leadermac-5-tetes\/#primaryimage"},"datePublished":"2021-06-08T13:59:50+00:00","dateModified":"2023-12-01T01:22:28+00:00","breadcrumb":{"@id":"https:\/\/machineriesbst.com\/en\/catalogue\/mouluriere-leadermac-5-tetes\/#breadcrumb"},"inLanguage":"en-US","potentialAction":[{"@type":"ReadAction","target":["https:\/\/machineriesbst.com\/en\/catalogue\/mouluriere-leadermac-5-tetes\/"]}]},{"@type":"BreadcrumbList","@id":"https:\/\/machineriesbst.com\/en\/catalogue\/mouluriere-leadermac-5-tetes\/#breadcrumb","itemListElement":[{"@type":"ListItem","position":1,"name":"Accueil","item":"https:\/\/machineriesbst.com\/en\/"},{"@type":"ListItem","position":2,"name":"Catalogue","item":"https:\/\/machineriesbst.com\/en\/catalog\/"},{"@type":"ListItem","position":3,"name":"Mouluri\u00e8re Leadermac 5 t\u00eates"}]}]}},"_links":{"self":[{"href":"https:\/\/machineriesbst.com\/en\/wp-json\/wp\/v2\/product\/58709"}],"collection":[{"href":"https:\/\/machineriesbst.com\/en\/wp-json\/wp\/v2\/product"}],"about":[{"href":"https:\/\/machineriesbst.com\/en\/wp-json\/wp\/v2\/types\/product"}],"author":[{"embeddable":true,"href":"https:\/\/machineriesbst.com\/en\/wp-json\/wp\/v2\/users\/3"}],"replies":[{"embeddable":true,"href":"https:\/\/machineriesbst.com\/en\/wp-json\/wp\/v2\/comments?post=58709"}],"wp:featuredmedia":[{"embeddable":true,"href":"https:\/\/machineriesbst.com\/en\/wp-json\/wp\/v2\/media\/55199"}],"wp:attachment":[{"href":"https:\/\/machineriesbst.com\/en\/wp-json\/wp\/v2\/media?parent=58709"}],"wp:term":[{"taxonomy":"product_cat","embeddable":true,"href":"https:\/\/machineriesbst.com\/en\/wp-json\/wp\/v2\/product_cat?post=58709"},{"taxonomy":"product_tag","embeddable":true,"href":"https:\/\/machineriesbst.com\/en\/wp-json\/wp\/v2\/product_tag?post=58709"}],"curies":[{"name":"wp","href":"https:\/\/api.w.org\/{rel}","templated":true}]}}