{"id":58706,"date":"2021-06-08T09:59:49","date_gmt":"2021-06-08T13:59:49","guid":{"rendered":"https:\/\/machineriesbst.com\/?post_type=product&#038;p=58706"},"modified":"2023-11-30T20:22:28","modified_gmt":"2023-12-01T01:22:28","slug":"mouluriere-silver","status":"publish","type":"product","link":"https:\/\/machineriesbst.com\/en\/catalogue\/mouluriere-silver\/","title":{"rendered":"Silver moulder"},"content":{"rendered":"<p>6 Heads 9 &quot;x 6&quot; capacity moulder. Engine Bottom 10hp Right 10hp Left 10hp High 20hp High 15hp Low 15hp 40mm chuck. 6,000 and 8,000 RPM. Speed from 20 to 78Pmp. 6ft table at the entrance. Digital control. Chrome table.<\/p>","protected":false},"excerpt":{"rendered":"<p>6 Heads 9 &quot;x 6&quot; capacity moulder. Engine Bottom 10hp Right 10hp Left 10hp High 20hp High 15hp Low 15hp 40mm chuck. 6,000 and 8,000 RPM. Speed from 20 to 78Pmp. 6ft table at the entrance. Digital control. Chrome table.<\/p>","protected":false},"author":3,"featured_media":55189,"comment_status":"open","ping_status":"closed","template":"","meta":[],"product_cat":[125],"product_tag":[],"acf":[],"yoast_head":"<!-- This site is optimized with the Yoast SEO plugin v16.8 - https:\/\/yoast.com\/wordpress\/plugins\/seo\/ -->\n<title>Mouluri\u00e8re Silver - Machineries BST<\/title>\n<meta name=\"robots\" content=\"index, follow, max-snippet:-1, max-image-preview:large, max-video-preview:-1\" \/>\n<link rel=\"canonical\" href=\"https:\/\/machineriesbst.com\/en\/catalogue\/mouluriere-silver\/\" \/>\n<meta property=\"og:locale\" content=\"en_US\" \/>\n<meta property=\"og:type\" content=\"article\" \/>\n<meta property=\"og:title\" content=\"Mouluri\u00e8re Silver - Machineries BST\" \/>\n<meta property=\"og:description\" content=\"Mouluri\u00e8re \u00e0 6 T\u00eates de 9&quot; x 6&quot; de capacit\u00e9. Moteur du Bas 10hp.Droite 10hp.Gauche 10hp.Haut 20hp.Haut 15hp.Bas de 15hp. Mandrin de 40mm.RPM de 6,000 et 8,000.\u00a0 Vitesse de 20 \u00e0 78Pmp. Table de 6pi \u00e0 l&#039;entr\u00e9e.Controle digital.Table chrome.\" \/>\n<meta property=\"og:url\" content=\"https:\/\/machineriesbst.com\/en\/catalogue\/mouluriere-silver\/\" \/>\n<meta property=\"og:site_name\" content=\"Machineries BST\" \/>\n<meta property=\"article:modified_time\" content=\"2023-12-01T01:22:28+00:00\" \/>\n<meta property=\"og:image\" content=\"https:\/\/machineriesbst.com\/wp-content\/uploads\/2021\/05\/IMG_6765-e1602188106616-600x800-1.jpg\" \/>\n\t<meta property=\"og:image:width\" content=\"600\" \/>\n\t<meta property=\"og:image:height\" content=\"800\" \/>\n<meta name=\"twitter:card\" content=\"summary_large_image\" \/>\n<script type=\"application\/ld+json\" class=\"yoast-schema-graph\">{\"@context\":\"https:\/\/schema.org\",\"@graph\":[{\"@type\":\"WebSite\",\"@id\":\"https:\/\/machineriesbst.com\/en\/#website\",\"url\":\"https:\/\/machineriesbst.com\/en\/\",\"name\":\"Machineries BST\",\"description\":\"Machines neuves &amp; usag\\u00e9es\",\"potentialAction\":[{\"@type\":\"SearchAction\",\"target\":{\"@type\":\"EntryPoint\",\"urlTemplate\":\"https:\/\/machineriesbst.com\/en\/?s={search_term_string}\"},\"query-input\":\"required name=search_term_string\"}],\"inLanguage\":\"en-US\"},{\"@type\":\"ImageObject\",\"@id\":\"https:\/\/machineriesbst.com\/en\/catalogue\/mouluriere-silver\/#primaryimage\",\"inLanguage\":\"en-US\",\"url\":\"https:\/\/machineriesbst.com\/wp-content\/uploads\/2021\/05\/IMG_6765-e1602188106616-600x800-1.jpg\",\"contentUrl\":\"https:\/\/machineriesbst.com\/wp-content\/uploads\/2021\/05\/IMG_6765-e1602188106616-600x800-1.jpg\",\"width\":600,\"height\":800},{\"@type\":\"WebPage\",\"@id\":\"https:\/\/machineriesbst.com\/en\/catalogue\/mouluriere-silver\/#webpage\",\"url\":\"https:\/\/machineriesbst.com\/en\/catalogue\/mouluriere-silver\/\",\"name\":\"Mouluri\\u00e8re Silver - Machineries BST\",\"isPartOf\":{\"@id\":\"https:\/\/machineriesbst.com\/en\/#website\"},\"primaryImageOfPage\":{\"@id\":\"https:\/\/machineriesbst.com\/en\/catalogue\/mouluriere-silver\/#primaryimage\"},\"datePublished\":\"2021-06-08T13:59:49+00:00\",\"dateModified\":\"2023-12-01T01:22:28+00:00\",\"breadcrumb\":{\"@id\":\"https:\/\/machineriesbst.com\/en\/catalogue\/mouluriere-silver\/#breadcrumb\"},\"inLanguage\":\"en-US\",\"potentialAction\":[{\"@type\":\"ReadAction\",\"target\":[\"https:\/\/machineriesbst.com\/en\/catalogue\/mouluriere-silver\/\"]}]},{\"@type\":\"BreadcrumbList\",\"@id\":\"https:\/\/machineriesbst.com\/en\/catalogue\/mouluriere-silver\/#breadcrumb\",\"itemListElement\":[{\"@type\":\"ListItem\",\"position\":1,\"name\":\"Accueil\",\"item\":\"https:\/\/machineriesbst.com\/en\/\"},{\"@type\":\"ListItem\",\"position\":2,\"name\":\"Catalogue\",\"item\":\"https:\/\/machineriesbst.com\/en\/catalog\/\"},{\"@type\":\"ListItem\",\"position\":3,\"name\":\"Mouluri\\u00e8re Silver\"}]}]}<\/script>\n<!-- \/ Yoast SEO plugin. -->","yoast_head_json":{"title":"Mouluri\u00e8re Silver - Machineries BST","robots":{"index":"index","follow":"follow","max-snippet":"max-snippet:-1","max-image-preview":"max-image-preview:large","max-video-preview":"max-video-preview:-1"},"canonical":"https:\/\/machineriesbst.com\/en\/catalogue\/mouluriere-silver\/","og_locale":"en_US","og_type":"article","og_title":"Mouluri\u00e8re Silver - Machineries BST","og_description":"Mouluri\u00e8re \u00e0 6 T\u00eates de 9\" x 6\" de capacit\u00e9. Moteur du Bas 10hp.Droite 10hp.Gauche 10hp.Haut 20hp.Haut 15hp.Bas de 15hp. Mandrin de 40mm.RPM de 6,000 et 8,000.\u00a0 Vitesse de 20 \u00e0 78Pmp. Table de 6pi \u00e0 l'entr\u00e9e.Controle digital.Table chrome.","og_url":"https:\/\/machineriesbst.com\/en\/catalogue\/mouluriere-silver\/","og_site_name":"Machineries BST","article_modified_time":"2023-12-01T01:22:28+00:00","og_image":[{"width":600,"height":800,"url":"https:\/\/machineriesbst.com\/wp-content\/uploads\/2021\/05\/IMG_6765-e1602188106616-600x800-1.jpg","path":"\/home\/jepeto\/public_html\/wp-content\/uploads\/2021\/05\/IMG_6765-e1602188106616-600x800-1.jpg","size":"full","id":55189,"alt":"","pixels":480000,"type":"image\/jpeg"}],"twitter_card":"summary_large_image","schema":{"@context":"https:\/\/schema.org","@graph":[{"@type":"WebSite","@id":"https:\/\/machineriesbst.com\/en\/#website","url":"https:\/\/machineriesbst.com\/en\/","name":"Machineries BST","description":"Machines neuves &amp; usag\u00e9es","potentialAction":[{"@type":"SearchAction","target":{"@type":"EntryPoint","urlTemplate":"https:\/\/machineriesbst.com\/en\/?s={search_term_string}"},"query-input":"required name=search_term_string"}],"inLanguage":"en-US"},{"@type":"ImageObject","@id":"https:\/\/machineriesbst.com\/en\/catalogue\/mouluriere-silver\/#primaryimage","inLanguage":"en-US","url":"https:\/\/machineriesbst.com\/wp-content\/uploads\/2021\/05\/IMG_6765-e1602188106616-600x800-1.jpg","contentUrl":"https:\/\/machineriesbst.com\/wp-content\/uploads\/2021\/05\/IMG_6765-e1602188106616-600x800-1.jpg","width":600,"height":800},{"@type":"WebPage","@id":"https:\/\/machineriesbst.com\/en\/catalogue\/mouluriere-silver\/#webpage","url":"https:\/\/machineriesbst.com\/en\/catalogue\/mouluriere-silver\/","name":"Mouluri\u00e8re Silver - Machineries BST","isPartOf":{"@id":"https:\/\/machineriesbst.com\/en\/#website"},"primaryImageOfPage":{"@id":"https:\/\/machineriesbst.com\/en\/catalogue\/mouluriere-silver\/#primaryimage"},"datePublished":"2021-06-08T13:59:49+00:00","dateModified":"2023-12-01T01:22:28+00:00","breadcrumb":{"@id":"https:\/\/machineriesbst.com\/en\/catalogue\/mouluriere-silver\/#breadcrumb"},"inLanguage":"en-US","potentialAction":[{"@type":"ReadAction","target":["https:\/\/machineriesbst.com\/en\/catalogue\/mouluriere-silver\/"]}]},{"@type":"BreadcrumbList","@id":"https:\/\/machineriesbst.com\/en\/catalogue\/mouluriere-silver\/#breadcrumb","itemListElement":[{"@type":"ListItem","position":1,"name":"Accueil","item":"https:\/\/machineriesbst.com\/en\/"},{"@type":"ListItem","position":2,"name":"Catalogue","item":"https:\/\/machineriesbst.com\/en\/catalog\/"},{"@type":"ListItem","position":3,"name":"Mouluri\u00e8re Silver"}]}]}},"_links":{"self":[{"href":"https:\/\/machineriesbst.com\/en\/wp-json\/wp\/v2\/product\/58706"}],"collection":[{"href":"https:\/\/machineriesbst.com\/en\/wp-json\/wp\/v2\/product"}],"about":[{"href":"https:\/\/machineriesbst.com\/en\/wp-json\/wp\/v2\/types\/product"}],"author":[{"embeddable":true,"href":"https:\/\/machineriesbst.com\/en\/wp-json\/wp\/v2\/users\/3"}],"replies":[{"embeddable":true,"href":"https:\/\/machineriesbst.com\/en\/wp-json\/wp\/v2\/comments?post=58706"}],"wp:featuredmedia":[{"embeddable":true,"href":"https:\/\/machineriesbst.com\/en\/wp-json\/wp\/v2\/media\/55189"}],"wp:attachment":[{"href":"https:\/\/machineriesbst.com\/en\/wp-json\/wp\/v2\/media?parent=58706"}],"wp:term":[{"taxonomy":"product_cat","embeddable":true,"href":"https:\/\/machineriesbst.com\/en\/wp-json\/wp\/v2\/product_cat?post=58706"},{"taxonomy":"product_tag","embeddable":true,"href":"https:\/\/machineriesbst.com\/en\/wp-json\/wp\/v2\/product_tag?post=58706"}],"curies":[{"name":"wp","href":"https:\/\/api.w.org\/{rel}","templated":true}]}}