{"id":58696,"date":"2021-06-08T09:59:25","date_gmt":"2021-06-08T13:59:25","guid":{"rendered":"https:\/\/machineriesbst.com\/?post_type=product&#038;p=58696"},"modified":"2023-11-30T20:22:28","modified_gmt":"2023-12-01T01:22:28","slug":"plaqueuse-de-chant-homag-pre-milling-2012","status":"publish","type":"product","link":"https:\/\/machineriesbst.com\/en\/catalogue\/plaqueuse-de-chant-homag-pre-milling-2012\/","title":{"rendered":"Homag Pre-Milling Singing Bander 2012"},"content":{"rendered":"<p>HOMAGS KAL 210 AMBITION 2262 IS A HIGH CAPACITY 25 M \/ MIN EDGE BANDER. WITH PRE-MILLING, BONDING, PRE-MILLING \/ CORNER ROUNDING EDGE FINISHING, AS WELL AS TRIMING OF PROFILES.<\/p>\n<p>WORK CAPABILITY<\/p>\n<p>WORKPIECE THICKNESS 12 - 40MM<\/p>\n<p>EDGE THICKNESS STRIPS .4 - COILS 6MM .3-3MM<\/p>\n<p>PVC VENEER TREATMENT LIMITS 135MM 100MM<\/p>\n<p>VARIABLE FEEDING SPEED 18M \/ MIN TO 25M \/ MIN<\/p>\n<p>REMOTE OPERATION OF THE HOMAG 0844 UNIT<\/p>\n<p>ADJUSTABLE FEEDING FENCE<\/p>\n<p>UPPER AND LOWER SPRAY DEVICE<\/p>\n<p>PRE-MILLING MOTOR (2) 3 KW<\/p>\n<p>PREHEATING PANEL<\/p>\n<p>QUICK BONDING UNIT<\/p>\n<p>GLUE ROLLER DRIVE<\/p>\n<p>CLAMPING DEVICE FOR GLUE POT<\/p>\n<p>RETURN OF THE GLUE CONTAINER<\/p>\n<p>PRESSURE ZONE FOR BONDING<\/p>\n<p>AUTOMATIC PRESSURE ZONE ADJUSTMENT<\/p>\n<p>PRE-MILLING UNIT MOTOR HL81 (2)<\/p>\n<p>UPPER AND LOWER REFINING ADJUSTMENT UNIT ADJUSTING DEVICE PNUEMATIC SET OF TCT REFINING CUTTERS &quot;I&quot; SYSTEM<\/p>\n<p>PROFILE ELIMINATION UNIT (CORNER ROUNDING) FK11 (2) MOTOR WITH SERVO CONTROL<\/p>\n<p>PNEUMATIC ADJUSTMENT OF THE PROFILE SCRAPING DEVICE<\/p>\n<p>GLUE JOINT SCRAPING UNIT FOR TOP AND BOTTOM<\/p>\n<p>ON-BOARD BUFFER UNIT FOR TOP AND BOTTOM<\/p>\n<p>ELECTRONIC HEIGHT ADJUSTMENT<\/p>\n<p>ELECTRONIC CONTROL (PLC)<\/p>\n<p>INPUT PC MONITOR 22 TOUCH SCREEN OPERATION<\/p>\n<p>TESTED AND INSPECTED BY OUR HOMAG TRAINED TECHNICIAN<\/p>","protected":false},"excerpt":{"rendered":"<p>HOMAGS KAL 210 AMBITION 2262 IS A HIGH CAPACITY 25 M \/ MIN EDGE BANDER. WITH PRE-MILLING, BONDING, PRE-MILLING \/ CORNER ROUNDING EDGE FINISHING, AS WELL AS TRIMING OF PROFILES. WORKING CAPACITY WORKPIECE THICKNESS 12 - 40MM EDGE THICKNESS STRIPS .4 - COILS 6MM .3-3MM [\u2026]<\/p>","protected":false},"author":3,"featured_media":55116,"comment_status":"open","ping_status":"closed","template":"","meta":[],"product_cat":[363],"product_tag":[],"acf":[],"yoast_head":"<!-- This site is optimized with the Yoast SEO plugin v16.8 - https:\/\/yoast.com\/wordpress\/plugins\/seo\/ -->\n<title>Plaqueuse de Chant Homag Pr\u00e9-Milling 2012 - Machineries BST<\/title>\n<meta name=\"robots\" content=\"index, follow, max-snippet:-1, max-image-preview:large, max-video-preview:-1\" \/>\n<link rel=\"canonical\" href=\"https:\/\/machineriesbst.com\/en\/catalogue\/plaqueuse-de-chant-homag-pre-milling-2012\/\" \/>\n<meta property=\"og:locale\" content=\"en_US\" \/>\n<meta property=\"og:type\" content=\"article\" \/>\n<meta property=\"og:title\" content=\"Plaqueuse de Chant Homag Pr\u00e9-Milling 2012 - Machineries BST\" \/>\n<meta property=\"og:description\" content=\"HOMAGS KAL 210 AMBITION 2262 EST UNE PLAQUEUSE DE CHANT \u00c0 HAUTE CAPACIT\u00c9 DE 25 M \/ MIN. AVEC PR\u00c9FRAISAGE, COLLAGE, PR\u00c9-MILLING\u00a0 \/ CORNER ROUNDING\u00a0 FINITION DES BORDS, AINSI QUE LE TRIMAGE\u00a0 DES PROFILS. CAPACIT\u00c9 DE TRAVAIL \u00c9PAISSEUR DE LA PI\u00c8CE \u00c0 TRAVAIL 12 - 40MM BANDES D&#039;\u00c9PAISSEUR DES BORDURES .4 - BOBINES 6MM .3-3MM [&hellip;]\" \/>\n<meta property=\"og:url\" content=\"https:\/\/machineriesbst.com\/en\/catalogue\/plaqueuse-de-chant-homag-pre-milling-2012\/\" \/>\n<meta property=\"og:site_name\" content=\"Machineries BST\" \/>\n<meta property=\"article:modified_time\" content=\"2023-12-01T01:22:28+00:00\" \/>\n<meta property=\"og:image\" content=\"https:\/\/machineriesbst.com\/wp-content\/uploads\/2021\/05\/2-25.jpg\" \/>\n\t<meta property=\"og:image:width\" content=\"800\" \/>\n\t<meta property=\"og:image:height\" content=\"600\" \/>\n<meta name=\"twitter:card\" content=\"summary_large_image\" \/>\n<meta name=\"twitter:label1\" content=\"Est. reading time\" \/>\n\t<meta name=\"twitter:data1\" content=\"1 minute\" \/>\n<script type=\"application\/ld+json\" class=\"yoast-schema-graph\">{\"@context\":\"https:\/\/schema.org\",\"@graph\":[{\"@type\":\"WebSite\",\"@id\":\"https:\/\/machineriesbst.com\/en\/#website\",\"url\":\"https:\/\/machineriesbst.com\/en\/\",\"name\":\"Machineries BST\",\"description\":\"Machines neuves &amp; usag\\u00e9es\",\"potentialAction\":[{\"@type\":\"SearchAction\",\"target\":{\"@type\":\"EntryPoint\",\"urlTemplate\":\"https:\/\/machineriesbst.com\/en\/?s={search_term_string}\"},\"query-input\":\"required name=search_term_string\"}],\"inLanguage\":\"en-US\"},{\"@type\":\"ImageObject\",\"@id\":\"https:\/\/machineriesbst.com\/en\/catalogue\/plaqueuse-de-chant-homag-pre-milling-2012\/#primaryimage\",\"inLanguage\":\"en-US\",\"url\":\"https:\/\/machineriesbst.com\/wp-content\/uploads\/2021\/05\/2-25.jpg\",\"contentUrl\":\"https:\/\/machineriesbst.com\/wp-content\/uploads\/2021\/05\/2-25.jpg\",\"width\":800,\"height\":600},{\"@type\":\"WebPage\",\"@id\":\"https:\/\/machineriesbst.com\/en\/catalogue\/plaqueuse-de-chant-homag-pre-milling-2012\/#webpage\",\"url\":\"https:\/\/machineriesbst.com\/en\/catalogue\/plaqueuse-de-chant-homag-pre-milling-2012\/\",\"name\":\"Plaqueuse de Chant Homag Pr\\u00e9-Milling 2012 - Machineries BST\",\"isPartOf\":{\"@id\":\"https:\/\/machineriesbst.com\/en\/#website\"},\"primaryImageOfPage\":{\"@id\":\"https:\/\/machineriesbst.com\/en\/catalogue\/plaqueuse-de-chant-homag-pre-milling-2012\/#primaryimage\"},\"datePublished\":\"2021-06-08T13:59:25+00:00\",\"dateModified\":\"2023-12-01T01:22:28+00:00\",\"breadcrumb\":{\"@id\":\"https:\/\/machineriesbst.com\/en\/catalogue\/plaqueuse-de-chant-homag-pre-milling-2012\/#breadcrumb\"},\"inLanguage\":\"en-US\",\"potentialAction\":[{\"@type\":\"ReadAction\",\"target\":[\"https:\/\/machineriesbst.com\/en\/catalogue\/plaqueuse-de-chant-homag-pre-milling-2012\/\"]}]},{\"@type\":\"BreadcrumbList\",\"@id\":\"https:\/\/machineriesbst.com\/en\/catalogue\/plaqueuse-de-chant-homag-pre-milling-2012\/#breadcrumb\",\"itemListElement\":[{\"@type\":\"ListItem\",\"position\":1,\"name\":\"Accueil\",\"item\":\"https:\/\/machineriesbst.com\/en\/\"},{\"@type\":\"ListItem\",\"position\":2,\"name\":\"Catalogue\",\"item\":\"https:\/\/machineriesbst.com\/en\/catalog\/\"},{\"@type\":\"ListItem\",\"position\":3,\"name\":\"Plaqueuse de Chant Homag Pr\\u00e9-Milling 2012\"}]}]}<\/script>\n<!-- \/ Yoast SEO plugin. -->","yoast_head_json":{"title":"Plaqueuse de Chant Homag Pr\u00e9-Milling 2012 - Machineries BST","robots":{"index":"index","follow":"follow","max-snippet":"max-snippet:-1","max-image-preview":"max-image-preview:large","max-video-preview":"max-video-preview:-1"},"canonical":"https:\/\/machineriesbst.com\/en\/catalogue\/plaqueuse-de-chant-homag-pre-milling-2012\/","og_locale":"en_US","og_type":"article","og_title":"Plaqueuse de Chant Homag Pr\u00e9-Milling 2012 - Machineries BST","og_description":"HOMAGS KAL 210 AMBITION 2262 EST UNE PLAQUEUSE DE CHANT \u00c0 HAUTE CAPACIT\u00c9 DE 25 M \/ MIN. AVEC PR\u00c9FRAISAGE, COLLAGE, PR\u00c9-MILLING\u00a0 \/ CORNER ROUNDING\u00a0 FINITION DES BORDS, AINSI QUE LE TRIMAGE\u00a0 DES PROFILS. CAPACIT\u00c9 DE TRAVAIL \u00c9PAISSEUR DE LA PI\u00c8CE \u00c0 TRAVAIL 12 - 40MM BANDES D'\u00c9PAISSEUR DES BORDURES .4 - BOBINES 6MM .3-3MM [&hellip;]","og_url":"https:\/\/machineriesbst.com\/en\/catalogue\/plaqueuse-de-chant-homag-pre-milling-2012\/","og_site_name":"Machineries BST","article_modified_time":"2023-12-01T01:22:28+00:00","og_image":[{"width":800,"height":600,"url":"https:\/\/machineriesbst.com\/wp-content\/uploads\/2021\/05\/2-25.jpg","path":"\/home\/jepeto\/public_html\/wp-content\/uploads\/2021\/05\/2-25.jpg","size":"full","id":55116,"alt":"","pixels":480000,"type":"image\/jpeg"}],"twitter_card":"summary_large_image","twitter_misc":{"Est. reading time":"1 minute"},"schema":{"@context":"https:\/\/schema.org","@graph":[{"@type":"WebSite","@id":"https:\/\/machineriesbst.com\/en\/#website","url":"https:\/\/machineriesbst.com\/en\/","name":"Machineries BST","description":"Machines neuves &amp; usag\u00e9es","potentialAction":[{"@type":"SearchAction","target":{"@type":"EntryPoint","urlTemplate":"https:\/\/machineriesbst.com\/en\/?s={search_term_string}"},"query-input":"required name=search_term_string"}],"inLanguage":"en-US"},{"@type":"ImageObject","@id":"https:\/\/machineriesbst.com\/en\/catalogue\/plaqueuse-de-chant-homag-pre-milling-2012\/#primaryimage","inLanguage":"en-US","url":"https:\/\/machineriesbst.com\/wp-content\/uploads\/2021\/05\/2-25.jpg","contentUrl":"https:\/\/machineriesbst.com\/wp-content\/uploads\/2021\/05\/2-25.jpg","width":800,"height":600},{"@type":"WebPage","@id":"https:\/\/machineriesbst.com\/en\/catalogue\/plaqueuse-de-chant-homag-pre-milling-2012\/#webpage","url":"https:\/\/machineriesbst.com\/en\/catalogue\/plaqueuse-de-chant-homag-pre-milling-2012\/","name":"Plaqueuse de Chant Homag Pr\u00e9-Milling 2012 - Machineries BST","isPartOf":{"@id":"https:\/\/machineriesbst.com\/en\/#website"},"primaryImageOfPage":{"@id":"https:\/\/machineriesbst.com\/en\/catalogue\/plaqueuse-de-chant-homag-pre-milling-2012\/#primaryimage"},"datePublished":"2021-06-08T13:59:25+00:00","dateModified":"2023-12-01T01:22:28+00:00","breadcrumb":{"@id":"https:\/\/machineriesbst.com\/en\/catalogue\/plaqueuse-de-chant-homag-pre-milling-2012\/#breadcrumb"},"inLanguage":"en-US","potentialAction":[{"@type":"ReadAction","target":["https:\/\/machineriesbst.com\/en\/catalogue\/plaqueuse-de-chant-homag-pre-milling-2012\/"]}]},{"@type":"BreadcrumbList","@id":"https:\/\/machineriesbst.com\/en\/catalogue\/plaqueuse-de-chant-homag-pre-milling-2012\/#breadcrumb","itemListElement":[{"@type":"ListItem","position":1,"name":"Accueil","item":"https:\/\/machineriesbst.com\/en\/"},{"@type":"ListItem","position":2,"name":"Catalogue","item":"https:\/\/machineriesbst.com\/en\/catalog\/"},{"@type":"ListItem","position":3,"name":"Plaqueuse de Chant Homag Pr\u00e9-Milling 2012"}]}]}},"_links":{"self":[{"href":"https:\/\/machineriesbst.com\/en\/wp-json\/wp\/v2\/product\/58696"}],"collection":[{"href":"https:\/\/machineriesbst.com\/en\/wp-json\/wp\/v2\/product"}],"about":[{"href":"https:\/\/machineriesbst.com\/en\/wp-json\/wp\/v2\/types\/product"}],"author":[{"embeddable":true,"href":"https:\/\/machineriesbst.com\/en\/wp-json\/wp\/v2\/users\/3"}],"replies":[{"embeddable":true,"href":"https:\/\/machineriesbst.com\/en\/wp-json\/wp\/v2\/comments?post=58696"}],"wp:featuredmedia":[{"embeddable":true,"href":"https:\/\/machineriesbst.com\/en\/wp-json\/wp\/v2\/media\/55116"}],"wp:attachment":[{"href":"https:\/\/machineriesbst.com\/en\/wp-json\/wp\/v2\/media?parent=58696"}],"wp:term":[{"taxonomy":"product_cat","embeddable":true,"href":"https:\/\/machineriesbst.com\/en\/wp-json\/wp\/v2\/product_cat?post=58696"},{"taxonomy":"product_tag","embeddable":true,"href":"https:\/\/machineriesbst.com\/en\/wp-json\/wp\/v2\/product_tag?post=58696"}],"curies":[{"name":"wp","href":"https:\/\/api.w.org\/{rel}","templated":true}]}}