{"id":58693,"date":"2021-06-08T09:59:24","date_gmt":"2021-06-08T13:59:24","guid":{"rendered":"https:\/\/machineriesbst.com\/?post_type=product&#038;p=58693"},"modified":"2023-11-30T20:22:28","modified_gmt":"2023-12-01T01:22:28","slug":"scie-murale-holz-her-super-cut-1265","status":"publish","type":"product","link":"https:\/\/machineriesbst.com\/en\/catalogue\/scie-murale-holz-her-super-cut-1265\/","title":{"rendered":"Wall Saw Holz Her Super cut 1265"},"content":{"rendered":"<p><strong>Refurbished. In excellent condition. 30 day parts warranty. Loaded on the truck.<\/strong><\/p>\n<p>Cutting capacity 75 x 170 inches x 2-1 \/ 4 inches. 4 hp motor. 220 volts 3 phases<br \/>\n220 mm blade with scoring.<br \/>\nDimension 204 x 48 x 100 height inches weight 3000 lbs.<\/p>","protected":false},"excerpt":{"rendered":"<p>Refurbished. In excellent condition. 30 day parts warranty. Loaded on the truck. Cutting capacity 75 x 170 inches x 2-1 \/ 4 inches. 4 hp motor. 220 volts 3 phases 220 mm blade with scoring. Dimension 204 x 48 x 100 height inches weight 3000 lbs.<\/p>","protected":false},"author":3,"featured_media":55090,"comment_status":"open","ping_status":"closed","template":"","meta":[],"product_cat":[214],"product_tag":[],"acf":[],"yoast_head":"<!-- This site is optimized with the Yoast SEO plugin v16.8 - https:\/\/yoast.com\/wordpress\/plugins\/seo\/ -->\n<title>Scie Murale Holz Her Super cut 1265 - Machineries BST<\/title>\n<meta name=\"robots\" content=\"index, follow, max-snippet:-1, max-image-preview:large, max-video-preview:-1\" \/>\n<link rel=\"canonical\" href=\"https:\/\/machineriesbst.com\/en\/catalogue\/scie-murale-holz-her-super-cut-1265\/\" \/>\n<meta property=\"og:locale\" content=\"en_US\" \/>\n<meta property=\"og:type\" content=\"article\" \/>\n<meta property=\"og:title\" content=\"Scie Murale Holz Her Super cut 1265 - Machineries BST\" \/>\n<meta property=\"og:description\" content=\"Reconditionn\u00e9 .En Excellente condition .Garanti de 30 jours sur les pi\u00e8ces.Charg\u00e9 sur le camion. Capacit\u00e9 de coupe 75 x 170 pouces x 2-1\/4 pouces. Moteur 4 hp. 220 volts 3 phases Lame de 220 mm avec scoring. Dimension 204 x 48 x 100 hauteur pouces poids 3000 lbs.\" \/>\n<meta property=\"og:url\" content=\"https:\/\/machineriesbst.com\/en\/catalogue\/scie-murale-holz-her-super-cut-1265\/\" \/>\n<meta property=\"og:site_name\" content=\"Machineries BST\" \/>\n<meta property=\"article:modified_time\" content=\"2023-12-01T01:22:28+00:00\" \/>\n<meta property=\"og:image\" content=\"https:\/\/machineriesbst.com\/wp-content\/uploads\/2021\/05\/IMG_1468.jpg\" \/>\n\t<meta property=\"og:image:width\" content=\"640\" \/>\n\t<meta property=\"og:image:height\" content=\"480\" \/>\n<meta name=\"twitter:card\" content=\"summary_large_image\" \/>\n<script type=\"application\/ld+json\" class=\"yoast-schema-graph\">{\"@context\":\"https:\/\/schema.org\",\"@graph\":[{\"@type\":\"WebSite\",\"@id\":\"https:\/\/machineriesbst.com\/en\/#website\",\"url\":\"https:\/\/machineriesbst.com\/en\/\",\"name\":\"Machineries BST\",\"description\":\"Machines neuves &amp; usag\\u00e9es\",\"potentialAction\":[{\"@type\":\"SearchAction\",\"target\":{\"@type\":\"EntryPoint\",\"urlTemplate\":\"https:\/\/machineriesbst.com\/en\/?s={search_term_string}\"},\"query-input\":\"required name=search_term_string\"}],\"inLanguage\":\"en-US\"},{\"@type\":\"ImageObject\",\"@id\":\"https:\/\/machineriesbst.com\/en\/catalogue\/scie-murale-holz-her-super-cut-1265\/#primaryimage\",\"inLanguage\":\"en-US\",\"url\":\"https:\/\/machineriesbst.com\/wp-content\/uploads\/2021\/05\/IMG_1468.jpg\",\"contentUrl\":\"https:\/\/machineriesbst.com\/wp-content\/uploads\/2021\/05\/IMG_1468.jpg\",\"width\":640,\"height\":480},{\"@type\":\"WebPage\",\"@id\":\"https:\/\/machineriesbst.com\/en\/catalogue\/scie-murale-holz-her-super-cut-1265\/#webpage\",\"url\":\"https:\/\/machineriesbst.com\/en\/catalogue\/scie-murale-holz-her-super-cut-1265\/\",\"name\":\"Scie Murale Holz Her Super cut 1265 - Machineries BST\",\"isPartOf\":{\"@id\":\"https:\/\/machineriesbst.com\/en\/#website\"},\"primaryImageOfPage\":{\"@id\":\"https:\/\/machineriesbst.com\/en\/catalogue\/scie-murale-holz-her-super-cut-1265\/#primaryimage\"},\"datePublished\":\"2021-06-08T13:59:24+00:00\",\"dateModified\":\"2023-12-01T01:22:28+00:00\",\"breadcrumb\":{\"@id\":\"https:\/\/machineriesbst.com\/en\/catalogue\/scie-murale-holz-her-super-cut-1265\/#breadcrumb\"},\"inLanguage\":\"en-US\",\"potentialAction\":[{\"@type\":\"ReadAction\",\"target\":[\"https:\/\/machineriesbst.com\/en\/catalogue\/scie-murale-holz-her-super-cut-1265\/\"]}]},{\"@type\":\"BreadcrumbList\",\"@id\":\"https:\/\/machineriesbst.com\/en\/catalogue\/scie-murale-holz-her-super-cut-1265\/#breadcrumb\",\"itemListElement\":[{\"@type\":\"ListItem\",\"position\":1,\"name\":\"Accueil\",\"item\":\"https:\/\/machineriesbst.com\/en\/\"},{\"@type\":\"ListItem\",\"position\":2,\"name\":\"Catalogue\",\"item\":\"https:\/\/machineriesbst.com\/en\/catalog\/\"},{\"@type\":\"ListItem\",\"position\":3,\"name\":\"Scie Murale Holz Her Super cut 1265\"}]}]}<\/script>\n<!-- \/ Yoast SEO plugin. -->","yoast_head_json":{"title":"Scie Murale Holz Her Super cut 1265 - Machineries BST","robots":{"index":"index","follow":"follow","max-snippet":"max-snippet:-1","max-image-preview":"max-image-preview:large","max-video-preview":"max-video-preview:-1"},"canonical":"https:\/\/machineriesbst.com\/en\/catalogue\/scie-murale-holz-her-super-cut-1265\/","og_locale":"en_US","og_type":"article","og_title":"Scie Murale Holz Her Super cut 1265 - Machineries BST","og_description":"Reconditionn\u00e9 .En Excellente condition .Garanti de 30 jours sur les pi\u00e8ces.Charg\u00e9 sur le camion. Capacit\u00e9 de coupe 75 x 170 pouces x 2-1\/4 pouces. Moteur 4 hp. 220 volts 3 phases Lame de 220 mm avec scoring. Dimension 204 x 48 x 100 hauteur pouces poids 3000 lbs.","og_url":"https:\/\/machineriesbst.com\/en\/catalogue\/scie-murale-holz-her-super-cut-1265\/","og_site_name":"Machineries BST","article_modified_time":"2023-12-01T01:22:28+00:00","og_image":[{"width":640,"height":480,"url":"https:\/\/machineriesbst.com\/wp-content\/uploads\/2021\/05\/IMG_1468.jpg","path":"\/home\/jepeto\/public_html\/wp-content\/uploads\/2021\/05\/IMG_1468.jpg","size":"full","id":55090,"alt":"","pixels":307200,"type":"image\/jpeg"}],"twitter_card":"summary_large_image","schema":{"@context":"https:\/\/schema.org","@graph":[{"@type":"WebSite","@id":"https:\/\/machineriesbst.com\/en\/#website","url":"https:\/\/machineriesbst.com\/en\/","name":"Machineries BST","description":"Machines neuves &amp; usag\u00e9es","potentialAction":[{"@type":"SearchAction","target":{"@type":"EntryPoint","urlTemplate":"https:\/\/machineriesbst.com\/en\/?s={search_term_string}"},"query-input":"required name=search_term_string"}],"inLanguage":"en-US"},{"@type":"ImageObject","@id":"https:\/\/machineriesbst.com\/en\/catalogue\/scie-murale-holz-her-super-cut-1265\/#primaryimage","inLanguage":"en-US","url":"https:\/\/machineriesbst.com\/wp-content\/uploads\/2021\/05\/IMG_1468.jpg","contentUrl":"https:\/\/machineriesbst.com\/wp-content\/uploads\/2021\/05\/IMG_1468.jpg","width":640,"height":480},{"@type":"WebPage","@id":"https:\/\/machineriesbst.com\/en\/catalogue\/scie-murale-holz-her-super-cut-1265\/#webpage","url":"https:\/\/machineriesbst.com\/en\/catalogue\/scie-murale-holz-her-super-cut-1265\/","name":"Scie Murale Holz Her Super cut 1265 - Machineries BST","isPartOf":{"@id":"https:\/\/machineriesbst.com\/en\/#website"},"primaryImageOfPage":{"@id":"https:\/\/machineriesbst.com\/en\/catalogue\/scie-murale-holz-her-super-cut-1265\/#primaryimage"},"datePublished":"2021-06-08T13:59:24+00:00","dateModified":"2023-12-01T01:22:28+00:00","breadcrumb":{"@id":"https:\/\/machineriesbst.com\/en\/catalogue\/scie-murale-holz-her-super-cut-1265\/#breadcrumb"},"inLanguage":"en-US","potentialAction":[{"@type":"ReadAction","target":["https:\/\/machineriesbst.com\/en\/catalogue\/scie-murale-holz-her-super-cut-1265\/"]}]},{"@type":"BreadcrumbList","@id":"https:\/\/machineriesbst.com\/en\/catalogue\/scie-murale-holz-her-super-cut-1265\/#breadcrumb","itemListElement":[{"@type":"ListItem","position":1,"name":"Accueil","item":"https:\/\/machineriesbst.com\/en\/"},{"@type":"ListItem","position":2,"name":"Catalogue","item":"https:\/\/machineriesbst.com\/en\/catalog\/"},{"@type":"ListItem","position":3,"name":"Scie Murale Holz Her Super cut 1265"}]}]}},"_links":{"self":[{"href":"https:\/\/machineriesbst.com\/en\/wp-json\/wp\/v2\/product\/58693"}],"collection":[{"href":"https:\/\/machineriesbst.com\/en\/wp-json\/wp\/v2\/product"}],"about":[{"href":"https:\/\/machineriesbst.com\/en\/wp-json\/wp\/v2\/types\/product"}],"author":[{"embeddable":true,"href":"https:\/\/machineriesbst.com\/en\/wp-json\/wp\/v2\/users\/3"}],"replies":[{"embeddable":true,"href":"https:\/\/machineriesbst.com\/en\/wp-json\/wp\/v2\/comments?post=58693"}],"wp:featuredmedia":[{"embeddable":true,"href":"https:\/\/machineriesbst.com\/en\/wp-json\/wp\/v2\/media\/55090"}],"wp:attachment":[{"href":"https:\/\/machineriesbst.com\/en\/wp-json\/wp\/v2\/media?parent=58693"}],"wp:term":[{"taxonomy":"product_cat","embeddable":true,"href":"https:\/\/machineriesbst.com\/en\/wp-json\/wp\/v2\/product_cat?post=58693"},{"taxonomy":"product_tag","embeddable":true,"href":"https:\/\/machineriesbst.com\/en\/wp-json\/wp\/v2\/product_tag?post=58693"}],"curies":[{"name":"wp","href":"https:\/\/api.w.org\/{rel}","templated":true}]}}