{"id":58687,"date":"2021-06-08T09:59:22","date_gmt":"2021-06-08T13:59:22","guid":{"rendered":"https:\/\/machineriesbst.com\/?post_type=product&#038;p=58687"},"modified":"2023-11-30T20:22:29","modified_gmt":"2023-12-01T01:22:29","slug":"scie-a-panneau-a-table-coulissante-scm","status":"publish","type":"product","link":"https:\/\/machineriesbst.com\/en\/catalogue\/scie-a-panneau-a-table-coulissante-scm\/","title":{"rendered":"SCM sliding table panel saw"},"content":{"rendered":"<p>Max.diameter saw blade with the scorer 350. Saw blade protrusion in relation to the work surface at 90 \u00b0 \/ 45 \u00b0 mm118 \/ 81 Cutting width in relation to the parallel guide mm1000 \u00f7 1500. Squaring capacity mm3200 \u00f7 3800 x 3200. Three phase motor power at (8) hp. 10-\u00bd &#39;carriage with tale stroke at 126 &quot;. 4,000rpm from main saw and 8,500 for scoring. Weight of 2,000lls.<\/p>","protected":false},"excerpt":{"rendered":"<p>Max.diameter saw blade with the scorer 350. Saw blade protrusion in relation to the work surface at 90 \u00b0 \/ 45 \u00b0 mm118 \/ 81 Cutting width in relation to the parallel guide mm1000 \u00f7 1500. Squaring capacity mm3200 \u00f7 3800 x 3200. Three-phase motor power at (8) hp. 10-\u00bd &#39;trolley with tale stroke at 126 &quot;. 4,000rpm of [\u2026]<\/p>","protected":false},"author":3,"featured_media":55043,"comment_status":"open","ping_status":"closed","template":"","meta":[],"product_cat":[214,3017],"product_tag":[],"acf":[],"yoast_head":"<!-- This site is optimized with the Yoast SEO plugin v16.8 - https:\/\/yoast.com\/wordpress\/plugins\/seo\/ -->\n<title>Scie \u00e0 panneau \u00e0 table coulissante SCM - Machineries BST<\/title>\n<meta name=\"robots\" content=\"index, follow, max-snippet:-1, max-image-preview:large, max-video-preview:-1\" \/>\n<link rel=\"canonical\" href=\"https:\/\/machineriesbst.com\/en\/catalogue\/scie-a-panneau-a-table-coulissante-scm\/\" \/>\n<meta property=\"og:locale\" content=\"en_US\" \/>\n<meta property=\"og:type\" content=\"article\" \/>\n<meta property=\"og:title\" content=\"Scie \u00e0 panneau \u00e0 table coulissante SCM - Machineries BST\" \/>\n<meta property=\"og:description\" content=\"Diam\u00e8tre max. de la lame scie avec l&#039;inciseur 350 .D\u00e9passement de la lame de\u00a0 scie par rapport au plan de travail \u00e0 90\u00b0\/45\u00b0mm118\/81Largeur de coupe par rapport au guide parall\u00e8lemm1000 \u00f7 1500 .Capacit\u00e9 d&#039;\u00e9quarrissagemm3200 \u00f7 3800 x 3200. Puissance moteur triphas\u00e9 \u00e0 (8) hp.Chariot de 10-\u00bd&#039; avec stroke de la tale \u00e0 126&quot;. 4,000rpm de [&hellip;]\" \/>\n<meta property=\"og:url\" content=\"https:\/\/machineriesbst.com\/en\/catalogue\/scie-a-panneau-a-table-coulissante-scm\/\" \/>\n<meta property=\"og:site_name\" content=\"Machineries BST\" \/>\n<meta property=\"article:modified_time\" content=\"2023-12-01T01:22:29+00:00\" \/>\n<meta property=\"og:image\" content=\"https:\/\/machineriesbst.com\/wp-content\/uploads\/2021\/05\/IMG_2275.jpg\" \/>\n\t<meta property=\"og:image:width\" content=\"640\" \/>\n\t<meta property=\"og:image:height\" content=\"480\" \/>\n<meta name=\"twitter:card\" content=\"summary_large_image\" \/>\n<script type=\"application\/ld+json\" class=\"yoast-schema-graph\">{\"@context\":\"https:\/\/schema.org\",\"@graph\":[{\"@type\":\"WebSite\",\"@id\":\"https:\/\/machineriesbst.com\/en\/#website\",\"url\":\"https:\/\/machineriesbst.com\/en\/\",\"name\":\"Machineries BST\",\"description\":\"Machines neuves &amp; usag\\u00e9es\",\"potentialAction\":[{\"@type\":\"SearchAction\",\"target\":{\"@type\":\"EntryPoint\",\"urlTemplate\":\"https:\/\/machineriesbst.com\/en\/?s={search_term_string}\"},\"query-input\":\"required name=search_term_string\"}],\"inLanguage\":\"en-US\"},{\"@type\":\"ImageObject\",\"@id\":\"https:\/\/machineriesbst.com\/en\/catalogue\/scie-a-panneau-a-table-coulissante-scm\/#primaryimage\",\"inLanguage\":\"en-US\",\"url\":\"https:\/\/machineriesbst.com\/wp-content\/uploads\/2021\/05\/IMG_2275.jpg\",\"contentUrl\":\"https:\/\/machineriesbst.com\/wp-content\/uploads\/2021\/05\/IMG_2275.jpg\",\"width\":640,\"height\":480},{\"@type\":\"WebPage\",\"@id\":\"https:\/\/machineriesbst.com\/en\/catalogue\/scie-a-panneau-a-table-coulissante-scm\/#webpage\",\"url\":\"https:\/\/machineriesbst.com\/en\/catalogue\/scie-a-panneau-a-table-coulissante-scm\/\",\"name\":\"Scie \\u00e0 panneau \\u00e0 table coulissante SCM - Machineries BST\",\"isPartOf\":{\"@id\":\"https:\/\/machineriesbst.com\/en\/#website\"},\"primaryImageOfPage\":{\"@id\":\"https:\/\/machineriesbst.com\/en\/catalogue\/scie-a-panneau-a-table-coulissante-scm\/#primaryimage\"},\"datePublished\":\"2021-06-08T13:59:22+00:00\",\"dateModified\":\"2023-12-01T01:22:29+00:00\",\"breadcrumb\":{\"@id\":\"https:\/\/machineriesbst.com\/en\/catalogue\/scie-a-panneau-a-table-coulissante-scm\/#breadcrumb\"},\"inLanguage\":\"en-US\",\"potentialAction\":[{\"@type\":\"ReadAction\",\"target\":[\"https:\/\/machineriesbst.com\/en\/catalogue\/scie-a-panneau-a-table-coulissante-scm\/\"]}]},{\"@type\":\"BreadcrumbList\",\"@id\":\"https:\/\/machineriesbst.com\/en\/catalogue\/scie-a-panneau-a-table-coulissante-scm\/#breadcrumb\",\"itemListElement\":[{\"@type\":\"ListItem\",\"position\":1,\"name\":\"Accueil\",\"item\":\"https:\/\/machineriesbst.com\/en\/\"},{\"@type\":\"ListItem\",\"position\":2,\"name\":\"Catalogue\",\"item\":\"https:\/\/machineriesbst.com\/en\/catalog\/\"},{\"@type\":\"ListItem\",\"position\":3,\"name\":\"Scie \\u00e0 panneau \\u00e0 table coulissante SCM\"}]}]}<\/script>\n<!-- \/ Yoast SEO plugin. -->","yoast_head_json":{"title":"Scie \u00e0 panneau \u00e0 table coulissante SCM - Machineries BST","robots":{"index":"index","follow":"follow","max-snippet":"max-snippet:-1","max-image-preview":"max-image-preview:large","max-video-preview":"max-video-preview:-1"},"canonical":"https:\/\/machineriesbst.com\/en\/catalogue\/scie-a-panneau-a-table-coulissante-scm\/","og_locale":"en_US","og_type":"article","og_title":"Scie \u00e0 panneau \u00e0 table coulissante SCM - Machineries BST","og_description":"Diam\u00e8tre max. de la lame scie avec l'inciseur 350 .D\u00e9passement de la lame de\u00a0 scie par rapport au plan de travail \u00e0 90\u00b0\/45\u00b0mm118\/81Largeur de coupe par rapport au guide parall\u00e8lemm1000 \u00f7 1500 .Capacit\u00e9 d'\u00e9quarrissagemm3200 \u00f7 3800 x 3200. Puissance moteur triphas\u00e9 \u00e0 (8) hp.Chariot de 10-\u00bd' avec stroke de la tale \u00e0 126\". 4,000rpm de [&hellip;]","og_url":"https:\/\/machineriesbst.com\/en\/catalogue\/scie-a-panneau-a-table-coulissante-scm\/","og_site_name":"Machineries BST","article_modified_time":"2023-12-01T01:22:29+00:00","og_image":[{"width":640,"height":480,"url":"https:\/\/machineriesbst.com\/wp-content\/uploads\/2021\/05\/IMG_2275.jpg","path":"\/home\/jepeto\/public_html\/wp-content\/uploads\/2021\/05\/IMG_2275.jpg","size":"full","id":55043,"alt":"","pixels":307200,"type":"image\/jpeg"}],"twitter_card":"summary_large_image","schema":{"@context":"https:\/\/schema.org","@graph":[{"@type":"WebSite","@id":"https:\/\/machineriesbst.com\/en\/#website","url":"https:\/\/machineriesbst.com\/en\/","name":"Machineries BST","description":"Machines neuves &amp; usag\u00e9es","potentialAction":[{"@type":"SearchAction","target":{"@type":"EntryPoint","urlTemplate":"https:\/\/machineriesbst.com\/en\/?s={search_term_string}"},"query-input":"required name=search_term_string"}],"inLanguage":"en-US"},{"@type":"ImageObject","@id":"https:\/\/machineriesbst.com\/en\/catalogue\/scie-a-panneau-a-table-coulissante-scm\/#primaryimage","inLanguage":"en-US","url":"https:\/\/machineriesbst.com\/wp-content\/uploads\/2021\/05\/IMG_2275.jpg","contentUrl":"https:\/\/machineriesbst.com\/wp-content\/uploads\/2021\/05\/IMG_2275.jpg","width":640,"height":480},{"@type":"WebPage","@id":"https:\/\/machineriesbst.com\/en\/catalogue\/scie-a-panneau-a-table-coulissante-scm\/#webpage","url":"https:\/\/machineriesbst.com\/en\/catalogue\/scie-a-panneau-a-table-coulissante-scm\/","name":"Scie \u00e0 panneau \u00e0 table coulissante SCM - Machineries BST","isPartOf":{"@id":"https:\/\/machineriesbst.com\/en\/#website"},"primaryImageOfPage":{"@id":"https:\/\/machineriesbst.com\/en\/catalogue\/scie-a-panneau-a-table-coulissante-scm\/#primaryimage"},"datePublished":"2021-06-08T13:59:22+00:00","dateModified":"2023-12-01T01:22:29+00:00","breadcrumb":{"@id":"https:\/\/machineriesbst.com\/en\/catalogue\/scie-a-panneau-a-table-coulissante-scm\/#breadcrumb"},"inLanguage":"en-US","potentialAction":[{"@type":"ReadAction","target":["https:\/\/machineriesbst.com\/en\/catalogue\/scie-a-panneau-a-table-coulissante-scm\/"]}]},{"@type":"BreadcrumbList","@id":"https:\/\/machineriesbst.com\/en\/catalogue\/scie-a-panneau-a-table-coulissante-scm\/#breadcrumb","itemListElement":[{"@type":"ListItem","position":1,"name":"Accueil","item":"https:\/\/machineriesbst.com\/en\/"},{"@type":"ListItem","position":2,"name":"Catalogue","item":"https:\/\/machineriesbst.com\/en\/catalog\/"},{"@type":"ListItem","position":3,"name":"Scie \u00e0 panneau \u00e0 table coulissante SCM"}]}]}},"_links":{"self":[{"href":"https:\/\/machineriesbst.com\/en\/wp-json\/wp\/v2\/product\/58687"}],"collection":[{"href":"https:\/\/machineriesbst.com\/en\/wp-json\/wp\/v2\/product"}],"about":[{"href":"https:\/\/machineriesbst.com\/en\/wp-json\/wp\/v2\/types\/product"}],"author":[{"embeddable":true,"href":"https:\/\/machineriesbst.com\/en\/wp-json\/wp\/v2\/users\/3"}],"replies":[{"embeddable":true,"href":"https:\/\/machineriesbst.com\/en\/wp-json\/wp\/v2\/comments?post=58687"}],"wp:featuredmedia":[{"embeddable":true,"href":"https:\/\/machineriesbst.com\/en\/wp-json\/wp\/v2\/media\/55043"}],"wp:attachment":[{"href":"https:\/\/machineriesbst.com\/en\/wp-json\/wp\/v2\/media?parent=58687"}],"wp:term":[{"taxonomy":"product_cat","embeddable":true,"href":"https:\/\/machineriesbst.com\/en\/wp-json\/wp\/v2\/product_cat?post=58687"},{"taxonomy":"product_tag","embeddable":true,"href":"https:\/\/machineriesbst.com\/en\/wp-json\/wp\/v2\/product_tag?post=58687"}],"curies":[{"name":"wp","href":"https:\/\/api.w.org\/{rel}","templated":true}]}}