{"id":58686,"date":"2021-06-08T09:59:22","date_gmt":"2021-06-08T13:59:22","guid":{"rendered":"https:\/\/machineriesbst.com\/?post_type=product&#038;p=58686"},"modified":"2023-11-30T20:22:29","modified_gmt":"2023-12-01T01:22:29","slug":"chariot-elevateur-electrique-battelec","status":"publish","type":"product","link":"https:\/\/machineriesbst.com\/en\/catalogue\/chariot-elevateur-electrique-battelec\/","title":{"rendered":"Battelec Electric Forklift"},"content":{"rendered":"<p>Electric 3-wheel lift. Excellent for indoors and in tight spaces. 60 &#39;&#39; fork.<\/p>","protected":false},"excerpt":{"rendered":"<p>Electric 3-wheel lift. Excellent for indoors and in tight spaces. 60 &#39;&#39; fork.<\/p>","protected":false},"author":3,"featured_media":55040,"comment_status":"open","ping_status":"closed","template":"","meta":[],"product_cat":[406],"product_tag":[],"acf":[],"yoast_head":"<!-- This site is optimized with the Yoast SEO plugin v16.8 - https:\/\/yoast.com\/wordpress\/plugins\/seo\/ -->\n<title>Chariot \u00e9l\u00e9vateur \u00e9lectrique Battelec - Machineries BST<\/title>\n<meta name=\"robots\" content=\"index, follow, max-snippet:-1, max-image-preview:large, max-video-preview:-1\" \/>\n<link rel=\"canonical\" href=\"https:\/\/machineriesbst.com\/en\/catalogue\/chariot-elevateur-electrique-battelec\/\" \/>\n<meta property=\"og:locale\" content=\"en_US\" \/>\n<meta property=\"og:type\" content=\"article\" \/>\n<meta property=\"og:title\" content=\"Chariot \u00e9l\u00e9vateur \u00e9lectrique Battelec - Machineries BST\" \/>\n<meta property=\"og:description\" content=\"Lift \u00e9lectrique \u00e0 3 roues .Excellent pour l&#039;int\u00e9rieur et dans des espaces \u00e9troit. Fourche de 60po.\" \/>\n<meta property=\"og:url\" content=\"https:\/\/machineriesbst.com\/en\/catalogue\/chariot-elevateur-electrique-battelec\/\" \/>\n<meta property=\"og:site_name\" content=\"Machineries BST\" \/>\n<meta property=\"article:modified_time\" content=\"2023-12-01T01:22:29+00:00\" \/>\n<meta property=\"og:image\" content=\"https:\/\/machineriesbst.com\/wp-content\/uploads\/2021\/05\/IMG_2273.jpg\" \/>\n\t<meta property=\"og:image:width\" content=\"480\" \/>\n\t<meta property=\"og:image:height\" content=\"640\" \/>\n<meta name=\"twitter:card\" content=\"summary_large_image\" \/>\n<script type=\"application\/ld+json\" class=\"yoast-schema-graph\">{\"@context\":\"https:\/\/schema.org\",\"@graph\":[{\"@type\":\"WebSite\",\"@id\":\"https:\/\/machineriesbst.com\/en\/#website\",\"url\":\"https:\/\/machineriesbst.com\/en\/\",\"name\":\"Machineries BST\",\"description\":\"Machines neuves &amp; usag\\u00e9es\",\"potentialAction\":[{\"@type\":\"SearchAction\",\"target\":{\"@type\":\"EntryPoint\",\"urlTemplate\":\"https:\/\/machineriesbst.com\/en\/?s={search_term_string}\"},\"query-input\":\"required name=search_term_string\"}],\"inLanguage\":\"en-US\"},{\"@type\":\"ImageObject\",\"@id\":\"https:\/\/machineriesbst.com\/en\/catalogue\/chariot-elevateur-electrique-battelec\/#primaryimage\",\"inLanguage\":\"en-US\",\"url\":\"https:\/\/machineriesbst.com\/wp-content\/uploads\/2021\/05\/IMG_2273.jpg\",\"contentUrl\":\"https:\/\/machineriesbst.com\/wp-content\/uploads\/2021\/05\/IMG_2273.jpg\",\"width\":480,\"height\":640},{\"@type\":\"WebPage\",\"@id\":\"https:\/\/machineriesbst.com\/en\/catalogue\/chariot-elevateur-electrique-battelec\/#webpage\",\"url\":\"https:\/\/machineriesbst.com\/en\/catalogue\/chariot-elevateur-electrique-battelec\/\",\"name\":\"Chariot \\u00e9l\\u00e9vateur \\u00e9lectrique Battelec - Machineries BST\",\"isPartOf\":{\"@id\":\"https:\/\/machineriesbst.com\/en\/#website\"},\"primaryImageOfPage\":{\"@id\":\"https:\/\/machineriesbst.com\/en\/catalogue\/chariot-elevateur-electrique-battelec\/#primaryimage\"},\"datePublished\":\"2021-06-08T13:59:22+00:00\",\"dateModified\":\"2023-12-01T01:22:29+00:00\",\"breadcrumb\":{\"@id\":\"https:\/\/machineriesbst.com\/en\/catalogue\/chariot-elevateur-electrique-battelec\/#breadcrumb\"},\"inLanguage\":\"en-US\",\"potentialAction\":[{\"@type\":\"ReadAction\",\"target\":[\"https:\/\/machineriesbst.com\/en\/catalogue\/chariot-elevateur-electrique-battelec\/\"]}]},{\"@type\":\"BreadcrumbList\",\"@id\":\"https:\/\/machineriesbst.com\/en\/catalogue\/chariot-elevateur-electrique-battelec\/#breadcrumb\",\"itemListElement\":[{\"@type\":\"ListItem\",\"position\":1,\"name\":\"Accueil\",\"item\":\"https:\/\/machineriesbst.com\/en\/\"},{\"@type\":\"ListItem\",\"position\":2,\"name\":\"Catalogue\",\"item\":\"https:\/\/machineriesbst.com\/en\/catalog\/\"},{\"@type\":\"ListItem\",\"position\":3,\"name\":\"Chariot \\u00e9l\\u00e9vateur \\u00e9lectrique Battelec\"}]}]}<\/script>\n<!-- \/ Yoast SEO plugin. -->","yoast_head_json":{"title":"Chariot \u00e9l\u00e9vateur \u00e9lectrique Battelec - Machineries BST","robots":{"index":"index","follow":"follow","max-snippet":"max-snippet:-1","max-image-preview":"max-image-preview:large","max-video-preview":"max-video-preview:-1"},"canonical":"https:\/\/machineriesbst.com\/en\/catalogue\/chariot-elevateur-electrique-battelec\/","og_locale":"en_US","og_type":"article","og_title":"Chariot \u00e9l\u00e9vateur \u00e9lectrique Battelec - Machineries BST","og_description":"Lift \u00e9lectrique \u00e0 3 roues .Excellent pour l'int\u00e9rieur et dans des espaces \u00e9troit. Fourche de 60po.","og_url":"https:\/\/machineriesbst.com\/en\/catalogue\/chariot-elevateur-electrique-battelec\/","og_site_name":"Machineries BST","article_modified_time":"2023-12-01T01:22:29+00:00","og_image":[{"width":480,"height":640,"url":"https:\/\/machineriesbst.com\/wp-content\/uploads\/2021\/05\/IMG_2273.jpg","path":"\/home\/jepeto\/public_html\/wp-content\/uploads\/2021\/05\/IMG_2273.jpg","size":"full","id":55040,"alt":"","pixels":307200,"type":"image\/jpeg"}],"twitter_card":"summary_large_image","schema":{"@context":"https:\/\/schema.org","@graph":[{"@type":"WebSite","@id":"https:\/\/machineriesbst.com\/en\/#website","url":"https:\/\/machineriesbst.com\/en\/","name":"Machineries BST","description":"Machines neuves &amp; usag\u00e9es","potentialAction":[{"@type":"SearchAction","target":{"@type":"EntryPoint","urlTemplate":"https:\/\/machineriesbst.com\/en\/?s={search_term_string}"},"query-input":"required name=search_term_string"}],"inLanguage":"en-US"},{"@type":"ImageObject","@id":"https:\/\/machineriesbst.com\/en\/catalogue\/chariot-elevateur-electrique-battelec\/#primaryimage","inLanguage":"en-US","url":"https:\/\/machineriesbst.com\/wp-content\/uploads\/2021\/05\/IMG_2273.jpg","contentUrl":"https:\/\/machineriesbst.com\/wp-content\/uploads\/2021\/05\/IMG_2273.jpg","width":480,"height":640},{"@type":"WebPage","@id":"https:\/\/machineriesbst.com\/en\/catalogue\/chariot-elevateur-electrique-battelec\/#webpage","url":"https:\/\/machineriesbst.com\/en\/catalogue\/chariot-elevateur-electrique-battelec\/","name":"Chariot \u00e9l\u00e9vateur \u00e9lectrique Battelec - Machineries BST","isPartOf":{"@id":"https:\/\/machineriesbst.com\/en\/#website"},"primaryImageOfPage":{"@id":"https:\/\/machineriesbst.com\/en\/catalogue\/chariot-elevateur-electrique-battelec\/#primaryimage"},"datePublished":"2021-06-08T13:59:22+00:00","dateModified":"2023-12-01T01:22:29+00:00","breadcrumb":{"@id":"https:\/\/machineriesbst.com\/en\/catalogue\/chariot-elevateur-electrique-battelec\/#breadcrumb"},"inLanguage":"en-US","potentialAction":[{"@type":"ReadAction","target":["https:\/\/machineriesbst.com\/en\/catalogue\/chariot-elevateur-electrique-battelec\/"]}]},{"@type":"BreadcrumbList","@id":"https:\/\/machineriesbst.com\/en\/catalogue\/chariot-elevateur-electrique-battelec\/#breadcrumb","itemListElement":[{"@type":"ListItem","position":1,"name":"Accueil","item":"https:\/\/machineriesbst.com\/en\/"},{"@type":"ListItem","position":2,"name":"Catalogue","item":"https:\/\/machineriesbst.com\/en\/catalog\/"},{"@type":"ListItem","position":3,"name":"Chariot \u00e9l\u00e9vateur \u00e9lectrique Battelec"}]}]}},"_links":{"self":[{"href":"https:\/\/machineriesbst.com\/en\/wp-json\/wp\/v2\/product\/58686"}],"collection":[{"href":"https:\/\/machineriesbst.com\/en\/wp-json\/wp\/v2\/product"}],"about":[{"href":"https:\/\/machineriesbst.com\/en\/wp-json\/wp\/v2\/types\/product"}],"author":[{"embeddable":true,"href":"https:\/\/machineriesbst.com\/en\/wp-json\/wp\/v2\/users\/3"}],"replies":[{"embeddable":true,"href":"https:\/\/machineriesbst.com\/en\/wp-json\/wp\/v2\/comments?post=58686"}],"wp:featuredmedia":[{"embeddable":true,"href":"https:\/\/machineriesbst.com\/en\/wp-json\/wp\/v2\/media\/55040"}],"wp:attachment":[{"href":"https:\/\/machineriesbst.com\/en\/wp-json\/wp\/v2\/media?parent=58686"}],"wp:term":[{"taxonomy":"product_cat","embeddable":true,"href":"https:\/\/machineriesbst.com\/en\/wp-json\/wp\/v2\/product_cat?post=58686"},{"taxonomy":"product_tag","embeddable":true,"href":"https:\/\/machineriesbst.com\/en\/wp-json\/wp\/v2\/product_tag?post=58686"}],"curies":[{"name":"wp","href":"https:\/\/api.w.org\/{rel}","templated":true}]}}