{"id":58685,"date":"2021-06-08T09:59:00","date_gmt":"2021-06-08T13:59:00","guid":{"rendered":"https:\/\/machineriesbst.com\/?post_type=product&#038;p=58685"},"modified":"2023-11-30T20:22:29","modified_gmt":"2023-12-01T01:22:29","slug":"plaqueuse-de-chant-holzher-arcus-1336-2014-seulement-3000hrs","status":"publish","type":"product","link":"https:\/\/machineriesbst.com\/en\/catalogue\/plaqueuse-de-chant-holzher-arcus-1336-2014-seulement-3000hrs\/","title":{"rendered":"2014 Holzher Arcus 1336 Edgebander Only 3,000HRS"},"content":{"rendered":"<p><strong>ONLY 3000 HOURS<\/strong><\/p>\n<p>TECHNICAL DATA: Pre-Milling Color screen, Edge magazine, Glue system, End cut. Top and bottom trim. PVC finish. Surface scraper. Polishing unit. Training available. Always on duty.<br \/>\nDimensions:<br \/>\nLength: 5195 mm \/ 204 &quot;<br \/>\nWidth: 820 mm \/ 32 &quot;<br \/>\nWidth with roller table: 1415 mm \/ 47 &quot;<br \/>\nMachine height: 1670 mm \/ 65.7 &quot;<br \/>\nWorking dimensions:<br \/>\nStrip thickness: 0.4 - 15 mm \/ .02 - .59 &quot;<br \/>\nBand Height: 55mm \/ 2.17 &quot;<br \/>\nPanel width: Min. 60 mm \/ 2.36 &quot;<br \/>\nPanel length: Min. 180 mm \/ 7.09 &quot;<br \/>\nPanel thickness: 6 - 50 mm \/ .23 - 1.97 &quot;<br \/>\nConveyor speed: 10 - 18 m \/ min \/ 33 - 60 ft. \/ min<\/p>\n<p>One-piece welded frame<br \/>\nLarge \u01fe 820 mm plate for edge rolls up to \u01fe 800 mm<br \/>\nTransport chain, with automatic lubrication thereof<br \/>\nUpper pressure beam with motorized height adjustment<br \/>\nExtendable panel support rails<br \/>\nProtective covers along the entire length of the machine<br \/>\nVariable forward speeds, controlled by the PC: 10 to 18 m \/ min.<br \/>\nEdge thickness: 0.4 - 15mm.<br \/>\nPanel thickness: 6 - 60mm.<br \/>\nControl panels pivoting at the entrance to the machine.<br \/>\nAutomatic lubrication<\/p>","protected":false},"excerpt":{"rendered":"<p>ONLY 3000 HOURS TECHNICAL DATA: Pre-Milling Color screen, Edge magazine, Glue system, End cut. Top and bottom trim. PVC finish. Surface scraper. Polishing unit. Training available. Always on duty. Dimensions: Length: 5195 mm \/ 204 &quot;Width: 820 mm \/ 32&quot; Width with table for roller: 1415 [\u2026]<\/p>","protected":false},"author":3,"featured_media":55018,"comment_status":"open","ping_status":"closed","template":"","meta":[],"product_cat":[363],"product_tag":[],"acf":[],"yoast_head":"<!-- This site is optimized with the Yoast SEO plugin v16.8 - https:\/\/yoast.com\/wordpress\/plugins\/seo\/ -->\n<title>Plaqueuse de chant Holzher Arcus 1336 2014 Seulement 3,000HRS - Machineries BST<\/title>\n<meta name=\"robots\" content=\"index, follow, max-snippet:-1, max-image-preview:large, max-video-preview:-1\" \/>\n<link rel=\"canonical\" href=\"https:\/\/machineriesbst.com\/en\/catalogue\/plaqueuse-de-chant-holzher-arcus-1336-2014-seulement-3000hrs\/\" \/>\n<meta property=\"og:locale\" content=\"en_US\" \/>\n<meta property=\"og:type\" content=\"article\" \/>\n<meta property=\"og:title\" content=\"Plaqueuse de chant Holzher Arcus 1336 2014 Seulement 3,000HRS - Machineries BST\" \/>\n<meta property=\"og:description\" content=\"SEULEMENT 3000 HEURES DONN\u00c9E TECHNIQUE: Pr\u00e9-Milling \u00c9cran de couleur ,Magasin \u00e0 chants.Glue syst\u00e8me.Coupe en bout . Affleurage haut et bas. Finition PVC. Grattoir de surface. Unit\u00e9e de polissage . Formation de disponible .Toujours en fonction . Dimensions: Longueur : 5195 mm \/ 204&quot; Largeur: 820 mm \/ 32&quot; Largeur avec table pour rouleau : 1415 [&hellip;]\" \/>\n<meta property=\"og:url\" content=\"https:\/\/machineriesbst.com\/en\/catalogue\/plaqueuse-de-chant-holzher-arcus-1336-2014-seulement-3000hrs\/\" \/>\n<meta property=\"og:site_name\" content=\"Machineries BST\" \/>\n<meta property=\"article:modified_time\" content=\"2023-12-01T01:22:29+00:00\" \/>\n<meta property=\"og:image\" content=\"https:\/\/machineriesbst.com\/wp-content\/uploads\/2021\/05\/IMG_2247.jpg\" \/>\n\t<meta property=\"og:image:width\" content=\"480\" \/>\n\t<meta property=\"og:image:height\" content=\"640\" \/>\n<meta name=\"twitter:card\" content=\"summary_large_image\" \/>\n<meta name=\"twitter:label1\" content=\"Est. reading time\" \/>\n\t<meta name=\"twitter:data1\" content=\"1 minute\" \/>\n<script type=\"application\/ld+json\" class=\"yoast-schema-graph\">{\"@context\":\"https:\/\/schema.org\",\"@graph\":[{\"@type\":\"WebSite\",\"@id\":\"https:\/\/machineriesbst.com\/en\/#website\",\"url\":\"https:\/\/machineriesbst.com\/en\/\",\"name\":\"Machineries BST\",\"description\":\"Machines neuves &amp; usag\\u00e9es\",\"potentialAction\":[{\"@type\":\"SearchAction\",\"target\":{\"@type\":\"EntryPoint\",\"urlTemplate\":\"https:\/\/machineriesbst.com\/en\/?s={search_term_string}\"},\"query-input\":\"required name=search_term_string\"}],\"inLanguage\":\"en-US\"},{\"@type\":\"ImageObject\",\"@id\":\"https:\/\/machineriesbst.com\/en\/catalogue\/plaqueuse-de-chant-holzher-arcus-1336-2014-seulement-3000hrs\/#primaryimage\",\"inLanguage\":\"en-US\",\"url\":\"https:\/\/machineriesbst.com\/wp-content\/uploads\/2021\/05\/IMG_2247.jpg\",\"contentUrl\":\"https:\/\/machineriesbst.com\/wp-content\/uploads\/2021\/05\/IMG_2247.jpg\",\"width\":480,\"height\":640},{\"@type\":\"WebPage\",\"@id\":\"https:\/\/machineriesbst.com\/en\/catalogue\/plaqueuse-de-chant-holzher-arcus-1336-2014-seulement-3000hrs\/#webpage\",\"url\":\"https:\/\/machineriesbst.com\/en\/catalogue\/plaqueuse-de-chant-holzher-arcus-1336-2014-seulement-3000hrs\/\",\"name\":\"Plaqueuse de chant Holzher Arcus 1336 2014 Seulement 3,000HRS - Machineries BST\",\"isPartOf\":{\"@id\":\"https:\/\/machineriesbst.com\/en\/#website\"},\"primaryImageOfPage\":{\"@id\":\"https:\/\/machineriesbst.com\/en\/catalogue\/plaqueuse-de-chant-holzher-arcus-1336-2014-seulement-3000hrs\/#primaryimage\"},\"datePublished\":\"2021-06-08T13:59:00+00:00\",\"dateModified\":\"2023-12-01T01:22:29+00:00\",\"breadcrumb\":{\"@id\":\"https:\/\/machineriesbst.com\/en\/catalogue\/plaqueuse-de-chant-holzher-arcus-1336-2014-seulement-3000hrs\/#breadcrumb\"},\"inLanguage\":\"en-US\",\"potentialAction\":[{\"@type\":\"ReadAction\",\"target\":[\"https:\/\/machineriesbst.com\/en\/catalogue\/plaqueuse-de-chant-holzher-arcus-1336-2014-seulement-3000hrs\/\"]}]},{\"@type\":\"BreadcrumbList\",\"@id\":\"https:\/\/machineriesbst.com\/en\/catalogue\/plaqueuse-de-chant-holzher-arcus-1336-2014-seulement-3000hrs\/#breadcrumb\",\"itemListElement\":[{\"@type\":\"ListItem\",\"position\":1,\"name\":\"Accueil\",\"item\":\"https:\/\/machineriesbst.com\/en\/\"},{\"@type\":\"ListItem\",\"position\":2,\"name\":\"Catalogue\",\"item\":\"https:\/\/machineriesbst.com\/en\/catalog\/\"},{\"@type\":\"ListItem\",\"position\":3,\"name\":\"Plaqueuse de chant Holzher Arcus 1336 2014 Seulement 3,000HRS\"}]}]}<\/script>\n<!-- \/ Yoast SEO plugin. -->","yoast_head_json":{"title":"Plaqueuse de chant Holzher Arcus 1336 2014 Seulement 3,000HRS - Machineries BST","robots":{"index":"index","follow":"follow","max-snippet":"max-snippet:-1","max-image-preview":"max-image-preview:large","max-video-preview":"max-video-preview:-1"},"canonical":"https:\/\/machineriesbst.com\/en\/catalogue\/plaqueuse-de-chant-holzher-arcus-1336-2014-seulement-3000hrs\/","og_locale":"en_US","og_type":"article","og_title":"Plaqueuse de chant Holzher Arcus 1336 2014 Seulement 3,000HRS - Machineries BST","og_description":"SEULEMENT 3000 HEURES DONN\u00c9E TECHNIQUE: Pr\u00e9-Milling \u00c9cran de couleur ,Magasin \u00e0 chants.Glue syst\u00e8me.Coupe en bout . Affleurage haut et bas. Finition PVC. Grattoir de surface. Unit\u00e9e de polissage . Formation de disponible .Toujours en fonction . Dimensions: Longueur : 5195 mm \/ 204\" Largeur: 820 mm \/ 32\" Largeur avec table pour rouleau : 1415 [&hellip;]","og_url":"https:\/\/machineriesbst.com\/en\/catalogue\/plaqueuse-de-chant-holzher-arcus-1336-2014-seulement-3000hrs\/","og_site_name":"Machineries BST","article_modified_time":"2023-12-01T01:22:29+00:00","og_image":[{"width":480,"height":640,"url":"https:\/\/machineriesbst.com\/wp-content\/uploads\/2021\/05\/IMG_2247.jpg","path":"\/home\/jepeto\/public_html\/wp-content\/uploads\/2021\/05\/IMG_2247.jpg","size":"full","id":55018,"alt":"","pixels":307200,"type":"image\/jpeg"}],"twitter_card":"summary_large_image","twitter_misc":{"Est. reading time":"1 minute"},"schema":{"@context":"https:\/\/schema.org","@graph":[{"@type":"WebSite","@id":"https:\/\/machineriesbst.com\/en\/#website","url":"https:\/\/machineriesbst.com\/en\/","name":"Machineries BST","description":"Machines neuves &amp; usag\u00e9es","potentialAction":[{"@type":"SearchAction","target":{"@type":"EntryPoint","urlTemplate":"https:\/\/machineriesbst.com\/en\/?s={search_term_string}"},"query-input":"required name=search_term_string"}],"inLanguage":"en-US"},{"@type":"ImageObject","@id":"https:\/\/machineriesbst.com\/en\/catalogue\/plaqueuse-de-chant-holzher-arcus-1336-2014-seulement-3000hrs\/#primaryimage","inLanguage":"en-US","url":"https:\/\/machineriesbst.com\/wp-content\/uploads\/2021\/05\/IMG_2247.jpg","contentUrl":"https:\/\/machineriesbst.com\/wp-content\/uploads\/2021\/05\/IMG_2247.jpg","width":480,"height":640},{"@type":"WebPage","@id":"https:\/\/machineriesbst.com\/en\/catalogue\/plaqueuse-de-chant-holzher-arcus-1336-2014-seulement-3000hrs\/#webpage","url":"https:\/\/machineriesbst.com\/en\/catalogue\/plaqueuse-de-chant-holzher-arcus-1336-2014-seulement-3000hrs\/","name":"Plaqueuse de chant Holzher Arcus 1336 2014 Seulement 3,000HRS - Machineries BST","isPartOf":{"@id":"https:\/\/machineriesbst.com\/en\/#website"},"primaryImageOfPage":{"@id":"https:\/\/machineriesbst.com\/en\/catalogue\/plaqueuse-de-chant-holzher-arcus-1336-2014-seulement-3000hrs\/#primaryimage"},"datePublished":"2021-06-08T13:59:00+00:00","dateModified":"2023-12-01T01:22:29+00:00","breadcrumb":{"@id":"https:\/\/machineriesbst.com\/en\/catalogue\/plaqueuse-de-chant-holzher-arcus-1336-2014-seulement-3000hrs\/#breadcrumb"},"inLanguage":"en-US","potentialAction":[{"@type":"ReadAction","target":["https:\/\/machineriesbst.com\/en\/catalogue\/plaqueuse-de-chant-holzher-arcus-1336-2014-seulement-3000hrs\/"]}]},{"@type":"BreadcrumbList","@id":"https:\/\/machineriesbst.com\/en\/catalogue\/plaqueuse-de-chant-holzher-arcus-1336-2014-seulement-3000hrs\/#breadcrumb","itemListElement":[{"@type":"ListItem","position":1,"name":"Accueil","item":"https:\/\/machineriesbst.com\/en\/"},{"@type":"ListItem","position":2,"name":"Catalogue","item":"https:\/\/machineriesbst.com\/en\/catalog\/"},{"@type":"ListItem","position":3,"name":"Plaqueuse de chant Holzher Arcus 1336 2014 Seulement 3,000HRS"}]}]}},"_links":{"self":[{"href":"https:\/\/machineriesbst.com\/en\/wp-json\/wp\/v2\/product\/58685"}],"collection":[{"href":"https:\/\/machineriesbst.com\/en\/wp-json\/wp\/v2\/product"}],"about":[{"href":"https:\/\/machineriesbst.com\/en\/wp-json\/wp\/v2\/types\/product"}],"author":[{"embeddable":true,"href":"https:\/\/machineriesbst.com\/en\/wp-json\/wp\/v2\/users\/3"}],"replies":[{"embeddable":true,"href":"https:\/\/machineriesbst.com\/en\/wp-json\/wp\/v2\/comments?post=58685"}],"wp:featuredmedia":[{"embeddable":true,"href":"https:\/\/machineriesbst.com\/en\/wp-json\/wp\/v2\/media\/55018"}],"wp:attachment":[{"href":"https:\/\/machineriesbst.com\/en\/wp-json\/wp\/v2\/media?parent=58685"}],"wp:term":[{"taxonomy":"product_cat","embeddable":true,"href":"https:\/\/machineriesbst.com\/en\/wp-json\/wp\/v2\/product_cat?post=58685"},{"taxonomy":"product_tag","embeddable":true,"href":"https:\/\/machineriesbst.com\/en\/wp-json\/wp\/v2\/product_tag?post=58685"}],"curies":[{"name":"wp","href":"https:\/\/api.w.org\/{rel}","templated":true}]}}