{"id":58684,"date":"2021-06-08T09:59:00","date_gmt":"2021-06-08T13:59:00","guid":{"rendered":"https:\/\/machineriesbst.com\/?post_type=product&#038;p=58684"},"modified":"2023-11-30T20:22:29","modified_gmt":"2023-12-01T01:22:29","slug":"cnc-weeke-2007","status":"publish","type":"product","link":"https:\/\/machineriesbst.com\/en\/catalogue\/cnc-weeke-2007\/","title":{"rendered":"CNC Weeke 2007"},"content":{"rendered":"<p>CNC full table of 4x10. Tool changer (10) on rack. Work surface in X 122 &quot;(3,100mm). Y 51&quot; (1,300mm). Z 6.1 &quot;(80mm). Positioning speed 315pmp in XY. 82pmp in Z. Drilling 3.6hp at variable speed from 1,500 to 7,500rpm with drilling space of 32mm. 12hp router with HSK F63 adapter at variable speed from 1,250 to 24,000 rpm. 17 &quot;screen. With 2 Beckers Pumps.<\/p>","protected":false},"excerpt":{"rendered":"<p>CNC full table of 4x10. Tool changer (10) on rack. Work surface in X 122 &quot;(3,100mm). Y 51&quot; (1,300mm). Z 6.1 &quot;(80mm). Positioning speed 315pmp in XY. 82pmp in Z. Drilling 3.6hp at variable speed from 1,500 to 7,500rpm with drilling space of 32mm. 12hp router with HSK F63 adapter to [\u2026]<\/p>","protected":false},"author":3,"featured_media":55011,"comment_status":"open","ping_status":"closed","template":"","meta":[],"product_cat":[406],"product_tag":[],"acf":[],"yoast_head":"<!-- This site is optimized with the Yoast SEO plugin v16.8 - https:\/\/yoast.com\/wordpress\/plugins\/seo\/ -->\n<title>CNC Weeke 2007 - Machineries BST<\/title>\n<meta name=\"robots\" content=\"index, follow, max-snippet:-1, max-image-preview:large, max-video-preview:-1\" \/>\n<link rel=\"canonical\" href=\"https:\/\/machineriesbst.com\/en\/catalogue\/cnc-weeke-2007\/\" \/>\n<meta property=\"og:locale\" content=\"en_US\" \/>\n<meta property=\"og:type\" content=\"article\" \/>\n<meta property=\"og:title\" content=\"CNC Weeke 2007 - Machineries BST\" \/>\n<meta property=\"og:description\" content=\"CNC table pleine de 4x10 . Changeur d&#039;outils (10) sur rack\u00a0 .Surface de travail en X 122&quot;(3,100mm). Y 51&quot;(1,300mm). Z 6.1&quot;(80mm) .Vitesse de positionnement 315pmp en X Y . 82pmp en Z. Percage 3.6hp \u00e0 vitesse variable de 1,500 \u00e0 7,500rpm avec espace de percage de 32mm. Routher de 12hp avec adapteur HSK F63 \u00e0 [&hellip;]\" \/>\n<meta property=\"og:url\" content=\"https:\/\/machineriesbst.com\/en\/catalogue\/cnc-weeke-2007\/\" \/>\n<meta property=\"og:site_name\" content=\"Machineries BST\" \/>\n<meta property=\"article:modified_time\" content=\"2023-12-01T01:22:29+00:00\" \/>\n<meta property=\"og:image\" content=\"https:\/\/machineriesbst.com\/wp-content\/uploads\/2021\/05\/IMG_2266-1.jpg\" \/>\n\t<meta property=\"og:image:width\" content=\"640\" \/>\n\t<meta property=\"og:image:height\" content=\"480\" \/>\n<meta name=\"twitter:card\" content=\"summary_large_image\" \/>\n<script type=\"application\/ld+json\" class=\"yoast-schema-graph\">{\"@context\":\"https:\/\/schema.org\",\"@graph\":[{\"@type\":\"WebSite\",\"@id\":\"https:\/\/machineriesbst.com\/en\/#website\",\"url\":\"https:\/\/machineriesbst.com\/en\/\",\"name\":\"Machineries BST\",\"description\":\"Machines neuves &amp; usag\\u00e9es\",\"potentialAction\":[{\"@type\":\"SearchAction\",\"target\":{\"@type\":\"EntryPoint\",\"urlTemplate\":\"https:\/\/machineriesbst.com\/en\/?s={search_term_string}\"},\"query-input\":\"required name=search_term_string\"}],\"inLanguage\":\"en-US\"},{\"@type\":\"ImageObject\",\"@id\":\"https:\/\/machineriesbst.com\/en\/catalogue\/cnc-weeke-2007\/#primaryimage\",\"inLanguage\":\"en-US\",\"url\":\"https:\/\/machineriesbst.com\/wp-content\/uploads\/2021\/05\/IMG_2266-1.jpg\",\"contentUrl\":\"https:\/\/machineriesbst.com\/wp-content\/uploads\/2021\/05\/IMG_2266-1.jpg\",\"width\":640,\"height\":480},{\"@type\":\"WebPage\",\"@id\":\"https:\/\/machineriesbst.com\/en\/catalogue\/cnc-weeke-2007\/#webpage\",\"url\":\"https:\/\/machineriesbst.com\/en\/catalogue\/cnc-weeke-2007\/\",\"name\":\"CNC Weeke 2007 - Machineries BST\",\"isPartOf\":{\"@id\":\"https:\/\/machineriesbst.com\/en\/#website\"},\"primaryImageOfPage\":{\"@id\":\"https:\/\/machineriesbst.com\/en\/catalogue\/cnc-weeke-2007\/#primaryimage\"},\"datePublished\":\"2021-06-08T13:59:00+00:00\",\"dateModified\":\"2023-12-01T01:22:29+00:00\",\"breadcrumb\":{\"@id\":\"https:\/\/machineriesbst.com\/en\/catalogue\/cnc-weeke-2007\/#breadcrumb\"},\"inLanguage\":\"en-US\",\"potentialAction\":[{\"@type\":\"ReadAction\",\"target\":[\"https:\/\/machineriesbst.com\/en\/catalogue\/cnc-weeke-2007\/\"]}]},{\"@type\":\"BreadcrumbList\",\"@id\":\"https:\/\/machineriesbst.com\/en\/catalogue\/cnc-weeke-2007\/#breadcrumb\",\"itemListElement\":[{\"@type\":\"ListItem\",\"position\":1,\"name\":\"Accueil\",\"item\":\"https:\/\/machineriesbst.com\/en\/\"},{\"@type\":\"ListItem\",\"position\":2,\"name\":\"Catalogue\",\"item\":\"https:\/\/machineriesbst.com\/en\/catalog\/\"},{\"@type\":\"ListItem\",\"position\":3,\"name\":\"CNC Weeke 2007\"}]}]}<\/script>\n<!-- \/ Yoast SEO plugin. -->","yoast_head_json":{"title":"CNC Weeke 2007 - Machineries BST","robots":{"index":"index","follow":"follow","max-snippet":"max-snippet:-1","max-image-preview":"max-image-preview:large","max-video-preview":"max-video-preview:-1"},"canonical":"https:\/\/machineriesbst.com\/en\/catalogue\/cnc-weeke-2007\/","og_locale":"en_US","og_type":"article","og_title":"CNC Weeke 2007 - Machineries BST","og_description":"CNC table pleine de 4x10 . Changeur d'outils (10) sur rack\u00a0 .Surface de travail en X 122\"(3,100mm). Y 51\"(1,300mm). Z 6.1\"(80mm) .Vitesse de positionnement 315pmp en X Y . 82pmp en Z. Percage 3.6hp \u00e0 vitesse variable de 1,500 \u00e0 7,500rpm avec espace de percage de 32mm. Routher de 12hp avec adapteur HSK F63 \u00e0 [&hellip;]","og_url":"https:\/\/machineriesbst.com\/en\/catalogue\/cnc-weeke-2007\/","og_site_name":"Machineries BST","article_modified_time":"2023-12-01T01:22:29+00:00","og_image":[{"width":640,"height":480,"url":"https:\/\/machineriesbst.com\/wp-content\/uploads\/2021\/05\/IMG_2266-1.jpg","path":"\/home\/jepeto\/public_html\/wp-content\/uploads\/2021\/05\/IMG_2266-1.jpg","size":"full","id":55011,"alt":"","pixels":307200,"type":"image\/jpeg"}],"twitter_card":"summary_large_image","schema":{"@context":"https:\/\/schema.org","@graph":[{"@type":"WebSite","@id":"https:\/\/machineriesbst.com\/en\/#website","url":"https:\/\/machineriesbst.com\/en\/","name":"Machineries BST","description":"Machines neuves &amp; usag\u00e9es","potentialAction":[{"@type":"SearchAction","target":{"@type":"EntryPoint","urlTemplate":"https:\/\/machineriesbst.com\/en\/?s={search_term_string}"},"query-input":"required name=search_term_string"}],"inLanguage":"en-US"},{"@type":"ImageObject","@id":"https:\/\/machineriesbst.com\/en\/catalogue\/cnc-weeke-2007\/#primaryimage","inLanguage":"en-US","url":"https:\/\/machineriesbst.com\/wp-content\/uploads\/2021\/05\/IMG_2266-1.jpg","contentUrl":"https:\/\/machineriesbst.com\/wp-content\/uploads\/2021\/05\/IMG_2266-1.jpg","width":640,"height":480},{"@type":"WebPage","@id":"https:\/\/machineriesbst.com\/en\/catalogue\/cnc-weeke-2007\/#webpage","url":"https:\/\/machineriesbst.com\/en\/catalogue\/cnc-weeke-2007\/","name":"CNC Weeke 2007 - Machineries BST","isPartOf":{"@id":"https:\/\/machineriesbst.com\/en\/#website"},"primaryImageOfPage":{"@id":"https:\/\/machineriesbst.com\/en\/catalogue\/cnc-weeke-2007\/#primaryimage"},"datePublished":"2021-06-08T13:59:00+00:00","dateModified":"2023-12-01T01:22:29+00:00","breadcrumb":{"@id":"https:\/\/machineriesbst.com\/en\/catalogue\/cnc-weeke-2007\/#breadcrumb"},"inLanguage":"en-US","potentialAction":[{"@type":"ReadAction","target":["https:\/\/machineriesbst.com\/en\/catalogue\/cnc-weeke-2007\/"]}]},{"@type":"BreadcrumbList","@id":"https:\/\/machineriesbst.com\/en\/catalogue\/cnc-weeke-2007\/#breadcrumb","itemListElement":[{"@type":"ListItem","position":1,"name":"Accueil","item":"https:\/\/machineriesbst.com\/en\/"},{"@type":"ListItem","position":2,"name":"Catalogue","item":"https:\/\/machineriesbst.com\/en\/catalog\/"},{"@type":"ListItem","position":3,"name":"CNC Weeke 2007"}]}]}},"_links":{"self":[{"href":"https:\/\/machineriesbst.com\/en\/wp-json\/wp\/v2\/product\/58684"}],"collection":[{"href":"https:\/\/machineriesbst.com\/en\/wp-json\/wp\/v2\/product"}],"about":[{"href":"https:\/\/machineriesbst.com\/en\/wp-json\/wp\/v2\/types\/product"}],"author":[{"embeddable":true,"href":"https:\/\/machineriesbst.com\/en\/wp-json\/wp\/v2\/users\/3"}],"replies":[{"embeddable":true,"href":"https:\/\/machineriesbst.com\/en\/wp-json\/wp\/v2\/comments?post=58684"}],"wp:featuredmedia":[{"embeddable":true,"href":"https:\/\/machineriesbst.com\/en\/wp-json\/wp\/v2\/media\/55011"}],"wp:attachment":[{"href":"https:\/\/machineriesbst.com\/en\/wp-json\/wp\/v2\/media?parent=58684"}],"wp:term":[{"taxonomy":"product_cat","embeddable":true,"href":"https:\/\/machineriesbst.com\/en\/wp-json\/wp\/v2\/product_cat?post=58684"},{"taxonomy":"product_tag","embeddable":true,"href":"https:\/\/machineriesbst.com\/en\/wp-json\/wp\/v2\/product_tag?post=58684"}],"curies":[{"name":"wp","href":"https:\/\/api.w.org\/{rel}","templated":true}]}}