{"id":58682,"date":"2021-06-08T09:59:00","date_gmt":"2021-06-08T13:59:00","guid":{"rendered":"https:\/\/machineriesbst.com\/?post_type=product&#038;p=58682"},"modified":"2023-11-30T20:22:29","modified_gmt":"2023-12-01T01:22:29","slug":"deligneuse-multiple-comact-4-lames-mobiles","status":"publish","type":"product","link":"https:\/\/machineriesbst.com\/en\/catalogue\/deligneuse-multiple-comact-4-lames-mobiles\/","title":{"rendered":"Multiple edger Comact 4 movable blades"},"content":{"rendered":"<ul>\n<li>Edger model: 948T 30 X 2<\/li>\n<li>Multiple saw 1 groover &amp; 4 mobile saws mounted on hydraulic servo valve<\/li>\n<li>Can take up to 30 inches wide x 2 inches thick x 36 inches long min.<\/li>\n<li>150hp engine<\/li>\n<li>Hydraulic unit (3 pumps of between 15 and 20 hp) with cooling unit<\/li>\n<\/ul>","protected":false},"excerpt":{"rendered":"<p>Edger model: 948T 30 X 2 Multiple saw 1 groover &amp; 4 mobile saws mounted on hydraulic servo valve Can take up to 30 inches wide x 2 inches thick x 36 inches long min. 150hp motor Hydraulic unit (3 pumps between 15 and 20 hp) with cooling unit<\/p>","protected":false},"author":3,"featured_media":54995,"comment_status":"open","ping_status":"closed","template":"","meta":[],"product_cat":[3076,214],"product_tag":[],"acf":[],"yoast_head":"<!-- This site is optimized with the Yoast SEO plugin v16.8 - https:\/\/yoast.com\/wordpress\/plugins\/seo\/ -->\n<title>D\u00e9ligneuse multiple Comact 4 lames mobiles - Machineries BST<\/title>\n<meta name=\"robots\" content=\"index, follow, max-snippet:-1, max-image-preview:large, max-video-preview:-1\" \/>\n<link rel=\"canonical\" href=\"https:\/\/machineriesbst.com\/en\/catalogue\/deligneuse-multiple-comact-4-lames-mobiles\/\" \/>\n<meta property=\"og:locale\" content=\"en_US\" \/>\n<meta property=\"og:type\" content=\"article\" \/>\n<meta property=\"og:title\" content=\"D\u00e9ligneuse multiple Comact 4 lames mobiles - Machineries BST\" \/>\n<meta property=\"og:description\" content=\"Model d\u00e9ligneuse\u00a0: 948T 30 X 2 Scie multiple 1 groover &amp; 4 scies mobile mont\u00e9 sur des servo valve hydraulique Peut prendre jusqu\u2019\u00e0 30 pouces de large x 2 pouces d\u2019\u00e9pais x 36 pouces de long min. Moteur de 150hp Unit\u00e9 hydraulique (3 pompe de entre 15 et 20 hp) avec unit\u00e9 de refroidissement\" \/>\n<meta property=\"og:url\" content=\"https:\/\/machineriesbst.com\/en\/catalogue\/deligneuse-multiple-comact-4-lames-mobiles\/\" \/>\n<meta property=\"og:site_name\" content=\"Machineries BST\" \/>\n<meta property=\"article:modified_time\" content=\"2023-12-01T01:22:29+00:00\" \/>\n<meta property=\"og:image\" content=\"https:\/\/machineriesbst.com\/wp-content\/uploads\/2021\/05\/co1.jpg\" \/>\n\t<meta property=\"og:image:width\" content=\"460\" \/>\n\t<meta property=\"og:image:height\" content=\"238\" \/>\n<meta name=\"twitter:card\" content=\"summary_large_image\" \/>\n<script type=\"application\/ld+json\" class=\"yoast-schema-graph\">{\"@context\":\"https:\/\/schema.org\",\"@graph\":[{\"@type\":\"WebSite\",\"@id\":\"https:\/\/machineriesbst.com\/en\/#website\",\"url\":\"https:\/\/machineriesbst.com\/en\/\",\"name\":\"Machineries BST\",\"description\":\"Machines neuves &amp; usag\\u00e9es\",\"potentialAction\":[{\"@type\":\"SearchAction\",\"target\":{\"@type\":\"EntryPoint\",\"urlTemplate\":\"https:\/\/machineriesbst.com\/en\/?s={search_term_string}\"},\"query-input\":\"required name=search_term_string\"}],\"inLanguage\":\"en-US\"},{\"@type\":\"ImageObject\",\"@id\":\"https:\/\/machineriesbst.com\/en\/catalogue\/deligneuse-multiple-comact-4-lames-mobiles\/#primaryimage\",\"inLanguage\":\"en-US\",\"url\":\"https:\/\/machineriesbst.com\/wp-content\/uploads\/2021\/05\/co1.jpg\",\"contentUrl\":\"https:\/\/machineriesbst.com\/wp-content\/uploads\/2021\/05\/co1.jpg\",\"width\":460,\"height\":238},{\"@type\":\"WebPage\",\"@id\":\"https:\/\/machineriesbst.com\/en\/catalogue\/deligneuse-multiple-comact-4-lames-mobiles\/#webpage\",\"url\":\"https:\/\/machineriesbst.com\/en\/catalogue\/deligneuse-multiple-comact-4-lames-mobiles\/\",\"name\":\"D\\u00e9ligneuse multiple Comact 4 lames mobiles - Machineries BST\",\"isPartOf\":{\"@id\":\"https:\/\/machineriesbst.com\/en\/#website\"},\"primaryImageOfPage\":{\"@id\":\"https:\/\/machineriesbst.com\/en\/catalogue\/deligneuse-multiple-comact-4-lames-mobiles\/#primaryimage\"},\"datePublished\":\"2021-06-08T13:59:00+00:00\",\"dateModified\":\"2023-12-01T01:22:29+00:00\",\"breadcrumb\":{\"@id\":\"https:\/\/machineriesbst.com\/en\/catalogue\/deligneuse-multiple-comact-4-lames-mobiles\/#breadcrumb\"},\"inLanguage\":\"en-US\",\"potentialAction\":[{\"@type\":\"ReadAction\",\"target\":[\"https:\/\/machineriesbst.com\/en\/catalogue\/deligneuse-multiple-comact-4-lames-mobiles\/\"]}]},{\"@type\":\"BreadcrumbList\",\"@id\":\"https:\/\/machineriesbst.com\/en\/catalogue\/deligneuse-multiple-comact-4-lames-mobiles\/#breadcrumb\",\"itemListElement\":[{\"@type\":\"ListItem\",\"position\":1,\"name\":\"Accueil\",\"item\":\"https:\/\/machineriesbst.com\/en\/\"},{\"@type\":\"ListItem\",\"position\":2,\"name\":\"Catalogue\",\"item\":\"https:\/\/machineriesbst.com\/en\/catalog\/\"},{\"@type\":\"ListItem\",\"position\":3,\"name\":\"D\\u00e9ligneuse multiple Comact 4 lames mobiles\"}]}]}<\/script>\n<!-- \/ Yoast SEO plugin. -->","yoast_head_json":{"title":"D\u00e9ligneuse multiple Comact 4 lames mobiles - Machineries BST","robots":{"index":"index","follow":"follow","max-snippet":"max-snippet:-1","max-image-preview":"max-image-preview:large","max-video-preview":"max-video-preview:-1"},"canonical":"https:\/\/machineriesbst.com\/en\/catalogue\/deligneuse-multiple-comact-4-lames-mobiles\/","og_locale":"en_US","og_type":"article","og_title":"D\u00e9ligneuse multiple Comact 4 lames mobiles - Machineries BST","og_description":"Model d\u00e9ligneuse\u00a0: 948T 30 X 2 Scie multiple 1 groover &amp; 4 scies mobile mont\u00e9 sur des servo valve hydraulique Peut prendre jusqu\u2019\u00e0 30 pouces de large x 2 pouces d\u2019\u00e9pais x 36 pouces de long min. Moteur de 150hp Unit\u00e9 hydraulique (3 pompe de entre 15 et 20 hp) avec unit\u00e9 de refroidissement","og_url":"https:\/\/machineriesbst.com\/en\/catalogue\/deligneuse-multiple-comact-4-lames-mobiles\/","og_site_name":"Machineries BST","article_modified_time":"2023-12-01T01:22:29+00:00","og_image":[{"width":460,"height":238,"url":"https:\/\/machineriesbst.com\/wp-content\/uploads\/2021\/05\/co1.jpg","path":"\/home\/jepeto\/public_html\/wp-content\/uploads\/2021\/05\/co1.jpg","size":"full","id":54995,"alt":"","pixels":109480,"type":"image\/jpeg"}],"twitter_card":"summary_large_image","schema":{"@context":"https:\/\/schema.org","@graph":[{"@type":"WebSite","@id":"https:\/\/machineriesbst.com\/en\/#website","url":"https:\/\/machineriesbst.com\/en\/","name":"Machineries BST","description":"Machines neuves &amp; usag\u00e9es","potentialAction":[{"@type":"SearchAction","target":{"@type":"EntryPoint","urlTemplate":"https:\/\/machineriesbst.com\/en\/?s={search_term_string}"},"query-input":"required name=search_term_string"}],"inLanguage":"en-US"},{"@type":"ImageObject","@id":"https:\/\/machineriesbst.com\/en\/catalogue\/deligneuse-multiple-comact-4-lames-mobiles\/#primaryimage","inLanguage":"en-US","url":"https:\/\/machineriesbst.com\/wp-content\/uploads\/2021\/05\/co1.jpg","contentUrl":"https:\/\/machineriesbst.com\/wp-content\/uploads\/2021\/05\/co1.jpg","width":460,"height":238},{"@type":"WebPage","@id":"https:\/\/machineriesbst.com\/en\/catalogue\/deligneuse-multiple-comact-4-lames-mobiles\/#webpage","url":"https:\/\/machineriesbst.com\/en\/catalogue\/deligneuse-multiple-comact-4-lames-mobiles\/","name":"D\u00e9ligneuse multiple Comact 4 lames mobiles - Machineries BST","isPartOf":{"@id":"https:\/\/machineriesbst.com\/en\/#website"},"primaryImageOfPage":{"@id":"https:\/\/machineriesbst.com\/en\/catalogue\/deligneuse-multiple-comact-4-lames-mobiles\/#primaryimage"},"datePublished":"2021-06-08T13:59:00+00:00","dateModified":"2023-12-01T01:22:29+00:00","breadcrumb":{"@id":"https:\/\/machineriesbst.com\/en\/catalogue\/deligneuse-multiple-comact-4-lames-mobiles\/#breadcrumb"},"inLanguage":"en-US","potentialAction":[{"@type":"ReadAction","target":["https:\/\/machineriesbst.com\/en\/catalogue\/deligneuse-multiple-comact-4-lames-mobiles\/"]}]},{"@type":"BreadcrumbList","@id":"https:\/\/machineriesbst.com\/en\/catalogue\/deligneuse-multiple-comact-4-lames-mobiles\/#breadcrumb","itemListElement":[{"@type":"ListItem","position":1,"name":"Accueil","item":"https:\/\/machineriesbst.com\/en\/"},{"@type":"ListItem","position":2,"name":"Catalogue","item":"https:\/\/machineriesbst.com\/en\/catalog\/"},{"@type":"ListItem","position":3,"name":"D\u00e9ligneuse multiple Comact 4 lames mobiles"}]}]}},"_links":{"self":[{"href":"https:\/\/machineriesbst.com\/en\/wp-json\/wp\/v2\/product\/58682"}],"collection":[{"href":"https:\/\/machineriesbst.com\/en\/wp-json\/wp\/v2\/product"}],"about":[{"href":"https:\/\/machineriesbst.com\/en\/wp-json\/wp\/v2\/types\/product"}],"author":[{"embeddable":true,"href":"https:\/\/machineriesbst.com\/en\/wp-json\/wp\/v2\/users\/3"}],"replies":[{"embeddable":true,"href":"https:\/\/machineriesbst.com\/en\/wp-json\/wp\/v2\/comments?post=58682"}],"wp:featuredmedia":[{"embeddable":true,"href":"https:\/\/machineriesbst.com\/en\/wp-json\/wp\/v2\/media\/54995"}],"wp:attachment":[{"href":"https:\/\/machineriesbst.com\/en\/wp-json\/wp\/v2\/media?parent=58682"}],"wp:term":[{"taxonomy":"product_cat","embeddable":true,"href":"https:\/\/machineriesbst.com\/en\/wp-json\/wp\/v2\/product_cat?post=58682"},{"taxonomy":"product_tag","embeddable":true,"href":"https:\/\/machineriesbst.com\/en\/wp-json\/wp\/v2\/product_tag?post=58682"}],"curies":[{"name":"wp","href":"https:\/\/api.w.org\/{rel}","templated":true}]}}