{"id":58678,"date":"2021-06-08T09:58:59","date_gmt":"2021-06-08T13:58:59","guid":{"rendered":"https:\/\/machineriesbst.com\/?post_type=product&#038;p=58678"},"modified":"2023-11-30T20:22:29","modified_gmt":"2023-12-01T01:22:29","slug":"bouveteuse-end-matcher-lineaire-holytek","status":"publish","type":"product","link":"https:\/\/machineriesbst.com\/en\/catalogue\/bouveteuse-end-matcher-lineaire-holytek\/","title":{"rendered":"Holytek Linear End Matcher Bouveteuse"},"content":{"rendered":"<p>Machine specially designed to make the male and female parts of floor components or for the assembly of pieces of wood by multiple finger joints.<\/p>\n<p>Machine maximizing your space thanks to its linear drive.<\/p>\n<p>Motorized infeed conveyor and output conveyor with rollers 2.5 meters long each.<\/p>\n<p>Closed cabinet with limit switch for immediate stopping of the machine when opened, in order to increase operator safety.<\/p>\n<p>High speed hydraulic drive with five (5) polyurethane rollers.<\/p>\n<p>Three (3) pressure cylinders on each side, pressing the parts against the side guides, ensuring precise operation every time.<\/p>\n<p>Micro-adjustments, independent for each of the heads, for vertical positioning.<\/p>\n<p>The transverse movement of the heads is hydraulic for stable, bounce-free movement.<\/p>\n<p>Quick and easy change of fit for different part widths used.<\/p>\n<p>Control panel with electronic digital speed display and emergency stop button.<\/p>\n<p>Fluorescent light inside the cabinet.<\/p>\n<table cellspacing=\"0\" cellpadding=\"3\">\n<tbody>\n<tr>\n<td>Knife head motor<\/td>\n<td>7,5CV \/ 600V \/ 60C \/ 3Ph (x2)<\/td>\n<\/tr>\n<tr>\n<td>Hydraulic pump motor<\/td>\n<td>3CV<\/td>\n<\/tr>\n<tr>\n<td>Inlet conveyor motor<\/td>\n<td>1CV<\/td>\n<\/tr>\n<tr>\n<td>Shaft diameter<\/td>\n<td>40 mm<\/td>\n<\/tr>\n<tr>\n<td>Maximum diameter of knife heads<\/td>\n<td>140 mm<\/td>\n<\/tr>\n<tr>\n<td>Minimum working length<\/td>\n<td>350 mm<\/td>\n<\/tr>\n<tr>\n<td>Variable drive speed<\/td>\n<td>0 ~ 100m \/ min<\/td>\n<\/tr>\n<tr>\n<td>Input conveyor drive speed<\/td>\n<td>0 ~ 24 m \/ min<\/td>\n<\/tr>\n<tr>\n<td>Working width<\/td>\n<td>50 ~ 250mm<\/td>\n<\/tr>\n<tr>\n<td>Working height<\/td>\n<td>16 ~ 50mm<\/td>\n<\/tr>\n<tr>\n<td>Dimensions of the machine<\/td>\n<td>6500 (W) x 1300 (D) x 1800 (H) mm<\/td>\n<\/tr>\n<tr>\n<td>Packaging dimensions<\/td>\n<td>2800 (W) x 2250 (D) x 2000 (H) mm<\/td>\n<\/tr>\n<tr>\n<td>Net weight<\/td>\n<td>1700 kg \/ 3740 lbs<\/td>\n<\/tr>\n<\/tbody>\n<\/table>","protected":false},"excerpt":{"rendered":"<p>Machine specially designed to make the male and female parts of floor components or for the assembly of pieces of wood by multiple finger joints. Machine maximizing your space thanks to its linear drive. Motorized entry conveyor and exit conveyor with rollers 2.5 meters long each. Closed cabinet with limit switch for a [\u2026]<\/p>","protected":false},"author":3,"featured_media":54975,"comment_status":"open","ping_status":"closed","template":"","meta":[],"product_cat":[303],"product_tag":[],"acf":[],"yoast_head":"<!-- This site is optimized with the Yoast SEO plugin v16.8 - https:\/\/yoast.com\/wordpress\/plugins\/seo\/ -->\n<title>Bouveteuse End Matcher Lin\u00e9aire Holytek - Machineries BST<\/title>\n<meta name=\"robots\" content=\"index, follow, max-snippet:-1, max-image-preview:large, max-video-preview:-1\" \/>\n<link rel=\"canonical\" href=\"https:\/\/machineriesbst.com\/en\/catalogue\/bouveteuse-end-matcher-lineaire-holytek\/\" \/>\n<meta property=\"og:locale\" content=\"en_US\" \/>\n<meta property=\"og:type\" content=\"article\" \/>\n<meta property=\"og:title\" content=\"Bouveteuse End Matcher Lin\u00e9aire Holytek - Machineries BST\" \/>\n<meta property=\"og:description\" content=\"Machine sp\u00e9cialement con\u00e7ue pour faire les parties m\u00e2le et femelle de composantes de plancher\u00a0ou pour\u00a0l\u2019assemblage de pi\u00e8ces de bois par entures multiples. Machine maximisant votre espace gr\u00e2ce \u00e0 son entra\u00eenement lin\u00e9aire. Convoyeur d\u2019entr\u00e9e motoris\u00e9 et convoyeur de sortie \u00e0 rouleaux de 2,5 m\u00e8tres de long chacun. Cabinet ferm\u00e9 avec interrupteur de fin de course\u00a0pour un [&hellip;]\" \/>\n<meta property=\"og:url\" content=\"https:\/\/machineriesbst.com\/en\/catalogue\/bouveteuse-end-matcher-lineaire-holytek\/\" \/>\n<meta property=\"og:site_name\" content=\"Machineries BST\" \/>\n<meta property=\"article:modified_time\" content=\"2023-12-01T01:22:29+00:00\" \/>\n<meta property=\"og:image\" content=\"https:\/\/machineriesbst.com\/wp-content\/uploads\/2021\/05\/IMG_5973.jpeg\" \/>\n\t<meta property=\"og:image:width\" content=\"2016\" \/>\n\t<meta property=\"og:image:height\" content=\"1512\" \/>\n<meta name=\"twitter:card\" content=\"summary_large_image\" \/>\n<meta name=\"twitter:label1\" content=\"Est. reading time\" \/>\n\t<meta name=\"twitter:data1\" content=\"1 minute\" \/>\n<script type=\"application\/ld+json\" class=\"yoast-schema-graph\">{\"@context\":\"https:\/\/schema.org\",\"@graph\":[{\"@type\":\"WebSite\",\"@id\":\"https:\/\/machineriesbst.com\/en\/#website\",\"url\":\"https:\/\/machineriesbst.com\/en\/\",\"name\":\"Machineries BST\",\"description\":\"Machines neuves &amp; usag\\u00e9es\",\"potentialAction\":[{\"@type\":\"SearchAction\",\"target\":{\"@type\":\"EntryPoint\",\"urlTemplate\":\"https:\/\/machineriesbst.com\/en\/?s={search_term_string}\"},\"query-input\":\"required name=search_term_string\"}],\"inLanguage\":\"en-US\"},{\"@type\":\"ImageObject\",\"@id\":\"https:\/\/machineriesbst.com\/en\/catalogue\/bouveteuse-end-matcher-lineaire-holytek\/#primaryimage\",\"inLanguage\":\"en-US\",\"url\":\"https:\/\/machineriesbst.com\/wp-content\/uploads\/2021\/05\/IMG_5973.jpeg\",\"contentUrl\":\"https:\/\/machineriesbst.com\/wp-content\/uploads\/2021\/05\/IMG_5973.jpeg\",\"width\":2016,\"height\":1512},{\"@type\":\"WebPage\",\"@id\":\"https:\/\/machineriesbst.com\/en\/catalogue\/bouveteuse-end-matcher-lineaire-holytek\/#webpage\",\"url\":\"https:\/\/machineriesbst.com\/en\/catalogue\/bouveteuse-end-matcher-lineaire-holytek\/\",\"name\":\"Bouveteuse End Matcher Lin\\u00e9aire Holytek - Machineries BST\",\"isPartOf\":{\"@id\":\"https:\/\/machineriesbst.com\/en\/#website\"},\"primaryImageOfPage\":{\"@id\":\"https:\/\/machineriesbst.com\/en\/catalogue\/bouveteuse-end-matcher-lineaire-holytek\/#primaryimage\"},\"datePublished\":\"2021-06-08T13:58:59+00:00\",\"dateModified\":\"2023-12-01T01:22:29+00:00\",\"breadcrumb\":{\"@id\":\"https:\/\/machineriesbst.com\/en\/catalogue\/bouveteuse-end-matcher-lineaire-holytek\/#breadcrumb\"},\"inLanguage\":\"en-US\",\"potentialAction\":[{\"@type\":\"ReadAction\",\"target\":[\"https:\/\/machineriesbst.com\/en\/catalogue\/bouveteuse-end-matcher-lineaire-holytek\/\"]}]},{\"@type\":\"BreadcrumbList\",\"@id\":\"https:\/\/machineriesbst.com\/en\/catalogue\/bouveteuse-end-matcher-lineaire-holytek\/#breadcrumb\",\"itemListElement\":[{\"@type\":\"ListItem\",\"position\":1,\"name\":\"Accueil\",\"item\":\"https:\/\/machineriesbst.com\/en\/\"},{\"@type\":\"ListItem\",\"position\":2,\"name\":\"Catalogue\",\"item\":\"https:\/\/machineriesbst.com\/en\/catalog\/\"},{\"@type\":\"ListItem\",\"position\":3,\"name\":\"Bouveteuse End Matcher Lin\\u00e9aire Holytek\"}]}]}<\/script>\n<!-- \/ Yoast SEO plugin. -->","yoast_head_json":{"title":"Bouveteuse End Matcher Lin\u00e9aire Holytek - Machineries BST","robots":{"index":"index","follow":"follow","max-snippet":"max-snippet:-1","max-image-preview":"max-image-preview:large","max-video-preview":"max-video-preview:-1"},"canonical":"https:\/\/machineriesbst.com\/en\/catalogue\/bouveteuse-end-matcher-lineaire-holytek\/","og_locale":"en_US","og_type":"article","og_title":"Bouveteuse End Matcher Lin\u00e9aire Holytek - Machineries BST","og_description":"Machine sp\u00e9cialement con\u00e7ue pour faire les parties m\u00e2le et femelle de composantes de plancher\u00a0ou pour\u00a0l\u2019assemblage de pi\u00e8ces de bois par entures multiples. Machine maximisant votre espace gr\u00e2ce \u00e0 son entra\u00eenement lin\u00e9aire. Convoyeur d\u2019entr\u00e9e motoris\u00e9 et convoyeur de sortie \u00e0 rouleaux de 2,5 m\u00e8tres de long chacun. Cabinet ferm\u00e9 avec interrupteur de fin de course\u00a0pour un [&hellip;]","og_url":"https:\/\/machineriesbst.com\/en\/catalogue\/bouveteuse-end-matcher-lineaire-holytek\/","og_site_name":"Machineries BST","article_modified_time":"2023-12-01T01:22:29+00:00","og_image":[{"width":2016,"height":1512,"url":"https:\/\/machineriesbst.com\/wp-content\/uploads\/2021\/05\/IMG_5973.jpeg","path":"\/home\/jepeto\/public_html\/wp-content\/uploads\/2021\/05\/IMG_5973.jpeg","size":"full","id":54975,"alt":"","pixels":3048192,"type":"image\/jpeg"}],"twitter_card":"summary_large_image","twitter_misc":{"Est. reading time":"1 minute"},"schema":{"@context":"https:\/\/schema.org","@graph":[{"@type":"WebSite","@id":"https:\/\/machineriesbst.com\/en\/#website","url":"https:\/\/machineriesbst.com\/en\/","name":"Machineries BST","description":"Machines neuves &amp; usag\u00e9es","potentialAction":[{"@type":"SearchAction","target":{"@type":"EntryPoint","urlTemplate":"https:\/\/machineriesbst.com\/en\/?s={search_term_string}"},"query-input":"required name=search_term_string"}],"inLanguage":"en-US"},{"@type":"ImageObject","@id":"https:\/\/machineriesbst.com\/en\/catalogue\/bouveteuse-end-matcher-lineaire-holytek\/#primaryimage","inLanguage":"en-US","url":"https:\/\/machineriesbst.com\/wp-content\/uploads\/2021\/05\/IMG_5973.jpeg","contentUrl":"https:\/\/machineriesbst.com\/wp-content\/uploads\/2021\/05\/IMG_5973.jpeg","width":2016,"height":1512},{"@type":"WebPage","@id":"https:\/\/machineriesbst.com\/en\/catalogue\/bouveteuse-end-matcher-lineaire-holytek\/#webpage","url":"https:\/\/machineriesbst.com\/en\/catalogue\/bouveteuse-end-matcher-lineaire-holytek\/","name":"Bouveteuse End Matcher Lin\u00e9aire Holytek - Machineries BST","isPartOf":{"@id":"https:\/\/machineriesbst.com\/en\/#website"},"primaryImageOfPage":{"@id":"https:\/\/machineriesbst.com\/en\/catalogue\/bouveteuse-end-matcher-lineaire-holytek\/#primaryimage"},"datePublished":"2021-06-08T13:58:59+00:00","dateModified":"2023-12-01T01:22:29+00:00","breadcrumb":{"@id":"https:\/\/machineriesbst.com\/en\/catalogue\/bouveteuse-end-matcher-lineaire-holytek\/#breadcrumb"},"inLanguage":"en-US","potentialAction":[{"@type":"ReadAction","target":["https:\/\/machineriesbst.com\/en\/catalogue\/bouveteuse-end-matcher-lineaire-holytek\/"]}]},{"@type":"BreadcrumbList","@id":"https:\/\/machineriesbst.com\/en\/catalogue\/bouveteuse-end-matcher-lineaire-holytek\/#breadcrumb","itemListElement":[{"@type":"ListItem","position":1,"name":"Accueil","item":"https:\/\/machineriesbst.com\/en\/"},{"@type":"ListItem","position":2,"name":"Catalogue","item":"https:\/\/machineriesbst.com\/en\/catalog\/"},{"@type":"ListItem","position":3,"name":"Bouveteuse End Matcher Lin\u00e9aire Holytek"}]}]}},"_links":{"self":[{"href":"https:\/\/machineriesbst.com\/en\/wp-json\/wp\/v2\/product\/58678"}],"collection":[{"href":"https:\/\/machineriesbst.com\/en\/wp-json\/wp\/v2\/product"}],"about":[{"href":"https:\/\/machineriesbst.com\/en\/wp-json\/wp\/v2\/types\/product"}],"author":[{"embeddable":true,"href":"https:\/\/machineriesbst.com\/en\/wp-json\/wp\/v2\/users\/3"}],"replies":[{"embeddable":true,"href":"https:\/\/machineriesbst.com\/en\/wp-json\/wp\/v2\/comments?post=58678"}],"wp:featuredmedia":[{"embeddable":true,"href":"https:\/\/machineriesbst.com\/en\/wp-json\/wp\/v2\/media\/54975"}],"wp:attachment":[{"href":"https:\/\/machineriesbst.com\/en\/wp-json\/wp\/v2\/media?parent=58678"}],"wp:term":[{"taxonomy":"product_cat","embeddable":true,"href":"https:\/\/machineriesbst.com\/en\/wp-json\/wp\/v2\/product_cat?post=58678"},{"taxonomy":"product_tag","embeddable":true,"href":"https:\/\/machineriesbst.com\/en\/wp-json\/wp\/v2\/product_tag?post=58678"}],"curies":[{"name":"wp","href":"https:\/\/api.w.org\/{rel}","templated":true}]}}