{"id":58675,"date":"2021-06-08T09:58:58","date_gmt":"2021-06-08T13:58:58","guid":{"rendered":"https:\/\/machineriesbst.com\/?post_type=product&#038;p=58675"},"modified":"2023-11-30T20:22:29","modified_gmt":"2023-12-01T01:22:29","slug":"jointeuse-western-machinery-group-model-fjnovs16","status":"publish","type":"product","link":"https:\/\/machineriesbst.com\/en\/catalogue\/jointeuse-western-machinery-group-model-fjnovs16\/","title":{"rendered":"Western Machinery Group Model FJNOVS16 Jointing Machine"},"content":{"rendered":"<p>Panel thickness: 5\/8 &quot;(16 mm) to 2&quot; (50 mm)<br \/>\nPanel width: 1-1 \/ 2 &quot;(38 mm) to 6&quot; (200 mm)<br \/>\nBoard lengths: 4 &quot;(101 mm) to 28&quot; (711 mm)<br \/>\nThickness and width difference tolerance: + or - 1\/16 &quot;<br \/>\nProfiling section includes right and left grooves, cutting saws and profiling heads<br \/>\nScoring Motors: 3 HP, 460v, 3ph (R&amp;L)<br \/>\nChainsaw Motors: 5 HP, 460v, 3ph (R&amp;L)<br \/>\nProfiling head motors: 20 HP, 460v, 3ph, 3500 rpm direct drive (R&amp;L)<br \/>\nProfiling pins: 1-13 \/ 16 &quot;x 4-1 \/ 2&quot;<br \/>\nFeed chain with ears spaced 12 &quot;in the center<br \/>\nVariable speed advance up to 80 fpm<br \/>\nAssembly machine motor: 3 HP<br \/>\n16ft long card assembly press with 5 hp hydraulic pump motor<br \/>\nIntegrated cut-off saw with ~ 7-1 \/ 2 HP motor<br \/>\nTouch screen control<br \/>\nApquip glue application system<br \/>\nComes with several spare heads and knives<br \/>\n460v, 3ph<br \/>\nOwner&#39;s manual included<br \/>\nSerial number: FJ-19626<\/p>","protected":false},"excerpt":{"rendered":"<p>Panel thickness: 5\/8 &quot;(16 mm) to 2&quot; (50 mm) Panel width: 1-1 \/ 2 &quot;(38 mm) to 6&quot; (200 mm) Board lengths: 4 &quot;(101 mm) ) to 28 &quot;(711 mm) Tolerance of difference in thickness and width: + or - 1\/16&quot; The profiling section includes the right and left grooves, [\u2026]<\/p>","protected":false},"author":3,"featured_media":54935,"comment_status":"open","ping_status":"closed","template":"","meta":[],"product_cat":[303,278],"product_tag":[],"acf":[],"yoast_head":"<!-- This site is optimized with the Yoast SEO plugin v16.8 - https:\/\/yoast.com\/wordpress\/plugins\/seo\/ -->\n<title>Jointeuse Western Machinery Group Model FJNOVS16 - Machineries BST<\/title>\n<meta name=\"robots\" content=\"index, follow, max-snippet:-1, max-image-preview:large, max-video-preview:-1\" \/>\n<link rel=\"canonical\" href=\"https:\/\/machineriesbst.com\/en\/catalogue\/jointeuse-western-machinery-group-model-fjnovs16\/\" \/>\n<meta property=\"og:locale\" content=\"en_US\" \/>\n<meta property=\"og:type\" content=\"article\" \/>\n<meta property=\"og:title\" content=\"Jointeuse Western Machinery Group Model FJNOVS16 - Machineries BST\" \/>\n<meta property=\"og:description\" content=\"\u00c9paisseur du panneau: 5\/8 &quot;(16 mm) \u00e0 2&quot; (50 mm) Largeur du panneau: 1-1 \/ 2 &quot;(38 mm) \u00e0 6&quot; (200 mm) Longueurs de la carte: 4 &quot;(101 mm) \u00e0 28&quot; (711 mm) Tol\u00e9rance de diff\u00e9rence d&#039;\u00e9paisseur et de largeur: + ou - 1\/16 &quot; La section de profilage comprend les rainures droite et gauche, [&hellip;]\" \/>\n<meta property=\"og:url\" content=\"https:\/\/machineriesbst.com\/en\/catalogue\/jointeuse-western-machinery-group-model-fjnovs16\/\" \/>\n<meta property=\"og:site_name\" content=\"Machineries BST\" \/>\n<meta property=\"article:modified_time\" content=\"2023-12-01T01:22:29+00:00\" \/>\n<meta property=\"og:image\" content=\"https:\/\/machineriesbst.com\/wp-content\/uploads\/2021\/05\/1-2-3.jpg\" \/>\n\t<meta property=\"og:image:width\" content=\"800\" \/>\n\t<meta property=\"og:image:height\" content=\"533\" \/>\n<meta name=\"twitter:card\" content=\"summary_large_image\" \/>\n<meta name=\"twitter:label1\" content=\"Est. reading time\" \/>\n\t<meta name=\"twitter:data1\" content=\"1 minute\" \/>\n<script type=\"application\/ld+json\" class=\"yoast-schema-graph\">{\"@context\":\"https:\/\/schema.org\",\"@graph\":[{\"@type\":\"WebSite\",\"@id\":\"https:\/\/machineriesbst.com\/en\/#website\",\"url\":\"https:\/\/machineriesbst.com\/en\/\",\"name\":\"Machineries BST\",\"description\":\"Machines neuves &amp; usag\\u00e9es\",\"potentialAction\":[{\"@type\":\"SearchAction\",\"target\":{\"@type\":\"EntryPoint\",\"urlTemplate\":\"https:\/\/machineriesbst.com\/en\/?s={search_term_string}\"},\"query-input\":\"required name=search_term_string\"}],\"inLanguage\":\"en-US\"},{\"@type\":\"ImageObject\",\"@id\":\"https:\/\/machineriesbst.com\/en\/catalogue\/jointeuse-western-machinery-group-model-fjnovs16\/#primaryimage\",\"inLanguage\":\"en-US\",\"url\":\"https:\/\/machineriesbst.com\/wp-content\/uploads\/2021\/05\/1-2-3.jpg\",\"contentUrl\":\"https:\/\/machineriesbst.com\/wp-content\/uploads\/2021\/05\/1-2-3.jpg\",\"width\":800,\"height\":533},{\"@type\":\"WebPage\",\"@id\":\"https:\/\/machineriesbst.com\/en\/catalogue\/jointeuse-western-machinery-group-model-fjnovs16\/#webpage\",\"url\":\"https:\/\/machineriesbst.com\/en\/catalogue\/jointeuse-western-machinery-group-model-fjnovs16\/\",\"name\":\"Jointeuse Western Machinery Group Model FJNOVS16 - Machineries BST\",\"isPartOf\":{\"@id\":\"https:\/\/machineriesbst.com\/en\/#website\"},\"primaryImageOfPage\":{\"@id\":\"https:\/\/machineriesbst.com\/en\/catalogue\/jointeuse-western-machinery-group-model-fjnovs16\/#primaryimage\"},\"datePublished\":\"2021-06-08T13:58:58+00:00\",\"dateModified\":\"2023-12-01T01:22:29+00:00\",\"breadcrumb\":{\"@id\":\"https:\/\/machineriesbst.com\/en\/catalogue\/jointeuse-western-machinery-group-model-fjnovs16\/#breadcrumb\"},\"inLanguage\":\"en-US\",\"potentialAction\":[{\"@type\":\"ReadAction\",\"target\":[\"https:\/\/machineriesbst.com\/en\/catalogue\/jointeuse-western-machinery-group-model-fjnovs16\/\"]}]},{\"@type\":\"BreadcrumbList\",\"@id\":\"https:\/\/machineriesbst.com\/en\/catalogue\/jointeuse-western-machinery-group-model-fjnovs16\/#breadcrumb\",\"itemListElement\":[{\"@type\":\"ListItem\",\"position\":1,\"name\":\"Accueil\",\"item\":\"https:\/\/machineriesbst.com\/en\/\"},{\"@type\":\"ListItem\",\"position\":2,\"name\":\"Catalogue\",\"item\":\"https:\/\/machineriesbst.com\/en\/catalog\/\"},{\"@type\":\"ListItem\",\"position\":3,\"name\":\"Jointeuse Western Machinery Group Model FJNOVS16\"}]}]}<\/script>\n<!-- \/ Yoast SEO plugin. -->","yoast_head_json":{"title":"Jointeuse Western Machinery Group Model FJNOVS16 - Machineries BST","robots":{"index":"index","follow":"follow","max-snippet":"max-snippet:-1","max-image-preview":"max-image-preview:large","max-video-preview":"max-video-preview:-1"},"canonical":"https:\/\/machineriesbst.com\/en\/catalogue\/jointeuse-western-machinery-group-model-fjnovs16\/","og_locale":"en_US","og_type":"article","og_title":"Jointeuse Western Machinery Group Model FJNOVS16 - Machineries BST","og_description":"\u00c9paisseur du panneau: 5\/8 \"(16 mm) \u00e0 2\" (50 mm) Largeur du panneau: 1-1 \/ 2 \"(38 mm) \u00e0 6\" (200 mm) Longueurs de la carte: 4 \"(101 mm) \u00e0 28\" (711 mm) Tol\u00e9rance de diff\u00e9rence d'\u00e9paisseur et de largeur: + ou - 1\/16 \" La section de profilage comprend les rainures droite et gauche, [&hellip;]","og_url":"https:\/\/machineriesbst.com\/en\/catalogue\/jointeuse-western-machinery-group-model-fjnovs16\/","og_site_name":"Machineries BST","article_modified_time":"2023-12-01T01:22:29+00:00","og_image":[{"width":800,"height":533,"url":"https:\/\/machineriesbst.com\/wp-content\/uploads\/2021\/05\/1-2-3.jpg","path":"\/home\/jepeto\/public_html\/wp-content\/uploads\/2021\/05\/1-2-3.jpg","size":"full","id":54935,"alt":"","pixels":426400,"type":"image\/jpeg"}],"twitter_card":"summary_large_image","twitter_misc":{"Est. reading time":"1 minute"},"schema":{"@context":"https:\/\/schema.org","@graph":[{"@type":"WebSite","@id":"https:\/\/machineriesbst.com\/en\/#website","url":"https:\/\/machineriesbst.com\/en\/","name":"Machineries BST","description":"Machines neuves &amp; usag\u00e9es","potentialAction":[{"@type":"SearchAction","target":{"@type":"EntryPoint","urlTemplate":"https:\/\/machineriesbst.com\/en\/?s={search_term_string}"},"query-input":"required name=search_term_string"}],"inLanguage":"en-US"},{"@type":"ImageObject","@id":"https:\/\/machineriesbst.com\/en\/catalogue\/jointeuse-western-machinery-group-model-fjnovs16\/#primaryimage","inLanguage":"en-US","url":"https:\/\/machineriesbst.com\/wp-content\/uploads\/2021\/05\/1-2-3.jpg","contentUrl":"https:\/\/machineriesbst.com\/wp-content\/uploads\/2021\/05\/1-2-3.jpg","width":800,"height":533},{"@type":"WebPage","@id":"https:\/\/machineriesbst.com\/en\/catalogue\/jointeuse-western-machinery-group-model-fjnovs16\/#webpage","url":"https:\/\/machineriesbst.com\/en\/catalogue\/jointeuse-western-machinery-group-model-fjnovs16\/","name":"Jointeuse Western Machinery Group Model FJNOVS16 - Machineries BST","isPartOf":{"@id":"https:\/\/machineriesbst.com\/en\/#website"},"primaryImageOfPage":{"@id":"https:\/\/machineriesbst.com\/en\/catalogue\/jointeuse-western-machinery-group-model-fjnovs16\/#primaryimage"},"datePublished":"2021-06-08T13:58:58+00:00","dateModified":"2023-12-01T01:22:29+00:00","breadcrumb":{"@id":"https:\/\/machineriesbst.com\/en\/catalogue\/jointeuse-western-machinery-group-model-fjnovs16\/#breadcrumb"},"inLanguage":"en-US","potentialAction":[{"@type":"ReadAction","target":["https:\/\/machineriesbst.com\/en\/catalogue\/jointeuse-western-machinery-group-model-fjnovs16\/"]}]},{"@type":"BreadcrumbList","@id":"https:\/\/machineriesbst.com\/en\/catalogue\/jointeuse-western-machinery-group-model-fjnovs16\/#breadcrumb","itemListElement":[{"@type":"ListItem","position":1,"name":"Accueil","item":"https:\/\/machineriesbst.com\/en\/"},{"@type":"ListItem","position":2,"name":"Catalogue","item":"https:\/\/machineriesbst.com\/en\/catalog\/"},{"@type":"ListItem","position":3,"name":"Jointeuse Western Machinery Group Model FJNOVS16"}]}]}},"_links":{"self":[{"href":"https:\/\/machineriesbst.com\/en\/wp-json\/wp\/v2\/product\/58675"}],"collection":[{"href":"https:\/\/machineriesbst.com\/en\/wp-json\/wp\/v2\/product"}],"about":[{"href":"https:\/\/machineriesbst.com\/en\/wp-json\/wp\/v2\/types\/product"}],"author":[{"embeddable":true,"href":"https:\/\/machineriesbst.com\/en\/wp-json\/wp\/v2\/users\/3"}],"replies":[{"embeddable":true,"href":"https:\/\/machineriesbst.com\/en\/wp-json\/wp\/v2\/comments?post=58675"}],"wp:featuredmedia":[{"embeddable":true,"href":"https:\/\/machineriesbst.com\/en\/wp-json\/wp\/v2\/media\/54935"}],"wp:attachment":[{"href":"https:\/\/machineriesbst.com\/en\/wp-json\/wp\/v2\/media?parent=58675"}],"wp:term":[{"taxonomy":"product_cat","embeddable":true,"href":"https:\/\/machineriesbst.com\/en\/wp-json\/wp\/v2\/product_cat?post=58675"},{"taxonomy":"product_tag","embeddable":true,"href":"https:\/\/machineriesbst.com\/en\/wp-json\/wp\/v2\/product_tag?post=58675"}],"curies":[{"name":"wp","href":"https:\/\/api.w.org\/{rel}","templated":true}]}}