{"id":58674,"date":"2021-06-08T09:58:58","date_gmt":"2021-06-08T13:58:58","guid":{"rendered":"https:\/\/machineriesbst.com\/?post_type=product&#038;p=58674"},"modified":"2023-11-30T20:22:29","modified_gmt":"2023-12-01T01:22:29","slug":"colleuse-haute-frequence-rfs-60x150","status":"publish","type":"product","link":"https:\/\/machineriesbst.com\/en\/catalogue\/colleuse-haute-frequence-rfs-60x150\/","title":{"rendered":"RFS 60x150 High Frequency Splicer"},"content":{"rendered":"<p>Drying area: 60 &quot;x 150&quot;<br \/>\nThickness capacity: 6 &quot;<br \/>\nGenerator size: 50 KW<br \/>\nTotal of (30) 2 &quot;bore x 4&quot; stroke hydraulic cylinders (each row is stacked on top of the other) for side pressure<br \/>\nUpper pressure cover by (7) 2 &quot;bore x 18&quot; stroke hydraulic cylinders<br \/>\nPower supply table with 60 &quot;x 168&quot; storage area<br \/>\n60 &quot;x 150&quot; Dead Roll Outfeed Conveyor<br \/>\n15 HP hydraulic unit<br \/>\nAutomatic curing function that uses API in the press to determine when the glue lines are fully cured<br \/>\nElectric heaters in the upper and lower shelves to aid in cleaning<br \/>\nIncludes 20 &quot;wide transported glue spreader mounted on the infeed table<br \/>\n144 &quot;long infeed conveyor with mild steel flights on 3&quot; centers<br \/>\n180 &quot;long exit conveyor with stainless steel flights on 3&quot; centers<br \/>\n1HP engine<br \/>\nElectrical requirements: 120 amps at 480 volts three phase<br \/>\nThis item is part of a factory liquidation in Petoskey, MI. The buyer is responsible for the set-up and shipping cost (please contact us for details).<\/p>","protected":false},"excerpt":{"rendered":"<p>Drying area: 60 &quot;x 150&quot; Thickness capacity: 6 &quot;Generator size: 50 KW Total of (30) 2&quot; bore x 4 &quot;stroke hydraulic cylinders (each row is stacked on top of the other) for pressure lateral Upper pressure cover by (7) 2 &quot;bore x 18&quot; stroke hydraulic cylinders Power supply table with [\u2026]<\/p>","protected":false},"author":3,"featured_media":54918,"comment_status":"open","ping_status":"closed","template":"","meta":[],"product_cat":[579,3098,381],"product_tag":[],"acf":[],"yoast_head":"<!-- This site is optimized with the Yoast SEO plugin v16.8 - https:\/\/yoast.com\/wordpress\/plugins\/seo\/ -->\n<title>Colleuse Haute Fr\u00e9quence RFS 60x150 - Machineries BST<\/title>\n<meta name=\"robots\" content=\"index, follow, max-snippet:-1, max-image-preview:large, max-video-preview:-1\" \/>\n<link rel=\"canonical\" href=\"https:\/\/machineriesbst.com\/en\/catalogue\/colleuse-haute-frequence-rfs-60x150\/\" \/>\n<meta property=\"og:locale\" content=\"en_US\" \/>\n<meta property=\"og:type\" content=\"article\" \/>\n<meta property=\"og:title\" content=\"Colleuse Haute Fr\u00e9quence RFS 60x150 - Machineries BST\" \/>\n<meta property=\"og:description\" content=\"Zone de s\u00e9chage: 60 &quot;x 150&quot; Capacit\u00e9 d&#039;\u00e9paisseur: 6 &quot; Taille du g\u00e9n\u00e9rateur: 50 KW Total de (30) cylindres hydrauliques de 2 &quot;al\u00e9sage x 4&quot; course (chaque rang\u00e9e est empil\u00e9e sur l&#039;autre) pour la pression lat\u00e9rale Couvercle de pression sup\u00e9rieur par (7) cylindres hydrauliques de 2 &quot;al\u00e9sage x 18&quot; de course Table d&#039;alimentation \u00e9lectrique avec [&hellip;]\" \/>\n<meta property=\"og:url\" content=\"https:\/\/machineriesbst.com\/en\/catalogue\/colleuse-haute-frequence-rfs-60x150\/\" \/>\n<meta property=\"og:site_name\" content=\"Machineries BST\" \/>\n<meta property=\"article:modified_time\" content=\"2023-12-01T01:22:29+00:00\" \/>\n<meta property=\"og:image\" content=\"https:\/\/machineriesbst.com\/wp-content\/uploads\/2021\/05\/1-1-5.jpg\" \/>\n\t<meta property=\"og:image:width\" content=\"800\" \/>\n\t<meta property=\"og:image:height\" content=\"533\" \/>\n<meta name=\"twitter:card\" content=\"summary_large_image\" \/>\n<meta name=\"twitter:label1\" content=\"Est. reading time\" \/>\n\t<meta name=\"twitter:data1\" content=\"1 minute\" \/>\n<script type=\"application\/ld+json\" class=\"yoast-schema-graph\">{\"@context\":\"https:\/\/schema.org\",\"@graph\":[{\"@type\":\"WebSite\",\"@id\":\"https:\/\/machineriesbst.com\/en\/#website\",\"url\":\"https:\/\/machineriesbst.com\/en\/\",\"name\":\"Machineries BST\",\"description\":\"Machines neuves &amp; usag\\u00e9es\",\"potentialAction\":[{\"@type\":\"SearchAction\",\"target\":{\"@type\":\"EntryPoint\",\"urlTemplate\":\"https:\/\/machineriesbst.com\/en\/?s={search_term_string}\"},\"query-input\":\"required name=search_term_string\"}],\"inLanguage\":\"en-US\"},{\"@type\":\"ImageObject\",\"@id\":\"https:\/\/machineriesbst.com\/en\/catalogue\/colleuse-haute-frequence-rfs-60x150\/#primaryimage\",\"inLanguage\":\"en-US\",\"url\":\"https:\/\/machineriesbst.com\/wp-content\/uploads\/2021\/05\/1-1-5.jpg\",\"contentUrl\":\"https:\/\/machineriesbst.com\/wp-content\/uploads\/2021\/05\/1-1-5.jpg\",\"width\":800,\"height\":533},{\"@type\":\"WebPage\",\"@id\":\"https:\/\/machineriesbst.com\/en\/catalogue\/colleuse-haute-frequence-rfs-60x150\/#webpage\",\"url\":\"https:\/\/machineriesbst.com\/en\/catalogue\/colleuse-haute-frequence-rfs-60x150\/\",\"name\":\"Colleuse Haute Fr\\u00e9quence RFS 60x150 - Machineries BST\",\"isPartOf\":{\"@id\":\"https:\/\/machineriesbst.com\/en\/#website\"},\"primaryImageOfPage\":{\"@id\":\"https:\/\/machineriesbst.com\/en\/catalogue\/colleuse-haute-frequence-rfs-60x150\/#primaryimage\"},\"datePublished\":\"2021-06-08T13:58:58+00:00\",\"dateModified\":\"2023-12-01T01:22:29+00:00\",\"breadcrumb\":{\"@id\":\"https:\/\/machineriesbst.com\/en\/catalogue\/colleuse-haute-frequence-rfs-60x150\/#breadcrumb\"},\"inLanguage\":\"en-US\",\"potentialAction\":[{\"@type\":\"ReadAction\",\"target\":[\"https:\/\/machineriesbst.com\/en\/catalogue\/colleuse-haute-frequence-rfs-60x150\/\"]}]},{\"@type\":\"BreadcrumbList\",\"@id\":\"https:\/\/machineriesbst.com\/en\/catalogue\/colleuse-haute-frequence-rfs-60x150\/#breadcrumb\",\"itemListElement\":[{\"@type\":\"ListItem\",\"position\":1,\"name\":\"Accueil\",\"item\":\"https:\/\/machineriesbst.com\/en\/\"},{\"@type\":\"ListItem\",\"position\":2,\"name\":\"Catalogue\",\"item\":\"https:\/\/machineriesbst.com\/en\/catalog\/\"},{\"@type\":\"ListItem\",\"position\":3,\"name\":\"Colleuse Haute Fr\\u00e9quence RFS 60x150\"}]}]}<\/script>\n<!-- \/ Yoast SEO plugin. -->","yoast_head_json":{"title":"Colleuse Haute Fr\u00e9quence RFS 60x150 - Machineries BST","robots":{"index":"index","follow":"follow","max-snippet":"max-snippet:-1","max-image-preview":"max-image-preview:large","max-video-preview":"max-video-preview:-1"},"canonical":"https:\/\/machineriesbst.com\/en\/catalogue\/colleuse-haute-frequence-rfs-60x150\/","og_locale":"en_US","og_type":"article","og_title":"Colleuse Haute Fr\u00e9quence RFS 60x150 - Machineries BST","og_description":"Zone de s\u00e9chage: 60 \"x 150\" Capacit\u00e9 d'\u00e9paisseur: 6 \" Taille du g\u00e9n\u00e9rateur: 50 KW Total de (30) cylindres hydrauliques de 2 \"al\u00e9sage x 4\" course (chaque rang\u00e9e est empil\u00e9e sur l'autre) pour la pression lat\u00e9rale Couvercle de pression sup\u00e9rieur par (7) cylindres hydrauliques de 2 \"al\u00e9sage x 18\" de course Table d'alimentation \u00e9lectrique avec [&hellip;]","og_url":"https:\/\/machineriesbst.com\/en\/catalogue\/colleuse-haute-frequence-rfs-60x150\/","og_site_name":"Machineries BST","article_modified_time":"2023-12-01T01:22:29+00:00","og_image":[{"width":800,"height":533,"url":"https:\/\/machineriesbst.com\/wp-content\/uploads\/2021\/05\/1-1-5.jpg","path":"\/home\/jepeto\/public_html\/wp-content\/uploads\/2021\/05\/1-1-5.jpg","size":"full","id":54918,"alt":"","pixels":426400,"type":"image\/jpeg"}],"twitter_card":"summary_large_image","twitter_misc":{"Est. reading time":"1 minute"},"schema":{"@context":"https:\/\/schema.org","@graph":[{"@type":"WebSite","@id":"https:\/\/machineriesbst.com\/en\/#website","url":"https:\/\/machineriesbst.com\/en\/","name":"Machineries BST","description":"Machines neuves &amp; usag\u00e9es","potentialAction":[{"@type":"SearchAction","target":{"@type":"EntryPoint","urlTemplate":"https:\/\/machineriesbst.com\/en\/?s={search_term_string}"},"query-input":"required name=search_term_string"}],"inLanguage":"en-US"},{"@type":"ImageObject","@id":"https:\/\/machineriesbst.com\/en\/catalogue\/colleuse-haute-frequence-rfs-60x150\/#primaryimage","inLanguage":"en-US","url":"https:\/\/machineriesbst.com\/wp-content\/uploads\/2021\/05\/1-1-5.jpg","contentUrl":"https:\/\/machineriesbst.com\/wp-content\/uploads\/2021\/05\/1-1-5.jpg","width":800,"height":533},{"@type":"WebPage","@id":"https:\/\/machineriesbst.com\/en\/catalogue\/colleuse-haute-frequence-rfs-60x150\/#webpage","url":"https:\/\/machineriesbst.com\/en\/catalogue\/colleuse-haute-frequence-rfs-60x150\/","name":"Colleuse Haute Fr\u00e9quence RFS 60x150 - Machineries BST","isPartOf":{"@id":"https:\/\/machineriesbst.com\/en\/#website"},"primaryImageOfPage":{"@id":"https:\/\/machineriesbst.com\/en\/catalogue\/colleuse-haute-frequence-rfs-60x150\/#primaryimage"},"datePublished":"2021-06-08T13:58:58+00:00","dateModified":"2023-12-01T01:22:29+00:00","breadcrumb":{"@id":"https:\/\/machineriesbst.com\/en\/catalogue\/colleuse-haute-frequence-rfs-60x150\/#breadcrumb"},"inLanguage":"en-US","potentialAction":[{"@type":"ReadAction","target":["https:\/\/machineriesbst.com\/en\/catalogue\/colleuse-haute-frequence-rfs-60x150\/"]}]},{"@type":"BreadcrumbList","@id":"https:\/\/machineriesbst.com\/en\/catalogue\/colleuse-haute-frequence-rfs-60x150\/#breadcrumb","itemListElement":[{"@type":"ListItem","position":1,"name":"Accueil","item":"https:\/\/machineriesbst.com\/en\/"},{"@type":"ListItem","position":2,"name":"Catalogue","item":"https:\/\/machineriesbst.com\/en\/catalog\/"},{"@type":"ListItem","position":3,"name":"Colleuse Haute Fr\u00e9quence RFS 60x150"}]}]}},"_links":{"self":[{"href":"https:\/\/machineriesbst.com\/en\/wp-json\/wp\/v2\/product\/58674"}],"collection":[{"href":"https:\/\/machineriesbst.com\/en\/wp-json\/wp\/v2\/product"}],"about":[{"href":"https:\/\/machineriesbst.com\/en\/wp-json\/wp\/v2\/types\/product"}],"author":[{"embeddable":true,"href":"https:\/\/machineriesbst.com\/en\/wp-json\/wp\/v2\/users\/3"}],"replies":[{"embeddable":true,"href":"https:\/\/machineriesbst.com\/en\/wp-json\/wp\/v2\/comments?post=58674"}],"wp:featuredmedia":[{"embeddable":true,"href":"https:\/\/machineriesbst.com\/en\/wp-json\/wp\/v2\/media\/54918"}],"wp:attachment":[{"href":"https:\/\/machineriesbst.com\/en\/wp-json\/wp\/v2\/media?parent=58674"}],"wp:term":[{"taxonomy":"product_cat","embeddable":true,"href":"https:\/\/machineriesbst.com\/en\/wp-json\/wp\/v2\/product_cat?post=58674"},{"taxonomy":"product_tag","embeddable":true,"href":"https:\/\/machineriesbst.com\/en\/wp-json\/wp\/v2\/product_tag?post=58674"}],"curies":[{"name":"wp","href":"https:\/\/api.w.org\/{rel}","templated":true}]}}