{"id":58673,"date":"2021-06-08T09:58:57","date_gmt":"2021-06-08T13:58:57","guid":{"rendered":"https:\/\/machineriesbst.com\/?post_type=product&#038;p=58673"},"modified":"2023-11-30T20:22:29","modified_gmt":"2023-12-01T01:22:29","slug":"planeur-sableur-52-pouces-3-tetes-2014","status":"publish","type":"product","link":"https:\/\/machineriesbst.com\/en\/catalogue\/planeur-sableur-52-pouces-3-tetes-2014\/","title":{"rendered":"Planer \/ Sander 52 Inches 3 Heads 2014"},"content":{"rendered":"<p>Boarke 52103NRK 52 &quot;Three Head Sand Glider<br \/>\nWidth capacity: 52 &quot;<br \/>\nFirst head: helical carbide leveling head (double-sided knives)<br \/>\nFirst head motor: 50 HP, 230 \/ 460v, 3ph<br \/>\nSecond head: ~ 9.5 &quot;grooved rubber drum<br \/>\nSecond head motor: 30 HP, 230 \/ 460v, 3ph<br \/>\nThird Head: ~ 5 &quot;Grooved Rubber Combi Head and ~ 3&quot; Finishing Plate<br \/>\nThird head motor: 30 HP, 230 \/ 460v, 3ph<br \/>\nSanding belt size: 52 &quot;x 103&quot;<br \/>\nFeed motor: 7.5 HP<br \/>\nVFD for variable speed power control<br \/>\nInlet \/ outlet rollers<br \/>\nBoarke digital programmer for thickness adjustment<br \/>\nMotorized thickness adjustment<br \/>\nMicro-adjustment dial for fine thickness adjustment<br \/>\nPush button controls<br \/>\nAmmeters for sanding heads<br \/>\n230v, 3ph<br \/>\nManuf. Date: July 2014<br \/>\nSerial number: FC14097<\/p>","protected":false},"excerpt":{"rendered":"<p>Boarke 52103NRK Three Head Sand Glider 52 &quot;Width Capacity: 52&quot; First Head: Helical Carbide Leveling Head (Double Sided Knives) First Head Motor: 50 HP, 230 \/ 460v, 3ph Second Head: ~ 9.5 &quot;Grooved rubber drum Second head motor: 30 HP, 230 \/ 460v, 3ph Third [\u2026]<\/p>","protected":false},"author":3,"featured_media":54901,"comment_status":"open","ping_status":"closed","template":"","meta":[],"product_cat":[211,3045],"product_tag":[],"acf":[],"yoast_head":"<!-- This site is optimized with the Yoast SEO plugin v16.8 - https:\/\/yoast.com\/wordpress\/plugins\/seo\/ -->\n<title>Planeur Sableur 52 Pouces 3 T\u00eates 2014 - Machineries BST<\/title>\n<meta name=\"robots\" content=\"index, follow, max-snippet:-1, max-image-preview:large, max-video-preview:-1\" \/>\n<link rel=\"canonical\" href=\"https:\/\/machineriesbst.com\/en\/catalogue\/planeur-sableur-52-pouces-3-tetes-2014\/\" \/>\n<meta property=\"og:locale\" content=\"en_US\" \/>\n<meta property=\"og:type\" content=\"article\" \/>\n<meta property=\"og:title\" content=\"Planeur Sableur 52 Pouces 3 T\u00eates 2014 - Machineries BST\" \/>\n<meta property=\"og:description\" content=\"Boarke 52103NRK Planeur Sableur\u00a0 \u00e0 trois t\u00eates 52 &quot; Capacit\u00e9 de largeur: 52 &quot; Premi\u00e8re t\u00eate: t\u00eate de planage\u00a0 \u00a0carbure h\u00e9lico\u00efdal (couteaux \u00e0 deux faces) Moteur de la premi\u00e8re t\u00eate: 50 HP, 230 \/ 460v, 3ph Deuxi\u00e8me t\u00eate: ~ 9,5 &quot;tambour\u00a0 en caoutchouc rainur\u00e9 Moteur de deuxi\u00e8me t\u00eate: 30 HP, 230 \/ 460v, 3ph Troisi\u00e8me [&hellip;]\" \/>\n<meta property=\"og:url\" content=\"https:\/\/machineriesbst.com\/en\/catalogue\/planeur-sableur-52-pouces-3-tetes-2014\/\" \/>\n<meta property=\"og:site_name\" content=\"Machineries BST\" \/>\n<meta property=\"article:modified_time\" content=\"2023-12-01T01:22:29+00:00\" \/>\n<meta property=\"og:image\" content=\"https:\/\/machineriesbst.com\/wp-content\/uploads\/2021\/05\/1-51.jpg\" \/>\n\t<meta property=\"og:image:width\" content=\"800\" \/>\n\t<meta property=\"og:image:height\" content=\"533\" \/>\n<meta name=\"twitter:card\" content=\"summary_large_image\" \/>\n<meta name=\"twitter:label1\" content=\"Est. reading time\" \/>\n\t<meta name=\"twitter:data1\" content=\"1 minute\" \/>\n<script type=\"application\/ld+json\" class=\"yoast-schema-graph\">{\"@context\":\"https:\/\/schema.org\",\"@graph\":[{\"@type\":\"WebSite\",\"@id\":\"https:\/\/machineriesbst.com\/en\/#website\",\"url\":\"https:\/\/machineriesbst.com\/en\/\",\"name\":\"Machineries BST\",\"description\":\"Machines neuves &amp; usag\\u00e9es\",\"potentialAction\":[{\"@type\":\"SearchAction\",\"target\":{\"@type\":\"EntryPoint\",\"urlTemplate\":\"https:\/\/machineriesbst.com\/en\/?s={search_term_string}\"},\"query-input\":\"required name=search_term_string\"}],\"inLanguage\":\"en-US\"},{\"@type\":\"ImageObject\",\"@id\":\"https:\/\/machineriesbst.com\/en\/catalogue\/planeur-sableur-52-pouces-3-tetes-2014\/#primaryimage\",\"inLanguage\":\"en-US\",\"url\":\"https:\/\/machineriesbst.com\/wp-content\/uploads\/2021\/05\/1-51.jpg\",\"contentUrl\":\"https:\/\/machineriesbst.com\/wp-content\/uploads\/2021\/05\/1-51.jpg\",\"width\":800,\"height\":533},{\"@type\":\"WebPage\",\"@id\":\"https:\/\/machineriesbst.com\/en\/catalogue\/planeur-sableur-52-pouces-3-tetes-2014\/#webpage\",\"url\":\"https:\/\/machineriesbst.com\/en\/catalogue\/planeur-sableur-52-pouces-3-tetes-2014\/\",\"name\":\"Planeur Sableur 52 Pouces 3 T\\u00eates 2014 - Machineries BST\",\"isPartOf\":{\"@id\":\"https:\/\/machineriesbst.com\/en\/#website\"},\"primaryImageOfPage\":{\"@id\":\"https:\/\/machineriesbst.com\/en\/catalogue\/planeur-sableur-52-pouces-3-tetes-2014\/#primaryimage\"},\"datePublished\":\"2021-06-08T13:58:57+00:00\",\"dateModified\":\"2023-12-01T01:22:29+00:00\",\"breadcrumb\":{\"@id\":\"https:\/\/machineriesbst.com\/en\/catalogue\/planeur-sableur-52-pouces-3-tetes-2014\/#breadcrumb\"},\"inLanguage\":\"en-US\",\"potentialAction\":[{\"@type\":\"ReadAction\",\"target\":[\"https:\/\/machineriesbst.com\/en\/catalogue\/planeur-sableur-52-pouces-3-tetes-2014\/\"]}]},{\"@type\":\"BreadcrumbList\",\"@id\":\"https:\/\/machineriesbst.com\/en\/catalogue\/planeur-sableur-52-pouces-3-tetes-2014\/#breadcrumb\",\"itemListElement\":[{\"@type\":\"ListItem\",\"position\":1,\"name\":\"Accueil\",\"item\":\"https:\/\/machineriesbst.com\/en\/\"},{\"@type\":\"ListItem\",\"position\":2,\"name\":\"Catalogue\",\"item\":\"https:\/\/machineriesbst.com\/en\/catalog\/\"},{\"@type\":\"ListItem\",\"position\":3,\"name\":\"Planeur Sableur 52 Pouces 3 T\\u00eates 2014\"}]}]}<\/script>\n<!-- \/ Yoast SEO plugin. -->","yoast_head_json":{"title":"Planeur Sableur 52 Pouces 3 T\u00eates 2014 - Machineries BST","robots":{"index":"index","follow":"follow","max-snippet":"max-snippet:-1","max-image-preview":"max-image-preview:large","max-video-preview":"max-video-preview:-1"},"canonical":"https:\/\/machineriesbst.com\/en\/catalogue\/planeur-sableur-52-pouces-3-tetes-2014\/","og_locale":"en_US","og_type":"article","og_title":"Planeur Sableur 52 Pouces 3 T\u00eates 2014 - Machineries BST","og_description":"Boarke 52103NRK Planeur Sableur\u00a0 \u00e0 trois t\u00eates 52 \" Capacit\u00e9 de largeur: 52 \" Premi\u00e8re t\u00eate: t\u00eate de planage\u00a0 \u00a0carbure h\u00e9lico\u00efdal (couteaux \u00e0 deux faces) Moteur de la premi\u00e8re t\u00eate: 50 HP, 230 \/ 460v, 3ph Deuxi\u00e8me t\u00eate: ~ 9,5 \"tambour\u00a0 en caoutchouc rainur\u00e9 Moteur de deuxi\u00e8me t\u00eate: 30 HP, 230 \/ 460v, 3ph Troisi\u00e8me [&hellip;]","og_url":"https:\/\/machineriesbst.com\/en\/catalogue\/planeur-sableur-52-pouces-3-tetes-2014\/","og_site_name":"Machineries BST","article_modified_time":"2023-12-01T01:22:29+00:00","og_image":[{"width":800,"height":533,"url":"https:\/\/machineriesbst.com\/wp-content\/uploads\/2021\/05\/1-51.jpg","path":"\/home\/jepeto\/public_html\/wp-content\/uploads\/2021\/05\/1-51.jpg","size":"full","id":54901,"alt":"","pixels":426400,"type":"image\/jpeg"}],"twitter_card":"summary_large_image","twitter_misc":{"Est. reading time":"1 minute"},"schema":{"@context":"https:\/\/schema.org","@graph":[{"@type":"WebSite","@id":"https:\/\/machineriesbst.com\/en\/#website","url":"https:\/\/machineriesbst.com\/en\/","name":"Machineries BST","description":"Machines neuves &amp; usag\u00e9es","potentialAction":[{"@type":"SearchAction","target":{"@type":"EntryPoint","urlTemplate":"https:\/\/machineriesbst.com\/en\/?s={search_term_string}"},"query-input":"required name=search_term_string"}],"inLanguage":"en-US"},{"@type":"ImageObject","@id":"https:\/\/machineriesbst.com\/en\/catalogue\/planeur-sableur-52-pouces-3-tetes-2014\/#primaryimage","inLanguage":"en-US","url":"https:\/\/machineriesbst.com\/wp-content\/uploads\/2021\/05\/1-51.jpg","contentUrl":"https:\/\/machineriesbst.com\/wp-content\/uploads\/2021\/05\/1-51.jpg","width":800,"height":533},{"@type":"WebPage","@id":"https:\/\/machineriesbst.com\/en\/catalogue\/planeur-sableur-52-pouces-3-tetes-2014\/#webpage","url":"https:\/\/machineriesbst.com\/en\/catalogue\/planeur-sableur-52-pouces-3-tetes-2014\/","name":"Planeur Sableur 52 Pouces 3 T\u00eates 2014 - Machineries BST","isPartOf":{"@id":"https:\/\/machineriesbst.com\/en\/#website"},"primaryImageOfPage":{"@id":"https:\/\/machineriesbst.com\/en\/catalogue\/planeur-sableur-52-pouces-3-tetes-2014\/#primaryimage"},"datePublished":"2021-06-08T13:58:57+00:00","dateModified":"2023-12-01T01:22:29+00:00","breadcrumb":{"@id":"https:\/\/machineriesbst.com\/en\/catalogue\/planeur-sableur-52-pouces-3-tetes-2014\/#breadcrumb"},"inLanguage":"en-US","potentialAction":[{"@type":"ReadAction","target":["https:\/\/machineriesbst.com\/en\/catalogue\/planeur-sableur-52-pouces-3-tetes-2014\/"]}]},{"@type":"BreadcrumbList","@id":"https:\/\/machineriesbst.com\/en\/catalogue\/planeur-sableur-52-pouces-3-tetes-2014\/#breadcrumb","itemListElement":[{"@type":"ListItem","position":1,"name":"Accueil","item":"https:\/\/machineriesbst.com\/en\/"},{"@type":"ListItem","position":2,"name":"Catalogue","item":"https:\/\/machineriesbst.com\/en\/catalog\/"},{"@type":"ListItem","position":3,"name":"Planeur Sableur 52 Pouces 3 T\u00eates 2014"}]}]}},"_links":{"self":[{"href":"https:\/\/machineriesbst.com\/en\/wp-json\/wp\/v2\/product\/58673"}],"collection":[{"href":"https:\/\/machineriesbst.com\/en\/wp-json\/wp\/v2\/product"}],"about":[{"href":"https:\/\/machineriesbst.com\/en\/wp-json\/wp\/v2\/types\/product"}],"author":[{"embeddable":true,"href":"https:\/\/machineriesbst.com\/en\/wp-json\/wp\/v2\/users\/3"}],"replies":[{"embeddable":true,"href":"https:\/\/machineriesbst.com\/en\/wp-json\/wp\/v2\/comments?post=58673"}],"wp:featuredmedia":[{"embeddable":true,"href":"https:\/\/machineriesbst.com\/en\/wp-json\/wp\/v2\/media\/54901"}],"wp:attachment":[{"href":"https:\/\/machineriesbst.com\/en\/wp-json\/wp\/v2\/media?parent=58673"}],"wp:term":[{"taxonomy":"product_cat","embeddable":true,"href":"https:\/\/machineriesbst.com\/en\/wp-json\/wp\/v2\/product_cat?post=58673"},{"taxonomy":"product_tag","embeddable":true,"href":"https:\/\/machineriesbst.com\/en\/wp-json\/wp\/v2\/product_tag?post=58673"}],"curies":[{"name":"wp","href":"https:\/\/api.w.org\/{rel}","templated":true}]}}