{"id":58672,"date":"2021-06-08T09:58:57","date_gmt":"2021-06-08T13:58:57","guid":{"rendered":"https:\/\/machineriesbst.com\/?post_type=product&#038;p=58672"},"modified":"2023-11-30T20:22:29","modified_gmt":"2023-12-01T01:22:29","slug":"strato-planeur-holytek","status":"publish","type":"product","link":"https:\/\/machineriesbst.com\/en\/catalogue\/strato-planeur-holytek\/","title":{"rendered":"Strato Planer Holytek"},"content":{"rendered":"<p>Strato glider Holytek Hk-610, 2001<\/p>\n<p>Lower spiral head motor 15HP \/ 600V \/ 60C \/ 3Ph<br \/>\nMotor of the upper spiral head 20HP \/ 600V \/ 60C \/ 3Ph<br \/>\n0.5HP \/ 600V \/ 60C \/ 3Ph lift motor<br \/>\nDrive motor 3CV \/ 600V \/ 60C \/ 3Ph<br \/>\nElectric intensity 47A<br \/>\nDiameter of spiral heads 125 mm<br \/>\nPellets dimensions 30 x 12 x 1.5 mm (96 pellets per head)<br \/>\nRotation speeds of spiral heads 5000 RPM<br \/>\nVariable drive speed 6 ~ 20m \/ min<br \/>\nMaximum width of the workpiece 610 mm<br \/>\nMinimum working length 310 mm<br \/>\nMinimum working thickness 10 mm<br \/>\nMaximum working thickness 200 mm<br \/>\nTable dimensions 686 x 2616 mm<br \/>\nDiameter of suction outlets 150 mm (x2)<br \/>\nMachine dimensions 2680 (W) x 1150 (D) x 1825 (H) mm<\/p>\n<p>&nbsp;<\/p>\n<p>Includes a set of new replacement tablets (250).<\/p>\n<p>Very clean machine in excellent condition.<\/p>","protected":false},"excerpt":{"rendered":"<p>Strato glider Holytek Hk-610, 2001 Lower spiral head motor 15HP \/ 600V \/ 60C \/ 3Ph Upper spiral head motor 20HP \/ 600V \/ 60C \/ 3Ph Bridge lift motor 0.5HP \/ 600V \/ 60C \/ 3Ph Motor drive 3CV \/ 600V \/ 60C \/ 3Ph Electrical intensity 47A Diameter of the spiral heads 125 mm Dimensions of the tablets 30 x 12 x 1.5 mm (96 tablets per head) Rotation speeds of the spiral heads [\u2026]<\/p>","protected":false},"author":3,"featured_media":54893,"comment_status":"open","ping_status":"closed","template":"","meta":[],"product_cat":[211,3025],"product_tag":[],"acf":[],"yoast_head":"<!-- This site is optimized with the Yoast SEO plugin v16.8 - https:\/\/yoast.com\/wordpress\/plugins\/seo\/ -->\n<title>Strato Planeur Holytek - Machineries BST<\/title>\n<meta name=\"robots\" content=\"index, follow, max-snippet:-1, max-image-preview:large, max-video-preview:-1\" \/>\n<link rel=\"canonical\" href=\"https:\/\/machineriesbst.com\/en\/catalogue\/strato-planeur-holytek\/\" \/>\n<meta property=\"og:locale\" content=\"en_US\" \/>\n<meta property=\"og:type\" content=\"article\" \/>\n<meta property=\"og:title\" content=\"Strato Planeur Holytek - Machineries BST\" \/>\n<meta property=\"og:description\" content=\"Strato planeur Holytek Hk-610, 2001 Moteur de la t\u00eate spiral\u00e9e inf\u00e9rieure 15CV\/600V\/60C\/3Ph Moteur de la t\u00eate spiral\u00e9e sup\u00e9rieure 20CV\/600V\/60C\/3Ph Moteur d\u2019\u00e9l\u00e9vation du pont 0,5CV\/600V\/60C\/3Ph Moteur d\u2019entra\u00eenement 3CV\/600V\/60C\/3Ph Intensit\u00e9 \u00e9lectrique 47A Diam\u00e8tre des t\u00eates spiral\u00e9es 125 mm Dimensions des pastilles 30 x 12 x 1,5 mm (96 pastilles par t\u00eate) Vitesses de rotation des t\u00eates spiral\u00e9es [&hellip;]\" \/>\n<meta property=\"og:url\" content=\"https:\/\/machineriesbst.com\/en\/catalogue\/strato-planeur-holytek\/\" \/>\n<meta property=\"og:site_name\" content=\"Machineries BST\" \/>\n<meta property=\"article:modified_time\" content=\"2023-12-01T01:22:29+00:00\" \/>\n<meta property=\"og:image\" content=\"https:\/\/machineriesbst.com\/wp-content\/uploads\/2021\/05\/strato-planeur-1.jpg\" \/>\n\t<meta property=\"og:image:width\" content=\"810\" \/>\n\t<meta property=\"og:image:height\" content=\"1080\" \/>\n<meta name=\"twitter:card\" content=\"summary_large_image\" \/>\n<meta name=\"twitter:label1\" content=\"Est. reading time\" \/>\n\t<meta name=\"twitter:data1\" content=\"1 minute\" \/>\n<script type=\"application\/ld+json\" class=\"yoast-schema-graph\">{\"@context\":\"https:\/\/schema.org\",\"@graph\":[{\"@type\":\"WebSite\",\"@id\":\"https:\/\/machineriesbst.com\/en\/#website\",\"url\":\"https:\/\/machineriesbst.com\/en\/\",\"name\":\"Machineries BST\",\"description\":\"Machines neuves &amp; usag\\u00e9es\",\"potentialAction\":[{\"@type\":\"SearchAction\",\"target\":{\"@type\":\"EntryPoint\",\"urlTemplate\":\"https:\/\/machineriesbst.com\/en\/?s={search_term_string}\"},\"query-input\":\"required name=search_term_string\"}],\"inLanguage\":\"en-US\"},{\"@type\":\"ImageObject\",\"@id\":\"https:\/\/machineriesbst.com\/en\/catalogue\/strato-planeur-holytek\/#primaryimage\",\"inLanguage\":\"en-US\",\"url\":\"https:\/\/machineriesbst.com\/wp-content\/uploads\/2021\/05\/strato-planeur-1.jpg\",\"contentUrl\":\"https:\/\/machineriesbst.com\/wp-content\/uploads\/2021\/05\/strato-planeur-1.jpg\",\"width\":810,\"height\":1080},{\"@type\":\"WebPage\",\"@id\":\"https:\/\/machineriesbst.com\/en\/catalogue\/strato-planeur-holytek\/#webpage\",\"url\":\"https:\/\/machineriesbst.com\/en\/catalogue\/strato-planeur-holytek\/\",\"name\":\"Strato Planeur Holytek - Machineries BST\",\"isPartOf\":{\"@id\":\"https:\/\/machineriesbst.com\/en\/#website\"},\"primaryImageOfPage\":{\"@id\":\"https:\/\/machineriesbst.com\/en\/catalogue\/strato-planeur-holytek\/#primaryimage\"},\"datePublished\":\"2021-06-08T13:58:57+00:00\",\"dateModified\":\"2023-12-01T01:22:29+00:00\",\"breadcrumb\":{\"@id\":\"https:\/\/machineriesbst.com\/en\/catalogue\/strato-planeur-holytek\/#breadcrumb\"},\"inLanguage\":\"en-US\",\"potentialAction\":[{\"@type\":\"ReadAction\",\"target\":[\"https:\/\/machineriesbst.com\/en\/catalogue\/strato-planeur-holytek\/\"]}]},{\"@type\":\"BreadcrumbList\",\"@id\":\"https:\/\/machineriesbst.com\/en\/catalogue\/strato-planeur-holytek\/#breadcrumb\",\"itemListElement\":[{\"@type\":\"ListItem\",\"position\":1,\"name\":\"Accueil\",\"item\":\"https:\/\/machineriesbst.com\/en\/\"},{\"@type\":\"ListItem\",\"position\":2,\"name\":\"Catalogue\",\"item\":\"https:\/\/machineriesbst.com\/en\/catalog\/\"},{\"@type\":\"ListItem\",\"position\":3,\"name\":\"Strato Planeur Holytek\"}]}]}<\/script>\n<!-- \/ Yoast SEO plugin. -->","yoast_head_json":{"title":"Strato Planeur Holytek - Machineries BST","robots":{"index":"index","follow":"follow","max-snippet":"max-snippet:-1","max-image-preview":"max-image-preview:large","max-video-preview":"max-video-preview:-1"},"canonical":"https:\/\/machineriesbst.com\/en\/catalogue\/strato-planeur-holytek\/","og_locale":"en_US","og_type":"article","og_title":"Strato Planeur Holytek - Machineries BST","og_description":"Strato planeur Holytek Hk-610, 2001 Moteur de la t\u00eate spiral\u00e9e inf\u00e9rieure 15CV\/600V\/60C\/3Ph Moteur de la t\u00eate spiral\u00e9e sup\u00e9rieure 20CV\/600V\/60C\/3Ph Moteur d\u2019\u00e9l\u00e9vation du pont 0,5CV\/600V\/60C\/3Ph Moteur d\u2019entra\u00eenement 3CV\/600V\/60C\/3Ph Intensit\u00e9 \u00e9lectrique 47A Diam\u00e8tre des t\u00eates spiral\u00e9es 125 mm Dimensions des pastilles 30 x 12 x 1,5 mm (96 pastilles par t\u00eate) Vitesses de rotation des t\u00eates spiral\u00e9es [&hellip;]","og_url":"https:\/\/machineriesbst.com\/en\/catalogue\/strato-planeur-holytek\/","og_site_name":"Machineries BST","article_modified_time":"2023-12-01T01:22:29+00:00","og_image":[{"width":810,"height":1080,"url":"https:\/\/machineriesbst.com\/wp-content\/uploads\/2021\/05\/strato-planeur-1.jpg","path":"\/home\/jepeto\/public_html\/wp-content\/uploads\/2021\/05\/strato-planeur-1.jpg","size":"full","id":54893,"alt":"","pixels":874800,"type":"image\/jpeg"}],"twitter_card":"summary_large_image","twitter_misc":{"Est. reading time":"1 minute"},"schema":{"@context":"https:\/\/schema.org","@graph":[{"@type":"WebSite","@id":"https:\/\/machineriesbst.com\/en\/#website","url":"https:\/\/machineriesbst.com\/en\/","name":"Machineries BST","description":"Machines neuves &amp; usag\u00e9es","potentialAction":[{"@type":"SearchAction","target":{"@type":"EntryPoint","urlTemplate":"https:\/\/machineriesbst.com\/en\/?s={search_term_string}"},"query-input":"required name=search_term_string"}],"inLanguage":"en-US"},{"@type":"ImageObject","@id":"https:\/\/machineriesbst.com\/en\/catalogue\/strato-planeur-holytek\/#primaryimage","inLanguage":"en-US","url":"https:\/\/machineriesbst.com\/wp-content\/uploads\/2021\/05\/strato-planeur-1.jpg","contentUrl":"https:\/\/machineriesbst.com\/wp-content\/uploads\/2021\/05\/strato-planeur-1.jpg","width":810,"height":1080},{"@type":"WebPage","@id":"https:\/\/machineriesbst.com\/en\/catalogue\/strato-planeur-holytek\/#webpage","url":"https:\/\/machineriesbst.com\/en\/catalogue\/strato-planeur-holytek\/","name":"Strato Planeur Holytek - Machineries BST","isPartOf":{"@id":"https:\/\/machineriesbst.com\/en\/#website"},"primaryImageOfPage":{"@id":"https:\/\/machineriesbst.com\/en\/catalogue\/strato-planeur-holytek\/#primaryimage"},"datePublished":"2021-06-08T13:58:57+00:00","dateModified":"2023-12-01T01:22:29+00:00","breadcrumb":{"@id":"https:\/\/machineriesbst.com\/en\/catalogue\/strato-planeur-holytek\/#breadcrumb"},"inLanguage":"en-US","potentialAction":[{"@type":"ReadAction","target":["https:\/\/machineriesbst.com\/en\/catalogue\/strato-planeur-holytek\/"]}]},{"@type":"BreadcrumbList","@id":"https:\/\/machineriesbst.com\/en\/catalogue\/strato-planeur-holytek\/#breadcrumb","itemListElement":[{"@type":"ListItem","position":1,"name":"Accueil","item":"https:\/\/machineriesbst.com\/en\/"},{"@type":"ListItem","position":2,"name":"Catalogue","item":"https:\/\/machineriesbst.com\/en\/catalog\/"},{"@type":"ListItem","position":3,"name":"Strato Planeur Holytek"}]}]}},"_links":{"self":[{"href":"https:\/\/machineriesbst.com\/en\/wp-json\/wp\/v2\/product\/58672"}],"collection":[{"href":"https:\/\/machineriesbst.com\/en\/wp-json\/wp\/v2\/product"}],"about":[{"href":"https:\/\/machineriesbst.com\/en\/wp-json\/wp\/v2\/types\/product"}],"author":[{"embeddable":true,"href":"https:\/\/machineriesbst.com\/en\/wp-json\/wp\/v2\/users\/3"}],"replies":[{"embeddable":true,"href":"https:\/\/machineriesbst.com\/en\/wp-json\/wp\/v2\/comments?post=58672"}],"wp:featuredmedia":[{"embeddable":true,"href":"https:\/\/machineriesbst.com\/en\/wp-json\/wp\/v2\/media\/54893"}],"wp:attachment":[{"href":"https:\/\/machineriesbst.com\/en\/wp-json\/wp\/v2\/media?parent=58672"}],"wp:term":[{"taxonomy":"product_cat","embeddable":true,"href":"https:\/\/machineriesbst.com\/en\/wp-json\/wp\/v2\/product_cat?post=58672"},{"taxonomy":"product_tag","embeddable":true,"href":"https:\/\/machineriesbst.com\/en\/wp-json\/wp\/v2\/product_tag?post=58672"}],"curies":[{"name":"wp","href":"https:\/\/api.w.org\/{rel}","templated":true}]}}