{"id":58663,"date":"2021-06-08T09:58:31","date_gmt":"2021-06-08T13:58:31","guid":{"rendered":"https:\/\/machineriesbst.com\/?post_type=product&#038;p=58663"},"modified":"2023-11-30T20:22:48","modified_gmt":"2023-12-01T01:22:48","slug":"mouluriere-weinig-gold-6-tetes","status":"publish","type":"product","link":"https:\/\/machineriesbst.com\/en\/catalogue\/mouluriere-weinig-gold-6-tetes\/","title":{"rendered":"Weinig Gold 6 Head Moulder"},"content":{"rendered":"<p>Digital reading on left and top head. Mechanical reading for the balance.<\/p>\n<p>Capacity: 9 1\/16 &quot;wide x 4-3 \/ 4&quot; thick.<\/p>\n<p>6 heads (B 10 hp, D 10 hp, G 15 hp, H 15hp, H 10 hp, B 20 hp)<\/p>\n<p>Speed 16 to 78 feet per minute 5 hp.<\/p>\n<p>Shaft 40-mm. Speed of 16-78pmp.<\/p>\n<p>Chrome entrance 2000 mm.<\/p>\n<p>&nbsp;<\/p>","protected":false},"excerpt":{"rendered":"<p>Digital reading on left and top head. Mechanical reading for the balance. Capacity: 9 1\/16 &quot;wide x 4-3 \/ 4&quot; thick. 6 heads (B 10 hp, D 10 hp, G 15 hp, H 15hp, H 10 hp, B 20 hp) Speed 16 to 78 feet per minute 5 hp. Shaft 40-mm. Speed of 16-78pmp. Entrance [\u2026]<\/p>","protected":false},"author":3,"featured_media":54838,"comment_status":"open","ping_status":"closed","template":"","meta":[],"product_cat":[125],"product_tag":[],"acf":[],"yoast_head":"<!-- This site is optimized with the Yoast SEO plugin v16.8 - https:\/\/yoast.com\/wordpress\/plugins\/seo\/ -->\n<title>Mouluri\u00e8re Weinig Gold 6 T\u00eates - Machineries BST<\/title>\n<meta name=\"robots\" content=\"index, follow, max-snippet:-1, max-image-preview:large, max-video-preview:-1\" \/>\n<link rel=\"canonical\" href=\"https:\/\/machineriesbst.com\/en\/catalogue\/mouluriere-weinig-gold-6-tetes\/\" \/>\n<meta property=\"og:locale\" content=\"en_US\" \/>\n<meta property=\"og:type\" content=\"article\" \/>\n<meta property=\"og:title\" content=\"Mouluri\u00e8re Weinig Gold 6 T\u00eates - Machineries BST\" \/>\n<meta property=\"og:description\" content=\"Lecture digital sur t\u00eate de gauche et haut .Lecture m\u00e9canique pour la balance. Capacit\u00e9: 9 1\/16&quot;\u00a0 en largeur\u00a0 x 4-3\/4 &quot; \u00e9paisseur. 6 t\u00eates (B 10 hp, D 10 hp, G 15 hp, H 15hp, H 10 hp , B 20 hp) Vitesse\u00a016 \u00e0\u00a078 \u00a0pieds par minute 5 hp. Shaft 40-mm. Vitesse de 16-78pmp. Entr\u00e9e [&hellip;]\" \/>\n<meta property=\"og:url\" content=\"https:\/\/machineriesbst.com\/en\/catalogue\/mouluriere-weinig-gold-6-tetes\/\" \/>\n<meta property=\"og:site_name\" content=\"Machineries BST\" \/>\n<meta property=\"article:modified_time\" content=\"2023-12-01T01:22:48+00:00\" \/>\n<meta property=\"og:image\" content=\"https:\/\/machineriesbst.com\/wp-content\/uploads\/2021\/05\/weinig.unimat-gold.c4432.2.jpg\" \/>\n\t<meta property=\"og:image:width\" content=\"768\" \/>\n\t<meta property=\"og:image:height\" content=\"1024\" \/>\n<meta name=\"twitter:card\" content=\"summary_large_image\" \/>\n<script type=\"application\/ld+json\" class=\"yoast-schema-graph\">{\"@context\":\"https:\/\/schema.org\",\"@graph\":[{\"@type\":\"WebSite\",\"@id\":\"https:\/\/machineriesbst.com\/en\/#website\",\"url\":\"https:\/\/machineriesbst.com\/en\/\",\"name\":\"Machineries BST\",\"description\":\"Machines neuves &amp; usag\\u00e9es\",\"potentialAction\":[{\"@type\":\"SearchAction\",\"target\":{\"@type\":\"EntryPoint\",\"urlTemplate\":\"https:\/\/machineriesbst.com\/en\/?s={search_term_string}\"},\"query-input\":\"required name=search_term_string\"}],\"inLanguage\":\"en-US\"},{\"@type\":\"ImageObject\",\"@id\":\"https:\/\/machineriesbst.com\/en\/catalogue\/mouluriere-weinig-gold-6-tetes\/#primaryimage\",\"inLanguage\":\"en-US\",\"url\":\"https:\/\/machineriesbst.com\/wp-content\/uploads\/2021\/05\/weinig.unimat-gold.c4432.2.jpg\",\"contentUrl\":\"https:\/\/machineriesbst.com\/wp-content\/uploads\/2021\/05\/weinig.unimat-gold.c4432.2.jpg\",\"width\":768,\"height\":1024},{\"@type\":\"WebPage\",\"@id\":\"https:\/\/machineriesbst.com\/en\/catalogue\/mouluriere-weinig-gold-6-tetes\/#webpage\",\"url\":\"https:\/\/machineriesbst.com\/en\/catalogue\/mouluriere-weinig-gold-6-tetes\/\",\"name\":\"Mouluri\\u00e8re Weinig Gold 6 T\\u00eates - Machineries BST\",\"isPartOf\":{\"@id\":\"https:\/\/machineriesbst.com\/en\/#website\"},\"primaryImageOfPage\":{\"@id\":\"https:\/\/machineriesbst.com\/en\/catalogue\/mouluriere-weinig-gold-6-tetes\/#primaryimage\"},\"datePublished\":\"2021-06-08T13:58:31+00:00\",\"dateModified\":\"2023-12-01T01:22:48+00:00\",\"breadcrumb\":{\"@id\":\"https:\/\/machineriesbst.com\/en\/catalogue\/mouluriere-weinig-gold-6-tetes\/#breadcrumb\"},\"inLanguage\":\"en-US\",\"potentialAction\":[{\"@type\":\"ReadAction\",\"target\":[\"https:\/\/machineriesbst.com\/en\/catalogue\/mouluriere-weinig-gold-6-tetes\/\"]}]},{\"@type\":\"BreadcrumbList\",\"@id\":\"https:\/\/machineriesbst.com\/en\/catalogue\/mouluriere-weinig-gold-6-tetes\/#breadcrumb\",\"itemListElement\":[{\"@type\":\"ListItem\",\"position\":1,\"name\":\"Accueil\",\"item\":\"https:\/\/machineriesbst.com\/en\/\"},{\"@type\":\"ListItem\",\"position\":2,\"name\":\"Catalogue\",\"item\":\"https:\/\/machineriesbst.com\/en\/catalog\/\"},{\"@type\":\"ListItem\",\"position\":3,\"name\":\"Mouluri\\u00e8re Weinig Gold 6 T\\u00eates\"}]}]}<\/script>\n<!-- \/ Yoast SEO plugin. -->","yoast_head_json":{"title":"Mouluri\u00e8re Weinig Gold 6 T\u00eates - Machineries BST","robots":{"index":"index","follow":"follow","max-snippet":"max-snippet:-1","max-image-preview":"max-image-preview:large","max-video-preview":"max-video-preview:-1"},"canonical":"https:\/\/machineriesbst.com\/en\/catalogue\/mouluriere-weinig-gold-6-tetes\/","og_locale":"en_US","og_type":"article","og_title":"Mouluri\u00e8re Weinig Gold 6 T\u00eates - Machineries BST","og_description":"Lecture digital sur t\u00eate de gauche et haut .Lecture m\u00e9canique pour la balance. Capacit\u00e9: 9 1\/16\"\u00a0 en largeur\u00a0 x 4-3\/4 \" \u00e9paisseur. 6 t\u00eates (B 10 hp, D 10 hp, G 15 hp, H 15hp, H 10 hp , B 20 hp) Vitesse\u00a016 \u00e0\u00a078 \u00a0pieds par minute 5 hp. Shaft 40-mm. Vitesse de 16-78pmp. Entr\u00e9e [&hellip;]","og_url":"https:\/\/machineriesbst.com\/en\/catalogue\/mouluriere-weinig-gold-6-tetes\/","og_site_name":"Machineries BST","article_modified_time":"2023-12-01T01:22:48+00:00","og_image":[{"width":768,"height":1024,"url":"https:\/\/machineriesbst.com\/wp-content\/uploads\/2021\/05\/weinig.unimat-gold.c4432.2.jpg","path":"\/home\/jepeto\/public_html\/wp-content\/uploads\/2021\/05\/weinig.unimat-gold.c4432.2.jpg","size":"full","id":54838,"alt":"","pixels":786432,"type":"image\/jpeg"}],"twitter_card":"summary_large_image","schema":{"@context":"https:\/\/schema.org","@graph":[{"@type":"WebSite","@id":"https:\/\/machineriesbst.com\/en\/#website","url":"https:\/\/machineriesbst.com\/en\/","name":"Machineries BST","description":"Machines neuves &amp; usag\u00e9es","potentialAction":[{"@type":"SearchAction","target":{"@type":"EntryPoint","urlTemplate":"https:\/\/machineriesbst.com\/en\/?s={search_term_string}"},"query-input":"required name=search_term_string"}],"inLanguage":"en-US"},{"@type":"ImageObject","@id":"https:\/\/machineriesbst.com\/en\/catalogue\/mouluriere-weinig-gold-6-tetes\/#primaryimage","inLanguage":"en-US","url":"https:\/\/machineriesbst.com\/wp-content\/uploads\/2021\/05\/weinig.unimat-gold.c4432.2.jpg","contentUrl":"https:\/\/machineriesbst.com\/wp-content\/uploads\/2021\/05\/weinig.unimat-gold.c4432.2.jpg","width":768,"height":1024},{"@type":"WebPage","@id":"https:\/\/machineriesbst.com\/en\/catalogue\/mouluriere-weinig-gold-6-tetes\/#webpage","url":"https:\/\/machineriesbst.com\/en\/catalogue\/mouluriere-weinig-gold-6-tetes\/","name":"Mouluri\u00e8re Weinig Gold 6 T\u00eates - Machineries BST","isPartOf":{"@id":"https:\/\/machineriesbst.com\/en\/#website"},"primaryImageOfPage":{"@id":"https:\/\/machineriesbst.com\/en\/catalogue\/mouluriere-weinig-gold-6-tetes\/#primaryimage"},"datePublished":"2021-06-08T13:58:31+00:00","dateModified":"2023-12-01T01:22:48+00:00","breadcrumb":{"@id":"https:\/\/machineriesbst.com\/en\/catalogue\/mouluriere-weinig-gold-6-tetes\/#breadcrumb"},"inLanguage":"en-US","potentialAction":[{"@type":"ReadAction","target":["https:\/\/machineriesbst.com\/en\/catalogue\/mouluriere-weinig-gold-6-tetes\/"]}]},{"@type":"BreadcrumbList","@id":"https:\/\/machineriesbst.com\/en\/catalogue\/mouluriere-weinig-gold-6-tetes\/#breadcrumb","itemListElement":[{"@type":"ListItem","position":1,"name":"Accueil","item":"https:\/\/machineriesbst.com\/en\/"},{"@type":"ListItem","position":2,"name":"Catalogue","item":"https:\/\/machineriesbst.com\/en\/catalog\/"},{"@type":"ListItem","position":3,"name":"Mouluri\u00e8re Weinig Gold 6 T\u00eates"}]}]}},"_links":{"self":[{"href":"https:\/\/machineriesbst.com\/en\/wp-json\/wp\/v2\/product\/58663"}],"collection":[{"href":"https:\/\/machineriesbst.com\/en\/wp-json\/wp\/v2\/product"}],"about":[{"href":"https:\/\/machineriesbst.com\/en\/wp-json\/wp\/v2\/types\/product"}],"author":[{"embeddable":true,"href":"https:\/\/machineriesbst.com\/en\/wp-json\/wp\/v2\/users\/3"}],"replies":[{"embeddable":true,"href":"https:\/\/machineriesbst.com\/en\/wp-json\/wp\/v2\/comments?post=58663"}],"wp:featuredmedia":[{"embeddable":true,"href":"https:\/\/machineriesbst.com\/en\/wp-json\/wp\/v2\/media\/54838"}],"wp:attachment":[{"href":"https:\/\/machineriesbst.com\/en\/wp-json\/wp\/v2\/media?parent=58663"}],"wp:term":[{"taxonomy":"product_cat","embeddable":true,"href":"https:\/\/machineriesbst.com\/en\/wp-json\/wp\/v2\/product_cat?post=58663"},{"taxonomy":"product_tag","embeddable":true,"href":"https:\/\/machineriesbst.com\/en\/wp-json\/wp\/v2\/product_tag?post=58663"}],"curies":[{"name":"wp","href":"https:\/\/api.w.org\/{rel}","templated":true}]}}